{"id":4773,"date":"2022-01-26T13:27:32","date_gmt":"2022-01-26T13:27:32","guid":{"rendered":"https:\/\/americanpoliticalservices.com\/arthur-tomashevskii\/"},"modified":"2022-01-26T13:27:32","modified_gmt":"2022-01-26T13:27:32","slug":"arthur-tomashevskii","status":"publish","type":"page","link":"https:\/\/americanpoliticalservices.com\/fr\/arthur-tomashevskii\/","title":{"rendered":"Arthur Tomashevskii"},"content":{"rendered":"\t\t<div data-elementor-type=\"wp-page\" data-elementor-id=\"4773\" class=\"elementor elementor-4773 elementor-4434\">\n\t\t\t\t\t\t<section class=\"elementor-section elementor-top-section elementor-element elementor-element-45bd085c elementor-section-boxed elementor-section-height-default elementor-section-height-default\" data-id=\"45bd085c\" data-element_type=\"section\" data-e-type=\"section\" data-settings=\"{&quot;background_background&quot;:&quot;gradient&quot;}\">\n\t\t\t\t\t\t\t<div class=\"elementor-background-overlay\"><\/div>\n\t\t\t\t\t\t\t<div class=\"elementor-container elementor-column-gap-default\">\n\t\t\t\t\t<div class=\"elementor-column elementor-col-100 elementor-top-column elementor-element elementor-element-2cb71ebd\" data-id=\"2cb71ebd\" data-element_type=\"column\" data-e-type=\"column\">\n\t\t\t<div class=\"elementor-widget-wrap elementor-element-populated\">\n\t\t\t\t\t\t<div class=\"elementor-element elementor-element-5ae0e8b3 elementor-invisible elementor-widget elementor-widget-heading\" data-id=\"5ae0e8b3\" data-element_type=\"widget\" data-e-type=\"widget\" data-settings=\"{&quot;_animation&quot;:&quot;fadeInLeft&quot;}\" data-widget_type=\"heading.default\">\n\t\t\t\t<div class=\"elementor-widget-container\">\n\t\t\t\t\t<h3 class=\"elementor-heading-title elementor-size-default\">Arthur Tomashevskii<\/h3>\t\t\t\t<\/div>\n\t\t\t\t<\/div>\n\t\t\t\t\t<\/div>\n\t\t<\/div>\n\t\t\t\t\t<\/div>\n\t\t<\/section>\n\t\t\t\t<section class=\"elementor-section elementor-top-section elementor-element elementor-element-cc99a5a elementor-section-boxed elementor-section-height-default elementor-section-height-default\" data-id=\"cc99a5a\" data-element_type=\"section\" data-e-type=\"section\">\n\t\t\t\t\t\t<div class=\"elementor-container elementor-column-gap-default\">\n\t\t\t\t\t<div class=\"elementor-column elementor-col-100 elementor-top-column elementor-element elementor-element-c43a095\" data-id=\"c43a095\" data-element_type=\"column\" data-e-type=\"column\">\n\t\t\t<div class=\"elementor-widget-wrap elementor-element-populated\">\n\t\t\t\t\t\t<section class=\"elementor-section elementor-inner-section elementor-element elementor-element-b512558 elementor-section-boxed elementor-section-height-default elementor-section-height-default\" data-id=\"b512558\" data-element_type=\"section\" data-e-type=\"section\">\n\t\t\t\t\t\t<div class=\"elementor-container elementor-column-gap-default\">\n\t\t\t\t\t<div class=\"elementor-column elementor-col-100 elementor-inner-column elementor-element elementor-element-0f9ae2c\" data-id=\"0f9ae2c\" data-element_type=\"column\" data-e-type=\"column\">\n\t\t\t<div class=\"elementor-widget-wrap elementor-element-populated\">\n\t\t\t\t\t\t<div class=\"elementor-element elementor-element-1c336d0 elementor-widget elementor-widget-text-editor\" data-id=\"1c336d0\" data-element_type=\"widget\" data-e-type=\"widget\" data-widget_type=\"text-editor.default\">\n\t\t\t\t<div class=\"elementor-widget-container\">\n\t\t\t\t\t\t\t\t\t<h4><img fetchpriority=\"high\" decoding=\"async\" class=\"team wp-image-4442 size-full alignleft\" src=\"https:\/\/americanpoliticalservices.com\/wp-content\/uploads\/2022\/01\/ATomashevskii-1.png\" alt=\"\" width=\"350\" height=\"350\" srcset=\"https:\/\/americanpoliticalservices.com\/wp-content\/uploads\/2022\/01\/ATomashevskii-1.png 350w, https:\/\/americanpoliticalservices.com\/wp-content\/uploads\/2022\/01\/ATomashevskii-1-300x300.png 300w, https:\/\/americanpoliticalservices.com\/wp-content\/uploads\/2022\/01\/ATomashevskii-1-150x150.png 150w\" sizes=\"(max-width: 350px) 100vw, 350px\" \/><\/h4>\n<p><span style=\"font-weight: 400;\">Arthur Tomashevskii apporte \u00e0<\/span> <b>APS<\/b> plus de 15 ans d&rsquo;exp\u00e9rience commerciale et de conseil.<span style=\"font-weight: 400;\">Arthur a une exp\u00e9rience solide dans l&rsquo;aide \u00e0 l&rsquo;expansion des entreprises \u2013 comme un client qui a r\u00e9cemment eu une croissance du march\u00e9 de 70 %, en seulement 12 mois, gr\u00e2ce \u00e0 la strat\u00e9gie de d\u00e9veloppement commercial qu&rsquo;Arthur avait con\u00e7ue. Arthur travaille avec des entreprises situ\u00e9es en Pologne, en Ukraine et en ex-Union sovi\u00e9tique pour les rendre aussi efficaces que possible : il effectue des analyses de march\u00e9 concurrentiel, optimise les plans d&rsquo;affaires et aide les entreprises \u00e0 \u00e9largir leur client\u00e8le. Gr\u00e2ce \u00e0 son solide r\u00e9seau r\u00e9gional de contacts, Arthur est capable d&rsquo;aider les entreprises \u00e0 introduire leurs produits et services sur de nouveaux march\u00e9s et \u00e0 cr\u00e9er des r\u00e9seaux r\u00e9gionaux pour les entreprises existantes. Les solides comp\u00e9tences interpersonnelles d&rsquo;Arthur lui permettent de g\u00e9rer efficacement des n\u00e9gociations de haut niveau, d\u2019engager des employ\u00e9s et d\u2019encourager des relations commerciales durables. Avant de se lancer dans les affaires, Arthur a travaill\u00e9 dans diverses campagnes politiques en Ukraine, en Pologne et en G\u00e9orgie en tant que consultant strat\u00e9gique.     <\/span><\/p>\n<p><b>Formation:<\/b><b><br \/><\/b><i><span style=\"font-weight: 400;\">Master \u00e8s lettres, Philosophie<\/span><\/i><span style=\"font-weight: 400;\">, Universit\u00e9 catholique Jean-Paul II de Lublin. <\/span><span style=\"font-weight: 400;\"><br \/><\/span><i><span style=\"font-weight: 400;\">Baccalaur\u00e9at \u00e8s lettres, Ing\u00e9nierie chimique et p\u00e9troli\u00e8re, <\/span><\/i><span style=\"font-weight: 400;\">Berdychiv College of Industry, Economics and Law.<\/span><\/p>\n<p><b>Langues:<\/b><span style=\"font-weight: 400;\">anglais, polonais, russe, ukrainien et latin.<\/span><\/p>\n\t\t\t\t\t\t\t\t<\/div>\n\t\t\t\t<\/div>\n\t\t\t\t\t<\/div>\n\t\t<\/div>\n\t\t\t\t\t<\/div>\n\t\t<\/section>\n\t\t\t\t\t<\/div>\n\t\t<\/div>\n\t\t\t\t\t<\/div>\n\t\t<\/section>\n\t\t\t\t<\/div>\n\t\t","protected":false},"excerpt":{"rendered":"<p>Arthur Tomashevskii apporte \u00e0 APS plus de 15 ans d&rsquo;exp\u00e9rience commerciale et de conseil.Arthur a une exp\u00e9rience solide dans l&rsquo;aide \u00e0 l&rsquo;expansion des entreprises \u2013 comme un client qui a r\u00e9cemment eu une croissance du march\u00e9 de 70 %, en seulement 12 mois, gr\u00e2ce \u00e0 la strat\u00e9gie de d\u00e9veloppement commercial qu&rsquo;Arthur avait con\u00e7ue. Arthur travaille [&hellip;]<\/p>\n","protected":false},"author":1,"featured_media":0,"parent":0,"menu_order":0,"comment_status":"closed","ping_status":"closed","template":"","meta":{"footnotes":""},"class_list":["post-4773","page","type-page","status-publish","hentry"],"_links":{"self":[{"href":"https:\/\/americanpoliticalservices.com\/fr\/wp-json\/wp\/v2\/pages\/4773","targetHints":{"allow":["GET"]}}],"collection":[{"href":"https:\/\/americanpoliticalservices.com\/fr\/wp-json\/wp\/v2\/pages"}],"about":[{"href":"https:\/\/americanpoliticalservices.com\/fr\/wp-json\/wp\/v2\/types\/page"}],"author":[{"embeddable":true,"href":"https:\/\/americanpoliticalservices.com\/fr\/wp-json\/wp\/v2\/users\/1"}],"replies":[{"embeddable":true,"href":"https:\/\/americanpoliticalservices.com\/fr\/wp-json\/wp\/v2\/comments?post=4773"}],"version-history":[{"count":1,"href":"https:\/\/americanpoliticalservices.com\/fr\/wp-json\/wp\/v2\/pages\/4773\/revisions"}],"predecessor-version":[{"id":4774,"href":"https:\/\/americanpoliticalservices.com\/fr\/wp-json\/wp\/v2\/pages\/4773\/revisions\/4774"}],"wp:attachment":[{"href":"https:\/\/americanpoliticalservices.com\/fr\/wp-json\/wp\/v2\/media?parent=4773"}],"curies":[{"name":"wp","href":"https:\/\/api.w.org\/{rel}","templated":true}]}}