{"id":4771,"date":"2022-01-26T13:22:19","date_gmt":"2022-01-26T13:22:19","guid":{"rendered":"https:\/\/americanpoliticalservices.com\/jose-ramon-alvarez-canedo\/"},"modified":"2022-01-26T13:22:19","modified_gmt":"2022-01-26T13:22:19","slug":"jose-ramon-alvarez-canedo","status":"publish","type":"page","link":"https:\/\/americanpoliticalservices.com\/fr\/jose-ramon-alvarez-canedo\/","title":{"rendered":"Jos\u00e9 Ram\u00f3n \u00c1lvarez Ca\u00f1edo"},"content":{"rendered":"\t\t<div data-elementor-type=\"wp-page\" data-elementor-id=\"4771\" class=\"elementor elementor-4771 elementor-4400\">\n\t\t\t\t\t\t<section class=\"elementor-section elementor-top-section elementor-element elementor-element-45bd085c elementor-section-boxed elementor-section-height-default elementor-section-height-default\" data-id=\"45bd085c\" data-element_type=\"section\" data-e-type=\"section\" data-settings=\"{&quot;background_background&quot;:&quot;gradient&quot;}\">\n\t\t\t\t\t\t\t<div class=\"elementor-background-overlay\"><\/div>\n\t\t\t\t\t\t\t<div class=\"elementor-container elementor-column-gap-default\">\n\t\t\t\t\t<div class=\"elementor-column elementor-col-100 elementor-top-column elementor-element elementor-element-2cb71ebd\" data-id=\"2cb71ebd\" data-element_type=\"column\" data-e-type=\"column\">\n\t\t\t<div class=\"elementor-widget-wrap elementor-element-populated\">\n\t\t\t\t\t\t<div class=\"elementor-element elementor-element-5ae0e8b3 elementor-invisible elementor-widget elementor-widget-heading\" data-id=\"5ae0e8b3\" data-element_type=\"widget\" data-e-type=\"widget\" data-settings=\"{&quot;_animation&quot;:&quot;fadeInLeft&quot;}\" data-widget_type=\"heading.default\">\n\t\t\t\t<div class=\"elementor-widget-container\">\n\t\t\t\t\t<h3 class=\"elementor-heading-title elementor-size-default\">Jos\u00e9 Ram\u00f3n \u00c1lvarez Ca\u00f1edo<\/h3>\t\t\t\t<\/div>\n\t\t\t\t<\/div>\n\t\t\t\t\t<\/div>\n\t\t<\/div>\n\t\t\t\t\t<\/div>\n\t\t<\/section>\n\t\t\t\t<section class=\"elementor-section elementor-top-section elementor-element elementor-element-cc99a5a elementor-section-boxed elementor-section-height-default elementor-section-height-default\" data-id=\"cc99a5a\" data-element_type=\"section\" data-e-type=\"section\">\n\t\t\t\t\t\t<div class=\"elementor-container elementor-column-gap-default\">\n\t\t\t\t\t<div class=\"elementor-column elementor-col-100 elementor-top-column elementor-element elementor-element-c43a095\" data-id=\"c43a095\" data-element_type=\"column\" data-e-type=\"column\">\n\t\t\t<div class=\"elementor-widget-wrap elementor-element-populated\">\n\t\t\t\t\t\t<section class=\"elementor-section elementor-inner-section elementor-element elementor-element-b512558 elementor-section-boxed elementor-section-height-default elementor-section-height-default\" data-id=\"b512558\" data-element_type=\"section\" data-e-type=\"section\">\n\t\t\t\t\t\t<div class=\"elementor-container elementor-column-gap-default\">\n\t\t\t\t\t<div class=\"elementor-column elementor-col-100 elementor-inner-column elementor-element elementor-element-0f9ae2c\" data-id=\"0f9ae2c\" data-element_type=\"column\" data-e-type=\"column\">\n\t\t\t<div class=\"elementor-widget-wrap elementor-element-populated\">\n\t\t\t\t\t\t<div class=\"elementor-element elementor-element-1c336d0 elementor-widget elementor-widget-text-editor\" data-id=\"1c336d0\" data-element_type=\"widget\" data-e-type=\"widget\" data-widget_type=\"text-editor.default\">\n\t\t\t\t<div class=\"elementor-widget-container\">\n\t\t\t\t\t\t\t\t\t<h4><img fetchpriority=\"high\" decoding=\"async\" class=\"team wp-image-4402 size-full alignleft\" src=\"https:\/\/americanpoliticalservices.com\/wp-content\/uploads\/2022\/01\/JoseRAlvarez.png\" alt=\"\" width=\"450\" height=\"450\" srcset=\"https:\/\/americanpoliticalservices.com\/wp-content\/uploads\/2022\/01\/JoseRAlvarez.png 450w, https:\/\/americanpoliticalservices.com\/wp-content\/uploads\/2022\/01\/JoseRAlvarez-300x300.png 300w, https:\/\/americanpoliticalservices.com\/wp-content\/uploads\/2022\/01\/JoseRAlvarez-150x150.png 150w\" sizes=\"(max-width: 450px) 100vw, 450px\" \/><\/h4>\n<p><span style=\"font-weight: 400;\">Jos\u00e9 Ram\u00f3n \u00c1lvarez Ca\u00f1edo est connu en Espagne et dans l&rsquo;Union europ\u00e9enne comme un avocat sp\u00e9cialis\u00e9 dans le droit public \u00e9conomique et les secteurs r\u00e9glement\u00e9s. Jos\u00e9 Ram\u00f3n apporte \u00e0  <\/span><b>APS <\/b><span style=\"font-weight: 400;\">plus de 10 ans d&rsquo;exp\u00e9rience professionnelle dans la pratique du droit, pour des entreprises nationales et internationales de haut niveau. Actuellement, Jos\u00e9 Ram\u00f3n fournit des conseils juridiques \u00e0 l&rsquo;avocat g\u00e9n\u00e9ral et au directeur juridique de l\u2019institution bancaire et financi\u00e8re renomm\u00e9e CECA-CECABANK, en \u00e9tant secr\u00e9taire du comit\u00e9 juridique et avocat du secr\u00e9taire g\u00e9n\u00e9ral et du bureau d&rsquo;\u00e9valuation juridique de cette institution. Dans le domaine de l&rsquo;enseignement, il est professeur de droit administratif et d&rsquo;\u00e9thique professionnelle \u00e0 l\u2019IE Law School. En plus d&rsquo;\u00eatre un expert dans les domaines juridiques de la finance et de la banque, Jos\u00e9 Ram\u00f3n poss\u00e8de une vaste exp\u00e9rience en mati\u00e8re de litiges et de droit de l&rsquo;Union europ\u00e9enne.   <\/span><\/p>\n<p><b>Formation : <br \/><\/b><span style=\"font-weight: 400;\"><em>Master en conseil juridique d&rsquo;entreprise <\/em> (LLM), IE Law School <br \/><\/span><span style=\"font-weight: 400;\"><em>Baccalaur\u00e9at en droit <\/em> (LLB), Universit\u00e9 autonome de Madrid\/IEB<\/span><\/p>\n<p><b>Langues:<\/b> <span style=\"font-weight: 400;\">anglais et espagnol<\/span><\/p>\n\t\t\t\t\t\t\t\t<\/div>\n\t\t\t\t<\/div>\n\t\t\t\t\t<\/div>\n\t\t<\/div>\n\t\t\t\t\t<\/div>\n\t\t<\/section>\n\t\t\t\t\t<\/div>\n\t\t<\/div>\n\t\t\t\t\t<\/div>\n\t\t<\/section>\n\t\t\t\t<\/div>\n\t\t","protected":false},"excerpt":{"rendered":"<p>Jos\u00e9 Ram\u00f3n \u00c1lvarez Ca\u00f1edo est connu en Espagne et dans l&rsquo;Union europ\u00e9enne comme un avocat sp\u00e9cialis\u00e9 dans le droit public \u00e9conomique et les secteurs r\u00e9glement\u00e9s. Jos\u00e9 Ram\u00f3n apporte \u00e0 APS plus de 10 ans d&rsquo;exp\u00e9rience professionnelle dans la pratique du droit, pour des entreprises nationales et internationales de haut niveau. Actuellement, Jos\u00e9 Ram\u00f3n fournit des [&hellip;]<\/p>\n","protected":false},"author":1,"featured_media":0,"parent":0,"menu_order":0,"comment_status":"closed","ping_status":"closed","template":"","meta":{"footnotes":""},"class_list":["post-4771","page","type-page","status-publish","hentry"],"_links":{"self":[{"href":"https:\/\/americanpoliticalservices.com\/fr\/wp-json\/wp\/v2\/pages\/4771","targetHints":{"allow":["GET"]}}],"collection":[{"href":"https:\/\/americanpoliticalservices.com\/fr\/wp-json\/wp\/v2\/pages"}],"about":[{"href":"https:\/\/americanpoliticalservices.com\/fr\/wp-json\/wp\/v2\/types\/page"}],"author":[{"embeddable":true,"href":"https:\/\/americanpoliticalservices.com\/fr\/wp-json\/wp\/v2\/users\/1"}],"replies":[{"embeddable":true,"href":"https:\/\/americanpoliticalservices.com\/fr\/wp-json\/wp\/v2\/comments?post=4771"}],"version-history":[{"count":1,"href":"https:\/\/americanpoliticalservices.com\/fr\/wp-json\/wp\/v2\/pages\/4771\/revisions"}],"predecessor-version":[{"id":4772,"href":"https:\/\/americanpoliticalservices.com\/fr\/wp-json\/wp\/v2\/pages\/4771\/revisions\/4772"}],"wp:attachment":[{"href":"https:\/\/americanpoliticalservices.com\/fr\/wp-json\/wp\/v2\/media?parent=4771"}],"curies":[{"name":"wp","href":"https:\/\/api.w.org\/{rel}","templated":true}]}}