{"id":4761,"date":"2022-01-26T12:26:30","date_gmt":"2022-01-26T12:26:30","guid":{"rendered":"https:\/\/americanpoliticalservices.com\/michael-primak\/"},"modified":"2022-01-26T12:32:33","modified_gmt":"2022-01-26T12:32:33","slug":"michael-primak","status":"publish","type":"page","link":"https:\/\/americanpoliticalservices.com\/fr\/michael-primak\/","title":{"rendered":"Michael Primak"},"content":{"rendered":"\t\t<div data-elementor-type=\"wp-page\" data-elementor-id=\"4761\" class=\"elementor elementor-4761 elementor-4072\">\n\t\t\t\t\t\t<section class=\"elementor-section elementor-top-section elementor-element elementor-element-45bd085c elementor-section-boxed elementor-section-height-default elementor-section-height-default\" data-id=\"45bd085c\" data-element_type=\"section\" data-e-type=\"section\" data-settings=\"{&quot;background_background&quot;:&quot;gradient&quot;}\">\n\t\t\t\t\t\t\t<div class=\"elementor-background-overlay\"><\/div>\n\t\t\t\t\t\t\t<div class=\"elementor-container elementor-column-gap-default\">\n\t\t\t\t\t<div class=\"elementor-column elementor-col-100 elementor-top-column elementor-element elementor-element-2cb71ebd\" data-id=\"2cb71ebd\" data-element_type=\"column\" data-e-type=\"column\">\n\t\t\t<div class=\"elementor-widget-wrap elementor-element-populated\">\n\t\t\t\t\t\t<div class=\"elementor-element elementor-element-5ae0e8b3 elementor-invisible elementor-widget elementor-widget-heading\" data-id=\"5ae0e8b3\" data-element_type=\"widget\" data-e-type=\"widget\" data-settings=\"{&quot;_animation&quot;:&quot;fadeInLeft&quot;}\" data-widget_type=\"heading.default\">\n\t\t\t\t<div class=\"elementor-widget-container\">\n\t\t\t\t\t<h3 class=\"elementor-heading-title elementor-size-default\">Michael Primak<\/h3>\t\t\t\t<\/div>\n\t\t\t\t<\/div>\n\t\t\t\t\t<\/div>\n\t\t<\/div>\n\t\t\t\t\t<\/div>\n\t\t<\/section>\n\t\t\t\t<section class=\"elementor-section elementor-top-section elementor-element elementor-element-cc99a5a elementor-section-boxed elementor-section-height-default elementor-section-height-default\" data-id=\"cc99a5a\" data-element_type=\"section\" data-e-type=\"section\">\n\t\t\t\t\t\t<div class=\"elementor-container elementor-column-gap-default\">\n\t\t\t\t\t<div class=\"elementor-column elementor-col-100 elementor-top-column elementor-element elementor-element-c43a095\" data-id=\"c43a095\" data-element_type=\"column\" data-e-type=\"column\">\n\t\t\t<div class=\"elementor-widget-wrap elementor-element-populated\">\n\t\t\t\t\t\t<section class=\"elementor-section elementor-inner-section elementor-element elementor-element-b512558 elementor-section-boxed elementor-section-height-default elementor-section-height-default\" data-id=\"b512558\" data-element_type=\"section\" data-e-type=\"section\">\n\t\t\t\t\t\t<div class=\"elementor-container elementor-column-gap-default\">\n\t\t\t\t\t<div class=\"elementor-column elementor-col-100 elementor-inner-column elementor-element elementor-element-0f9ae2c\" data-id=\"0f9ae2c\" data-element_type=\"column\" data-e-type=\"column\">\n\t\t\t<div class=\"elementor-widget-wrap elementor-element-populated\">\n\t\t\t\t\t\t<div class=\"elementor-element elementor-element-1c336d0 elementor-widget elementor-widget-text-editor\" data-id=\"1c336d0\" data-element_type=\"widget\" data-e-type=\"widget\" data-widget_type=\"text-editor.default\">\n\t\t\t\t<div class=\"elementor-widget-container\">\n\t\t\t\t\t\t\t\t\t<h4><img fetchpriority=\"high\" decoding=\"async\" class=\"team wp-image-4093 size-full alignleft\" src=\"https:\/\/americanpoliticalservices.com\/wp-content\/uploads\/2022\/01\/MPrimak.png\" alt=\"\" width=\"450\" height=\"450\" srcset=\"https:\/\/americanpoliticalservices.com\/wp-content\/uploads\/2022\/01\/MPrimak.png 450w, https:\/\/americanpoliticalservices.com\/wp-content\/uploads\/2022\/01\/MPrimak-300x300.png 300w, https:\/\/americanpoliticalservices.com\/wp-content\/uploads\/2022\/01\/MPrimak-150x150.png 150w\" sizes=\"(max-width: 450px) 100vw, 450px\" \/><\/h4>\n<p><span style=\"font-weight: 400;\">Michael Primak adh\u00e8re \u00e0<\/span> <b>APS<\/b><span style=\"font-weight: 400;\"> apr\u00e8s une longue carri\u00e8re \u00e0 des postes de haut niveau dans la protection des int\u00e9r\u00eats de la s\u00e9curit\u00e9 nationale am\u00e9ricaine. Primak est un expert des \u00c9tats postsovi\u00e9tiques et des menaces associ\u00e9es au terrorisme islamique. Avant de rejoindre <\/span><b>APS, <\/b><span style=\"font-weight: 400;\">Primak a \u00e9t\u00e9 technicien en cryptologie arabe o\u00f9 il a travaill\u00e9 sur des questions complexes li\u00e9es aux int\u00e9r\u00eats militaires am\u00e9ricains. Apr\u00e8s un service r\u00e9ussi aux \u00c9tats-Unis, Primak a occup\u00e9 des postes de haut niveau au sein de diverses entit\u00e9s de la Communaut\u00e9 des services de renseignement am\u00e9ricains, \u00e0 la fois en tant qu&rsquo;analyste et linguiste\/interpr\u00e8te en arabe, fran\u00e7ais et russe.&nbsp;&nbsp;<\/span><\/p>\n<p><b>Formation<\/b> <span style=\"font-weight: 400;\">:&nbsp; &nbsp; <br \/><\/span><em><span style=\"font-weight: 400;\">Master \u00e8s lettres&nbsp;<\/span><\/em><span style=\"font-weight: 400;\"><em>en langue fran\u00e7aise et litt\u00e9rature fran\u00e7aise<\/em>, Universit\u00e9 de Caroline du Sud&nbsp;&nbsp;<br \/><\/span><em><span style=\"font-weight: 400;\">Baccalaur\u00e9at \u00e8s lettres &nbsp;<\/span><\/em><span style=\"font-weight: 400;\"><em>en langue espagnole<\/em>, Universit\u00e9 de l&rsquo;Indiana en Pennsylvanie&nbsp;<br \/><\/span><em><span style=\"font-weight: 400;\">Dipl\u00f4me&nbsp;<\/span><\/em><span style=\"font-weight: 400;\"><em>en langue arabe<\/em>, Institut de langues de la D\u00e9fense&nbsp;&nbsp;<\/span><\/p>\n<p><b>Langues:<\/b><span style=\"font-weight: 400;\">&nbsp;anglais, arabe,&nbsp;russe, fran\u00e7ais et espagnol<\/span><\/p>\n\t\t\t\t\t\t\t\t<\/div>\n\t\t\t\t<\/div>\n\t\t\t\t\t<\/div>\n\t\t<\/div>\n\t\t\t\t\t<\/div>\n\t\t<\/section>\n\t\t\t\t\t<\/div>\n\t\t<\/div>\n\t\t\t\t\t<\/div>\n\t\t<\/section>\n\t\t\t\t<\/div>\n\t\t","protected":false},"excerpt":{"rendered":"<p>Michael Primak adh\u00e8re \u00e0 APS apr\u00e8s une longue carri\u00e8re \u00e0 des postes de haut niveau dans la protection des int\u00e9r\u00eats de la s\u00e9curit\u00e9 nationale am\u00e9ricaine. Primak est un expert des \u00c9tats postsovi\u00e9tiques et des menaces associ\u00e9es au terrorisme islamique. Avant de rejoindre APS, Primak a \u00e9t\u00e9 technicien en cryptologie arabe o\u00f9 il a travaill\u00e9 sur [&hellip;]<\/p>\n","protected":false},"author":1,"featured_media":0,"parent":0,"menu_order":0,"comment_status":"closed","ping_status":"closed","template":"","meta":{"footnotes":""},"class_list":["post-4761","page","type-page","status-publish","hentry"],"_links":{"self":[{"href":"https:\/\/americanpoliticalservices.com\/fr\/wp-json\/wp\/v2\/pages\/4761","targetHints":{"allow":["GET"]}}],"collection":[{"href":"https:\/\/americanpoliticalservices.com\/fr\/wp-json\/wp\/v2\/pages"}],"about":[{"href":"https:\/\/americanpoliticalservices.com\/fr\/wp-json\/wp\/v2\/types\/page"}],"author":[{"embeddable":true,"href":"https:\/\/americanpoliticalservices.com\/fr\/wp-json\/wp\/v2\/users\/1"}],"replies":[{"embeddable":true,"href":"https:\/\/americanpoliticalservices.com\/fr\/wp-json\/wp\/v2\/comments?post=4761"}],"version-history":[{"count":2,"href":"https:\/\/americanpoliticalservices.com\/fr\/wp-json\/wp\/v2\/pages\/4761\/revisions"}],"predecessor-version":[{"id":4763,"href":"https:\/\/americanpoliticalservices.com\/fr\/wp-json\/wp\/v2\/pages\/4761\/revisions\/4763"}],"wp:attachment":[{"href":"https:\/\/americanpoliticalservices.com\/fr\/wp-json\/wp\/v2\/media?parent=4761"}],"curies":[{"name":"wp","href":"https:\/\/api.w.org\/{rel}","templated":true}]}}