{"id":4755,"date":"2022-01-26T11:59:43","date_gmt":"2022-01-26T11:59:43","guid":{"rendered":"https:\/\/americanpoliticalservices.com\/javier-ivorra\/"},"modified":"2022-01-26T11:59:44","modified_gmt":"2022-01-26T11:59:44","slug":"javier-ivorra","status":"publish","type":"page","link":"https:\/\/americanpoliticalservices.com\/fr\/javier-ivorra\/","title":{"rendered":"Javier Ivorra"},"content":{"rendered":"\t\t<div data-elementor-type=\"wp-page\" data-elementor-id=\"4755\" class=\"elementor elementor-4755\">\n\t\t\t\t\t\t<section class=\"elementor-section elementor-top-section elementor-element elementor-element-45bd085c elementor-section-boxed elementor-section-height-default elementor-section-height-default\" data-id=\"45bd085c\" data-element_type=\"section\" data-e-type=\"section\" data-settings=\"{&quot;background_background&quot;:&quot;gradient&quot;}\">\n\t\t\t\t\t\t\t<div class=\"elementor-background-overlay\"><\/div>\n\t\t\t\t\t\t\t<div class=\"elementor-container elementor-column-gap-default\">\n\t\t\t\t\t<div class=\"elementor-column elementor-col-100 elementor-top-column elementor-element elementor-element-2cb71ebd\" data-id=\"2cb71ebd\" data-element_type=\"column\" data-e-type=\"column\">\n\t\t\t<div class=\"elementor-widget-wrap elementor-element-populated\">\n\t\t\t\t\t\t<div class=\"elementor-element elementor-element-5ae0e8b3 elementor-invisible elementor-widget elementor-widget-heading\" data-id=\"5ae0e8b3\" data-element_type=\"widget\" data-e-type=\"widget\" data-settings=\"{&quot;_animation&quot;:&quot;fadeInLeft&quot;}\" data-widget_type=\"heading.default\">\n\t\t\t\t<div class=\"elementor-widget-container\">\n\t\t\t\t\t<h3 class=\"elementor-heading-title elementor-size-default\">Javier Ivorra<\/h3>\t\t\t\t<\/div>\n\t\t\t\t<\/div>\n\t\t\t\t\t<\/div>\n\t\t<\/div>\n\t\t\t\t\t<\/div>\n\t\t<\/section>\n\t\t\t\t<section class=\"elementor-section elementor-top-section elementor-element elementor-element-cc99a5a elementor-section-boxed elementor-section-height-default elementor-section-height-default\" data-id=\"cc99a5a\" data-element_type=\"section\" data-e-type=\"section\">\n\t\t\t\t\t\t<div class=\"elementor-container elementor-column-gap-default\">\n\t\t\t\t\t<div class=\"elementor-column elementor-col-100 elementor-top-column elementor-element elementor-element-c43a095\" data-id=\"c43a095\" data-element_type=\"column\" data-e-type=\"column\">\n\t\t\t<div class=\"elementor-widget-wrap elementor-element-populated\">\n\t\t\t\t\t\t<section class=\"elementor-section elementor-inner-section elementor-element elementor-element-b512558 elementor-section-boxed elementor-section-height-default elementor-section-height-default\" data-id=\"b512558\" data-element_type=\"section\" data-e-type=\"section\">\n\t\t\t\t\t\t<div class=\"elementor-container elementor-column-gap-default\">\n\t\t\t\t\t<div class=\"elementor-column elementor-col-100 elementor-inner-column elementor-element elementor-element-0f9ae2c\" data-id=\"0f9ae2c\" data-element_type=\"column\" data-e-type=\"column\">\n\t\t\t<div class=\"elementor-widget-wrap elementor-element-populated\">\n\t\t\t\t\t\t<div class=\"elementor-element elementor-element-1c336d0 elementor-widget elementor-widget-text-editor\" data-id=\"1c336d0\" data-element_type=\"widget\" data-e-type=\"widget\" data-widget_type=\"text-editor.default\">\n\t\t\t\t<div class=\"elementor-widget-container\">\n\t\t\t\t\t\t\t\t\t<h4><img fetchpriority=\"high\" decoding=\"async\" class=\"team wp-image-4022 size-full alignleft\" src=\"https:\/\/americanpoliticalservices.com\/wp-content\/uploads\/2022\/01\/Javier-Ivorra-1.jpg\" alt=\"\" width=\"450\" height=\"450\" srcset=\"https:\/\/americanpoliticalservices.com\/wp-content\/uploads\/2022\/01\/Javier-Ivorra-1.jpg 450w, https:\/\/americanpoliticalservices.com\/wp-content\/uploads\/2022\/01\/Javier-Ivorra-1-300x300.jpg 300w, https:\/\/americanpoliticalservices.com\/wp-content\/uploads\/2022\/01\/Javier-Ivorra-1-150x150.jpg 150w\" sizes=\"(max-width: 450px) 100vw, 450px\" \/><\/h4>\n<p>Javier Ivorra est un g\u00e9ographe de haut niveau qui apporte \u00e0 <strong>APS<\/strong> ses comp\u00e9tences de gestion techniquement avanc\u00e9es et son exp\u00e9rience internationale en SIG, cartographie et t\u00e9l\u00e9d\u00e9tection, dans les secteurs public et priv\u00e9. Ivorra a fait ses preuves en mati\u00e8re de cr\u00e9ation d&rsquo;informations g\u00e9ographiques, d&rsquo;ex\u00e9cution de projets d&rsquo;ing\u00e9nierie c\u00f4ti\u00e8re et hydraulique, et de d\u00e9veloppement de cartes th\u00e9matiques selon des exigences complexes d\u00e9finies par les clients. Ivorra est dou\u00e9 pour d\u00e9velopper et maintenir des paquets cartographiques de syst\u00e8mes de base de donn\u00e9es mondiaux et est capable de pr\u00e9voir des situations critiques de s\u00e9curit\u00e9 comme des plans d&rsquo;urgence et d\u2019utiliser ses connaissances en SIG pour des projets sensibles et classifi\u00e9s.<\/p>\n<p><strong>Formation:<br \/><\/strong><em>Master professionnel en cartographie<\/em>, syst\u00e8mes d&rsquo;information g\u00e9ographique et t\u00e9l\u00e9d\u00e9tection, Universit\u00e9 d&rsquo;Alcal\u00e1 de Henares<br \/><em>Baccalaur\u00e9at en g\u00e9ographie<\/em>, Universit\u00e9 d&rsquo;Alicante<\/p>\n<p><strong>Langues:<\/strong> anglais, espagnol, fran\u00e7ais et catalan.<\/p>\n\t\t\t\t\t\t\t\t<\/div>\n\t\t\t\t<\/div>\n\t\t\t\t\t<\/div>\n\t\t<\/div>\n\t\t\t\t\t<\/div>\n\t\t<\/section>\n\t\t\t\t\t<\/div>\n\t\t<\/div>\n\t\t\t\t\t<\/div>\n\t\t<\/section>\n\t\t\t\t<\/div>\n\t\t","protected":false},"excerpt":{"rendered":"<p>Javier Ivorra est un g\u00e9ographe de haut niveau qui apporte \u00e0 APS ses comp\u00e9tences de gestion techniquement avanc\u00e9es et son exp\u00e9rience internationale en SIG, cartographie et t\u00e9l\u00e9d\u00e9tection, dans les secteurs public et priv\u00e9. Ivorra a fait ses preuves en mati\u00e8re de cr\u00e9ation d&rsquo;informations g\u00e9ographiques, d&rsquo;ex\u00e9cution de projets d&rsquo;ing\u00e9nierie c\u00f4ti\u00e8re et hydraulique, et de d\u00e9veloppement de [&hellip;]<\/p>\n","protected":false},"author":1,"featured_media":0,"parent":0,"menu_order":0,"comment_status":"closed","ping_status":"closed","template":"","meta":{"footnotes":""},"class_list":["post-4755","page","type-page","status-publish","hentry"],"_links":{"self":[{"href":"https:\/\/americanpoliticalservices.com\/fr\/wp-json\/wp\/v2\/pages\/4755","targetHints":{"allow":["GET"]}}],"collection":[{"href":"https:\/\/americanpoliticalservices.com\/fr\/wp-json\/wp\/v2\/pages"}],"about":[{"href":"https:\/\/americanpoliticalservices.com\/fr\/wp-json\/wp\/v2\/types\/page"}],"author":[{"embeddable":true,"href":"https:\/\/americanpoliticalservices.com\/fr\/wp-json\/wp\/v2\/users\/1"}],"replies":[{"embeddable":true,"href":"https:\/\/americanpoliticalservices.com\/fr\/wp-json\/wp\/v2\/comments?post=4755"}],"version-history":[{"count":1,"href":"https:\/\/americanpoliticalservices.com\/fr\/wp-json\/wp\/v2\/pages\/4755\/revisions"}],"predecessor-version":[{"id":4756,"href":"https:\/\/americanpoliticalservices.com\/fr\/wp-json\/wp\/v2\/pages\/4755\/revisions\/4756"}],"wp:attachment":[{"href":"https:\/\/americanpoliticalservices.com\/fr\/wp-json\/wp\/v2\/media?parent=4755"}],"curies":[{"name":"wp","href":"https:\/\/api.w.org\/{rel}","templated":true}]}}