{"id":4753,"date":"2022-01-26T11:50:46","date_gmt":"2022-01-26T11:50:46","guid":{"rendered":"https:\/\/americanpoliticalservices.com\/geancarlos-cevallos-ponce\/"},"modified":"2022-01-26T11:50:47","modified_gmt":"2022-01-26T11:50:47","slug":"geancarlos-cevallos-ponce","status":"publish","type":"page","link":"https:\/\/americanpoliticalservices.com\/fr\/geancarlos-cevallos-ponce\/","title":{"rendered":"Geancarlos Cevallos Ponce"},"content":{"rendered":"\t\t<div data-elementor-type=\"wp-page\" data-elementor-id=\"4753\" class=\"elementor elementor-4753\">\n\t\t\t\t\t\t<section class=\"elementor-section elementor-top-section elementor-element elementor-element-45bd085c elementor-section-boxed elementor-section-height-default elementor-section-height-default\" data-id=\"45bd085c\" data-element_type=\"section\" data-e-type=\"section\" data-settings=\"{&quot;background_background&quot;:&quot;gradient&quot;}\">\n\t\t\t\t\t\t\t<div class=\"elementor-background-overlay\"><\/div>\n\t\t\t\t\t\t\t<div class=\"elementor-container elementor-column-gap-default\">\n\t\t\t\t\t<div class=\"elementor-column elementor-col-100 elementor-top-column elementor-element elementor-element-2cb71ebd\" data-id=\"2cb71ebd\" data-element_type=\"column\" data-e-type=\"column\">\n\t\t\t<div class=\"elementor-widget-wrap elementor-element-populated\">\n\t\t\t\t\t\t<div class=\"elementor-element elementor-element-5ae0e8b3 elementor-invisible elementor-widget elementor-widget-heading\" data-id=\"5ae0e8b3\" data-element_type=\"widget\" data-e-type=\"widget\" data-settings=\"{&quot;_animation&quot;:&quot;fadeInLeft&quot;}\" data-widget_type=\"heading.default\">\n\t\t\t\t<div class=\"elementor-widget-container\">\n\t\t\t\t\t<h3 class=\"elementor-heading-title elementor-size-default\">Geancarlos Cevallos Ponce<\/h3>\t\t\t\t<\/div>\n\t\t\t\t<\/div>\n\t\t\t\t\t<\/div>\n\t\t<\/div>\n\t\t\t\t\t<\/div>\n\t\t<\/section>\n\t\t\t\t<section class=\"elementor-section elementor-top-section elementor-element elementor-element-cc99a5a elementor-section-boxed elementor-section-height-default elementor-section-height-default\" data-id=\"cc99a5a\" data-element_type=\"section\" data-e-type=\"section\">\n\t\t\t\t\t\t<div class=\"elementor-container elementor-column-gap-default\">\n\t\t\t\t\t<div class=\"elementor-column elementor-col-100 elementor-top-column elementor-element elementor-element-c43a095\" data-id=\"c43a095\" data-element_type=\"column\" data-e-type=\"column\">\n\t\t\t<div class=\"elementor-widget-wrap elementor-element-populated\">\n\t\t\t\t\t\t<section class=\"elementor-section elementor-inner-section elementor-element elementor-element-b512558 elementor-section-boxed elementor-section-height-default elementor-section-height-default\" data-id=\"b512558\" data-element_type=\"section\" data-e-type=\"section\">\n\t\t\t\t\t\t<div class=\"elementor-container elementor-column-gap-default\">\n\t\t\t\t\t<div class=\"elementor-column elementor-col-100 elementor-inner-column elementor-element elementor-element-0f9ae2c\" data-id=\"0f9ae2c\" data-element_type=\"column\" data-e-type=\"column\">\n\t\t\t<div class=\"elementor-widget-wrap elementor-element-populated\">\n\t\t\t\t\t\t<div class=\"elementor-element elementor-element-1c336d0 elementor-widget elementor-widget-text-editor\" data-id=\"1c336d0\" data-element_type=\"widget\" data-e-type=\"widget\" data-widget_type=\"text-editor.default\">\n\t\t\t\t<div class=\"elementor-widget-container\">\n\t\t\t\t\t\t\t\t\t<h4><img fetchpriority=\"high\" decoding=\"async\" class=\"team wp-image-4034 size-full alignleft\" src=\"https:\/\/americanpoliticalservices.com\/wp-content\/uploads\/2022\/01\/GEANCA-1.png\" alt=\"\" width=\"450\" height=\"450\" srcset=\"https:\/\/americanpoliticalservices.com\/wp-content\/uploads\/2022\/01\/GEANCA-1.png 450w, https:\/\/americanpoliticalservices.com\/wp-content\/uploads\/2022\/01\/GEANCA-1-300x300.png 300w, https:\/\/americanpoliticalservices.com\/wp-content\/uploads\/2022\/01\/GEANCA-1-150x150.png 150w\" sizes=\"(max-width: 450px) 100vw, 450px\" \/><\/h4>\n<p><span style=\"font-weight: 400;\">Geancarlos est un sp\u00e9cialiste reconnu de la gestion et du marketing politiques. Avec plus de 17 ans d&rsquo;exp\u00e9rience dans le conseil de campagnes politiques r\u00e9ussies, tant au niveau national que r\u00e9gional, Geancarlos arrive \u00e0 <\/span><b>APS<\/b><span style=\"font-weight: 400;\"> pr\u00eat \u00e0 vous aider \u00e0 construire votre victoire politique. Cevallos a travaill\u00e9 sur sept campagnes pr\u00e9sidentielles et a g\u00e9r\u00e9 de nombreuses campagnes \u00e9lectorales. Cevallos a une connaissance approfondie de la situation politique en \u00c9quateur et en Am\u00e9rique latine et apporte une grande palette de contacts de haut niveau.  <\/span><\/p>\n<p><span style=\"font-weight: 400;\">L&rsquo;exp\u00e9rience de Cevallos comprend l&rsquo;\u00e9valuation et la gestion de projets au niveau des administrations r\u00e9gionales et locales. Cevallos a \u00e9t\u00e9 le coordinateur principal de nombreux projets de d\u00e9veloppement dans plusieurs municipalit\u00e9s. Avant de rejoindre   <\/span><b>APS<\/b><span style=\"font-weight: 400;\">, Geancarlos a travaill\u00e9 comme directeur g\u00e9n\u00e9ral de plusieurs entreprises publiques et comme responsable provincial du minist\u00e8re de l&rsquo;Agriculture, de l&rsquo;\u00c9levage, de l&rsquo;Aquaculture et de la P\u00eache.<\/span><\/p>\n<p><span style=\"font-weight: 400;\">Outre sa vaste exp\u00e9rience en gestion et en marketing politique, M. Cevallos est professeur \u00e0 la facult\u00e9 des sciences \u00e9conomiques \u00e0 l&rsquo;universit\u00e9 Eloy Alfaro de Manab\u00ed. C&rsquo;est un \u00e9conomiste reconnu qui poss\u00e8de une vaste exp\u00e9rience universitaire et pratique. Cevallos compte de nombreuses publications dans des revues de premier plan et poss\u00e8de une exp\u00e9rience dans la r\u00e9daction de programmes de d\u00e9veloppement \u00e9conomique qui ont \u00e9t\u00e9 mis en \u0153uvre avec succ\u00e8s.  <\/span><\/p>\n<p><b>Formation<\/b><span style=\"font-weight: 400;\">:<br \/><\/span><span style=\"font-weight: 400;\"><em>Baccalaur\u00e9at \u00e8s lettres <\/em>et \u00e9conomie, Universit\u00e9 centrale de l&rsquo;\u00c9quateur<\/span><\/p>\n<p><b>Langues<\/b> <span style=\"font-weight: 400;\">:anglais et espagnol.<\/span><\/p>\n\t\t\t\t\t\t\t\t<\/div>\n\t\t\t\t<\/div>\n\t\t\t\t\t<\/div>\n\t\t<\/div>\n\t\t\t\t\t<\/div>\n\t\t<\/section>\n\t\t\t\t\t<\/div>\n\t\t<\/div>\n\t\t\t\t\t<\/div>\n\t\t<\/section>\n\t\t\t\t<\/div>\n\t\t","protected":false},"excerpt":{"rendered":"<p>Geancarlos est un sp\u00e9cialiste reconnu de la gestion et du marketing politiques. Avec plus de 17 ans d&rsquo;exp\u00e9rience dans le conseil de campagnes politiques r\u00e9ussies, tant au niveau national que r\u00e9gional, Geancarlos arrive \u00e0 APS pr\u00eat \u00e0 vous aider \u00e0 construire votre victoire politique. Cevallos a travaill\u00e9 sur sept campagnes pr\u00e9sidentielles et a g\u00e9r\u00e9 de [&hellip;]<\/p>\n","protected":false},"author":1,"featured_media":0,"parent":0,"menu_order":0,"comment_status":"closed","ping_status":"closed","template":"","meta":{"footnotes":""},"class_list":["post-4753","page","type-page","status-publish","hentry"],"_links":{"self":[{"href":"https:\/\/americanpoliticalservices.com\/fr\/wp-json\/wp\/v2\/pages\/4753","targetHints":{"allow":["GET"]}}],"collection":[{"href":"https:\/\/americanpoliticalservices.com\/fr\/wp-json\/wp\/v2\/pages"}],"about":[{"href":"https:\/\/americanpoliticalservices.com\/fr\/wp-json\/wp\/v2\/types\/page"}],"author":[{"embeddable":true,"href":"https:\/\/americanpoliticalservices.com\/fr\/wp-json\/wp\/v2\/users\/1"}],"replies":[{"embeddable":true,"href":"https:\/\/americanpoliticalservices.com\/fr\/wp-json\/wp\/v2\/comments?post=4753"}],"version-history":[{"count":1,"href":"https:\/\/americanpoliticalservices.com\/fr\/wp-json\/wp\/v2\/pages\/4753\/revisions"}],"predecessor-version":[{"id":4754,"href":"https:\/\/americanpoliticalservices.com\/fr\/wp-json\/wp\/v2\/pages\/4753\/revisions\/4754"}],"wp:attachment":[{"href":"https:\/\/americanpoliticalservices.com\/fr\/wp-json\/wp\/v2\/media?parent=4753"}],"curies":[{"name":"wp","href":"https:\/\/api.w.org\/{rel}","templated":true}]}}