{"id":4743,"date":"2022-01-26T09:59:26","date_gmt":"2022-01-26T09:59:26","guid":{"rendered":"https:\/\/americanpoliticalservices.com\/maria-gabriela-gaby-nunez-klinger\/"},"modified":"2022-01-26T09:59:26","modified_gmt":"2022-01-26T09:59:26","slug":"maria-gabriela-gaby-nunez-klinger","status":"publish","type":"page","link":"https:\/\/americanpoliticalservices.com\/fr\/maria-gabriela-gaby-nunez-klinger\/","title":{"rendered":"Mar\u00eda Gabriela \u201cGaby\u201d N\u00fa\u00f1ez Klinger"},"content":{"rendered":"\t\t<div data-elementor-type=\"wp-page\" data-elementor-id=\"4743\" class=\"elementor elementor-4743\">\n\t\t\t\t\t\t<section class=\"elementor-section elementor-top-section elementor-element elementor-element-45bd085c elementor-section-boxed elementor-section-height-default elementor-section-height-default\" data-id=\"45bd085c\" data-element_type=\"section\" data-e-type=\"section\" data-settings=\"{&quot;background_background&quot;:&quot;gradient&quot;}\">\n\t\t\t\t\t\t\t<div class=\"elementor-background-overlay\"><\/div>\n\t\t\t\t\t\t\t<div class=\"elementor-container elementor-column-gap-default\">\n\t\t\t\t\t<div class=\"elementor-column elementor-col-100 elementor-top-column elementor-element elementor-element-2cb71ebd\" data-id=\"2cb71ebd\" data-element_type=\"column\" data-e-type=\"column\">\n\t\t\t<div class=\"elementor-widget-wrap elementor-element-populated\">\n\t\t\t\t\t\t<div class=\"elementor-element elementor-element-5ae0e8b3 elementor-invisible elementor-widget elementor-widget-heading\" data-id=\"5ae0e8b3\" data-element_type=\"widget\" data-e-type=\"widget\" data-settings=\"{&quot;_animation&quot;:&quot;fadeInLeft&quot;}\" data-widget_type=\"heading.default\">\n\t\t\t\t<div class=\"elementor-widget-container\">\n\t\t\t\t\t<h3 class=\"elementor-heading-title elementor-size-default\">Mar\u00eda Gabriela \u201cGaby\u201d N\u00fa\u00f1ez Klinger<\/h3>\t\t\t\t<\/div>\n\t\t\t\t<\/div>\n\t\t\t\t\t<\/div>\n\t\t<\/div>\n\t\t\t\t\t<\/div>\n\t\t<\/section>\n\t\t\t\t<section class=\"elementor-section elementor-top-section elementor-element elementor-element-cc99a5a elementor-section-boxed elementor-section-height-default elementor-section-height-default\" data-id=\"cc99a5a\" data-element_type=\"section\" data-e-type=\"section\">\n\t\t\t\t\t\t<div class=\"elementor-container elementor-column-gap-default\">\n\t\t\t\t\t<div class=\"elementor-column elementor-col-100 elementor-top-column elementor-element elementor-element-c43a095\" data-id=\"c43a095\" data-element_type=\"column\" data-e-type=\"column\">\n\t\t\t<div class=\"elementor-widget-wrap elementor-element-populated\">\n\t\t\t\t\t\t<section class=\"elementor-section elementor-inner-section elementor-element elementor-element-b512558 elementor-section-boxed elementor-section-height-default elementor-section-height-default\" data-id=\"b512558\" data-element_type=\"section\" data-e-type=\"section\">\n\t\t\t\t\t\t<div class=\"elementor-container elementor-column-gap-default\">\n\t\t\t\t\t<div class=\"elementor-column elementor-col-100 elementor-inner-column elementor-element elementor-element-0f9ae2c\" data-id=\"0f9ae2c\" data-element_type=\"column\" data-e-type=\"column\">\n\t\t\t<div class=\"elementor-widget-wrap elementor-element-populated\">\n\t\t\t\t\t\t<div class=\"elementor-element elementor-element-1c336d0 elementor-widget elementor-widget-text-editor\" data-id=\"1c336d0\" data-element_type=\"widget\" data-e-type=\"widget\" data-widget_type=\"text-editor.default\">\n\t\t\t\t<div class=\"elementor-widget-container\">\n\t\t\t\t\t\t\t\t\t<h4><img fetchpriority=\"high\" decoding=\"async\" class=\"team wp-image-4085 size-full alignleft\" src=\"https:\/\/americanpoliticalservices.com\/wp-content\/uploads\/2022\/01\/GNunez.png\" alt=\"\" width=\"450\" height=\"450\" srcset=\"https:\/\/americanpoliticalservices.com\/wp-content\/uploads\/2022\/01\/GNunez.png 450w, https:\/\/americanpoliticalservices.com\/wp-content\/uploads\/2022\/01\/GNunez-300x300.png 300w, https:\/\/americanpoliticalservices.com\/wp-content\/uploads\/2022\/01\/GNunez-150x150.png 150w\" sizes=\"(max-width: 450px) 100vw, 450px\" \/><\/h4>\n<p><span style=\"font-weight: 400;\">Mar\u00eda Gabriela \u00ab\u00a0Gaby\u00a0\u00bb N\u00fa\u00f1ez Klinger adh\u00e8re \u00e0<\/span><b>APS<\/b><span style=\"font-weight: 400;\"> avec une brillante exp\u00e9rience en aide aux clients d&rsquo;Am\u00e9rique latine et d&rsquo;Europe afin d\u2019am\u00e9liorer leur image publique. En plus de ses ann\u00e9es de travail \u00e0 la t\u00e9l\u00e9vision et \u00e0 la radio, Gaby a collabor\u00e9 avec des cabinets d&rsquo;avocats, dans l&rsquo;industrie du tourisme, et avec des soci\u00e9t\u00e9s d&rsquo;\u00e9v\u00e9nements publics pour marier leurs besoins et les demandes du public. Forte de son exp\u00e9rience, Gaby a travaill\u00e9 sur des campagnes locales et pr\u00e9sidentielles en Am\u00e9rique du Sud, o\u00f9 elle s&rsquo;est sp\u00e9cialis\u00e9e dans la communication de crise. Gaby est une \u00e9ternelle optimiste qui donne toujours la priorit\u00e9 \u00e0 ses clients et aux autres gens, ce qui a \u00e9t\u00e9 mis en \u00e9vidence par sa d\u00e9cision de travailler comme infirmi\u00e8re \u00e0 l\u2019hospice pendant plus de deux ans, afin de pouvoir apporter de la joie dans la vie de ceux qui approchent de leur heure la plus sombre. Gaby est un atout et un rayon de soleil pour chaque client qu&rsquo;elle rencontre.    <\/span><\/p>\n<p><b>Formation<\/b> <span style=\"font-weight: 400;\">:<br \/><\/span> <span style=\"font-weight: 400;\"><em>Baccalaur\u00e9at \u00e8s lettres<\/em>, Aide sociale, Universidad T\u00e9cnica Luis Vargas Torres<\/span><\/p>\n<p><b>Langues<\/b><span style=\"font-weight: 400;\">: espagnol et italien<\/span> <\/p>\n\t\t\t\t\t\t\t\t<\/div>\n\t\t\t\t<\/div>\n\t\t\t\t\t<\/div>\n\t\t<\/div>\n\t\t\t\t\t<\/div>\n\t\t<\/section>\n\t\t\t\t\t<\/div>\n\t\t<\/div>\n\t\t\t\t\t<\/div>\n\t\t<\/section>\n\t\t\t\t<\/div>\n\t\t","protected":false},"excerpt":{"rendered":"<p>Mar\u00eda Gabriela \u00ab\u00a0Gaby\u00a0\u00bb N\u00fa\u00f1ez Klinger adh\u00e8re \u00e0APS avec une brillante exp\u00e9rience en aide aux clients d&rsquo;Am\u00e9rique latine et d&rsquo;Europe afin d\u2019am\u00e9liorer leur image publique. En plus de ses ann\u00e9es de travail \u00e0 la t\u00e9l\u00e9vision et \u00e0 la radio, Gaby a collabor\u00e9 avec des cabinets d&rsquo;avocats, dans l&rsquo;industrie du tourisme, et avec des soci\u00e9t\u00e9s d&rsquo;\u00e9v\u00e9nements publics [&hellip;]<\/p>\n","protected":false},"author":1,"featured_media":0,"parent":0,"menu_order":0,"comment_status":"closed","ping_status":"closed","template":"","meta":{"footnotes":""},"class_list":["post-4743","page","type-page","status-publish","hentry"],"_links":{"self":[{"href":"https:\/\/americanpoliticalservices.com\/fr\/wp-json\/wp\/v2\/pages\/4743","targetHints":{"allow":["GET"]}}],"collection":[{"href":"https:\/\/americanpoliticalservices.com\/fr\/wp-json\/wp\/v2\/pages"}],"about":[{"href":"https:\/\/americanpoliticalservices.com\/fr\/wp-json\/wp\/v2\/types\/page"}],"author":[{"embeddable":true,"href":"https:\/\/americanpoliticalservices.com\/fr\/wp-json\/wp\/v2\/users\/1"}],"replies":[{"embeddable":true,"href":"https:\/\/americanpoliticalservices.com\/fr\/wp-json\/wp\/v2\/comments?post=4743"}],"version-history":[{"count":1,"href":"https:\/\/americanpoliticalservices.com\/fr\/wp-json\/wp\/v2\/pages\/4743\/revisions"}],"predecessor-version":[{"id":4744,"href":"https:\/\/americanpoliticalservices.com\/fr\/wp-json\/wp\/v2\/pages\/4743\/revisions\/4744"}],"wp:attachment":[{"href":"https:\/\/americanpoliticalservices.com\/fr\/wp-json\/wp\/v2\/media?parent=4743"}],"curies":[{"name":"wp","href":"https:\/\/api.w.org\/{rel}","templated":true}]}}