{"id":4741,"date":"2022-01-26T09:56:52","date_gmt":"2022-01-26T09:56:52","guid":{"rendered":"https:\/\/americanpoliticalservices.com\/brent-escobar\/"},"modified":"2022-01-26T09:56:54","modified_gmt":"2022-01-26T09:56:54","slug":"brent-escobar","status":"publish","type":"page","link":"https:\/\/americanpoliticalservices.com\/fr\/brent-escobar\/","title":{"rendered":"Brent Escobar"},"content":{"rendered":"\t\t<div data-elementor-type=\"wp-page\" data-elementor-id=\"4741\" class=\"elementor elementor-4741\">\n\t\t\t\t\t\t<section class=\"elementor-section elementor-top-section elementor-element elementor-element-45bd085c elementor-section-boxed elementor-section-height-default elementor-section-height-default\" data-id=\"45bd085c\" data-element_type=\"section\" data-e-type=\"section\" data-settings=\"{&quot;background_background&quot;:&quot;gradient&quot;}\">\n\t\t\t\t\t\t\t<div class=\"elementor-background-overlay\"><\/div>\n\t\t\t\t\t\t\t<div class=\"elementor-container elementor-column-gap-default\">\n\t\t\t\t\t<div class=\"elementor-column elementor-col-100 elementor-top-column elementor-element elementor-element-2cb71ebd\" data-id=\"2cb71ebd\" data-element_type=\"column\" data-e-type=\"column\">\n\t\t\t<div class=\"elementor-widget-wrap elementor-element-populated\">\n\t\t\t\t\t\t<div class=\"elementor-element elementor-element-5ae0e8b3 elementor-invisible elementor-widget elementor-widget-heading\" data-id=\"5ae0e8b3\" data-element_type=\"widget\" data-e-type=\"widget\" data-settings=\"{&quot;_animation&quot;:&quot;fadeInLeft&quot;}\" data-widget_type=\"heading.default\">\n\t\t\t\t<div class=\"elementor-widget-container\">\n\t\t\t\t\t<h3 class=\"elementor-heading-title elementor-size-default\">Brent Escobar<\/h3>\t\t\t\t<\/div>\n\t\t\t\t<\/div>\n\t\t\t\t\t<\/div>\n\t\t<\/div>\n\t\t\t\t\t<\/div>\n\t\t<\/section>\n\t\t\t\t<section class=\"elementor-section elementor-top-section elementor-element elementor-element-cc99a5a elementor-section-boxed elementor-section-height-default elementor-section-height-default\" data-id=\"cc99a5a\" data-element_type=\"section\" data-e-type=\"section\">\n\t\t\t\t\t\t<div class=\"elementor-container elementor-column-gap-default\">\n\t\t\t\t\t<div class=\"elementor-column elementor-col-100 elementor-top-column elementor-element elementor-element-c43a095\" data-id=\"c43a095\" data-element_type=\"column\" data-e-type=\"column\">\n\t\t\t<div class=\"elementor-widget-wrap elementor-element-populated\">\n\t\t\t\t\t\t<section class=\"elementor-section elementor-inner-section elementor-element elementor-element-b512558 elementor-section-boxed elementor-section-height-default elementor-section-height-default\" data-id=\"b512558\" data-element_type=\"section\" data-e-type=\"section\">\n\t\t\t\t\t\t<div class=\"elementor-container elementor-column-gap-default\">\n\t\t\t\t\t<div class=\"elementor-column elementor-col-100 elementor-inner-column elementor-element elementor-element-0f9ae2c\" data-id=\"0f9ae2c\" data-element_type=\"column\" data-e-type=\"column\">\n\t\t\t<div class=\"elementor-widget-wrap elementor-element-populated\">\n\t\t\t\t\t\t<div class=\"elementor-element elementor-element-1c336d0 elementor-widget elementor-widget-text-editor\" data-id=\"1c336d0\" data-element_type=\"widget\" data-e-type=\"widget\" data-widget_type=\"text-editor.default\">\n\t\t\t\t<div class=\"elementor-widget-container\">\n\t\t\t\t\t\t\t\t\t<h4><img fetchpriority=\"high\" decoding=\"async\" class=\"team wp-image-4076 size-full alignleft\" src=\"https:\/\/americanpoliticalservices.com\/wp-content\/uploads\/2022\/01\/BEscobar.png\" alt=\"\" width=\"450\" height=\"450\" srcset=\"https:\/\/americanpoliticalservices.com\/wp-content\/uploads\/2022\/01\/BEscobar.png 450w, https:\/\/americanpoliticalservices.com\/wp-content\/uploads\/2022\/01\/BEscobar-300x300.png 300w, https:\/\/americanpoliticalservices.com\/wp-content\/uploads\/2022\/01\/BEscobar-150x150.png 150w\" sizes=\"(max-width: 450px) 100vw, 450px\" \/><\/h4>\n<p><span style=\"font-weight: 400;\">Brent Escobar est un entrepreneur am\u00e9ricain dont l&rsquo;exp\u00e9rience commerciale s&rsquo;\u00e9tend sur toute l&rsquo;Am\u00e9rique du Nord et du Sud dans les secteurs de l&rsquo;import\/export international, agriculture, monnaies num\u00e9riques, pr\u00eats commerciaux et capital-risque en d\u00e9marrage de l&rsquo;activit\u00e9. Depuis son bureau d&rsquo;op\u00e9rations \u00e0 Miami, Escobar fournit \u00e0  <\/span><b>APS<\/b><span style=\"font-weight: 400;\"> des conseils en mati\u00e8res d&rsquo;import\/export, planification strat\u00e9gique, introduction sur le march\u00e9 de biens de consommation emball\u00e9s et de d\u00e9veloppement commercial. M. Escobar dispose d&rsquo;un ensemble de contacts dans les domaines de services bancaires commerciaux, gestion de patrimoine, conformit\u00e9 fiscale, immobilier, pr\u00eats hypoth\u00e9caires commerciaux et les courtiers en pr\u00eats hypoth\u00e9caires r\u00e9sidentiels. Sa connaissance approfondie du monde des affaires et de la vente lui permet de r\u00e9aliser des \u00e9tudes de march\u00e9 in\u00e9gal\u00e9es et d&rsquo;introduire et de lancer de nouveaux produits sur les march\u00e9s de la vente au d\u00e9tail ou du commerce \u00e9lectronique. Gr\u00e2ce \u00e0 sa proximit\u00e9 du le secteur bancaire, il peut aider au recouvrement de cr\u00e9ances, pr\u00eats hypoth\u00e9caires r\u00e9sidentiels pour les non-am\u00e9ricains, v\u00e9rifications de cr\u00e9dit et \u00e0 la lev\u00e9e de fonds de capital-risque.    <\/span><\/p>\n<p><b>Formation<br \/><\/b><span style=\"font-weight: 400;\">: <em>Baccalaur\u00e9at en Sciences<\/em> financi\u00e8res, Universit\u00e9 George<\/span> Mason<\/p>\n<p><b>Langues :<\/b> <span style=\"font-weight: 400;\">anglais et espagnol<\/span><\/p>\n\t\t\t\t\t\t\t\t<\/div>\n\t\t\t\t<\/div>\n\t\t\t\t\t<\/div>\n\t\t<\/div>\n\t\t\t\t\t<\/div>\n\t\t<\/section>\n\t\t\t\t\t<\/div>\n\t\t<\/div>\n\t\t\t\t\t<\/div>\n\t\t<\/section>\n\t\t\t\t<\/div>\n\t\t","protected":false},"excerpt":{"rendered":"<p>Brent Escobar est un entrepreneur am\u00e9ricain dont l&rsquo;exp\u00e9rience commerciale s&rsquo;\u00e9tend sur toute l&rsquo;Am\u00e9rique du Nord et du Sud dans les secteurs de l&rsquo;import\/export international, agriculture, monnaies num\u00e9riques, pr\u00eats commerciaux et capital-risque en d\u00e9marrage de l&rsquo;activit\u00e9. Depuis son bureau d&rsquo;op\u00e9rations \u00e0 Miami, Escobar fournit \u00e0 APS des conseils en mati\u00e8res d&rsquo;import\/export, planification strat\u00e9gique, introduction sur le [&hellip;]<\/p>\n","protected":false},"author":1,"featured_media":0,"parent":0,"menu_order":0,"comment_status":"closed","ping_status":"closed","template":"","meta":{"footnotes":""},"class_list":["post-4741","page","type-page","status-publish","hentry"],"_links":{"self":[{"href":"https:\/\/americanpoliticalservices.com\/fr\/wp-json\/wp\/v2\/pages\/4741","targetHints":{"allow":["GET"]}}],"collection":[{"href":"https:\/\/americanpoliticalservices.com\/fr\/wp-json\/wp\/v2\/pages"}],"about":[{"href":"https:\/\/americanpoliticalservices.com\/fr\/wp-json\/wp\/v2\/types\/page"}],"author":[{"embeddable":true,"href":"https:\/\/americanpoliticalservices.com\/fr\/wp-json\/wp\/v2\/users\/1"}],"replies":[{"embeddable":true,"href":"https:\/\/americanpoliticalservices.com\/fr\/wp-json\/wp\/v2\/comments?post=4741"}],"version-history":[{"count":1,"href":"https:\/\/americanpoliticalservices.com\/fr\/wp-json\/wp\/v2\/pages\/4741\/revisions"}],"predecessor-version":[{"id":4742,"href":"https:\/\/americanpoliticalservices.com\/fr\/wp-json\/wp\/v2\/pages\/4741\/revisions\/4742"}],"wp:attachment":[{"href":"https:\/\/americanpoliticalservices.com\/fr\/wp-json\/wp\/v2\/media?parent=4741"}],"curies":[{"name":"wp","href":"https:\/\/api.w.org\/{rel}","templated":true}]}}