{"id":3822,"date":"2021-12-11T16:57:25","date_gmt":"2021-12-11T16:57:25","guid":{"rendered":"https:\/\/americanpoliticalservices.com\/dan-k-rapoport\/"},"modified":"2021-12-11T16:57:25","modified_gmt":"2021-12-11T16:57:25","slug":"dan-k-rapoport","status":"publish","type":"page","link":"https:\/\/americanpoliticalservices.com\/fr\/dan-k-rapoport\/","title":{"rendered":"Dan K. Rapoport"},"content":{"rendered":"\t\t<div data-elementor-type=\"wp-page\" data-elementor-id=\"3822\" class=\"elementor elementor-3822\">\n\t\t\t\t\t\t<section class=\"elementor-section elementor-top-section elementor-element elementor-element-45bd085c elementor-section-boxed elementor-section-height-default elementor-section-height-default\" data-id=\"45bd085c\" data-element_type=\"section\" data-e-type=\"section\" data-settings=\"{&quot;background_background&quot;:&quot;gradient&quot;}\">\n\t\t\t\t\t\t\t<div class=\"elementor-background-overlay\"><\/div>\n\t\t\t\t\t\t\t<div class=\"elementor-container elementor-column-gap-default\">\n\t\t\t\t\t<div class=\"elementor-column elementor-col-100 elementor-top-column elementor-element elementor-element-2cb71ebd\" data-id=\"2cb71ebd\" data-element_type=\"column\" data-e-type=\"column\">\n\t\t\t<div class=\"elementor-widget-wrap elementor-element-populated\">\n\t\t\t\t\t\t<div class=\"elementor-element elementor-element-5ae0e8b3 elementor-invisible elementor-widget elementor-widget-heading\" data-id=\"5ae0e8b3\" data-element_type=\"widget\" data-e-type=\"widget\" data-settings=\"{&quot;_animation&quot;:&quot;fadeInLeft&quot;}\" data-widget_type=\"heading.default\">\n\t\t\t\t<div class=\"elementor-widget-container\">\n\t\t\t\t\t<h3 class=\"elementor-heading-title elementor-size-default\">Dan K. Rapoport<\/h3>\t\t\t\t<\/div>\n\t\t\t\t<\/div>\n\t\t\t\t\t<\/div>\n\t\t<\/div>\n\t\t\t\t\t<\/div>\n\t\t<\/section>\n\t\t\t\t<section class=\"elementor-section elementor-top-section elementor-element elementor-element-cc99a5a elementor-section-boxed elementor-section-height-default elementor-section-height-default\" data-id=\"cc99a5a\" data-element_type=\"section\" data-e-type=\"section\">\n\t\t\t\t\t\t<div class=\"elementor-container elementor-column-gap-default\">\n\t\t\t\t\t<div class=\"elementor-column elementor-col-100 elementor-top-column elementor-element elementor-element-c43a095\" data-id=\"c43a095\" data-element_type=\"column\" data-e-type=\"column\">\n\t\t\t<div class=\"elementor-widget-wrap elementor-element-populated\">\n\t\t\t\t\t\t<section class=\"elementor-section elementor-inner-section elementor-element elementor-element-b512558 elementor-section-boxed elementor-section-height-default elementor-section-height-default\" data-id=\"b512558\" data-element_type=\"section\" data-e-type=\"section\">\n\t\t\t\t\t\t<div class=\"elementor-container elementor-column-gap-default\">\n\t\t\t\t\t<div class=\"elementor-column elementor-col-100 elementor-inner-column elementor-element elementor-element-0f9ae2c\" data-id=\"0f9ae2c\" data-element_type=\"column\" data-e-type=\"column\">\n\t\t\t<div class=\"elementor-widget-wrap elementor-element-populated\">\n\t\t\t\t\t\t<div class=\"elementor-element elementor-element-1c336d0 elementor-widget elementor-widget-text-editor\" data-id=\"1c336d0\" data-element_type=\"widget\" data-e-type=\"widget\" data-widget_type=\"text-editor.default\">\n\t\t\t\t<div class=\"elementor-widget-container\">\n\t\t\t\t\t\t\t\t\t<h4><img fetchpriority=\"high\" decoding=\"async\" class=\"team alignleft wp-image-1791 size-full\" src=\"https:\/\/americanpoliticalservices.com\/wp-content\/uploads\/2021\/12\/DRapoport.jpeg\" alt=\"\" width=\"450\" height=\"450\" srcset=\"https:\/\/americanpoliticalservices.com\/wp-content\/uploads\/2021\/12\/DRapoport.jpeg 450w, https:\/\/americanpoliticalservices.com\/wp-content\/uploads\/2021\/12\/DRapoport-300x300.jpeg 300w, https:\/\/americanpoliticalservices.com\/wp-content\/uploads\/2021\/12\/DRapoport-150x150.jpeg 150w\" sizes=\"(max-width: 450px) 100vw, 450px\" \/><\/h4>\n<p>Dan Rapoport est un banquier d&rsquo;investissement am\u00e9ricain ayant l&rsquo;exp\u00e9rience de 25 ans d&rsquo;op\u00e9rations internationales r\u00e9ussies en investissement des capitaux publics et priv\u00e9s. Ses contrats d&rsquo;investissement aux \u00c9tats-Unis, Royaume-Uni, Canada, Ukraine et Russie comprennent les investissements des capitaux et la gestion de dettes dans les domaines de transport, ventes, services financiers, SaaS, construction et immobilier. Auparavant Dan \u00e9tait le directeur g\u00e9n\u00e9ral de plusieurs banques d&rsquo;investissement, supervisant les bureaux \u00e0 Moscou, New York, Londres, Kiev et Limassol. Au total Dan a coordonn\u00e9 et a plac\u00e9 plus de 8 milliards de dollars en op\u00e9rations internationales d&rsquo;investissement de capitaux publics et priv\u00e9s. Dan conseille les investisseurs \u00e9trangers et les entreprises d&rsquo;Europe de l&rsquo;Est sur les financements et les strat\u00e9gies d&rsquo;entreprise, ainsi que sur les options de financement en capitaux propres et la gestion des dettes.     <\/p>\n<p><b>Formation:<br \/><\/b><i>Master en Administration<\/i> des affaires Banque et finance Universit\u00e9 de Middlesex, Royaume-Uni<br \/><i>Baccalaur\u00e9at<\/i> en Administration des affaires Comptabilit\u00e9 et finance Universit\u00e9 de Houston, \u00c9tats-Unis<\/p>\n<p><b>Langues<\/b>: Anglais et russen<\/p>\n\t\t\t\t\t\t\t\t<\/div>\n\t\t\t\t<\/div>\n\t\t\t\t\t<\/div>\n\t\t<\/div>\n\t\t\t\t\t<\/div>\n\t\t<\/section>\n\t\t\t\t\t<\/div>\n\t\t<\/div>\n\t\t\t\t\t<\/div>\n\t\t<\/section>\n\t\t\t\t<\/div>\n\t\t","protected":false},"excerpt":{"rendered":"<p>Dan Rapoport est un banquier d&rsquo;investissement am\u00e9ricain ayant l&rsquo;exp\u00e9rience de 25 ans d&rsquo;op\u00e9rations internationales r\u00e9ussies en investissement des capitaux publics et priv\u00e9s. Ses contrats d&rsquo;investissement aux \u00c9tats-Unis, Royaume-Uni, Canada, Ukraine et Russie comprennent les investissements des capitaux et la gestion de dettes dans les domaines de transport, ventes, services financiers, SaaS, construction et immobilier. Auparavant [&hellip;]<\/p>\n","protected":false},"author":1,"featured_media":0,"parent":0,"menu_order":0,"comment_status":"closed","ping_status":"closed","template":"","meta":{"footnotes":""},"class_list":["post-3822","page","type-page","status-publish","hentry"],"_links":{"self":[{"href":"https:\/\/americanpoliticalservices.com\/fr\/wp-json\/wp\/v2\/pages\/3822","targetHints":{"allow":["GET"]}}],"collection":[{"href":"https:\/\/americanpoliticalservices.com\/fr\/wp-json\/wp\/v2\/pages"}],"about":[{"href":"https:\/\/americanpoliticalservices.com\/fr\/wp-json\/wp\/v2\/types\/page"}],"author":[{"embeddable":true,"href":"https:\/\/americanpoliticalservices.com\/fr\/wp-json\/wp\/v2\/users\/1"}],"replies":[{"embeddable":true,"href":"https:\/\/americanpoliticalservices.com\/fr\/wp-json\/wp\/v2\/comments?post=3822"}],"version-history":[{"count":1,"href":"https:\/\/americanpoliticalservices.com\/fr\/wp-json\/wp\/v2\/pages\/3822\/revisions"}],"predecessor-version":[{"id":3823,"href":"https:\/\/americanpoliticalservices.com\/fr\/wp-json\/wp\/v2\/pages\/3822\/revisions\/3823"}],"wp:attachment":[{"href":"https:\/\/americanpoliticalservices.com\/fr\/wp-json\/wp\/v2\/media?parent=3822"}],"curies":[{"name":"wp","href":"https:\/\/api.w.org\/{rel}","templated":true}]}}