{"id":3820,"date":"2021-12-11T16:55:06","date_gmt":"2021-12-11T16:55:06","guid":{"rendered":"https:\/\/americanpoliticalservices.com\/adriana-rivera\/"},"modified":"2021-12-11T16:55:07","modified_gmt":"2021-12-11T16:55:07","slug":"adriana-rivera","status":"publish","type":"page","link":"https:\/\/americanpoliticalservices.com\/fr\/adriana-rivera\/","title":{"rendered":"Adriana Rivera"},"content":{"rendered":"\t\t<div data-elementor-type=\"wp-page\" data-elementor-id=\"3820\" class=\"elementor elementor-3820 elementor-3517\">\n\t\t\t\t\t\t<section class=\"elementor-section elementor-top-section elementor-element elementor-element-45bd085c elementor-section-boxed elementor-section-height-default elementor-section-height-default\" data-id=\"45bd085c\" data-element_type=\"section\" data-e-type=\"section\" data-settings=\"{&quot;background_background&quot;:&quot;gradient&quot;}\">\n\t\t\t\t\t\t\t<div class=\"elementor-background-overlay\"><\/div>\n\t\t\t\t\t\t\t<div class=\"elementor-container elementor-column-gap-default\">\n\t\t\t\t\t<div class=\"elementor-column elementor-col-100 elementor-top-column elementor-element elementor-element-2cb71ebd\" data-id=\"2cb71ebd\" data-element_type=\"column\" data-e-type=\"column\">\n\t\t\t<div class=\"elementor-widget-wrap elementor-element-populated\">\n\t\t\t\t\t\t<div class=\"elementor-element elementor-element-5ae0e8b3 elementor-invisible elementor-widget elementor-widget-heading\" data-id=\"5ae0e8b3\" data-element_type=\"widget\" data-e-type=\"widget\" data-settings=\"{&quot;_animation&quot;:&quot;fadeInLeft&quot;}\" data-widget_type=\"heading.default\">\n\t\t\t\t<div class=\"elementor-widget-container\">\n\t\t\t\t\t<h3 class=\"elementor-heading-title elementor-size-default\">Adriana Rivera<\/h3>\t\t\t\t<\/div>\n\t\t\t\t<\/div>\n\t\t\t\t\t<\/div>\n\t\t<\/div>\n\t\t\t\t\t<\/div>\n\t\t<\/section>\n\t\t\t\t<section class=\"elementor-section elementor-top-section elementor-element elementor-element-cc99a5a elementor-section-boxed elementor-section-height-default elementor-section-height-default\" data-id=\"cc99a5a\" data-element_type=\"section\" data-e-type=\"section\">\n\t\t\t\t\t\t<div class=\"elementor-container elementor-column-gap-default\">\n\t\t\t\t\t<div class=\"elementor-column elementor-col-100 elementor-top-column elementor-element elementor-element-c43a095\" data-id=\"c43a095\" data-element_type=\"column\" data-e-type=\"column\">\n\t\t\t<div class=\"elementor-widget-wrap elementor-element-populated\">\n\t\t\t\t\t\t<section class=\"elementor-section elementor-inner-section elementor-element elementor-element-b512558 elementor-section-boxed elementor-section-height-default elementor-section-height-default\" data-id=\"b512558\" data-element_type=\"section\" data-e-type=\"section\">\n\t\t\t\t\t\t<div class=\"elementor-container elementor-column-gap-default\">\n\t\t\t\t\t<div class=\"elementor-column elementor-col-100 elementor-inner-column elementor-element elementor-element-0f9ae2c\" data-id=\"0f9ae2c\" data-element_type=\"column\" data-e-type=\"column\">\n\t\t\t<div class=\"elementor-widget-wrap elementor-element-populated\">\n\t\t\t\t\t\t<div class=\"elementor-element elementor-element-1c336d0 elementor-widget elementor-widget-text-editor\" data-id=\"1c336d0\" data-element_type=\"widget\" data-e-type=\"widget\" data-widget_type=\"text-editor.default\">\n\t\t\t\t<div class=\"elementor-widget-container\">\n\t\t\t\t\t\t\t\t\t<h4><img fetchpriority=\"high\" decoding=\"async\" class=\"team wp-image-3518 size-medium alignleft\" src=\"https:\/\/americanpoliticalservices.com\/wp-content\/uploads\/2021\/12\/AdrianaRivera-300x300.jpeg\" alt=\"\" width=\"300\" height=\"300\"><\/h4>\n<p>Adriana Rivera est une professionnelle exp\u00e9rienc\u00e9e en communication dont le parcours s&rsquo;\u00e9tends sur plus de deux d\u00e9cennies de son aide aux clients \u00e0 faire passer leurs messages \u00e0 un public plus \u00e9tendu en utilisant des techniques efficaces et persuasives. Avant de travailler pour <strong>APS<\/strong>, Adriana a travaill\u00e9 \u00e0 la t\u00e9l\u00e9vision en Am\u00e9rique latine, ainsi devant la cam\u00e9ra en tant qu&rsquo;animatrice de t\u00e9l\u00e9vision nationale que derri\u00e8re la cam\u00e9ra en tant que productrice des programmes vari\u00e9s y compris des \u00e9missions t\u00e9l\u00e9vis\u00e9es pour les femmes, nouvelles, sport.<\/p>\n<p>En plus de ses ann\u00e9es d&rsquo;exp\u00e9rience dans le journalisme audiovisuel, Adriana a travaill\u00e9 en Am\u00e9rique latine, en Asie, en Europe et aux \u00c9tats-Unis sur une grande vari\u00e9t\u00e9 de campagnes d&rsquo;information, de projets de relations publiques et de nombreuses campagnes politiques. Ce travail a octroy\u00e9 \u00e0 Adriana des opportunit\u00e9s incroyables d&rsquo;avoir travaill\u00e9 \u00e9troitement avec des pr\u00e9sidents, vice-pr\u00e9sidents, d\u00e9put\u00e9s, dirigeants municipaux et des ambassadeurs du monde entier. <\/p>\n<p><strong>Formation:<br \/><\/strong> <em>Baccalaur\u00e9at<\/em> \u00e8s lettres et communications Universit\u00e9 du Dakota du Nord, \u00c9tats-Unis<\/p>\n<p><strong>Langues:<\/strong> Anglais et espagnol.<\/p>\n\t\t\t\t\t\t\t\t<\/div>\n\t\t\t\t<\/div>\n\t\t\t\t\t<\/div>\n\t\t<\/div>\n\t\t\t\t\t<\/div>\n\t\t<\/section>\n\t\t\t\t\t<\/div>\n\t\t<\/div>\n\t\t\t\t\t<\/div>\n\t\t<\/section>\n\t\t\t\t<\/div>\n\t\t","protected":false},"excerpt":{"rendered":"<p>Adriana Rivera est une professionnelle exp\u00e9rienc\u00e9e en communication dont le parcours s&rsquo;\u00e9tends sur plus de deux d\u00e9cennies de son aide aux clients \u00e0 faire passer leurs messages \u00e0 un public plus \u00e9tendu en utilisant des techniques efficaces et persuasives. Avant de travailler pour APS, Adriana a travaill\u00e9 \u00e0 la t\u00e9l\u00e9vision en Am\u00e9rique latine, ainsi devant [&hellip;]<\/p>\n","protected":false},"author":1,"featured_media":0,"parent":0,"menu_order":0,"comment_status":"closed","ping_status":"closed","template":"","meta":{"footnotes":""},"class_list":["post-3820","page","type-page","status-publish","hentry"],"_links":{"self":[{"href":"https:\/\/americanpoliticalservices.com\/fr\/wp-json\/wp\/v2\/pages\/3820","targetHints":{"allow":["GET"]}}],"collection":[{"href":"https:\/\/americanpoliticalservices.com\/fr\/wp-json\/wp\/v2\/pages"}],"about":[{"href":"https:\/\/americanpoliticalservices.com\/fr\/wp-json\/wp\/v2\/types\/page"}],"author":[{"embeddable":true,"href":"https:\/\/americanpoliticalservices.com\/fr\/wp-json\/wp\/v2\/users\/1"}],"replies":[{"embeddable":true,"href":"https:\/\/americanpoliticalservices.com\/fr\/wp-json\/wp\/v2\/comments?post=3820"}],"version-history":[{"count":1,"href":"https:\/\/americanpoliticalservices.com\/fr\/wp-json\/wp\/v2\/pages\/3820\/revisions"}],"predecessor-version":[{"id":3821,"href":"https:\/\/americanpoliticalservices.com\/fr\/wp-json\/wp\/v2\/pages\/3820\/revisions\/3821"}],"wp:attachment":[{"href":"https:\/\/americanpoliticalservices.com\/fr\/wp-json\/wp\/v2\/media?parent=3820"}],"curies":[{"name":"wp","href":"https:\/\/api.w.org\/{rel}","templated":true}]}}