{"id":3642,"date":"2021-12-09T13:33:38","date_gmt":"2021-12-09T13:33:38","guid":{"rendered":"https:\/\/americanpoliticalservices.com\/nicolas-nico-m-woods\/"},"modified":"2022-03-01T22:08:37","modified_gmt":"2022-03-01T22:08:37","slug":"nicolas-nico-m-woods","status":"publish","type":"page","link":"https:\/\/americanpoliticalservices.com\/fr\/nicolas-nico-m-woods\/","title":{"rendered":"Nicolas \u00ab Nico \u00bb M. Woods"},"content":{"rendered":"\t\t<div data-elementor-type=\"wp-page\" data-elementor-id=\"3642\" class=\"elementor elementor-3642\">\n\t\t\t\t\t\t<section class=\"elementor-section elementor-top-section elementor-element elementor-element-45bd085c elementor-section-boxed elementor-section-height-default elementor-section-height-default\" data-id=\"45bd085c\" data-element_type=\"section\" data-e-type=\"section\" data-settings=\"{&quot;background_background&quot;:&quot;gradient&quot;}\">\n\t\t\t\t\t\t\t<div class=\"elementor-background-overlay\"><\/div>\n\t\t\t\t\t\t\t<div class=\"elementor-container elementor-column-gap-default\">\n\t\t\t\t\t<div class=\"elementor-column elementor-col-100 elementor-top-column elementor-element elementor-element-2cb71ebd\" data-id=\"2cb71ebd\" data-element_type=\"column\" data-e-type=\"column\">\n\t\t\t<div class=\"elementor-widget-wrap elementor-element-populated\">\n\t\t\t\t\t\t<div class=\"elementor-element elementor-element-5ae0e8b3 elementor-invisible elementor-widget elementor-widget-heading\" data-id=\"5ae0e8b3\" data-element_type=\"widget\" data-e-type=\"widget\" data-settings=\"{&quot;_animation&quot;:&quot;fadeInLeft&quot;}\" data-widget_type=\"heading.default\">\n\t\t\t\t<div class=\"elementor-widget-container\">\n\t\t\t\t\t<h3 class=\"elementor-heading-title elementor-size-default\">Nicolas \u00ab Nico \u00bb M. Woods<\/h3>\t\t\t\t<\/div>\n\t\t\t\t<\/div>\n\t\t\t\t\t<\/div>\n\t\t<\/div>\n\t\t\t\t\t<\/div>\n\t\t<\/section>\n\t\t\t\t<section class=\"elementor-section elementor-top-section elementor-element elementor-element-cc99a5a elementor-section-boxed elementor-section-height-default elementor-section-height-default\" data-id=\"cc99a5a\" data-element_type=\"section\" data-e-type=\"section\">\n\t\t\t\t\t\t<div class=\"elementor-container elementor-column-gap-default\">\n\t\t\t\t\t<div class=\"elementor-column elementor-col-100 elementor-top-column elementor-element elementor-element-c43a095\" data-id=\"c43a095\" data-element_type=\"column\" data-e-type=\"column\">\n\t\t\t<div class=\"elementor-widget-wrap elementor-element-populated\">\n\t\t\t\t\t\t<section class=\"elementor-section elementor-inner-section elementor-element elementor-element-b512558 elementor-section-boxed elementor-section-height-default elementor-section-height-default\" data-id=\"b512558\" data-element_type=\"section\" data-e-type=\"section\">\n\t\t\t\t\t\t<div class=\"elementor-container elementor-column-gap-default\">\n\t\t\t\t\t<div class=\"elementor-column elementor-col-100 elementor-inner-column elementor-element elementor-element-0f9ae2c\" data-id=\"0f9ae2c\" data-element_type=\"column\" data-e-type=\"column\">\n\t\t\t<div class=\"elementor-widget-wrap elementor-element-populated\">\n\t\t\t\t\t\t<div class=\"elementor-element elementor-element-1c336d0 elementor-widget elementor-widget-text-editor\" data-id=\"1c336d0\" data-element_type=\"widget\" data-e-type=\"widget\" data-widget_type=\"text-editor.default\">\n\t\t\t\t<div class=\"elementor-widget-container\">\n\t\t\t\t\t\t\t\t\t<h4><img fetchpriority=\"high\" decoding=\"async\" class=\"team alignleft wp-image-3369 size-full\" src=\"https:\/\/americanpoliticalservices.com\/wp-content\/uploads\/2021\/11\/NicolasWoods-4.jpg\" alt=\"\" width=\"450\" height=\"450\" srcset=\"https:\/\/americanpoliticalservices.com\/wp-content\/uploads\/2021\/11\/NicolasWoods-4.jpg 450w, https:\/\/americanpoliticalservices.com\/wp-content\/uploads\/2021\/11\/NicolasWoods-4-300x300.jpg 300w, https:\/\/americanpoliticalservices.com\/wp-content\/uploads\/2021\/11\/NicolasWoods-4-150x150.jpg 150w\" sizes=\"(max-width: 450px) 100vw, 450px\" \/><\/h4>\n<p>Nicolas \u00ab Nico \u00bb M. Woods a d\u00e9j\u00e0 travaill\u00e9 avec&nbsp;<b>APS<\/b> &nbsp;sur un grand nombre de projets globaux li\u00e9s au commerce international, aux affaires, et dans le domaine des contrats li\u00e9s au gouvernement am\u00e9ricain. &nbsp;Avant de rejoindre <b>APS<\/b>, il \u00e9tait officier de la marine am\u00e9ricaine, o\u00f9 il a \u00e9t\u00e9 certifi\u00e9 par le d\u00e9partement de l\u2019\u00e9nergie am\u00e9ricain en tant qu\u2019ing\u00e9nieur nucl\u00e9aire, ce qui lui a permis d\u2019\u00eatre affect\u00e9 \u00e0 un sous-marin nucl\u00e9aire de la flotte de l\u2019Atlantique Nord. Apr\u00e8s avoir quitt\u00e9 la marine, Nico a travaill\u00e9 dans une soci\u00e9t\u00e9 de capital-investissement de Boston sp\u00e9cialis\u00e9e dans la cat\u00e9gorie d\u2019actifs des fonds de recherche, o\u00f9 il a \u00e9labor\u00e9 des mod\u00e8les financiers\/op\u00e9rationnels, men\u00e9 des contr\u00f4les pr\u00e9alables commerciaux et juridiques approfondis, et effectu\u00e9 des recherches sur le secteur.  Nico est un pilote priv\u00e9 passionn\u00e9, un instructeur de vol et un plongeur sous-marin.<\/p>\n<p><strong>Formation:<\/strong><br \/><em>Ma\u00eetrise en administration des affaires (MBA)<\/em>, Universit\u00e9 de Stanford.<br \/><em>Ma\u00eetrise en gestion de l\u2019ing\u00e9nierie (MEM)<\/em>, Universit\u00e9 Old Dominion.<br \/><em>Licence de sciences<\/em> en \u00e9conomie quantitative, Acad\u00e9mie navale am\u00e9ricaine.<\/p>\n<p><strong>Langues:<\/strong> &nbsp;Anglais et espagnol.<\/p>\n\t\t\t\t\t\t\t\t<\/div>\n\t\t\t\t<\/div>\n\t\t\t\t\t<\/div>\n\t\t<\/div>\n\t\t\t\t\t<\/div>\n\t\t<\/section>\n\t\t\t\t\t<\/div>\n\t\t<\/div>\n\t\t\t\t\t<\/div>\n\t\t<\/section>\n\t\t\t\t<\/div>\n\t\t","protected":false},"excerpt":{"rendered":"<p>Nicolas \u00ab Nico \u00bb M. Woods a d\u00e9j\u00e0 travaill\u00e9 avec&nbsp;APS &nbsp;sur un grand nombre de projets globaux li\u00e9s au commerce international, aux affaires, et dans le domaine des contrats li\u00e9s au gouvernement am\u00e9ricain. &nbsp;Avant de rejoindre APS, il \u00e9tait officier de la marine am\u00e9ricaine, o\u00f9 il a \u00e9t\u00e9 certifi\u00e9 par le d\u00e9partement de l\u2019\u00e9nergie am\u00e9ricain [&hellip;]<\/p>\n","protected":false},"author":1,"featured_media":0,"parent":0,"menu_order":0,"comment_status":"closed","ping_status":"closed","template":"","meta":{"footnotes":""},"class_list":["post-3642","page","type-page","status-publish","hentry"],"_links":{"self":[{"href":"https:\/\/americanpoliticalservices.com\/fr\/wp-json\/wp\/v2\/pages\/3642","targetHints":{"allow":["GET"]}}],"collection":[{"href":"https:\/\/americanpoliticalservices.com\/fr\/wp-json\/wp\/v2\/pages"}],"about":[{"href":"https:\/\/americanpoliticalservices.com\/fr\/wp-json\/wp\/v2\/types\/page"}],"author":[{"embeddable":true,"href":"https:\/\/americanpoliticalservices.com\/fr\/wp-json\/wp\/v2\/users\/1"}],"replies":[{"embeddable":true,"href":"https:\/\/americanpoliticalservices.com\/fr\/wp-json\/wp\/v2\/comments?post=3642"}],"version-history":[{"count":2,"href":"https:\/\/americanpoliticalservices.com\/fr\/wp-json\/wp\/v2\/pages\/3642\/revisions"}],"predecessor-version":[{"id":4849,"href":"https:\/\/americanpoliticalservices.com\/fr\/wp-json\/wp\/v2\/pages\/3642\/revisions\/4849"}],"wp:attachment":[{"href":"https:\/\/americanpoliticalservices.com\/fr\/wp-json\/wp\/v2\/media?parent=3642"}],"curies":[{"name":"wp","href":"https:\/\/api.w.org\/{rel}","templated":true}]}}