{"id":3631,"date":"2021-12-09T13:25:12","date_gmt":"2021-12-09T13:25:12","guid":{"rendered":"https:\/\/americanpoliticalservices.com\/jason-jay-smart\/"},"modified":"2021-12-09T13:25:13","modified_gmt":"2021-12-09T13:25:13","slug":"jason-jay-smart","status":"publish","type":"page","link":"https:\/\/americanpoliticalservices.com\/fr\/jason-jay-smart\/","title":{"rendered":"Jason Jay Smart"},"content":{"rendered":"\t\t<div data-elementor-type=\"wp-page\" data-elementor-id=\"3631\" class=\"elementor elementor-3631 elementor-1851\">\n\t\t\t\t\t\t<section class=\"elementor-section elementor-top-section elementor-element elementor-element-45bd085c elementor-section-boxed elementor-section-height-default elementor-section-height-default\" data-id=\"45bd085c\" data-element_type=\"section\" data-e-type=\"section\" data-settings=\"{&quot;background_background&quot;:&quot;gradient&quot;}\">\n\t\t\t\t\t\t\t<div class=\"elementor-background-overlay\"><\/div>\n\t\t\t\t\t\t\t<div class=\"elementor-container elementor-column-gap-default\">\n\t\t\t\t\t<div class=\"elementor-column elementor-col-100 elementor-top-column elementor-element elementor-element-2cb71ebd\" data-id=\"2cb71ebd\" data-element_type=\"column\" data-e-type=\"column\">\n\t\t\t<div class=\"elementor-widget-wrap elementor-element-populated\">\n\t\t\t\t\t\t<div class=\"elementor-element elementor-element-5ae0e8b3 elementor-invisible elementor-widget elementor-widget-heading\" data-id=\"5ae0e8b3\" data-element_type=\"widget\" data-e-type=\"widget\" data-settings=\"{&quot;_animation&quot;:&quot;fadeInLeft&quot;}\" data-widget_type=\"heading.default\">\n\t\t\t\t<div class=\"elementor-widget-container\">\n\t\t\t\t\t<h2 class=\"elementor-heading-title elementor-size-default\">Jason Jay Smart<\/h2>\t\t\t\t<\/div>\n\t\t\t\t<\/div>\n\t\t\t\t\t<\/div>\n\t\t<\/div>\n\t\t\t\t\t<\/div>\n\t\t<\/section>\n\t\t\t\t<section class=\"elementor-section elementor-top-section elementor-element elementor-element-cc99a5a elementor-section-boxed elementor-section-height-default elementor-section-height-default\" data-id=\"cc99a5a\" data-element_type=\"section\" data-e-type=\"section\">\n\t\t\t\t\t\t<div class=\"elementor-container elementor-column-gap-default\">\n\t\t\t\t\t<div class=\"elementor-column elementor-col-100 elementor-top-column elementor-element elementor-element-c43a095\" data-id=\"c43a095\" data-element_type=\"column\" data-e-type=\"column\">\n\t\t\t<div class=\"elementor-widget-wrap elementor-element-populated\">\n\t\t\t\t\t\t<section class=\"elementor-section elementor-inner-section elementor-element elementor-element-b512558 elementor-section-boxed elementor-section-height-default elementor-section-height-default\" data-id=\"b512558\" data-element_type=\"section\" data-e-type=\"section\">\n\t\t\t\t\t\t<div class=\"elementor-container elementor-column-gap-default\">\n\t\t\t\t\t<div class=\"elementor-column elementor-col-100 elementor-inner-column elementor-element elementor-element-0f9ae2c\" data-id=\"0f9ae2c\" data-element_type=\"column\" data-e-type=\"column\">\n\t\t\t<div class=\"elementor-widget-wrap elementor-element-populated\">\n\t\t\t\t\t\t<div class=\"elementor-element elementor-element-1c336d0 elementor-widget elementor-widget-text-editor\" data-id=\"1c336d0\" data-element_type=\"widget\" data-e-type=\"widget\" data-widget_type=\"text-editor.default\">\n\t\t\t\t<div class=\"elementor-widget-container\">\n\t\t\t\t\t\t\t\t\t<h4><img fetchpriority=\"high\" decoding=\"async\" class=\"team alignleft wp-image-1705 size-full\" src=\"https:\/\/americanpoliticalservices.com\/wp-content\/uploads\/2021\/11\/JasonJaySmart-4.jpg\" alt=\"\" width=\"450\" height=\"450\" srcset=\"https:\/\/americanpoliticalservices.com\/wp-content\/uploads\/2021\/11\/JasonJaySmart-4.jpg 450w, https:\/\/americanpoliticalservices.com\/wp-content\/uploads\/2021\/11\/JasonJaySmart-4-300x300.jpg 300w, https:\/\/americanpoliticalservices.com\/wp-content\/uploads\/2021\/11\/JasonJaySmart-4-150x150.jpg 150w\" sizes=\"(max-width: 450px) 100vw, 450px\" \/>Jason Jay Smart<\/h4>\n<p><a href=\"http:\/\/www.jasonjaysmart.com\/\" target=\"_blank\" rel=\"noopener\">Jason Jay Smart<\/a>est un consultant politique am\u00e9ricain ayant une vaste exp\u00e9rience internationale sur quatre continents. Smart a men\u00e9 des campagnes politiques et g\u00e9r\u00e9 des entreprises commerciales aux \u00c9tats-Unis, en Europe, en Am\u00e9rique latine et en Asie. Il a notamment particip\u00e9 aux campagnes pr\u00e9sidentielles am\u00e9ricaines du s\u00e9nateur John McCain (2008) et du s\u00e9nateur Ted Cruz (2016), durant lesquelles il a coordonn\u00e9 l\u2019utilisation du \u00ab big data \u00bb pour les primaires. Expert r\u00e9put\u00e9 en politique post-sovi\u00e9tique, Smart se sp\u00e9cialise dans l\u2019application de l\u2019analyse de donn\u00e9es quantitatives et qualitatives dans le d\u00e9veloppement de strat\u00e9gies politiques offensives et d\u00e9fensives, en particulier celles li\u00e9es \u00e0 la d\u00e9fense ou \u00e0 la reconstruction apr\u00e8s une diffamation entre autres types d\u2019attaques personnelles ou de r\u00e9putation. Smart a d\u00e9j\u00e0 \u0153uvr\u00e9 en tant que consultant aupr\u00e8s de pr\u00e9sidents, de partis parlementaires, d\u2019organes gouvernementaux, et s\u2019est d\u00e9marqu\u00e9 en tant qu\u2019expert ext\u00e9rieur dans l\u2019\u00e9laboration d\u2019une constitution nationale. Il a aussi \u00e9t\u00e9 directeur national de l\u2019Institut r\u00e9publicain international (IRI) dans trois pays avant de conseiller des entreprises dans les secteurs de la banque, du commerce international et de la d\u00e9fense. Conf\u00e9rencier tr\u00e8s recherch\u00e9, Smart \u00e9crit fr\u00e9quemment sur des sujets politiques pour la presse internationale et participe r\u00e9guli\u00e8rement \u00e0 des interviews t\u00e9l\u00e9vis\u00e9es.<\/p>\n<p><strong>Formation:<\/strong><br \/><em>Docteur en philosophie (PhD)<\/em>, sciences politiques, Universitatea de Stat din Moldov (MSU).<br \/><em>Ma\u00eetrise \u00e8s arts<\/em>, sciences politiques, Virginia Polytechnic Institute and State University (Virginia Tech).<br \/><em>Certificat d\u2019\u00e9tudes sup\u00e9rieures<\/em>, \u00e9tudes de s\u00e9curit\u00e9 nationale, Virginia Polytechnic Institute and State University (Virginia Tech).<br \/><em>Licence \u00e8s lettres<\/em>, gouvernement et politique internationale, Universit\u00e9 George Mason (GMU).<br \/><em>Licence en Arts<\/em>, \u00e9tudes russes, Universit\u00e9 George Mason (GMU).<\/p>\n<p><strong>Langues<\/strong>: Anglais, espagnol et russe.<\/p>\n\t\t\t\t\t\t\t\t<\/div>\n\t\t\t\t<\/div>\n\t\t\t\t\t<\/div>\n\t\t<\/div>\n\t\t\t\t\t<\/div>\n\t\t<\/section>\n\t\t\t\t\t<\/div>\n\t\t<\/div>\n\t\t\t\t\t<\/div>\n\t\t<\/section>\n\t\t\t\t<\/div>\n\t\t","protected":false},"excerpt":{"rendered":"<p>Jason Jay Smart Jason Jay Smartest un consultant politique am\u00e9ricain ayant une vaste exp\u00e9rience internationale sur quatre continents. Smart a men\u00e9 des campagnes politiques et g\u00e9r\u00e9 des entreprises commerciales aux \u00c9tats-Unis, en Europe, en Am\u00e9rique latine et en Asie. Il a notamment particip\u00e9 aux campagnes pr\u00e9sidentielles am\u00e9ricaines du s\u00e9nateur John McCain (2008) et du s\u00e9nateur [&hellip;]<\/p>\n","protected":false},"author":1,"featured_media":0,"parent":0,"menu_order":0,"comment_status":"closed","ping_status":"closed","template":"","meta":{"footnotes":""},"class_list":["post-3631","page","type-page","status-publish","hentry"],"_links":{"self":[{"href":"https:\/\/americanpoliticalservices.com\/fr\/wp-json\/wp\/v2\/pages\/3631","targetHints":{"allow":["GET"]}}],"collection":[{"href":"https:\/\/americanpoliticalservices.com\/fr\/wp-json\/wp\/v2\/pages"}],"about":[{"href":"https:\/\/americanpoliticalservices.com\/fr\/wp-json\/wp\/v2\/types\/page"}],"author":[{"embeddable":true,"href":"https:\/\/americanpoliticalservices.com\/fr\/wp-json\/wp\/v2\/users\/1"}],"replies":[{"embeddable":true,"href":"https:\/\/americanpoliticalservices.com\/fr\/wp-json\/wp\/v2\/comments?post=3631"}],"version-history":[{"count":1,"href":"https:\/\/americanpoliticalservices.com\/fr\/wp-json\/wp\/v2\/pages\/3631\/revisions"}],"predecessor-version":[{"id":3632,"href":"https:\/\/americanpoliticalservices.com\/fr\/wp-json\/wp\/v2\/pages\/3631\/revisions\/3632"}],"wp:attachment":[{"href":"https:\/\/americanpoliticalservices.com\/fr\/wp-json\/wp\/v2\/media?parent=3631"}],"curies":[{"name":"wp","href":"https:\/\/api.w.org\/{rel}","templated":true}]}}