{"id":3622,"date":"2021-12-09T13:14:07","date_gmt":"2021-12-09T13:14:07","guid":{"rendered":"https:\/\/americanpoliticalservices.com\/pour-la-politique\/"},"modified":"2023-04-07T00:59:33","modified_gmt":"2023-04-07T00:59:33","slug":"pour-la-politique","status":"publish","type":"page","link":"https:\/\/americanpoliticalservices.com\/fr\/pour-la-politique\/","title":{"rendered":"Pour la politique"},"content":{"rendered":"\t\t<div data-elementor-type=\"wp-page\" data-elementor-id=\"3622\" class=\"elementor elementor-3622 elementor-833\">\n\t\t\t\t\t\t<section class=\"elementor-section elementor-top-section elementor-element elementor-element-4edfad52 elementor-section-boxed elementor-section-height-default elementor-section-height-default\" data-id=\"4edfad52\" data-element_type=\"section\" data-e-type=\"section\" data-settings=\"{&quot;background_background&quot;:&quot;classic&quot;}\">\n\t\t\t\t\t\t\t<div class=\"elementor-background-overlay\"><\/div>\n\t\t\t\t\t\t\t<div class=\"elementor-container elementor-column-gap-default\">\n\t\t\t\t\t<div class=\"elementor-column elementor-col-100 elementor-top-column elementor-element elementor-element-745dc035\" data-id=\"745dc035\" data-element_type=\"column\" data-e-type=\"column\">\n\t\t\t<div class=\"elementor-widget-wrap elementor-element-populated\">\n\t\t\t\t\t\t<div class=\"elementor-element elementor-element-3435cfde elementor-invisible elementor-widget elementor-widget-heading\" data-id=\"3435cfde\" data-element_type=\"widget\" data-e-type=\"widget\" data-settings=\"{&quot;_animation&quot;:&quot;fadeInLeft&quot;}\" data-widget_type=\"heading.default\">\n\t\t\t\t<div class=\"elementor-widget-container\">\n\t\t\t\t\t<h2 class=\"elementor-heading-title elementor-size-default\">Pour la politique<\/h2>\t\t\t\t<\/div>\n\t\t\t\t<\/div>\n\t\t\t\t\t<\/div>\n\t\t<\/div>\n\t\t\t\t\t<\/div>\n\t\t<\/section>\n\t\t\t\t<section class=\"elementor-section elementor-top-section elementor-element elementor-element-40c880ff elementor-section-content-middle elementor-section-boxed elementor-section-height-default elementor-section-height-default\" data-id=\"40c880ff\" data-element_type=\"section\" data-e-type=\"section\">\n\t\t\t\t\t\t<div class=\"elementor-container elementor-column-gap-no\">\n\t\t\t\t\t<div class=\"elementor-column elementor-col-100 elementor-top-column elementor-element elementor-element-d8eebef\" data-id=\"d8eebef\" data-element_type=\"column\" data-e-type=\"column\">\n\t\t\t<div class=\"elementor-widget-wrap elementor-element-populated\">\n\t\t\t\t\t\t<div class=\"elementor-element elementor-element-2648da73 elementor-widget elementor-widget-toggle\" data-id=\"2648da73\" data-element_type=\"widget\" data-e-type=\"widget\" data-widget_type=\"toggle.default\">\n\t\t\t\t<div class=\"elementor-widget-container\">\n\t\t\t\t\t\t\t<div class=\"elementor-toggle\">\n\t\t\t\t\t\t\t<div class=\"elementor-toggle-item\">\n\t\t\t\t\t<div id=\"elementor-tab-title-6421\" class=\"elementor-tab-title\" data-tab=\"1\" role=\"button\" aria-controls=\"elementor-tab-content-6421\" aria-expanded=\"false\">\n\t\t\t\t\t\t\t\t\t\t\t\t<span class=\"elementor-toggle-icon elementor-toggle-icon-right\" aria-hidden=\"true\">\n\t\t\t\t\t\t\t\t\t\t\t\t\t\t\t<span class=\"elementor-toggle-icon-closed\"><i class=\"fas fa-caret-right\"><\/i><\/span>\n\t\t\t\t\t\t\t\t<span class=\"elementor-toggle-icon-opened\"><i class=\"elementor-toggle-icon-opened fas fa-caret-up\"><\/i><\/span>\n\t\t\t\t\t\t\t\t\t\t\t\t\t<\/span>\n\t\t\t\t\t\t\t\t\t\t\t\t<a class=\"elementor-toggle-title\" tabindex=\"0\">CAMPAGNES POLITIQUES<\/a>\n\t\t\t\t\t<\/div>\n\n\t\t\t\t\t<div id=\"elementor-tab-content-6421\" class=\"elementor-tab-content elementor-clearfix\" data-tab=\"1\" role=\"region\" aria-labelledby=\"elementor-tab-title-6421\"><p><span style=\"font-weight: 400;\">Nous \u0153uvrons en tant que guichet unique pour tous les aspects de votre campagne politique, assurant:<\/span><\/p>\n<ul>\n<li><span style=\"font-weight: 400;\">Le d\u00e9veloppement d\u2019une strat\u00e9gie de campagne gagnante fond\u00e9e sur la science.<\/span><\/li>\n<li><span style=\"font-weight: 400;\">Des tactiques pour faire cro\u00eetre et renforcer l\u2019identit\u00e9 de votre nom et persuader les \u00e9lecteurs ind\u00e9cis.<\/span><\/li>\n<li><span style=\"font-weight: 400;\">L\u2019organisation de la structure de votre campagne fond\u00e9e sur les meilleures pratiques internationales.<\/span><\/li>\n<li><span style=\"font-weight: 400;\">L\u2019\u00e9laboration d\u2019un calendrier de campagne complet qui fait que chaque jour compte.<\/span><\/li>\n<li><span style=\"font-weight: 400;\">La r\u00e9daction des budgets de campagne et une aide \u00e0 la hi\u00e9rarchisation des d\u00e9penses.<\/span><\/li>\n<li><span style=\"font-weight: 400;\">Le d\u00e9veloppement de cellules de parti locales et la sensibilisation des organisations de base.<\/span><\/li>\n<li><span style=\"font-weight: 400;\">La cr\u00e9ation de coalitions et une collaboration avec les groupes locaux.<\/span><\/li>\n<li><span style=\"font-weight: 400;\">Des conseils sur le recrutement, les contrats et l\u2019externalisation de la campagne.<\/span><\/li>\n<\/ul>\n<\/div>\n\t\t\t\t<\/div>\n\t\t\t\t\t\t\t<div class=\"elementor-toggle-item\">\n\t\t\t\t\t<div id=\"elementor-tab-title-6422\" class=\"elementor-tab-title\" data-tab=\"2\" role=\"button\" aria-controls=\"elementor-tab-content-6422\" aria-expanded=\"false\">\n\t\t\t\t\t\t\t\t\t\t\t\t<span class=\"elementor-toggle-icon elementor-toggle-icon-right\" aria-hidden=\"true\">\n\t\t\t\t\t\t\t\t\t\t\t\t\t\t\t<span class=\"elementor-toggle-icon-closed\"><i class=\"fas fa-caret-right\"><\/i><\/span>\n\t\t\t\t\t\t\t\t<span class=\"elementor-toggle-icon-opened\"><i class=\"elementor-toggle-icon-opened fas fa-caret-up\"><\/i><\/span>\n\t\t\t\t\t\t\t\t\t\t\t\t\t<\/span>\n\t\t\t\t\t\t\t\t\t\t\t\t<a class=\"elementor-toggle-title\" tabindex=\"0\">RECHERCHE SUR L\u2019OPINION PUBLIQUE<\/a>\n\t\t\t\t\t<\/div>\n\n\t\t\t\t\t<div id=\"elementor-tab-content-6422\" class=\"elementor-tab-content elementor-clearfix\" data-tab=\"2\" role=\"region\" aria-labelledby=\"elementor-tab-title-6422\"><p><span style=\"font-weight: 400;\">Nous effectuons une analyse scientifique des \u00e9lecteurs pour comprendre ce qui les fait h\u00e9siter:<\/span><\/p>\n<ul>\n<li><span style=\"font-weight: 400;\">Sondages d\u2019opinion (analyse quantitative de l\u2019\u00e9volution de l\u2019opinion publique et de sa signification pour l\u2019approche des<\/span> <span style=\"font-weight: 400;\">\u00e9lecteurs par votre campagne<\/span><span style=\"font-weight: 400;\">).<\/span><\/li>\n<li><span style=\"font-weight: 400;\">Groupes de discussion (analyse qualitative de la perception de votre image et de votre projet par le public).<\/span><\/li>\n<li><span style=\"font-weight: 400;\">Entretiens approfondis personnalis\u00e9s (analyse des d\u00e9cisions \u00e9lectorales des groupes cibles).<\/span><\/li>\n<\/ul>\n<\/div>\n\t\t\t\t<\/div>\n\t\t\t\t\t\t\t<div class=\"elementor-toggle-item\">\n\t\t\t\t\t<div id=\"elementor-tab-title-6423\" class=\"elementor-tab-title\" data-tab=\"3\" role=\"button\" aria-controls=\"elementor-tab-content-6423\" aria-expanded=\"false\">\n\t\t\t\t\t\t\t\t\t\t\t\t<span class=\"elementor-toggle-icon elementor-toggle-icon-right\" aria-hidden=\"true\">\n\t\t\t\t\t\t\t\t\t\t\t\t\t\t\t<span class=\"elementor-toggle-icon-closed\"><i class=\"fas fa-caret-right\"><\/i><\/span>\n\t\t\t\t\t\t\t\t<span class=\"elementor-toggle-icon-opened\"><i class=\"elementor-toggle-icon-opened fas fa-caret-up\"><\/i><\/span>\n\t\t\t\t\t\t\t\t\t\t\t\t\t<\/span>\n\t\t\t\t\t\t\t\t\t\t\t\t<a class=\"elementor-toggle-title\" tabindex=\"0\">COMMUNICATIONS STRAT\u00c9GIQUES<\/a>\n\t\t\t\t\t<\/div>\n\n\t\t\t\t\t<div id=\"elementor-tab-content-6423\" class=\"elementor-tab-content elementor-clearfix\" data-tab=\"3\" role=\"region\" aria-labelledby=\"elementor-tab-title-6423\"><p><span style=\"font-weight: 400;\">Nous identifions les messages essentiels et \u00e9laborons des discours persuasifs qui touchent le public:<\/span><\/p>\n<ul>\n<li><span style=\"font-weight: 400;\">D\u00e9termination des facteurs de promotion de votre campagne et de la mani\u00e8re de mettre en valeur vos points forts,<\/span><span style=\"font-weight: 400;\">tout en tirant<\/span> <span style=\"font-weight: 400;\">pleinement parti des points faibles de vos adversaires.<\/span><\/li>\n<li><span style=\"font-weight: 400;\">L\u2019\u00e9laboration compl\u00e8te d\u2019une strat\u00e9gie de communication publique&nbsp; qui comprend la r\u00e9daction de discours et le d\u00e9veloppement de messages.<\/span><\/li>\n<li><span style=\"font-weight: 400;\">Une analyse qui permet de mieux micro-cibler les publics cibles.<\/span><\/li>\n<li><span style=\"font-weight: 400;\">Une publicit\u00e9 cr\u00e9ative: des brochures imprim\u00e9es aux publicit\u00e9s t\u00e9l\u00e9vis\u00e9es, en passant par les banni\u00e8res sur les m\u00e9dias sociaux.<\/span><\/li>\n<li><span style=\"font-weight: 400;\">Des strat\u00e9gies de r\u00e9cup\u00e9ration pour redorer votre r\u00e9putation apr\u00e8s une atteinte \u00e0 la r\u00e9putation.<\/span><\/li>\n<\/ul>\n<\/div>\n\t\t\t\t<\/div>\n\t\t\t\t\t\t\t<div class=\"elementor-toggle-item\">\n\t\t\t\t\t<div id=\"elementor-tab-title-6424\" class=\"elementor-tab-title\" data-tab=\"4\" role=\"button\" aria-controls=\"elementor-tab-content-6424\" aria-expanded=\"false\">\n\t\t\t\t\t\t\t\t\t\t\t\t<span class=\"elementor-toggle-icon elementor-toggle-icon-right\" aria-hidden=\"true\">\n\t\t\t\t\t\t\t\t\t\t\t\t\t\t\t<span class=\"elementor-toggle-icon-closed\"><i class=\"fas fa-caret-right\"><\/i><\/span>\n\t\t\t\t\t\t\t\t<span class=\"elementor-toggle-icon-opened\"><i class=\"elementor-toggle-icon-opened fas fa-caret-up\"><\/i><\/span>\n\t\t\t\t\t\t\t\t\t\t\t\t\t<\/span>\n\t\t\t\t\t\t\t\t\t\t\t\t<a class=\"elementor-toggle-title\" tabindex=\"0\">M\u00c9DIAS, RELATIONS PUBLIQUES ET GESTION DE CRISE<\/a>\n\t\t\t\t\t<\/div>\n\n\t\t\t\t\t<div id=\"elementor-tab-content-6424\" class=\"elementor-tab-content elementor-clearfix\" data-tab=\"4\" role=\"region\" aria-labelledby=\"elementor-tab-title-6424\"><p><span style=\"font-weight: 400;\">Gr\u00e2ce \u00e0 nous, les candidats s\u2019engagent sur la bonne voie dans leurs relations avec les m\u00e9dias et le public:<\/span><\/p>\n<ul>\n<li><span style=\"font-weight: 400;\">Cr\u00e9ation de contenu pour les m\u00e9dias sociaux.<\/span><\/li>\n<li><span style=\"font-weight: 400;\">\u00c9laboration de sc\u00e9narios pour les publicit\u00e9s t\u00e9l\u00e9vis\u00e9es et radiophoniques.<\/span><\/li>\n<li><span style=\"font-weight: 400;\">Pr\u00e9paration et publication d\u2019articles de presse, d\u2019interviews et d\u2019analyses.<\/span><\/li>\n<li><span style=\"font-weight: 400;\">Liaison avec la presse nationale et internationale.<\/span><\/li>\n<li><span style=\"font-weight: 400;\">Surveillance des m\u00e9dias 24 heures sur 24 et 7 jours sur 7 pour une r\u00e9action imm\u00e9diate aux reportages positifs et n\u00e9gatifs.<\/span><\/li>\n<li><span style=\"font-weight: 400;\">Publicit\u00e9 num\u00e9rique sur des plateformes en ligne, notamment Google, Facebook, Instagram, Twitter, LinkedIn, Tik Tok, etc.<\/span><\/li>\n<li><span style=\"font-weight: 400;\">Conduite d\u2019un r\u00e9cit pour donner une tournure positive m\u00eame aux histoires les plus n\u00e9gatives.<\/span><\/li>\n<li><span style=\"font-weight: 400;\">Organisation de discours publics, de tables rondes, de conf\u00e9rences et de points de presse.<\/span><\/li>\n<li><span style=\"font-weight: 400;\">Formation \u00e0 la prise de parole en public et aux entretiens.<\/span><\/li>\n<\/ul>\n<\/div>\n\t\t\t\t<\/div>\n\t\t\t\t\t\t\t<div class=\"elementor-toggle-item\">\n\t\t\t\t\t<div id=\"elementor-tab-title-6425\" class=\"elementor-tab-title\" data-tab=\"5\" role=\"button\" aria-controls=\"elementor-tab-content-6425\" aria-expanded=\"false\">\n\t\t\t\t\t\t\t\t\t\t\t\t<span class=\"elementor-toggle-icon elementor-toggle-icon-right\" aria-hidden=\"true\">\n\t\t\t\t\t\t\t\t\t\t\t\t\t\t\t<span class=\"elementor-toggle-icon-closed\"><i class=\"fas fa-caret-right\"><\/i><\/span>\n\t\t\t\t\t\t\t\t<span class=\"elementor-toggle-icon-opened\"><i class=\"elementor-toggle-icon-opened fas fa-caret-up\"><\/i><\/span>\n\t\t\t\t\t\t\t\t\t\t\t\t\t<\/span>\n\t\t\t\t\t\t\t\t\t\t\t\t<a class=\"elementor-toggle-title\" tabindex=\"0\">M\u00c9DIAS NUM\u00c9RIQUES ET SOCIAUX<\/a>\n\t\t\t\t\t<\/div>\n\n\t\t\t\t\t<div id=\"elementor-tab-content-6425\" class=\"elementor-tab-content elementor-clearfix\" data-tab=\"5\" role=\"region\" aria-labelledby=\"elementor-tab-title-6425\"><p><span style=\"font-weight: 400;\">Nous utilisons les derni\u00e8res technologies am\u00e9ricaines pour vous donner un avantage num\u00e9rique unique:<\/span><\/p>\n<ul>\n<li><span style=\"font-weight: 400;\">Gestion des m\u00e9dias sociaux (SMM) et d\u00e9veloppement d\u2019une strat\u00e9gie de promotion en ligne.<\/span><\/li>\n<li><span style=\"font-weight: 400;\">Micro-ciblage de la publicit\u00e9.<\/span><\/li>\n<li><span style=\"font-weight: 400;\">Suppression du contenu n\u00e9gatif en ligne et r\u00e9approvisionnement des r\u00e9sultats de recherche avec du contenu positif.<\/span><\/li>\n<li><span style=\"font-weight: 400;\">Cr\u00e9ation et gestion de sites web.<\/span><\/li>\n<li><span style=\"font-weight: 400;\">Conception graphique.<\/span><\/li>\n<li><span style=\"font-weight: 400;\">Distribution massive de mat\u00e9riel par email, SMS et services de messagerie.<\/span><\/li>\n<li><span style=\"font-weight: 400;\">Centres d\u2019appels.<\/span><\/li>\n<li><span style=\"font-weight: 400;\">Test d\u2019opinion publique sur les publicit\u00e9s et les messages.<\/span><\/li>\n<\/ul>\n<\/div>\n\t\t\t\t<\/div>\n\t\t\t\t\t\t\t<div class=\"elementor-toggle-item\">\n\t\t\t\t\t<div id=\"elementor-tab-title-6426\" class=\"elementor-tab-title\" data-tab=\"6\" role=\"button\" aria-controls=\"elementor-tab-content-6426\" aria-expanded=\"false\">\n\t\t\t\t\t\t\t\t\t\t\t\t<span class=\"elementor-toggle-icon elementor-toggle-icon-right\" aria-hidden=\"true\">\n\t\t\t\t\t\t\t\t\t\t\t\t\t\t\t<span class=\"elementor-toggle-icon-closed\"><i class=\"fas fa-caret-right\"><\/i><\/span>\n\t\t\t\t\t\t\t\t<span class=\"elementor-toggle-icon-opened\"><i class=\"elementor-toggle-icon-opened fas fa-caret-up\"><\/i><\/span>\n\t\t\t\t\t\t\t\t\t\t\t\t\t<\/span>\n\t\t\t\t\t\t\t\t\t\t\t\t<a class=\"elementor-toggle-title\" tabindex=\"0\">RECHERCHE SUR L'OPPOSITION<\/a>\n\t\t\t\t\t<\/div>\n\n\t\t\t\t\t<div id=\"elementor-tab-content-6426\" class=\"elementor-tab-content elementor-clearfix\" data-tab=\"6\" role=\"region\" aria-labelledby=\"elementor-tab-title-6426\"><p><span style=\"font-weight: 400;\">Nous d\u00e9terminons les risques concurrentiels et les faiblesses de vos<\/span> <span style=\"font-weight: 400;\">adversaires<\/span> <span style=\"font-weight: 400;\">:<\/span><\/p>\n<ul>\n<li><span style=\"font-weight: 400;\">Analyse des risques li\u00e9s \u00e0 la r\u00e9putation et pr\u00e9vision des attaques.<\/span><\/li>\n<li><span style=\"font-weight: 400;\">D\u00e9veloppement de strat\u00e9gies pour d\u00e9fendre votre r\u00e9putation, ou la reconstruire apr\u00e8s avoir \u00e9t\u00e9 attaqu\u00e9.<\/span><\/li>\n<li><span style=\"font-weight: 400;\">Suivi m\u00e9diatique des nouvelles qui peuvent vous affecter, ou affecter vos adversaires. <\/span><\/li>\n<li><span style=\"font-weight: 400;\">Recherche sociologique, y compris des sondages et des groupes de discussion, sur la perception publique de vos concurrents.<\/span><\/li>\n<li><span style=\"font-weight: 400;\">Analyse de l\u2019historique des votes et des positions \u00e9lectorales de votre adversaire.<\/span><\/li>\n<\/ul>\n<\/div>\n\t\t\t\t<\/div>\n\t\t\t\t\t\t\t<div class=\"elementor-toggle-item\">\n\t\t\t\t\t<div id=\"elementor-tab-title-6427\" class=\"elementor-tab-title\" data-tab=\"7\" role=\"button\" aria-controls=\"elementor-tab-content-6427\" aria-expanded=\"false\">\n\t\t\t\t\t\t\t\t\t\t\t\t<span class=\"elementor-toggle-icon elementor-toggle-icon-right\" aria-hidden=\"true\">\n\t\t\t\t\t\t\t\t\t\t\t\t\t\t\t<span class=\"elementor-toggle-icon-closed\"><i class=\"fas fa-caret-right\"><\/i><\/span>\n\t\t\t\t\t\t\t\t<span class=\"elementor-toggle-icon-opened\"><i class=\"elementor-toggle-icon-opened fas fa-caret-up\"><\/i><\/span>\n\t\t\t\t\t\t\t\t\t\t\t\t\t<\/span>\n\t\t\t\t\t\t\t\t\t\t\t\t<a class=\"elementor-toggle-title\" tabindex=\"0\">Lobbying<\/a>\n\t\t\t\t\t<\/div>\n\n\t\t\t\t\t<div id=\"elementor-tab-content-6427\" class=\"elementor-tab-content elementor-clearfix\" data-tab=\"7\" role=\"region\" aria-labelledby=\"elementor-tab-title-6427\"><p><span style=\"font-weight: 400;\">Conform\u00e9ment aux lois nationales sur le lobbying du pays en question, nous serons le relais de votre campagne aupr\u00e8s des d\u00e9cideurs en Am\u00e9rique et en Europe:<\/span><\/p>\n<ul>\n<li><span style=\"font-weight: 400;\">Communiquant vos int\u00e9r\u00eats aux d\u00e9cideurs des gouvernements \u00e9trangers.<\/span><\/li>\n<li><span style=\"font-weight: 400;\">Pr\u00e9sentant votre produit \u00e0 des chefs d\u2019entreprise ou \u00e0 des dirigeants politiques.<\/span><\/li>\n<li><span style=\"font-weight: 400;\">Organisant des voyages dans des pays \u00e9trangers pour mettre en valeur votre exp\u00e9rience internationale.<\/span><\/li>\n<\/ul>\n<\/div>\n\t\t\t\t<\/div>\n\t\t\t\t\t\t\t<div class=\"elementor-toggle-item\">\n\t\t\t\t\t<div id=\"elementor-tab-title-6428\" class=\"elementor-tab-title\" data-tab=\"8\" role=\"button\" aria-controls=\"elementor-tab-content-6428\" aria-expanded=\"false\">\n\t\t\t\t\t\t\t\t\t\t\t\t<span class=\"elementor-toggle-icon elementor-toggle-icon-right\" aria-hidden=\"true\">\n\t\t\t\t\t\t\t\t\t\t\t\t\t\t\t<span class=\"elementor-toggle-icon-closed\"><i class=\"fas fa-caret-right\"><\/i><\/span>\n\t\t\t\t\t\t\t\t<span class=\"elementor-toggle-icon-opened\"><i class=\"elementor-toggle-icon-opened fas fa-caret-up\"><\/i><\/span>\n\t\t\t\t\t\t\t\t\t\t\t\t\t<\/span>\n\t\t\t\t\t\t\t\t\t\t\t\t<a class=\"elementor-toggle-title\" tabindex=\"0\">VIP ET ANCIENS DIRIGEANTS<\/a>\n\t\t\t\t\t<\/div>\n\n\t\t\t\t\t<div id=\"elementor-tab-content-6428\" class=\"elementor-tab-content elementor-clearfix\" data-tab=\"8\" role=\"region\" aria-labelledby=\"elementor-tab-title-6428\"><p><span style=\"font-weight: 400;\">Nous construisons un h\u00e9ritage durable dans le c\u0153ur de vos compatriotes, et \u00e0 l\u2019\u00e9tranger:<\/span><\/p>\n<ul>\n<li style=\"font-weight: 400;\" aria-level=\"1\"><span style=\"font-weight: 400;\">Gestion de votre portefeuille de conf\u00e9rences publiques.<\/span><\/li>\n<li style=\"font-weight: 400;\" aria-level=\"1\"><span style=\"font-weight: 400;\">Gestion de vos itin\u00e9raires priv\u00e9s et publics, y compris les tables rondes et les interviews.<\/span><\/li>\n<li style=\"font-weight: 400;\" aria-level=\"1\"><span style=\"font-weight: 400;\">R\u00e9daction d\u2019articles et de livres.<\/span><\/li>\n<\/ul>\n<\/div>\n\t\t\t\t<\/div>\n\t\t\t\t\t\t\t\t<\/div>\n\t\t\t\t\t\t<\/div>\n\t\t\t\t<\/div>\n\t\t\t\t\t<\/div>\n\t\t<\/div>\n\t\t\t\t\t<\/div>\n\t\t<\/section>\n\t\t\t\t<section class=\"elementor-section elementor-top-section elementor-element elementor-element-c5300e7 elementor-section-boxed elementor-section-height-default elementor-section-height-default\" data-id=\"c5300e7\" data-element_type=\"section\" data-e-type=\"section\" data-settings=\"{&quot;background_background&quot;:&quot;classic&quot;}\">\n\t\t\t\t\t\t<div class=\"elementor-container elementor-column-gap-default\">\n\t\t\t\t\t<div class=\"elementor-column elementor-col-50 elementor-top-column elementor-element elementor-element-ed05bde\" data-id=\"ed05bde\" data-element_type=\"column\" data-e-type=\"column\" data-settings=\"{&quot;background_background&quot;:&quot;classic&quot;}\">\n\t\t\t<div class=\"elementor-widget-wrap\">\n\t\t\t\t\t\t\t<\/div>\n\t\t<\/div>\n\t\t\t\t<div class=\"elementor-column elementor-col-50 elementor-top-column elementor-element elementor-element-c5f4335\" data-id=\"c5f4335\" data-element_type=\"column\" data-e-type=\"column\">\n\t\t\t<div class=\"elementor-widget-wrap elementor-element-populated\">\n\t\t\t\t\t\t<div class=\"elementor-element elementor-element-76f1da1 elementor-invisible elementor-widget elementor-widget-heading\" data-id=\"76f1da1\" data-element_type=\"widget\" data-e-type=\"widget\" data-settings=\"{&quot;_animation&quot;:&quot;fadeInLeft&quot;,&quot;_animation_tablet&quot;:&quot;fadeInDown&quot;}\" data-widget_type=\"heading.default\">\n\t\t\t\t<div class=\"elementor-widget-container\">\n\t\t\t\t\t<h2 class=\"elementor-heading-title elementor-size-default\">\u00c9tudes de cas:<\/h2>\t\t\t\t<\/div>\n\t\t\t\t<\/div>\n\t\t\t\t<div class=\"elementor-element elementor-element-60b14ce elementor-invisible elementor-widget elementor-widget-text-editor\" data-id=\"60b14ce\" data-element_type=\"widget\" data-e-type=\"widget\" data-settings=\"{&quot;_animation&quot;:&quot;fadeInLeft&quot;,&quot;_animation_tablet&quot;:&quot;fadeInUp&quot;,&quot;_animation_delay&quot;:200}\" data-widget_type=\"text-editor.default\">\n\t\t\t\t<div class=\"elementor-widget-container\">\n\t\t\t\t\t\t\t\t\t<p><span style=\"text-decoration: underline;\"><b>APS FOURNIT DES VICTOIRES \u00c9LECTORALES GR\u00c2CE \u00c0 L\u2019APPROCHE SCIENTIFIQUE<\/b><\/span><br \/><b>APS<\/b><span style=\"font-weight: 400;\">a \u00e9t\u00e9 contract\u00e9e par la soci\u00e9t\u00e9 <i>Cambridge Analytica<\/i> (une soci\u00e9t\u00e9 s\u0153ur du Groupe SCL), pour la conseiller sur la mani\u00e8re d&rsquo;utilisation la plus efficace possible de l&rsquo;analyse des \u00ab <i>big data<\/i> \u00bb et la couverture num\u00e9rique dans la campagne pr\u00e9sidentielle du s\u00e9nateur am\u00e9ricain. L&rsquo;application innovante de la science a r\u00e9volutionn\u00e9 les campagnes politiques modernes, am\u00e9ricaines et internationales. L&rsquo;utilisation des \u00ab big data \u00bb est une chose qu\u2019 <\/span><b>APS<\/b>qu\u2019APS <span style=\"font-weight: 400;\">est capable de r\u00e9aliser pour votre campagne ou votre gouvernement.<\/span> <\/p>\n<p><span style=\"text-decoration: underline;\"><b>APS CR\u00c9E DES STRAT\u00c9GIES SUR MESURE POUR VOTRE CAMPAGNE<\/b><\/span><br \/><b>APS<\/b> <span style=\"font-weight: 400;\">a travaill\u00e9 en \u00e9troite collaboration avec un <i>parti politique latino-am\u00e9ricain<\/i> pour gagner de mani\u00e8re d\u00e9cisive les \u00e9lections r\u00e9gionales, malgr\u00e9 un assaut de presse n\u00e9gative et des attaques juridiques \u00e0 motivation politique.<\/span> L&rsquo;\u00e9quipe d&rsquo;<b>APS<\/b> <span style=\"font-weight: 400;\">a r\u00e9ussi \u00e0 changer le r\u00e9cit auquel le parti \u00e9tait confront\u00e9 afin de g\u00e9n\u00e9rer une vague de soutien populaire pour le parti, ce qui leur a permis de<i>gagner les \u00e9lections<\/i> avec des chiffres d\u00e9passant de loin ce que les sondages de leur propre campagne avaient montr\u00e9, mais correspondant exactement au sondage qu&rsquo;<\/span> <b>APS<\/b> <span style=\"font-weight: 400;\">avait fait.<\/span><\/p>\n<p><span style=\"text-decoration: underline;\"><b>APS D\u00c9PASSE LES ATTENTES CONTRE VENTS ET MAR\u00c9ES<\/b><\/span><br \/><span style=\"font-weight: 400;\">Dans un pays postsovi\u00e9tique, l&rsquo;\u00e9quipe d\u2019<\/span><b>APS<\/b><span style=\"font-weight: 400;\"> a travaill\u00e9 avec <i>l&rsquo;opposition d\u00e9mocratique<\/i> pour <i>d\u00e9fier un dictateur en fonction.<\/i> Malgr\u00e9 l&rsquo;interf\u00e9rence directe d&rsquo;un pays \u00e9tranger et le soutien oligarchique fort de l\u2019opposant, <\/span>le message strat\u00e9gique d&rsquo;<b>APS<\/b> <span style=\"font-weight: 400;\">a \u00e9t\u00e9 capable de communiquer efficacement un message simple, mais charg\u00e9 d&rsquo;\u00e9motion, aux \u00e9lecteurs, d&rsquo;une mani\u00e8re si touchante que m\u00eame la tentative de fraude \u00e9lectorale par le pr\u00e9sident sortant n&rsquo;a pas pu emp\u00eacher l&rsquo;\u00e9lection de notre candidat \u00e0 la pr\u00e9sidence.<\/span><\/p>\n\t\t\t\t\t\t\t\t<\/div>\n\t\t\t\t<\/div>\n\t\t\t\t\t<\/div>\n\t\t<\/div>\n\t\t\t\t\t<\/div>\n\t\t<\/section>\n\t\t\t\t<section class=\"elementor-section elementor-top-section elementor-element elementor-element-fed78a1 elementor-section-boxed elementor-section-height-default elementor-section-height-default\" data-id=\"fed78a1\" data-element_type=\"section\" data-e-type=\"section\">\n\t\t\t\t\t\t<div class=\"elementor-container elementor-column-gap-default\">\n\t\t\t\t\t<div class=\"elementor-column elementor-col-100 elementor-top-column elementor-element elementor-element-62c69cf\" data-id=\"62c69cf\" data-element_type=\"column\" data-e-type=\"column\" data-settings=\"{&quot;background_background&quot;:&quot;classic&quot;}\">\n\t\t\t<div class=\"elementor-widget-wrap elementor-element-populated\">\n\t\t\t\t\t\t<div class=\"elementor-element elementor-element-97d9561 elementor-widget elementor-widget-heading\" data-id=\"97d9561\" data-element_type=\"widget\" data-e-type=\"widget\" data-widget_type=\"heading.default\">\n\t\t\t\t<div class=\"elementor-widget-container\">\n\t\t\t\t\t<h5 class=\"elementor-heading-title elementor-size-small\">Chaque campagne est diff\u00e9rente:\ncontactez-nous d\u00e8s maintenant pour que nous commencions \u00e0 \u0153uvrer pour votre victoire.<\/h5>\t\t\t\t<\/div>\n\t\t\t\t<\/div>\n\t\t\t\t\t<\/div>\n\t\t<\/div>\n\t\t\t\t\t<\/div>\n\t\t<\/section>\n\t\t\t\t<\/div>\n\t\t","protected":false},"excerpt":{"rendered":"<p>Pour la politique CAMPAGNES POLITIQUES Nous \u0153uvrons en tant que guichet unique pour tous les aspects de votre campagne politique, assurant: Le d\u00e9veloppement d\u2019une strat\u00e9gie de campagne gagnante fond\u00e9e sur la science. Des tactiques pour faire cro\u00eetre et renforcer l\u2019identit\u00e9 de votre nom et persuader les \u00e9lecteurs ind\u00e9cis. L\u2019organisation de la structure de votre campagne [&hellip;]<\/p>\n","protected":false},"author":1,"featured_media":0,"parent":0,"menu_order":0,"comment_status":"closed","ping_status":"closed","template":"","meta":{"footnotes":""},"class_list":["post-3622","page","type-page","status-publish","hentry"],"_links":{"self":[{"href":"https:\/\/americanpoliticalservices.com\/fr\/wp-json\/wp\/v2\/pages\/3622","targetHints":{"allow":["GET"]}}],"collection":[{"href":"https:\/\/americanpoliticalservices.com\/fr\/wp-json\/wp\/v2\/pages"}],"about":[{"href":"https:\/\/americanpoliticalservices.com\/fr\/wp-json\/wp\/v2\/types\/page"}],"author":[{"embeddable":true,"href":"https:\/\/americanpoliticalservices.com\/fr\/wp-json\/wp\/v2\/users\/1"}],"replies":[{"embeddable":true,"href":"https:\/\/americanpoliticalservices.com\/fr\/wp-json\/wp\/v2\/comments?post=3622"}],"version-history":[{"count":8,"href":"https:\/\/americanpoliticalservices.com\/fr\/wp-json\/wp\/v2\/pages\/3622\/revisions"}],"predecessor-version":[{"id":5080,"href":"https:\/\/americanpoliticalservices.com\/fr\/wp-json\/wp\/v2\/pages\/3622\/revisions\/5080"}],"wp:attachment":[{"href":"https:\/\/americanpoliticalservices.com\/fr\/wp-json\/wp\/v2\/media?parent=3622"}],"curies":[{"name":"wp","href":"https:\/\/api.w.org\/{rel}","templated":true}]}}