{"id":3615,"date":"2021-12-09T12:51:44","date_gmt":"2021-12-09T12:51:44","guid":{"rendered":"https:\/\/americanpoliticalservices.com\/pour-les-entreprises\/"},"modified":"2023-04-07T01:10:57","modified_gmt":"2023-04-07T01:10:57","slug":"pour-les-entreprises","status":"publish","type":"page","link":"https:\/\/americanpoliticalservices.com\/fr\/pour-les-entreprises\/","title":{"rendered":"Pour les entreprises"},"content":{"rendered":"\t\t<div data-elementor-type=\"wp-page\" data-elementor-id=\"3615\" class=\"elementor elementor-3615 elementor-787\">\n\t\t\t\t\t\t<section class=\"elementor-section elementor-top-section elementor-element elementor-element-4edfad52 elementor-section-boxed elementor-section-height-default elementor-section-height-default\" data-id=\"4edfad52\" data-element_type=\"section\" data-e-type=\"section\" data-settings=\"{&quot;background_background&quot;:&quot;classic&quot;}\">\n\t\t\t\t\t\t\t<div class=\"elementor-background-overlay\"><\/div>\n\t\t\t\t\t\t\t<div class=\"elementor-container elementor-column-gap-default\">\n\t\t\t\t\t<div class=\"elementor-column elementor-col-100 elementor-top-column elementor-element elementor-element-745dc035\" data-id=\"745dc035\" data-element_type=\"column\" data-e-type=\"column\">\n\t\t\t<div class=\"elementor-widget-wrap elementor-element-populated\">\n\t\t\t\t\t\t<div class=\"elementor-element elementor-element-3435cfde elementor-invisible elementor-widget elementor-widget-heading\" data-id=\"3435cfde\" data-element_type=\"widget\" data-e-type=\"widget\" data-settings=\"{&quot;_animation&quot;:&quot;fadeInLeft&quot;}\" data-widget_type=\"heading.default\">\n\t\t\t\t<div class=\"elementor-widget-container\">\n\t\t\t\t\t<h2 class=\"elementor-heading-title elementor-size-default\">Pour les entreprises<\/h2>\t\t\t\t<\/div>\n\t\t\t\t<\/div>\n\t\t\t\t\t<\/div>\n\t\t<\/div>\n\t\t\t\t\t<\/div>\n\t\t<\/section>\n\t\t\t\t<section class=\"elementor-section elementor-top-section elementor-element elementor-element-40c880ff elementor-section-content-middle elementor-section-boxed elementor-section-height-default elementor-section-height-default\" data-id=\"40c880ff\" data-element_type=\"section\" data-e-type=\"section\">\n\t\t\t\t\t\t<div class=\"elementor-container elementor-column-gap-no\">\n\t\t\t\t\t<div class=\"elementor-column elementor-col-100 elementor-top-column elementor-element elementor-element-d8eebef\" data-id=\"d8eebef\" data-element_type=\"column\" data-e-type=\"column\">\n\t\t\t<div class=\"elementor-widget-wrap elementor-element-populated\">\n\t\t\t\t\t\t<div class=\"elementor-element elementor-element-2648da73 elementor-widget elementor-widget-toggle\" data-id=\"2648da73\" data-element_type=\"widget\" data-e-type=\"widget\" data-widget_type=\"toggle.default\">\n\t\t\t\t<div class=\"elementor-widget-container\">\n\t\t\t\t\t\t\t<div class=\"elementor-toggle\">\n\t\t\t\t\t\t\t<div class=\"elementor-toggle-item\">\n\t\t\t\t\t<div id=\"elementor-tab-title-6421\" class=\"elementor-tab-title\" data-tab=\"1\" role=\"button\" aria-controls=\"elementor-tab-content-6421\" aria-expanded=\"false\">\n\t\t\t\t\t\t\t\t\t\t\t\t<span class=\"elementor-toggle-icon elementor-toggle-icon-right\" aria-hidden=\"true\">\n\t\t\t\t\t\t\t\t\t\t\t\t\t\t\t<span class=\"elementor-toggle-icon-closed\"><i class=\"fas fa-caret-right\"><\/i><\/span>\n\t\t\t\t\t\t\t\t<span class=\"elementor-toggle-icon-opened\"><i class=\"elementor-toggle-icon-opened fas fa-caret-up\"><\/i><\/span>\n\t\t\t\t\t\t\t\t\t\t\t\t\t<\/span>\n\t\t\t\t\t\t\t\t\t\t\t\t<a class=\"elementor-toggle-title\" tabindex=\"0\">INTELLIGENCE \u00c9CONOMIQUE ET RECHERCHE<\/a>\n\t\t\t\t\t<\/div>\n\n\t\t\t\t\t<div id=\"elementor-tab-content-6421\" class=\"elementor-tab-content elementor-clearfix\" data-tab=\"1\" role=\"region\" aria-labelledby=\"elementor-tab-title-6421\"><p><span style=\"font-weight: 400;\">Nous<\/span> <span style=\"font-weight: 400;\">savons<\/span> <span style=\"font-weight: 400;\">ce qui se passe sur votre march\u00e9 cible :<\/span><\/p>\n<ul>\n<li><span style=\"font-weight: 400;\">Conduite de la diligence raisonnable.<\/span><\/li>\n<li><span style=\"font-weight: 400;\">T\u00e9moignages d\u2019experts dans le cadre de proc\u00e9dures judiciaires.<\/span><\/li>\n<li><span style=\"font-weight: 400;\">Analyse de la r\u00e9putation d\u2019une entreprise ou d\u2019un produit, du march\u00e9 et des donn\u00e9es sur les consommateurs.<\/span><\/li>\n<li><span style=\"font-weight: 400;\">Tendances et pr\u00e9visions d\u2019entreprise.<\/span><\/li>\n<li><span style=\"font-weight: 400;\">Structuration des bases de donn\u00e9es \u00e0 grande \u00e9chelle.<\/span><\/li>\n<li><span style=\"font-weight: 400;\">Recherche de dettes, de pr\u00eats, de proc\u00e8s existants, etc.<\/span><\/li>\n<li><span style=\"font-weight: 400;\">Audit financier.<\/span><\/li>\n<li>Enqu\u00eates financi\u00e8res visant \u00e0 identifier l\u2019origine, les flux et la localisation des fonds, ainsi qu\u2019\u00e0 d\u00e9masquer les r\u00e9seaux impliqu\u00e9s.<\/li>\n<li><span style=\"font-weight: 400;\">Mise en place de la gestion de l\u2019entreprise et gestion des processus internes. <\/span><\/li>\n<li><span style=\"font-weight: 400;\">Surveillance de l\u2019actualit\u00e9 des entreprises.<\/span><\/li>\n<li><span style=\"font-weight: 400;\">Recherches sociologiques, notamment par le biais des sondages et groupes de discussion.<\/span><\/li>\n<li><span style=\"font-weight: 400;\">Suivi de la couverture m\u00e9diatique actuelle et pass\u00e9e d\u2019une personne, d\u2019une entreprise, d\u2019un produit ou d\u2019un \u00e9v\u00e9nement.<\/span><\/li>\n<li><span style=\"font-weight: 400;\">R\u00e9solution des probl\u00e8mes bureaucratiques qui entravent le d\u00e9veloppement de votre entreprise.<\/span><\/li>\n<\/ul>\n<\/div>\n\t\t\t\t<\/div>\n\t\t\t\t\t\t\t<div class=\"elementor-toggle-item\">\n\t\t\t\t\t<div id=\"elementor-tab-title-6422\" class=\"elementor-tab-title\" data-tab=\"2\" role=\"button\" aria-controls=\"elementor-tab-content-6422\" aria-expanded=\"false\">\n\t\t\t\t\t\t\t\t\t\t\t\t<span class=\"elementor-toggle-icon elementor-toggle-icon-right\" aria-hidden=\"true\">\n\t\t\t\t\t\t\t\t\t\t\t\t\t\t\t<span class=\"elementor-toggle-icon-closed\"><i class=\"fas fa-caret-right\"><\/i><\/span>\n\t\t\t\t\t\t\t\t<span class=\"elementor-toggle-icon-opened\"><i class=\"elementor-toggle-icon-opened fas fa-caret-up\"><\/i><\/span>\n\t\t\t\t\t\t\t\t\t\t\t\t\t<\/span>\n\t\t\t\t\t\t\t\t\t\t\t\t<a class=\"elementor-toggle-title\" tabindex=\"0\">RECHERCHE SUR L'OPINION PUBLIQUE<\/a>\n\t\t\t\t\t<\/div>\n\n\t\t\t\t\t<div id=\"elementor-tab-content-6422\" class=\"elementor-tab-content elementor-clearfix\" data-tab=\"2\" role=\"region\" aria-labelledby=\"elementor-tab-title-6422\"><p><span style=\"font-weight: 400;\">Nous acqu\u00e9rons une compr\u00e9hension approfondie de l\u2019opinion publique et de ce que celle-ci signifie pour vous et votre march\u00e9:<\/span><\/p>\n<ul>\n<li><span style=\"font-weight: 400;\">Sondage d\u2019opinion (analyse quantitative des changements affectant votre produit ou votre entreprise).<\/span><\/li>\n<li><span style=\"font-weight: 400;\">Groupes de discussion<\/span><span style=\"font-weight: 400;\">(analyse qualitative des perceptions du public \u00e0 l\u2019\u00e9gard de votre image ou de votre marque)<\/span><\/li>\n<li><span style=\"font-weight: 400;\">Entretiens personnalis\u00e9s approfondis (examen des exp\u00e9riences des consommateurs avec votre produit ou votre entreprise).<\/span><\/li>\n<\/ul>\n<\/div>\n\t\t\t\t<\/div>\n\t\t\t\t\t\t\t<div class=\"elementor-toggle-item\">\n\t\t\t\t\t<div id=\"elementor-tab-title-6423\" class=\"elementor-tab-title\" data-tab=\"3\" role=\"button\" aria-controls=\"elementor-tab-content-6423\" aria-expanded=\"false\">\n\t\t\t\t\t\t\t\t\t\t\t\t<span class=\"elementor-toggle-icon elementor-toggle-icon-right\" aria-hidden=\"true\">\n\t\t\t\t\t\t\t\t\t\t\t\t\t\t\t<span class=\"elementor-toggle-icon-closed\"><i class=\"fas fa-caret-right\"><\/i><\/span>\n\t\t\t\t\t\t\t\t<span class=\"elementor-toggle-icon-opened\"><i class=\"elementor-toggle-icon-opened fas fa-caret-up\"><\/i><\/span>\n\t\t\t\t\t\t\t\t\t\t\t\t\t<\/span>\n\t\t\t\t\t\t\t\t\t\t\t\t<a class=\"elementor-toggle-title\" tabindex=\"0\">Branding<\/a>\n\t\t\t\t\t<\/div>\n\n\t\t\t\t\t<div id=\"elementor-tab-content-6423\" class=\"elementor-tab-content elementor-clearfix\" data-tab=\"3\" role=\"region\" aria-labelledby=\"elementor-tab-title-6423\"><p><span style=\"font-weight: 400;\">Nous identifions la strat\u00e9gie de marque qui vous rapprochera des consommateurs:<\/span><\/p>\n<ul>\n<li><span style=\"font-weight: 400;\">Enqu\u00eates quantitatives aupr\u00e8s des consommateurs pour d\u00e9terminer l\u2019int\u00e9r\u00eat des publics cibles. <\/span><\/li>\n<li><span style=\"font-weight: 400;\">Groupes de discussion pour comprendre les facteurs qualitatifs qui affectent votre part de march\u00e9.<\/span><\/li>\n<li><span style=\"font-weight: 400;\">D\u00e9veloppement de slogans, de messages et de strat\u00e9gies de communication publique.<\/span><\/li>\n<li><span style=\"font-weight: 400;\">Cr\u00e9ation de publicit\u00e9s: des brochures imprim\u00e9es aux publicit\u00e9s t\u00e9l\u00e9vis\u00e9es, en passant par les banni\u00e8res des m\u00e9dias sociaux.<\/span><\/li>\n<\/ul>\n<\/div>\n\t\t\t\t<\/div>\n\t\t\t\t\t\t\t<div class=\"elementor-toggle-item\">\n\t\t\t\t\t<div id=\"elementor-tab-title-6424\" class=\"elementor-tab-title\" data-tab=\"4\" role=\"button\" aria-controls=\"elementor-tab-content-6424\" aria-expanded=\"false\">\n\t\t\t\t\t\t\t\t\t\t\t\t<span class=\"elementor-toggle-icon elementor-toggle-icon-right\" aria-hidden=\"true\">\n\t\t\t\t\t\t\t\t\t\t\t\t\t\t\t<span class=\"elementor-toggle-icon-closed\"><i class=\"fas fa-caret-right\"><\/i><\/span>\n\t\t\t\t\t\t\t\t<span class=\"elementor-toggle-icon-opened\"><i class=\"elementor-toggle-icon-opened fas fa-caret-up\"><\/i><\/span>\n\t\t\t\t\t\t\t\t\t\t\t\t\t<\/span>\n\t\t\t\t\t\t\t\t\t\t\t\t<a class=\"elementor-toggle-title\" tabindex=\"0\">M\u00c9DIAS, RELATIONS PUBLIQUES ET GESTION DE CRISE<\/a>\n\t\t\t\t\t<\/div>\n\n\t\t\t\t\t<div id=\"elementor-tab-content-6424\" class=\"elementor-tab-content elementor-clearfix\" data-tab=\"4\" role=\"region\" aria-labelledby=\"elementor-tab-title-6424\"><p><span style=\"font-weight: 400;\">Nous mettons en avant votre image aupr\u00e8s des consommateurs:<\/span><\/p>\n<ul>\n<li><span style=\"font-weight: 400;\">\u00c9laboration de strat\u00e9gies de communication qui \u00e9tablissent un lien avec les consommateurs.<\/span><\/li>\n<li><span style=\"font-weight: 400;\">Suivi des m\u00e9dias locaux et nationaux en qu\u00eate d\u2019histoires qui auront un impact sur vos int\u00e9r\u00eats.<\/span><\/li>\n<li><span style=\"font-weight: 400;\">Organisation d\u2019\u00e9v\u00e9nements publics et de presse.<\/span><\/li>\n<li><span style=\"font-weight: 400;\">Placement d\u2019articles de presse, d\u2019interviews et d\u2019analyses.<\/span><\/li>\n<li><span style=\"font-weight: 400;\">Formation \u00e0 la prise de parole en public et aux interviews avec les m\u00e9dias.<\/span><\/li>\n<li><span style=\"font-weight: 400;\">Cr\u00e9ation de publicit\u00e9s imprim\u00e9es et t\u00e9l\u00e9vis\u00e9es.<\/span><\/li>\n<\/ul>\n<\/div>\n\t\t\t\t<\/div>\n\t\t\t\t\t\t\t<div class=\"elementor-toggle-item\">\n\t\t\t\t\t<div id=\"elementor-tab-title-6425\" class=\"elementor-tab-title\" data-tab=\"5\" role=\"button\" aria-controls=\"elementor-tab-content-6425\" aria-expanded=\"false\">\n\t\t\t\t\t\t\t\t\t\t\t\t<span class=\"elementor-toggle-icon elementor-toggle-icon-right\" aria-hidden=\"true\">\n\t\t\t\t\t\t\t\t\t\t\t\t\t\t\t<span class=\"elementor-toggle-icon-closed\"><i class=\"fas fa-caret-right\"><\/i><\/span>\n\t\t\t\t\t\t\t\t<span class=\"elementor-toggle-icon-opened\"><i class=\"elementor-toggle-icon-opened fas fa-caret-up\"><\/i><\/span>\n\t\t\t\t\t\t\t\t\t\t\t\t\t<\/span>\n\t\t\t\t\t\t\t\t\t\t\t\t<a class=\"elementor-toggle-title\" tabindex=\"0\">Lobbying<\/a>\n\t\t\t\t\t<\/div>\n\n\t\t\t\t\t<div id=\"elementor-tab-content-6425\" class=\"elementor-tab-content elementor-clearfix\" data-tab=\"5\" role=\"region\" aria-labelledby=\"elementor-tab-title-6425\"><p><span style=\"font-weight: 400;\">Conform\u00e9ment aux lois nationales sur le lobbying du pays en question, nous pouvons servir de relais pour votre entreprise aupr\u00e8s des d\u00e9cideurs en Am\u00e9rique et en Europe:<\/span><\/p>\n<ul>\n<li><span style=\"font-weight: 400;\">Communiquant vos int\u00e9r\u00eats aux d\u00e9cideurs gouvernementaux.<\/span><\/li>\n<li><span style=\"font-weight: 400;\">Pr\u00e9sentant votre produit aux principaux dirigeants politiques ou commerciaux.<\/span><\/li>\n<li><span style=\"font-weight: 400;\">Suivant la l\u00e9gislation qui pourrait affecter votre produit ou votre march\u00e9.<\/span><\/li>\n<\/ul>\n<\/div>\n\t\t\t\t<\/div>\n\t\t\t\t\t\t\t<div class=\"elementor-toggle-item\">\n\t\t\t\t\t<div id=\"elementor-tab-title-6426\" class=\"elementor-tab-title\" data-tab=\"6\" role=\"button\" aria-controls=\"elementor-tab-content-6426\" aria-expanded=\"false\">\n\t\t\t\t\t\t\t\t\t\t\t\t<span class=\"elementor-toggle-icon elementor-toggle-icon-right\" aria-hidden=\"true\">\n\t\t\t\t\t\t\t\t\t\t\t\t\t\t\t<span class=\"elementor-toggle-icon-closed\"><i class=\"fas fa-caret-right\"><\/i><\/span>\n\t\t\t\t\t\t\t\t<span class=\"elementor-toggle-icon-opened\"><i class=\"elementor-toggle-icon-opened fas fa-caret-up\"><\/i><\/span>\n\t\t\t\t\t\t\t\t\t\t\t\t\t<\/span>\n\t\t\t\t\t\t\t\t\t\t\t\t<a class=\"elementor-toggle-title\" tabindex=\"0\">GESTION DE LA R\u00c9PUTATION<\/a>\n\t\t\t\t\t<\/div>\n\n\t\t\t\t\t<div id=\"elementor-tab-content-6426\" class=\"elementor-tab-content elementor-clearfix\" data-tab=\"6\" role=\"region\" aria-labelledby=\"elementor-tab-title-6426\"><p><span style=\"font-weight: 400;\">Non seulement nous aidons les entreprises \u00e0 survivre \u00e0 une crise de r\u00e9putation, mais nous leur donnons aussi les moyens de prosp\u00e9rer une fois celle-ci r\u00e9solue:<\/span><\/p>\n<ul>\n<li><span style=\"font-weight: 400;\">R\u00e9ponse rapide aux risques et aux attaques.<\/span><\/li>\n<li><span style=\"font-weight: 400;\">Enqu\u00eates rapides, groupes de discussion et entretiens personnels approfondis.<\/span><\/li>\n<li><span style=\"font-weight: 400;\">Cr\u00e9ation de strat\u00e9gies qui reconstruisent, recr\u00e9ent ou redonnent une image de marque \u00e0 votre r\u00e9putation.<\/span><\/li>\n<\/ul>\n<\/div>\n\t\t\t\t<\/div>\n\t\t\t\t\t\t\t<div class=\"elementor-toggle-item\">\n\t\t\t\t\t<div id=\"elementor-tab-title-6427\" class=\"elementor-tab-title\" data-tab=\"7\" role=\"button\" aria-controls=\"elementor-tab-content-6427\" aria-expanded=\"false\">\n\t\t\t\t\t\t\t\t\t\t\t\t<span class=\"elementor-toggle-icon elementor-toggle-icon-right\" aria-hidden=\"true\">\n\t\t\t\t\t\t\t\t\t\t\t\t\t\t\t<span class=\"elementor-toggle-icon-closed\"><i class=\"fas fa-caret-right\"><\/i><\/span>\n\t\t\t\t\t\t\t\t<span class=\"elementor-toggle-icon-opened\"><i class=\"elementor-toggle-icon-opened fas fa-caret-up\"><\/i><\/span>\n\t\t\t\t\t\t\t\t\t\t\t\t\t<\/span>\n\t\t\t\t\t\t\t\t\t\t\t\t<a class=\"elementor-toggle-title\" tabindex=\"0\">M\u00c9DIAS NUM\u00c9RIQUES ET SOCIAUX<\/a>\n\t\t\t\t\t<\/div>\n\n\t\t\t\t\t<div id=\"elementor-tab-content-6427\" class=\"elementor-tab-content elementor-clearfix\" data-tab=\"7\" role=\"region\" aria-labelledby=\"elementor-tab-title-6427\"><p><span style=\"font-weight: 400;\">Nos strat\u00e9gies de marketing num\u00e9rique refl\u00e8tent les r\u00e9alit\u00e9s, les normes et les m\u0153urs locales:<\/span><\/p>\n<ul>\n<li><span style=\"font-weight: 400;\">Marketing des m\u00e9dias sociaux (SMM en anglais).<\/span><\/li>\n<li><span style=\"font-weight: 400;\">Cr\u00e9ation et mise en \u0153uvre d\u2019une strat\u00e9gie de promotion.<\/span><\/li>\n<li><span style=\"font-weight: 400;\">Micro-ciblage des messages et des publicit\u00e9s.<\/span><\/li>\n<li><span style=\"font-weight: 400;\">Production de publicit\u00e9s t\u00e9l\u00e9vis\u00e9es et radiophoniques.<\/span><\/li>\n<li><span style=\"font-weight: 400;\">Cr\u00e9ation et gestion de sites web.<\/span><\/li>\n<li><span style=\"font-weight: 400;\">Conception graphique.<\/span><\/li>\n<\/ul>\n<\/div>\n\t\t\t\t<\/div>\n\t\t\t\t\t\t\t<div class=\"elementor-toggle-item\">\n\t\t\t\t\t<div id=\"elementor-tab-title-6428\" class=\"elementor-tab-title\" data-tab=\"8\" role=\"button\" aria-controls=\"elementor-tab-content-6428\" aria-expanded=\"false\">\n\t\t\t\t\t\t\t\t\t\t\t\t<span class=\"elementor-toggle-icon elementor-toggle-icon-right\" aria-hidden=\"true\">\n\t\t\t\t\t\t\t\t\t\t\t\t\t\t\t<span class=\"elementor-toggle-icon-closed\"><i class=\"fas fa-caret-right\"><\/i><\/span>\n\t\t\t\t\t\t\t\t<span class=\"elementor-toggle-icon-opened\"><i class=\"elementor-toggle-icon-opened fas fa-caret-up\"><\/i><\/span>\n\t\t\t\t\t\t\t\t\t\t\t\t\t<\/span>\n\t\t\t\t\t\t\t\t\t\t\t\t<a class=\"elementor-toggle-title\" tabindex=\"0\">SERVICES DE RESSOURCES HUMAINES<\/a>\n\t\t\t\t\t<\/div>\n\n\t\t\t\t\t<div id=\"elementor-tab-content-6428\" class=\"elementor-tab-content elementor-clearfix\" data-tab=\"8\" role=\"region\" aria-labelledby=\"elementor-tab-title-6428\"><p><span style=\"font-weight: 400;\">Nous aidons les entreprises \u00e0 trouver des personnes qualifi\u00e9es pour les postes appropri\u00e9s :<\/span><\/p>\n<ul>\n<li><span style=\"font-weight: 400;\">Recherche approfondie au sein de l&rsquo;entreprise et parmi les dirigeants via les entretiens et la sociom\u00e9trie.<\/span><\/li>\n<li><span style=\"font-weight: 400;\">Profilage des comp\u00e9tences requises pour les postes concern\u00e9s.<\/span><\/li>\n<li><span style=\"font-weight: 400;\">Identification sur mesure du potentiel des employ\u00e9s.<\/span><\/li>\n<li><span style=\"font-weight: 400;\">Effectuer les recherches de cadres: de sous-traitance par les consultants exp\u00e9riment\u00e9s \u00e0 l&#8217;embauche des PDGs, directeurs associ\u00e9s et conseils d&rsquo;administration.<\/span><\/li>\n<li><span style=\"font-weight: 400;\">Donner des conseils sur les politiques et la culture d&rsquo;entreprise.<\/span><\/li>\n<li><span style=\"font-weight: 400;\">\u00c9valuer le mod\u00e8le commercial et organisationnel de l&rsquo;entreprise.<\/span><\/li>\n<\/ul>\n<\/div>\n\t\t\t\t<\/div>\n\t\t\t\t\t\t\t<div class=\"elementor-toggle-item\">\n\t\t\t\t\t<div id=\"elementor-tab-title-6429\" class=\"elementor-tab-title\" data-tab=\"9\" role=\"button\" aria-controls=\"elementor-tab-content-6429\" aria-expanded=\"false\">\n\t\t\t\t\t\t\t\t\t\t\t\t<span class=\"elementor-toggle-icon elementor-toggle-icon-right\" aria-hidden=\"true\">\n\t\t\t\t\t\t\t\t\t\t\t\t\t\t\t<span class=\"elementor-toggle-icon-closed\"><i class=\"fas fa-caret-right\"><\/i><\/span>\n\t\t\t\t\t\t\t\t<span class=\"elementor-toggle-icon-opened\"><i class=\"elementor-toggle-icon-opened fas fa-caret-up\"><\/i><\/span>\n\t\t\t\t\t\t\t\t\t\t\t\t\t<\/span>\n\t\t\t\t\t\t\t\t\t\t\t\t<a class=\"elementor-toggle-title\" tabindex=\"0\">SERVICES DE TRADUCTION<\/a>\n\t\t\t\t\t<\/div>\n\n\t\t\t\t\t<div id=\"elementor-tab-content-6429\" class=\"elementor-tab-content elementor-clearfix\" data-tab=\"9\" role=\"region\" aria-labelledby=\"elementor-tab-title-6429\"><p><span style=\"font-weight: 400;\">Nous fournissons des traductions fiables de documents juridiques, techniques et professionnels, ainsi que des services d\u2019interpr\u00e9tation lors d\u2019\u00e9v\u00e9nements et de r\u00e9unions, des langues locales vers toute langue europ\u00e9enne.<\/span><\/p>\n<\/div>\n\t\t\t\t<\/div>\n\t\t\t\t\t\t\t\t<\/div>\n\t\t\t\t\t\t<\/div>\n\t\t\t\t<\/div>\n\t\t\t\t\t<\/div>\n\t\t<\/div>\n\t\t\t\t\t<\/div>\n\t\t<\/section>\n\t\t\t\t<section class=\"elementor-section elementor-top-section elementor-element elementor-element-f7e5b23 elementor-section-boxed elementor-section-height-default elementor-section-height-default\" data-id=\"f7e5b23\" data-element_type=\"section\" data-e-type=\"section\" data-settings=\"{&quot;background_background&quot;:&quot;classic&quot;}\">\n\t\t\t\t\t\t<div class=\"elementor-container elementor-column-gap-default\">\n\t\t\t\t\t<div class=\"elementor-column elementor-col-50 elementor-top-column elementor-element elementor-element-4bd2a0d\" data-id=\"4bd2a0d\" data-element_type=\"column\" data-e-type=\"column\" data-settings=\"{&quot;background_background&quot;:&quot;classic&quot;}\">\n\t\t\t<div class=\"elementor-widget-wrap\">\n\t\t\t\t\t\t\t<\/div>\n\t\t<\/div>\n\t\t\t\t<div class=\"elementor-column elementor-col-50 elementor-top-column elementor-element elementor-element-9b2e924\" data-id=\"9b2e924\" data-element_type=\"column\" data-e-type=\"column\">\n\t\t\t<div class=\"elementor-widget-wrap elementor-element-populated\">\n\t\t\t\t\t\t<div class=\"elementor-element elementor-element-f1ec784 elementor-invisible elementor-widget elementor-widget-heading\" data-id=\"f1ec784\" data-element_type=\"widget\" data-e-type=\"widget\" data-settings=\"{&quot;_animation&quot;:&quot;fadeInLeft&quot;,&quot;_animation_tablet&quot;:&quot;fadeInDown&quot;}\" data-widget_type=\"heading.default\">\n\t\t\t\t<div class=\"elementor-widget-container\">\n\t\t\t\t\t<h2 class=\"elementor-heading-title elementor-size-default\">\u00c9tudes de cas:<\/h2>\t\t\t\t<\/div>\n\t\t\t\t<\/div>\n\t\t\t\t<div class=\"elementor-element elementor-element-75a5783 elementor-invisible elementor-widget elementor-widget-text-editor\" data-id=\"75a5783\" data-element_type=\"widget\" data-e-type=\"widget\" data-settings=\"{&quot;_animation&quot;:&quot;fadeInLeft&quot;,&quot;_animation_tablet&quot;:&quot;fadeInUp&quot;,&quot;_animation_delay&quot;:200}\" data-widget_type=\"text-editor.default\">\n\t\t\t\t<div class=\"elementor-widget-container\">\n\t\t\t\t\t\t\t\t\t<p><span style=\"font-weight: 400;\"><span style=\"text-decoration: underline;\"><b>APS \u00c9LARGIT VOS HORIZONS VERS DE NOUVEAUX MARCH\u00c9S<\/b><\/span><br \/><\/span><span style=\"font-weight: 400;\"><strong>APS<\/strong> a travaill\u00e9 avec une <i>entreprise technologique europ\u00e9enne<\/i>qui cherchait \u00e0 \u00e9tendre sa marque sur de nouveaux march\u00e9s. Dans la p\u00e9riode de 75 jours ouvrables, <strong>APS<\/strong>a amen\u00e9 cette entreprise europ\u00e9enne dans 19 pays, sur quatre continents, et a commenc\u00e9 \u00e0 n\u00e9gocier des contrats dont la valeur nette <i>d\u00e9passait 25 millions USD<\/i>. <\/span><\/p>\n<p><span style=\"font-weight: 400;\"><span style=\"text-decoration: underline;\"><b>APS VOUS MET EN COMMUNICATION \u00c0 TRAVERS LE MONDE<\/b><\/span><br \/><\/span><span style=\"font-weight: 400;\"><strong>APS<\/strong> a \u00e9t\u00e9 contact\u00e9e par une <i>soci\u00e9t\u00e9 latino-am\u00e9ricaine<\/i>pour trouver des acheteurs de ressources naturelles dans les pays post-sovi\u00e9tiques. Dans la p\u00e9riode de trois semaines, <\/span>, <b>APS<\/b> <span style=\"font-weight: 400;\">a r\u00e9ussi \u00e0 aider la soci\u00e9t\u00e9 latino-am\u00e9ricaine \u00e0 commencer la pr\u00e9paration de la base d&rsquo;un <i>contrat de 18,7 millions USD<\/i>.<\/span><\/p>\n<p><span style=\"font-weight: 400;\"><span style=\"text-decoration: underline;\"><b>APS EST UN INTERM\u00c9DIAIRE PUISSANT ENTRE LES ENTREPRISES ET LES GOUVERNEMENTS<\/b><\/span><br \/><\/span><span style=\"font-weight: 400;\"><strong>APS<\/strong> a \u00e9t\u00e9 sollicit\u00e9e par une entreprise qui souhaitait que ses services soient <i>contract\u00e9es par un gouvernement national en Europ<\/i>e. Gr\u00e2ce aux <\/span>contacts solides d&rsquo;<b>APS<\/b><span style=\"font-weight: 400;\">, l&rsquo;entreprise a r\u00e9ussi \u00e0 pr\u00e9senter ses solutions au gouvernement et a obtenu un <i>contrat annuel<\/i>.<\/span><\/p>\n\t\t\t\t\t\t\t\t<\/div>\n\t\t\t\t<\/div>\n\t\t\t\t\t<\/div>\n\t\t<\/div>\n\t\t\t\t\t<\/div>\n\t\t<\/section>\n\t\t\t\t<\/div>\n\t\t","protected":false},"excerpt":{"rendered":"<p>Pour les entreprises INTELLIGENCE \u00c9CONOMIQUE ET RECHERCHE Nous savons ce qui se passe sur votre march\u00e9 cible : Conduite de la diligence raisonnable. T\u00e9moignages d\u2019experts dans le cadre de proc\u00e9dures judiciaires. Analyse de la r\u00e9putation d\u2019une entreprise ou d\u2019un produit, du march\u00e9 et des donn\u00e9es sur les consommateurs. Tendances et pr\u00e9visions d\u2019entreprise. Structuration des bases [&hellip;]<\/p>\n","protected":false},"author":1,"featured_media":0,"parent":0,"menu_order":0,"comment_status":"closed","ping_status":"closed","template":"","meta":{"footnotes":""},"class_list":["post-3615","page","type-page","status-publish","hentry"],"_links":{"self":[{"href":"https:\/\/americanpoliticalservices.com\/fr\/wp-json\/wp\/v2\/pages\/3615","targetHints":{"allow":["GET"]}}],"collection":[{"href":"https:\/\/americanpoliticalservices.com\/fr\/wp-json\/wp\/v2\/pages"}],"about":[{"href":"https:\/\/americanpoliticalservices.com\/fr\/wp-json\/wp\/v2\/types\/page"}],"author":[{"embeddable":true,"href":"https:\/\/americanpoliticalservices.com\/fr\/wp-json\/wp\/v2\/users\/1"}],"replies":[{"embeddable":true,"href":"https:\/\/americanpoliticalservices.com\/fr\/wp-json\/wp\/v2\/comments?post=3615"}],"version-history":[{"count":12,"href":"https:\/\/americanpoliticalservices.com\/fr\/wp-json\/wp\/v2\/pages\/3615\/revisions"}],"predecessor-version":[{"id":5097,"href":"https:\/\/americanpoliticalservices.com\/fr\/wp-json\/wp\/v2\/pages\/3615\/revisions\/5097"}],"wp:attachment":[{"href":"https:\/\/americanpoliticalservices.com\/fr\/wp-json\/wp\/v2\/media?parent=3615"}],"curies":[{"name":"wp","href":"https:\/\/api.w.org\/{rel}","templated":true}]}}