{"id":3563,"date":"2021-12-09T11:51:47","date_gmt":"2021-12-09T11:51:47","guid":{"rendered":"https:\/\/americanpoliticalservices.com\/gintare-narkeviciute-jurgelione\/"},"modified":"2021-12-09T11:51:47","modified_gmt":"2021-12-09T11:51:47","slug":"gintare-narkeviciute-jurgelione","status":"publish","type":"page","link":"https:\/\/americanpoliticalservices.com\/fr\/gintare-narkeviciute-jurgelione\/","title":{"rendered":"Gintar\u0117 Narkevi\u010di\u016bt\u0117-Jurgelion\u0117"},"content":{"rendered":"\t\t<div data-elementor-type=\"wp-page\" data-elementor-id=\"3563\" class=\"elementor elementor-3563 elementor-1944\">\n\t\t\t\t\t\t<section class=\"elementor-section elementor-top-section elementor-element elementor-element-45bd085c elementor-section-boxed elementor-section-height-default elementor-section-height-default\" data-id=\"45bd085c\" data-element_type=\"section\" data-e-type=\"section\" data-settings=\"{&quot;background_background&quot;:&quot;gradient&quot;}\">\n\t\t\t\t\t\t\t<div class=\"elementor-background-overlay\"><\/div>\n\t\t\t\t\t\t\t<div class=\"elementor-container elementor-column-gap-default\">\n\t\t\t\t\t<div class=\"elementor-column elementor-col-100 elementor-top-column elementor-element elementor-element-2cb71ebd\" data-id=\"2cb71ebd\" data-element_type=\"column\" data-e-type=\"column\">\n\t\t\t<div class=\"elementor-widget-wrap elementor-element-populated\">\n\t\t\t\t\t\t<div class=\"elementor-element elementor-element-5ae0e8b3 elementor-invisible elementor-widget elementor-widget-heading\" data-id=\"5ae0e8b3\" data-element_type=\"widget\" data-e-type=\"widget\" data-settings=\"{&quot;_animation&quot;:&quot;fadeInLeft&quot;}\" data-widget_type=\"heading.default\">\n\t\t\t\t<div class=\"elementor-widget-container\">\n\t\t\t\t\t<h3 class=\"elementor-heading-title elementor-size-default\">Gintar\u0117 Narkevi\u010di\u016bt\u0117-Jurgelion\u0117<\/h3>\t\t\t\t<\/div>\n\t\t\t\t<\/div>\n\t\t\t\t\t<\/div>\n\t\t<\/div>\n\t\t\t\t\t<\/div>\n\t\t<\/section>\n\t\t\t\t<section class=\"elementor-section elementor-top-section elementor-element elementor-element-cc99a5a elementor-section-boxed elementor-section-height-default elementor-section-height-default\" data-id=\"cc99a5a\" data-element_type=\"section\" data-e-type=\"section\">\n\t\t\t\t\t\t<div class=\"elementor-container elementor-column-gap-default\">\n\t\t\t\t\t<div class=\"elementor-column elementor-col-100 elementor-top-column elementor-element elementor-element-c43a095\" data-id=\"c43a095\" data-element_type=\"column\" data-e-type=\"column\">\n\t\t\t<div class=\"elementor-widget-wrap elementor-element-populated\">\n\t\t\t\t\t\t<section class=\"elementor-section elementor-inner-section elementor-element elementor-element-b512558 elementor-section-boxed elementor-section-height-default elementor-section-height-default\" data-id=\"b512558\" data-element_type=\"section\" data-e-type=\"section\">\n\t\t\t\t\t\t<div class=\"elementor-container elementor-column-gap-default\">\n\t\t\t\t\t<div class=\"elementor-column elementor-col-100 elementor-inner-column elementor-element elementor-element-0f9ae2c\" data-id=\"0f9ae2c\" data-element_type=\"column\" data-e-type=\"column\">\n\t\t\t<div class=\"elementor-widget-wrap elementor-element-populated\">\n\t\t\t\t\t\t<div class=\"elementor-element elementor-element-1c336d0 elementor-widget elementor-widget-text-editor\" data-id=\"1c336d0\" data-element_type=\"widget\" data-e-type=\"widget\" data-widget_type=\"text-editor.default\">\n\t\t\t\t<div class=\"elementor-widget-container\">\n\t\t\t\t\t\t\t\t\t<h4><img fetchpriority=\"high\" decoding=\"async\" class=\"team alignleft wp-image-1714 size-full\" src=\"https:\/\/americanpoliticalservices.com\/wp-content\/uploads\/2021\/11\/GintareJurgelione-5.png\" alt=\"\" width=\"450\" height=\"450\" srcset=\"https:\/\/americanpoliticalservices.com\/wp-content\/uploads\/2021\/11\/GintareJurgelione-5.png 450w, https:\/\/americanpoliticalservices.com\/wp-content\/uploads\/2021\/11\/GintareJurgelione-5-300x300.png 300w, https:\/\/americanpoliticalservices.com\/wp-content\/uploads\/2021\/11\/GintareJurgelione-5-150x150.png 150w\" sizes=\"(max-width: 450px) 100vw, 450px\" \/><\/h4>\n<p>Gintar\u0117 Narkevi\u010di\u016bt\u0117-Jurgelion\u0117 a g\u00e9r\u00e9, conseill\u00e9 et dirig\u00e9 des dizaines de campagnes politiques dans l\u2019espace post-sovi\u00e9tique au cours des 15 derni\u00e8res ann\u00e9es. Professionnelle de renomm\u00e9e mondiale, elle se sp\u00e9cialise dans le domaine des relations internationales et ext\u00e9rieures, ayant men\u00e9 \u00e0 bien des projets de grande envergure au sein des pays du programme du Partenariat oriental. Narkevi\u010di\u016bt\u0117-Jurgelion\u0117 est une consultante accr\u00e9dit\u00e9e en finances et investissements en Lituanie ainsi que chef de groupe pour l\u2019ensemble des pays baltes. Gr\u00e2ce \u00e0 ses solides comp\u00e9tences en mati\u00e8re de strat\u00e9gie, de n\u00e9gociation et de communication, elle a men\u00e9 des efforts vigoureux li\u00e9s \u00e0 la facilitation du commerce international et \u00e0 l\u2019att\u00e9nuation des risques politiques, notamment en Europe, dans les anciens \u00c9tats sovi\u00e9tiques et au Moyen-Orient ainsi qu\u2019en Afrique du Nord (MENA). Narkevi\u010di\u016bt\u0117-Jurgelion\u0117 a pr\u00e9c\u00e9demment travaill\u00e9 au minist\u00e8re des Affaires \u00e9trang\u00e8res de Lituanie et a re\u00e7u des m\u00e9rites d\u2019honneur de la Lituanie en raison de ses efforts pour soutenir l\u2019Ukraine. Dans sa ville natale, elle a \u00e9t\u00e9 \u00e9lue chef de la ville et pr\u00e9sidente du conseil r\u00e9gional des chefs de la ville. Elle est membre du comit\u00e9 politique du parti au pouvoir en Lituanie et membre du conseil du parti.<\/p>\n<p><strong>Formation:<\/strong><br \/><em>Charg\u00e9e de recherche principale<\/em>&nbsp;au programme Politique mondiale, durabilit\u00e9 et d\u00e9veloppement de l\u2019Institut GPI.<br \/><em>Licence<\/em> en droit et gouvernance, Universit\u00e9 Mykolas Romeris (MRU).<\/p>\n<p><strong>Langues<\/strong>:&nbsp; Anglais, russe et lituanien.<\/p>\n\t\t\t\t\t\t\t\t<\/div>\n\t\t\t\t<\/div>\n\t\t\t\t\t<\/div>\n\t\t<\/div>\n\t\t\t\t\t<\/div>\n\t\t<\/section>\n\t\t\t\t\t<\/div>\n\t\t<\/div>\n\t\t\t\t\t<\/div>\n\t\t<\/section>\n\t\t\t\t<\/div>\n\t\t","protected":false},"excerpt":{"rendered":"<p>Gintar\u0117 Narkevi\u010di\u016bt\u0117-Jurgelion\u0117 a g\u00e9r\u00e9, conseill\u00e9 et dirig\u00e9 des dizaines de campagnes politiques dans l\u2019espace post-sovi\u00e9tique au cours des 15 derni\u00e8res ann\u00e9es. Professionnelle de renomm\u00e9e mondiale, elle se sp\u00e9cialise dans le domaine des relations internationales et ext\u00e9rieures, ayant men\u00e9 \u00e0 bien des projets de grande envergure au sein des pays du programme du Partenariat oriental. Narkevi\u010di\u016bt\u0117-Jurgelion\u0117 [&hellip;]<\/p>\n","protected":false},"author":1,"featured_media":0,"parent":0,"menu_order":0,"comment_status":"closed","ping_status":"closed","template":"","meta":{"footnotes":""},"class_list":["post-3563","page","type-page","status-publish","hentry"],"_links":{"self":[{"href":"https:\/\/americanpoliticalservices.com\/fr\/wp-json\/wp\/v2\/pages\/3563","targetHints":{"allow":["GET"]}}],"collection":[{"href":"https:\/\/americanpoliticalservices.com\/fr\/wp-json\/wp\/v2\/pages"}],"about":[{"href":"https:\/\/americanpoliticalservices.com\/fr\/wp-json\/wp\/v2\/types\/page"}],"author":[{"embeddable":true,"href":"https:\/\/americanpoliticalservices.com\/fr\/wp-json\/wp\/v2\/users\/1"}],"replies":[{"embeddable":true,"href":"https:\/\/americanpoliticalservices.com\/fr\/wp-json\/wp\/v2\/comments?post=3563"}],"version-history":[{"count":1,"href":"https:\/\/americanpoliticalservices.com\/fr\/wp-json\/wp\/v2\/pages\/3563\/revisions"}],"predecessor-version":[{"id":3564,"href":"https:\/\/americanpoliticalservices.com\/fr\/wp-json\/wp\/v2\/pages\/3563\/revisions\/3564"}],"wp:attachment":[{"href":"https:\/\/americanpoliticalservices.com\/fr\/wp-json\/wp\/v2\/media?parent=3563"}],"curies":[{"name":"wp","href":"https:\/\/api.w.org\/{rel}","templated":true}]}}