{"id":3555,"date":"2021-12-09T11:42:43","date_gmt":"2021-12-09T11:42:43","guid":{"rendered":"https:\/\/americanpoliticalservices.com\/santiago-perez\/"},"modified":"2021-12-09T11:42:44","modified_gmt":"2021-12-09T11:42:44","slug":"santiago-perez","status":"publish","type":"page","link":"https:\/\/americanpoliticalservices.com\/fr\/santiago-perez\/","title":{"rendered":"Santiago P\u00e9rez"},"content":{"rendered":"\t\t<div data-elementor-type=\"wp-page\" data-elementor-id=\"3555\" class=\"elementor elementor-3555 elementor-1949\">\n\t\t\t\t\t\t<section class=\"elementor-section elementor-top-section elementor-element elementor-element-45bd085c elementor-section-boxed elementor-section-height-default elementor-section-height-default\" data-id=\"45bd085c\" data-element_type=\"section\" data-e-type=\"section\" data-settings=\"{&quot;background_background&quot;:&quot;gradient&quot;}\">\n\t\t\t\t\t\t\t<div class=\"elementor-background-overlay\"><\/div>\n\t\t\t\t\t\t\t<div class=\"elementor-container elementor-column-gap-default\">\n\t\t\t\t\t<div class=\"elementor-column elementor-col-100 elementor-top-column elementor-element elementor-element-2cb71ebd\" data-id=\"2cb71ebd\" data-element_type=\"column\" data-e-type=\"column\">\n\t\t\t<div class=\"elementor-widget-wrap elementor-element-populated\">\n\t\t\t\t\t\t<div class=\"elementor-element elementor-element-5ae0e8b3 elementor-invisible elementor-widget elementor-widget-heading\" data-id=\"5ae0e8b3\" data-element_type=\"widget\" data-e-type=\"widget\" data-settings=\"{&quot;_animation&quot;:&quot;fadeInLeft&quot;}\" data-widget_type=\"heading.default\">\n\t\t\t\t<div class=\"elementor-widget-container\">\n\t\t\t\t\t<h3 class=\"elementor-heading-title elementor-size-default\">Santiago P\u00e9rez<\/h3>\t\t\t\t<\/div>\n\t\t\t\t<\/div>\n\t\t\t\t\t<\/div>\n\t\t<\/div>\n\t\t\t\t\t<\/div>\n\t\t<\/section>\n\t\t\t\t<section class=\"elementor-section elementor-top-section elementor-element elementor-element-cc99a5a elementor-section-boxed elementor-section-height-default elementor-section-height-default\" data-id=\"cc99a5a\" data-element_type=\"section\" data-e-type=\"section\">\n\t\t\t\t\t\t<div class=\"elementor-container elementor-column-gap-default\">\n\t\t\t\t\t<div class=\"elementor-column elementor-col-100 elementor-top-column elementor-element elementor-element-c43a095\" data-id=\"c43a095\" data-element_type=\"column\" data-e-type=\"column\">\n\t\t\t<div class=\"elementor-widget-wrap elementor-element-populated\">\n\t\t\t\t\t\t<section class=\"elementor-section elementor-inner-section elementor-element elementor-element-b512558 elementor-section-boxed elementor-section-height-default elementor-section-height-default\" data-id=\"b512558\" data-element_type=\"section\" data-e-type=\"section\">\n\t\t\t\t\t\t<div class=\"elementor-container elementor-column-gap-default\">\n\t\t\t\t\t<div class=\"elementor-column elementor-col-100 elementor-inner-column elementor-element elementor-element-0f9ae2c\" data-id=\"0f9ae2c\" data-element_type=\"column\" data-e-type=\"column\">\n\t\t\t<div class=\"elementor-widget-wrap elementor-element-populated\">\n\t\t\t\t\t\t<div class=\"elementor-element elementor-element-1c336d0 elementor-widget elementor-widget-text-editor\" data-id=\"1c336d0\" data-element_type=\"widget\" data-e-type=\"widget\" data-widget_type=\"text-editor.default\">\n\t\t\t\t<div class=\"elementor-widget-container\">\n\t\t\t\t\t\t\t\t\t<h4><img fetchpriority=\"high\" decoding=\"async\" class=\"team alignleft wp-image-1016 size-full\" src=\"https:\/\/americanpoliticalservices.com\/wp-content\/uploads\/2021\/10\/SantiagoPerez.png\" alt=\"\" width=\"450\" height=\"450\" srcset=\"https:\/\/americanpoliticalservices.com\/wp-content\/uploads\/2021\/10\/SantiagoPerez.png 450w, https:\/\/americanpoliticalservices.com\/wp-content\/uploads\/2021\/10\/SantiagoPerez-300x300.png 300w, https:\/\/americanpoliticalservices.com\/wp-content\/uploads\/2021\/10\/SantiagoPerez-150x150.png 150w\" sizes=\"(max-width: 450px) 100vw, 450px\" \/><\/h4>\n<p>Santiago P\u00e9rez est un anthropologue et consultant politique sp\u00e9cialis\u00e9 dans l\u2019opinion publique. Il apporte \u00e0 <b>l\u2019APS<\/b> ses plus de 30 ans d\u2019exp\u00e9rience dans les enqu\u00eates, les recensements, les \u00e9tudes qualitatives, l\u2019enseignement, la conception de strat\u00e9gie politique et la communication. Perez a con\u00e7u, dirig\u00e9 et analys\u00e9 les r\u00e9sultats de milliers d\u2019\u00e9tudes li\u00e9es aux sph\u00e8res sociales, \u00e9conomiques et culturelles pour soutenir des campagnes, la mise en \u0153uvre de politiques publiques, l\u2019appui aux gouvernements nationaux et locaux, aux parlements et aux \u00e9tudes acad\u00e9miques. <\/p>\n<p>Santiago P\u00e9rez dirige des \u00e9quipes multidisciplinaires, qui int\u00e8grent des statistiques sociales, des \u00e9tudes culturelles et historiques, l\u2019ethnographie, la communication num\u00e9rique et d\u2019autres outils permettant de conna\u00eetre et de comprendre les besoins et les demandes des personnes. Il a travaill\u00e9 dans plus de 400 campagnes \u00e9lectorales en \u00c9quateur, en Colombie, au P\u00e9rou, au Panama, aux \u00c9tats-Unis, en Espagne et au Mexique. <\/p>\n<p>Il a contribu\u00e9 \u00e0 la mise en \u0153uvre de politiques publiques, telles que le programme d\u2019\u00e9tude pour l\u2019Assembl\u00e9e nationale constituante de 2008, le recensement social p\u00e9nitentiaire de 2009, l\u2019\u00e9tude pour la r\u00e9forme de la justice en 2012 et le d\u00e9veloppement du syst\u00e8me des b\u00e9n\u00e9ficiaires de programmes et d\u2019obligations gouvernementales entre 2007 et 2017.<\/p>\n<p><strong>Formation:<\/strong><br \/><em>Ma\u00eetrise<\/em> en anthropologie politique, Facult\u00e9 latino-am\u00e9ricaine des sciences sociales.<br \/><em>Ma\u00eetrise<\/em>en communication et opinion publique, Facult\u00e9 latino-am\u00e9ricaine des sciences sociales.<br \/><em>Licence<\/em> en communication et opinion publique, Facult\u00e9 latino-am\u00e9ricaine des sciences sociales.<\/p>\n<p><strong>Langues:<\/strong> Anglais et espagnol.<\/p>\n\t\t\t\t\t\t\t\t<\/div>\n\t\t\t\t<\/div>\n\t\t\t\t\t<\/div>\n\t\t<\/div>\n\t\t\t\t\t<\/div>\n\t\t<\/section>\n\t\t\t\t\t<\/div>\n\t\t<\/div>\n\t\t\t\t\t<\/div>\n\t\t<\/section>\n\t\t\t\t<\/div>\n\t\t","protected":false},"excerpt":{"rendered":"<p>Santiago P\u00e9rez est un anthropologue et consultant politique sp\u00e9cialis\u00e9 dans l\u2019opinion publique. Il apporte \u00e0 l\u2019APS ses plus de 30 ans d\u2019exp\u00e9rience dans les enqu\u00eates, les recensements, les \u00e9tudes qualitatives, l\u2019enseignement, la conception de strat\u00e9gie politique et la communication. Perez a con\u00e7u, dirig\u00e9 et analys\u00e9 les r\u00e9sultats de milliers d\u2019\u00e9tudes li\u00e9es aux sph\u00e8res sociales, \u00e9conomiques [&hellip;]<\/p>\n","protected":false},"author":1,"featured_media":0,"parent":0,"menu_order":0,"comment_status":"closed","ping_status":"closed","template":"","meta":{"footnotes":""},"class_list":["post-3555","page","type-page","status-publish","hentry"],"_links":{"self":[{"href":"https:\/\/americanpoliticalservices.com\/fr\/wp-json\/wp\/v2\/pages\/3555","targetHints":{"allow":["GET"]}}],"collection":[{"href":"https:\/\/americanpoliticalservices.com\/fr\/wp-json\/wp\/v2\/pages"}],"about":[{"href":"https:\/\/americanpoliticalservices.com\/fr\/wp-json\/wp\/v2\/types\/page"}],"author":[{"embeddable":true,"href":"https:\/\/americanpoliticalservices.com\/fr\/wp-json\/wp\/v2\/users\/1"}],"replies":[{"embeddable":true,"href":"https:\/\/americanpoliticalservices.com\/fr\/wp-json\/wp\/v2\/comments?post=3555"}],"version-history":[{"count":1,"href":"https:\/\/americanpoliticalservices.com\/fr\/wp-json\/wp\/v2\/pages\/3555\/revisions"}],"predecessor-version":[{"id":3556,"href":"https:\/\/americanpoliticalservices.com\/fr\/wp-json\/wp\/v2\/pages\/3555\/revisions\/3556"}],"wp:attachment":[{"href":"https:\/\/americanpoliticalservices.com\/fr\/wp-json\/wp\/v2\/media?parent=3555"}],"curies":[{"name":"wp","href":"https:\/\/api.w.org\/{rel}","templated":true}]}}