{"id":3514,"date":"2021-12-09T11:06:08","date_gmt":"2021-12-09T11:06:08","guid":{"rendered":"https:\/\/americanpoliticalservices.com\/darius-jurgelevicius\/"},"modified":"2021-12-09T11:06:08","modified_gmt":"2021-12-09T11:06:08","slug":"darius-jurgelevicius","status":"publish","type":"page","link":"https:\/\/americanpoliticalservices.com\/fr\/darius-jurgelevicius\/","title":{"rendered":"Darius Jurgelevi\u010dius"},"content":{"rendered":"\t\t<div data-elementor-type=\"wp-page\" data-elementor-id=\"3514\" class=\"elementor elementor-3514 elementor-1899\">\n\t\t\t\t\t\t<section class=\"elementor-section elementor-top-section elementor-element elementor-element-45bd085c elementor-section-boxed elementor-section-height-default elementor-section-height-default\" data-id=\"45bd085c\" data-element_type=\"section\" data-e-type=\"section\" data-settings=\"{&quot;background_background&quot;:&quot;gradient&quot;}\">\n\t\t\t\t\t\t\t<div class=\"elementor-background-overlay\"><\/div>\n\t\t\t\t\t\t\t<div class=\"elementor-container elementor-column-gap-default\">\n\t\t\t\t\t<div class=\"elementor-column elementor-col-100 elementor-top-column elementor-element elementor-element-2cb71ebd\" data-id=\"2cb71ebd\" data-element_type=\"column\" data-e-type=\"column\">\n\t\t\t<div class=\"elementor-widget-wrap elementor-element-populated\">\n\t\t\t\t\t\t<div class=\"elementor-element elementor-element-5ae0e8b3 elementor-invisible elementor-widget elementor-widget-heading\" data-id=\"5ae0e8b3\" data-element_type=\"widget\" data-e-type=\"widget\" data-settings=\"{&quot;_animation&quot;:&quot;fadeInLeft&quot;}\" data-widget_type=\"heading.default\">\n\t\t\t\t<div class=\"elementor-widget-container\">\n\t\t\t\t\t<h3 class=\"elementor-heading-title elementor-size-default\">Darius Jurgelevi\u010dius<\/h3>\t\t\t\t<\/div>\n\t\t\t\t<\/div>\n\t\t\t\t\t<\/div>\n\t\t<\/div>\n\t\t\t\t\t<\/div>\n\t\t<\/section>\n\t\t\t\t<section class=\"elementor-section elementor-top-section elementor-element elementor-element-cc99a5a elementor-section-boxed elementor-section-height-default elementor-section-height-default\" data-id=\"cc99a5a\" data-element_type=\"section\" data-e-type=\"section\">\n\t\t\t\t\t\t<div class=\"elementor-container elementor-column-gap-default\">\n\t\t\t\t\t<div class=\"elementor-column elementor-col-100 elementor-top-column elementor-element elementor-element-c43a095\" data-id=\"c43a095\" data-element_type=\"column\" data-e-type=\"column\">\n\t\t\t<div class=\"elementor-widget-wrap elementor-element-populated\">\n\t\t\t\t\t\t<section class=\"elementor-section elementor-inner-section elementor-element elementor-element-b512558 elementor-section-boxed elementor-section-height-default elementor-section-height-default\" data-id=\"b512558\" data-element_type=\"section\" data-e-type=\"section\">\n\t\t\t\t\t\t<div class=\"elementor-container elementor-column-gap-default\">\n\t\t\t\t\t<div class=\"elementor-column elementor-col-100 elementor-inner-column elementor-element elementor-element-0f9ae2c\" data-id=\"0f9ae2c\" data-element_type=\"column\" data-e-type=\"column\">\n\t\t\t<div class=\"elementor-widget-wrap elementor-element-populated\">\n\t\t\t\t\t\t<div class=\"elementor-element elementor-element-1c336d0 elementor-widget elementor-widget-text-editor\" data-id=\"1c336d0\" data-element_type=\"widget\" data-e-type=\"widget\" data-widget_type=\"text-editor.default\">\n\t\t\t\t<div class=\"elementor-widget-container\">\n\t\t\t\t\t\t\t\t\t<h4><img fetchpriority=\"high\" decoding=\"async\" class=\"team alignleft wp-image-1706 size-full\" src=\"https:\/\/americanpoliticalservices.com\/wp-content\/uploads\/2021\/11\/DJur-4.jpg\" alt=\"\" width=\"450\" height=\"450\" srcset=\"https:\/\/americanpoliticalservices.com\/wp-content\/uploads\/2021\/11\/DJur-4.jpg 450w, https:\/\/americanpoliticalservices.com\/wp-content\/uploads\/2021\/11\/DJur-4-300x300.jpg 300w, https:\/\/americanpoliticalservices.com\/wp-content\/uploads\/2021\/11\/DJur-4-150x150.jpg 150w\" sizes=\"(max-width: 450px) 100vw, 450px\" \/><\/h4>\n<p>Avant de rejoindre <b>l\u2019APS<\/b>, Darius Jurgelevi\u010dius a \u00e9t\u00e9 directeur g\u00e9n\u00e9ral adjoint du d\u00e9partement de la s\u00e9curit\u00e9 de l\u2019\u00c9tat lituanien, et avant cela, ministre adjoint du minist\u00e8re des Affaires \u00e9trang\u00e8res. Apr\u00e8s avoir quitt\u00e9 le service du gouvernement lituanien, il a travaill\u00e9 en tant que conseiller et n\u00e9gociateur de haut niveau pour le gouvernement lituanien et pour l\u2019Union europ\u00e9enne, ainsi qu\u2019aupr\u00e8s d\u2019un certain nombre de dirigeants politiques en Europe de l\u2019Est, notamment des pr\u00e9sidents, des premiers ministres et d\u2019autres hauts fonctionnaires \u2013 y compris le minist\u00e8re de l\u2019Int\u00e9rieur et les services de renseignement pendant les gouvernements pro-europ\u00e9ens de G\u00e9orgie et de Moldavie. M. Jurgelevi\u010dius entretient de nombreuses relations de haut niveau dans toute la r\u00e9gion et poss\u00e8de une connaissance approfondie des r\u00e9alit\u00e9s politiques des pays dans lesquels il a travaill\u00e9, notamment en ce qui concerne l\u2019intersection de la politique et de l\u2019\u00e9conomie. L\u2019ambassadeur Jurgelevi\u010dius est juriste de formation et a suivi une formation compl\u00e9mentaire \u00e0 l\u2019Institut Hoover de l\u2019Universit\u00e9 de Stanford, au Centre europ\u00e9en George C. Marshall pour les \u00e9tudes de s\u00e9curit\u00e9, \u00e0 l\u2019Acad\u00e9mie de droit international de La Haye et \u00e0 l\u2019Universit\u00e9 d\u2019Helsinki. Il b\u00e9n\u00e9ficie du rang diplomatique d\u2019ambassadeur extraordinaire et pl\u00e9nipotentiaire.    <\/p>\n<p><strong>Formation:<\/strong><br \/><em>Ma\u00eetrise en droit (LLM),<\/em> Universit\u00e9 de Vilnius.<br \/><em>Licence en droit,<\/em> Universit\u00e9 de Vilnius.<\/p>\n<p><strong>Langues:<\/strong> Anglais, russe, polonais et lituanien.<\/p>\n\t\t\t\t\t\t\t\t<\/div>\n\t\t\t\t<\/div>\n\t\t\t\t\t<\/div>\n\t\t<\/div>\n\t\t\t\t\t<\/div>\n\t\t<\/section>\n\t\t\t\t\t<\/div>\n\t\t<\/div>\n\t\t\t\t\t<\/div>\n\t\t<\/section>\n\t\t\t\t<\/div>\n\t\t","protected":false},"excerpt":{"rendered":"<p>Avant de rejoindre l\u2019APS, Darius Jurgelevi\u010dius a \u00e9t\u00e9 directeur g\u00e9n\u00e9ral adjoint du d\u00e9partement de la s\u00e9curit\u00e9 de l\u2019\u00c9tat lituanien, et avant cela, ministre adjoint du minist\u00e8re des Affaires \u00e9trang\u00e8res. Apr\u00e8s avoir quitt\u00e9 le service du gouvernement lituanien, il a travaill\u00e9 en tant que conseiller et n\u00e9gociateur de haut niveau pour le gouvernement lituanien et pour [&hellip;]<\/p>\n","protected":false},"author":1,"featured_media":0,"parent":0,"menu_order":0,"comment_status":"closed","ping_status":"closed","template":"","meta":{"footnotes":""},"class_list":["post-3514","page","type-page","status-publish","hentry"],"_links":{"self":[{"href":"https:\/\/americanpoliticalservices.com\/fr\/wp-json\/wp\/v2\/pages\/3514","targetHints":{"allow":["GET"]}}],"collection":[{"href":"https:\/\/americanpoliticalservices.com\/fr\/wp-json\/wp\/v2\/pages"}],"about":[{"href":"https:\/\/americanpoliticalservices.com\/fr\/wp-json\/wp\/v2\/types\/page"}],"author":[{"embeddable":true,"href":"https:\/\/americanpoliticalservices.com\/fr\/wp-json\/wp\/v2\/users\/1"}],"replies":[{"embeddable":true,"href":"https:\/\/americanpoliticalservices.com\/fr\/wp-json\/wp\/v2\/comments?post=3514"}],"version-history":[{"count":1,"href":"https:\/\/americanpoliticalservices.com\/fr\/wp-json\/wp\/v2\/pages\/3514\/revisions"}],"predecessor-version":[{"id":3515,"href":"https:\/\/americanpoliticalservices.com\/fr\/wp-json\/wp\/v2\/pages\/3514\/revisions\/3515"}],"wp:attachment":[{"href":"https:\/\/americanpoliticalservices.com\/fr\/wp-json\/wp\/v2\/media?parent=3514"}],"curies":[{"name":"wp","href":"https:\/\/api.w.org\/{rel}","templated":true}]}}