{"id":3506,"date":"2021-12-09T10:58:23","date_gmt":"2021-12-09T10:58:23","guid":{"rendered":"https:\/\/americanpoliticalservices.com\/cesar-horlando-villaroel-dorigo\/"},"modified":"2021-12-09T10:58:24","modified_gmt":"2021-12-09T10:58:24","slug":"cesar-horlando-villaroel-dorigo","status":"publish","type":"page","link":"https:\/\/americanpoliticalservices.com\/fr\/cesar-horlando-villaroel-dorigo\/","title":{"rendered":"Cesar Horlando Villaroel Dorigo"},"content":{"rendered":"\t\t<div data-elementor-type=\"wp-page\" data-elementor-id=\"3506\" class=\"elementor elementor-3506 elementor-1965\">\n\t\t\t\t\t\t<section class=\"elementor-section elementor-top-section elementor-element elementor-element-45bd085c elementor-section-boxed elementor-section-height-default elementor-section-height-default\" data-id=\"45bd085c\" data-element_type=\"section\" data-e-type=\"section\" data-settings=\"{&quot;background_background&quot;:&quot;gradient&quot;}\">\n\t\t\t\t\t\t\t<div class=\"elementor-background-overlay\"><\/div>\n\t\t\t\t\t\t\t<div class=\"elementor-container elementor-column-gap-default\">\n\t\t\t\t\t<div class=\"elementor-column elementor-col-100 elementor-top-column elementor-element elementor-element-2cb71ebd\" data-id=\"2cb71ebd\" data-element_type=\"column\" data-e-type=\"column\">\n\t\t\t<div class=\"elementor-widget-wrap elementor-element-populated\">\n\t\t\t\t\t\t<div class=\"elementor-element elementor-element-5ae0e8b3 elementor-invisible elementor-widget elementor-widget-heading\" data-id=\"5ae0e8b3\" data-element_type=\"widget\" data-e-type=\"widget\" data-settings=\"{&quot;_animation&quot;:&quot;fadeInLeft&quot;}\" data-widget_type=\"heading.default\">\n\t\t\t\t<div class=\"elementor-widget-container\">\n\t\t\t\t\t<h3 class=\"elementor-heading-title elementor-size-default\">Cesar Horlando Villaroel Dorigo<\/h3>\t\t\t\t<\/div>\n\t\t\t\t<\/div>\n\t\t\t\t\t<\/div>\n\t\t<\/div>\n\t\t\t\t\t<\/div>\n\t\t<\/section>\n\t\t\t\t<section class=\"elementor-section elementor-top-section elementor-element elementor-element-cc99a5a elementor-section-boxed elementor-section-height-default elementor-section-height-default\" data-id=\"cc99a5a\" data-element_type=\"section\" data-e-type=\"section\">\n\t\t\t\t\t\t<div class=\"elementor-container elementor-column-gap-default\">\n\t\t\t\t\t<div class=\"elementor-column elementor-col-100 elementor-top-column elementor-element elementor-element-c43a095\" data-id=\"c43a095\" data-element_type=\"column\" data-e-type=\"column\">\n\t\t\t<div class=\"elementor-widget-wrap elementor-element-populated\">\n\t\t\t\t\t\t<section class=\"elementor-section elementor-inner-section elementor-element elementor-element-b512558 elementor-section-boxed elementor-section-height-default elementor-section-height-default\" data-id=\"b512558\" data-element_type=\"section\" data-e-type=\"section\">\n\t\t\t\t\t\t<div class=\"elementor-container elementor-column-gap-default\">\n\t\t\t\t\t<div class=\"elementor-column elementor-col-100 elementor-inner-column elementor-element elementor-element-0f9ae2c\" data-id=\"0f9ae2c\" data-element_type=\"column\" data-e-type=\"column\">\n\t\t\t<div class=\"elementor-widget-wrap elementor-element-populated\">\n\t\t\t\t\t\t<div class=\"elementor-element elementor-element-1c336d0 elementor-widget elementor-widget-text-editor\" data-id=\"1c336d0\" data-element_type=\"widget\" data-e-type=\"widget\" data-widget_type=\"text-editor.default\">\n\t\t\t\t<div class=\"elementor-widget-container\">\n\t\t\t\t\t\t\t\t\t<h4><img fetchpriority=\"high\" decoding=\"async\" class=\"team alignleft wp-image-1716 size-full\" src=\"https:\/\/americanpoliticalservices.com\/wp-content\/uploads\/2021\/11\/CesarV-4.jpeg\" alt=\"\" width=\"450\" height=\"450\"><\/h4>\n<p>Cesar Horlando Villaroel Dorigo a rejoint <b>l\u2019APS<\/b> en tant qu\u2019expert en communication chevronn\u00e9 dot\u00e9 de plus de trois d\u00e9cennies d\u2019exp\u00e9rience. Villaroel a g\u00e9r\u00e9 des entreprises de t\u00e9l\u00e9diffusion en Am\u00e9rique latine et en Am\u00e9rique du Nord, avant de commencer \u00e0 \u0153uvrer dans la production de films \u00e0 Hollywood. Il a travaill\u00e9 avec des campagnes et des dirigeants politiques aux \u00c9tats-Unis, en Bolivie, en \u00c9quateur et au Mexique. Villaroel a d\u00e9velopp\u00e9 de nombreux spots pour la t\u00e9l\u00e9vision, l\u2019Internet et la radio qui ont profond\u00e9ment marqu\u00e9 les consommateurs, tant dans le domaine politique qu\u2019en dehors. Il aide actuellement diverses entreprises, en particulier dans les secteurs bancaire et financier, \u00e0 trouver des moyens nouveaux et innovants d\u2019interagir avec leurs clients et d\u2019accro\u00eetre leur part de march\u00e9. Il r\u00e9side \u00e0 Los Angeles, en Californie, lorsqu\u2019il n\u2019est pas en mission en Am\u00e9rique latine. Villaroel a poursuivi ses \u00e9tudes de production cin\u00e9matographique en suivant des cours de perfectionnement en Bolivie, au Mexique et aux \u00c9tats-Unis.      <\/p>\n<p><strong>Langues:<\/strong> Anglais et espagnol.<\/p>\n\t\t\t\t\t\t\t\t<\/div>\n\t\t\t\t<\/div>\n\t\t\t\t\t<\/div>\n\t\t<\/div>\n\t\t\t\t\t<\/div>\n\t\t<\/section>\n\t\t\t\t\t<\/div>\n\t\t<\/div>\n\t\t\t\t\t<\/div>\n\t\t<\/section>\n\t\t\t\t<\/div>\n\t\t","protected":false},"excerpt":{"rendered":"<p>Cesar Horlando Villaroel Dorigo a rejoint l\u2019APS en tant qu\u2019expert en communication chevronn\u00e9 dot\u00e9 de plus de trois d\u00e9cennies d\u2019exp\u00e9rience. Villaroel a g\u00e9r\u00e9 des entreprises de t\u00e9l\u00e9diffusion en Am\u00e9rique latine et en Am\u00e9rique du Nord, avant de commencer \u00e0 \u0153uvrer dans la production de films \u00e0 Hollywood. Il a travaill\u00e9 avec des campagnes et des [&hellip;]<\/p>\n","protected":false},"author":1,"featured_media":0,"parent":0,"menu_order":0,"comment_status":"closed","ping_status":"closed","template":"","meta":{"footnotes":""},"class_list":["post-3506","page","type-page","status-publish","hentry"],"_links":{"self":[{"href":"https:\/\/americanpoliticalservices.com\/fr\/wp-json\/wp\/v2\/pages\/3506","targetHints":{"allow":["GET"]}}],"collection":[{"href":"https:\/\/americanpoliticalservices.com\/fr\/wp-json\/wp\/v2\/pages"}],"about":[{"href":"https:\/\/americanpoliticalservices.com\/fr\/wp-json\/wp\/v2\/types\/page"}],"author":[{"embeddable":true,"href":"https:\/\/americanpoliticalservices.com\/fr\/wp-json\/wp\/v2\/users\/1"}],"replies":[{"embeddable":true,"href":"https:\/\/americanpoliticalservices.com\/fr\/wp-json\/wp\/v2\/comments?post=3506"}],"version-history":[{"count":1,"href":"https:\/\/americanpoliticalservices.com\/fr\/wp-json\/wp\/v2\/pages\/3506\/revisions"}],"predecessor-version":[{"id":3507,"href":"https:\/\/americanpoliticalservices.com\/fr\/wp-json\/wp\/v2\/pages\/3506\/revisions\/3507"}],"wp:attachment":[{"href":"https:\/\/americanpoliticalservices.com\/fr\/wp-json\/wp\/v2\/media?parent=3506"}],"curies":[{"name":"wp","href":"https:\/\/api.w.org\/{rel}","templated":true}]}}