{"id":3473,"date":"2021-12-09T10:25:27","date_gmt":"2021-12-09T10:25:27","guid":{"rendered":"https:\/\/americanpoliticalservices.com\/aizhan-chargynbaeva\/"},"modified":"2021-12-09T10:35:24","modified_gmt":"2021-12-09T10:35:24","slug":"aizhan-chargynbaeva","status":"publish","type":"page","link":"https:\/\/americanpoliticalservices.com\/fr\/aizhan-chargynbaeva\/","title":{"rendered":"Aizhan Chargynbaeva"},"content":{"rendered":"\t\t<div data-elementor-type=\"wp-page\" data-elementor-id=\"3473\" class=\"elementor elementor-3473 elementor-1925\">\n\t\t\t\t\t\t<section class=\"elementor-section elementor-top-section elementor-element elementor-element-45bd085c elementor-section-boxed elementor-section-height-default elementor-section-height-default\" data-id=\"45bd085c\" data-element_type=\"section\" data-e-type=\"section\" data-settings=\"{&quot;background_background&quot;:&quot;gradient&quot;}\">\n\t\t\t\t\t\t\t<div class=\"elementor-background-overlay\"><\/div>\n\t\t\t\t\t\t\t<div class=\"elementor-container elementor-column-gap-default\">\n\t\t\t\t\t<div class=\"elementor-column elementor-col-100 elementor-top-column elementor-element elementor-element-2cb71ebd\" data-id=\"2cb71ebd\" data-element_type=\"column\" data-e-type=\"column\">\n\t\t\t<div class=\"elementor-widget-wrap elementor-element-populated\">\n\t\t\t\t\t\t<div class=\"elementor-element elementor-element-5ae0e8b3 elementor-invisible elementor-widget elementor-widget-heading\" data-id=\"5ae0e8b3\" data-element_type=\"widget\" data-e-type=\"widget\" data-settings=\"{&quot;_animation&quot;:&quot;fadeInLeft&quot;}\" data-widget_type=\"heading.default\">\n\t\t\t\t<div class=\"elementor-widget-container\">\n\t\t\t\t\t<h3 class=\"elementor-heading-title elementor-size-default\">Aizhan Chargynbaeva<\/h3>\t\t\t\t<\/div>\n\t\t\t\t<\/div>\n\t\t\t\t\t<\/div>\n\t\t<\/div>\n\t\t\t\t\t<\/div>\n\t\t<\/section>\n\t\t\t\t<section class=\"elementor-section elementor-top-section elementor-element elementor-element-cc99a5a elementor-section-boxed elementor-section-height-default elementor-section-height-default\" data-id=\"cc99a5a\" data-element_type=\"section\" data-e-type=\"section\">\n\t\t\t\t\t\t<div class=\"elementor-container elementor-column-gap-default\">\n\t\t\t\t\t<div class=\"elementor-column elementor-col-100 elementor-top-column elementor-element elementor-element-c43a095\" data-id=\"c43a095\" data-element_type=\"column\" data-e-type=\"column\">\n\t\t\t<div class=\"elementor-widget-wrap elementor-element-populated\">\n\t\t\t\t\t\t<section class=\"elementor-section elementor-inner-section elementor-element elementor-element-b512558 elementor-section-boxed elementor-section-height-default elementor-section-height-default\" data-id=\"b512558\" data-element_type=\"section\" data-e-type=\"section\">\n\t\t\t\t\t\t<div class=\"elementor-container elementor-column-gap-default\">\n\t\t\t\t\t<div class=\"elementor-column elementor-col-100 elementor-inner-column elementor-element elementor-element-0f9ae2c\" data-id=\"0f9ae2c\" data-element_type=\"column\" data-e-type=\"column\">\n\t\t\t<div class=\"elementor-widget-wrap elementor-element-populated\">\n\t\t\t\t\t\t<div class=\"elementor-element elementor-element-1c336d0 elementor-widget elementor-widget-text-editor\" data-id=\"1c336d0\" data-element_type=\"widget\" data-e-type=\"widget\" data-widget_type=\"text-editor.default\">\n\t\t\t\t<div class=\"elementor-widget-container\">\n\t\t\t\t\t\t\t\t\t<h4><img fetchpriority=\"high\" decoding=\"async\" class=\"team alignleft wp-image-1710 size-full\" src=\"https:\/\/americanpoliticalservices.com\/wp-content\/uploads\/2021\/11\/AizhanCh-4.png\" alt=\"\" width=\"450\" height=\"450\" srcset=\"https:\/\/americanpoliticalservices.com\/wp-content\/uploads\/2021\/11\/AizhanCh-4.png 450w, https:\/\/americanpoliticalservices.com\/wp-content\/uploads\/2021\/11\/AizhanCh-4-300x300.png 300w, https:\/\/americanpoliticalservices.com\/wp-content\/uploads\/2021\/11\/AizhanCh-4-150x150.png 150w\" sizes=\"(max-width: 450px) 100vw, 450px\" \/><\/h4>\n<p>Ce sont des ann\u00e9es d\u2019expertise, de connaissances et de gestion qu\u2019Aizhan Chargynbaeva a apport\u00e9es avec elle en int\u00e9grant <b>l\u2019APS<\/b>. Parmi ses exp\u00e9riences pr\u00e9alables, Aizhan a \u00e9t\u00e9 coordinatrice principale de programme \u00e0 l\u2019Institut r\u00e9publicain international o\u00f9 elle \u00e9tait responsable des projets li\u00e9s aux partis politiques, aux organisations non gouvernementales locales et aux autorit\u00e9s gouvernementales nationales au Kirghizistan. Chargynbaeva a coordonn\u00e9 de nombreux projets pour la jeunesse dans les sept oblasts kirghizes. Pendant son temps libre, Chargynbaeva appr\u00e9cie enseigner. Elle a enseign\u00e9 les cours de correspondance diplomatique \u00e0 l\u2019Acad\u00e9mie diplomatique du minist\u00e8re des affaires \u00e9trang\u00e8res de la R\u00e9publique kirghize et l\u2019espagnol \u00e0 la facult\u00e9 des relations internationales (Universit\u00e9 nationale kirghize).    <\/p>\n<p><strong>Formation:<\/strong><br \/><em>Ma\u00eetrise en droit (LLM)<\/em>, Universit\u00e9 de Salamanque, Espagne.<br \/><em>Licence en relations internationales<\/em>, Universit\u00e9 nationale kirghize, Kirghizistan.<\/p>\n<p><strong>Langues:<\/strong> Anglais, espagnol, russe et kirghize.<\/p>\n\t\t\t\t\t\t\t\t<\/div>\n\t\t\t\t<\/div>\n\t\t\t\t\t<\/div>\n\t\t<\/div>\n\t\t\t\t\t<\/div>\n\t\t<\/section>\n\t\t\t\t\t<\/div>\n\t\t<\/div>\n\t\t\t\t\t<\/div>\n\t\t<\/section>\n\t\t\t\t<\/div>\n\t\t","protected":false},"excerpt":{"rendered":"<p>Ce sont des ann\u00e9es d\u2019expertise, de connaissances et de gestion qu\u2019Aizhan Chargynbaeva a apport\u00e9es avec elle en int\u00e9grant l\u2019APS. Parmi ses exp\u00e9riences pr\u00e9alables, Aizhan a \u00e9t\u00e9 coordinatrice principale de programme \u00e0 l\u2019Institut r\u00e9publicain international o\u00f9 elle \u00e9tait responsable des projets li\u00e9s aux partis politiques, aux organisations non gouvernementales locales et aux autorit\u00e9s gouvernementales nationales au [&hellip;]<\/p>\n","protected":false},"author":1,"featured_media":0,"parent":0,"menu_order":0,"comment_status":"closed","ping_status":"closed","template":"","meta":{"footnotes":""},"class_list":["post-3473","page","type-page","status-publish","hentry"],"_links":{"self":[{"href":"https:\/\/americanpoliticalservices.com\/fr\/wp-json\/wp\/v2\/pages\/3473","targetHints":{"allow":["GET"]}}],"collection":[{"href":"https:\/\/americanpoliticalservices.com\/fr\/wp-json\/wp\/v2\/pages"}],"about":[{"href":"https:\/\/americanpoliticalservices.com\/fr\/wp-json\/wp\/v2\/types\/page"}],"author":[{"embeddable":true,"href":"https:\/\/americanpoliticalservices.com\/fr\/wp-json\/wp\/v2\/users\/1"}],"replies":[{"embeddable":true,"href":"https:\/\/americanpoliticalservices.com\/fr\/wp-json\/wp\/v2\/comments?post=3473"}],"version-history":[{"count":3,"href":"https:\/\/americanpoliticalservices.com\/fr\/wp-json\/wp\/v2\/pages\/3473\/revisions"}],"predecessor-version":[{"id":3484,"href":"https:\/\/americanpoliticalservices.com\/fr\/wp-json\/wp\/v2\/pages\/3473\/revisions\/3484"}],"wp:attachment":[{"href":"https:\/\/americanpoliticalservices.com\/fr\/wp-json\/wp\/v2\/media?parent=3473"}],"curies":[{"name":"wp","href":"https:\/\/api.w.org\/{rel}","templated":true}]}}