{"id":4970,"date":"2022-07-11T18:39:36","date_gmt":"2022-07-11T18:39:36","guid":{"rendered":"https:\/\/americanpoliticalservices.com\/christian-montessori\/"},"modified":"2022-07-11T18:39:37","modified_gmt":"2022-07-11T18:39:37","slug":"christian-montessori","status":"publish","type":"page","link":"https:\/\/americanpoliticalservices.com\/es\/christian-montessori\/","title":{"rendered":"Christian Montessori"},"content":{"rendered":"<style>\/*! elementor - v3.5.6 - 28-02-2022 *\/\n.elementor-heading-title{padding:0;margin:0;line-height:1}.elementor-widget-heading .elementor-heading-title[class*=elementor-size-]>a{color:inherit;font-size:inherit;line-height:inherit}.elementor-widget-heading .elementor-heading-title.elementor-size-small{font-size:15px}.elementor-widget-heading .elementor-heading-title.elementor-size-medium{font-size:19px}.elementor-widget-heading .elementor-heading-title.elementor-size-large{font-size:29px}.elementor-widget-heading .elementor-heading-title.elementor-size-xl{font-size:39px}.elementor-widget-heading .elementor-heading-title.elementor-size-xxl{font-size:59px}<\/style>\n<h3>Christian Montessori<\/h3>\n<h3><img fetchpriority=\"high\" decoding=\"async\" src=\"https:\/\/americanpoliticalservices.com\/wp-content\/uploads\/2022\/07\/signal-2022-06-14-084619_002-211x300.jpeg\" alt=\"\" width=\"300\" height=\"300\"><\/h3>\n<p>Christian Montessori es un investigador de fuentes abiertas con media d\u00e9cada de experiencia en su haber centrado en los conflictos de Oriente Medio y Europa del Este. Montessori ha demostrado sistem\u00e1ticamente que, analizando, volviendo a analizar y afinando cada detalle de la informaci\u00f3n, se puede descifrar misteriosos casos sin resolver que hab\u00edan escapado a las miradas de los investigadores anteriores, y que a menudo ofrecen resultados sorprendentes. Algunos de los trabajos m\u00e1s destacados de Montessori para APS han sido la documentaci\u00f3n y el an\u00e1lisis de las violaciones de los derechos humanos en la guerra civil siria y, m\u00e1s recientemente, el an\u00e1lisis cr\u00edtico de la invasi\u00f3n rusa de Ucrania. Gracias a su diligente trabajo, Montessori ha ascendido r\u00e1pidamente en APS, pasando de ser un analista de nivel b\u00e1sico a dirigir nuestra divisi\u00f3n que se ocupa de la inteligencia de fuente abierta (OSINT). &#8211; &#8211; &#8211;<\/p>\n<p><strong>Languages:<\/strong> Ingl\u00e9s<\/p>\n","protected":false},"excerpt":{"rendered":"<p>Christian Montessori Christian Montessori es un investigador de fuentes abiertas con media d\u00e9cada de experiencia en su haber centrado en los conflictos de Oriente Medio y Europa del Este. Montessori ha demostrado sistem\u00e1ticamente que, analizando, volviendo a analizar y afinando cada detalle de la informaci\u00f3n, se puede descifrar misteriosos casos sin resolver que hab\u00edan escapado [&hellip;]<\/p>\n","protected":false},"author":1,"featured_media":0,"parent":0,"menu_order":0,"comment_status":"closed","ping_status":"closed","template":"","meta":{"footnotes":""},"class_list":["post-4970","page","type-page","status-publish","hentry"],"_links":{"self":[{"href":"https:\/\/americanpoliticalservices.com\/es\/wp-json\/wp\/v2\/pages\/4970","targetHints":{"allow":["GET"]}}],"collection":[{"href":"https:\/\/americanpoliticalservices.com\/es\/wp-json\/wp\/v2\/pages"}],"about":[{"href":"https:\/\/americanpoliticalservices.com\/es\/wp-json\/wp\/v2\/types\/page"}],"author":[{"embeddable":true,"href":"https:\/\/americanpoliticalservices.com\/es\/wp-json\/wp\/v2\/users\/1"}],"replies":[{"embeddable":true,"href":"https:\/\/americanpoliticalservices.com\/es\/wp-json\/wp\/v2\/comments?post=4970"}],"version-history":[{"count":1,"href":"https:\/\/americanpoliticalservices.com\/es\/wp-json\/wp\/v2\/pages\/4970\/revisions"}],"predecessor-version":[{"id":4971,"href":"https:\/\/americanpoliticalservices.com\/es\/wp-json\/wp\/v2\/pages\/4970\/revisions\/4971"}],"wp:attachment":[{"href":"https:\/\/americanpoliticalservices.com\/es\/wp-json\/wp\/v2\/media?parent=4970"}],"curies":[{"name":"wp","href":"https:\/\/api.w.org\/{rel}","templated":true}]}}