{"id":4548,"date":"2022-01-19T12:07:14","date_gmt":"2022-01-19T12:07:14","guid":{"rendered":"https:\/\/americanpoliticalservices.com\/cristobal-lamar\/"},"modified":"2022-01-20T09:17:22","modified_gmt":"2022-01-20T09:17:22","slug":"cristobal-lamar","status":"publish","type":"page","link":"https:\/\/americanpoliticalservices.com\/es\/cristobal-lamar\/","title":{"rendered":"Crist\u00f3bal Lamar"},"content":{"rendered":"\t\t<div data-elementor-type=\"wp-page\" data-elementor-id=\"4548\" class=\"elementor elementor-4548 elementor-4491\">\n\t\t\t\t\t\t<section class=\"elementor-section elementor-top-section elementor-element elementor-element-45bd085c elementor-section-boxed elementor-section-height-default elementor-section-height-default\" data-id=\"45bd085c\" data-element_type=\"section\" data-e-type=\"section\" data-settings=\"{&quot;background_background&quot;:&quot;gradient&quot;}\">\n\t\t\t\t\t\t\t<div class=\"elementor-background-overlay\"><\/div>\n\t\t\t\t\t\t\t<div class=\"elementor-container elementor-column-gap-default\">\n\t\t\t\t\t<div class=\"elementor-column elementor-col-100 elementor-top-column elementor-element elementor-element-2cb71ebd\" data-id=\"2cb71ebd\" data-element_type=\"column\" data-e-type=\"column\">\n\t\t\t<div class=\"elementor-widget-wrap elementor-element-populated\">\n\t\t\t\t\t\t<div class=\"elementor-element elementor-element-5ae0e8b3 elementor-invisible elementor-widget elementor-widget-heading\" data-id=\"5ae0e8b3\" data-element_type=\"widget\" data-e-type=\"widget\" data-settings=\"{&quot;_animation&quot;:&quot;fadeInLeft&quot;}\" data-widget_type=\"heading.default\">\n\t\t\t\t<div class=\"elementor-widget-container\">\n\t\t\t\t\t<h3 class=\"elementor-heading-title elementor-size-default\">Crist\u00f3bal Lamar<\/h3>\t\t\t\t<\/div>\n\t\t\t\t<\/div>\n\t\t\t\t\t<\/div>\n\t\t<\/div>\n\t\t\t\t\t<\/div>\n\t\t<\/section>\n\t\t\t\t<section class=\"elementor-section elementor-top-section elementor-element elementor-element-cc99a5a elementor-section-boxed elementor-section-height-default elementor-section-height-default\" data-id=\"cc99a5a\" data-element_type=\"section\" data-e-type=\"section\">\n\t\t\t\t\t\t<div class=\"elementor-container elementor-column-gap-default\">\n\t\t\t\t\t<div class=\"elementor-column elementor-col-100 elementor-top-column elementor-element elementor-element-c43a095\" data-id=\"c43a095\" data-element_type=\"column\" data-e-type=\"column\">\n\t\t\t<div class=\"elementor-widget-wrap elementor-element-populated\">\n\t\t\t\t\t\t<section class=\"elementor-section elementor-inner-section elementor-element elementor-element-b512558 elementor-section-boxed elementor-section-height-default elementor-section-height-default\" data-id=\"b512558\" data-element_type=\"section\" data-e-type=\"section\">\n\t\t\t\t\t\t<div class=\"elementor-container elementor-column-gap-default\">\n\t\t\t\t\t<div class=\"elementor-column elementor-col-100 elementor-inner-column elementor-element elementor-element-0f9ae2c\" data-id=\"0f9ae2c\" data-element_type=\"column\" data-e-type=\"column\">\n\t\t\t<div class=\"elementor-widget-wrap elementor-element-populated\">\n\t\t\t\t\t\t<div class=\"elementor-element elementor-element-1c336d0 elementor-widget elementor-widget-text-editor\" data-id=\"1c336d0\" data-element_type=\"widget\" data-e-type=\"widget\" data-widget_type=\"text-editor.default\">\n\t\t\t\t<div class=\"elementor-widget-container\">\n\t\t\t\t\t\t\t\t\t<h4><img fetchpriority=\"high\" decoding=\"async\" class=\"alignleft wp-image-4652 size-medium\" src=\"https:\/\/americanpoliticalservices.com\/wp-content\/uploads\/2022\/01\/CLamar-1-300x300.png\" alt=\"\" width=\"300\" height=\"300\" srcset=\"https:\/\/americanpoliticalservices.com\/wp-content\/uploads\/2022\/01\/CLamar-1-300x300.png 300w, https:\/\/americanpoliticalservices.com\/wp-content\/uploads\/2022\/01\/CLamar-1-150x150.png 150w, https:\/\/americanpoliticalservices.com\/wp-content\/uploads\/2022\/01\/CLamar-1.png 450w\" sizes=\"(max-width: 300px) 100vw, 300px\" \/><\/h4>\n<p dir=\"ltr\" style=\"line-height: 1.38; text-align: justify; background-color: #ffffff; margin-top: 12pt; margin-bottom: 0pt;\"><span style=\"font-size: 11pt; font-family: Arial; color: #222222; background-color: transparent; font-weight: 400; font-style: normal; font-variant-ligatures: normal; font-variant-caps: normal; font-variant-east-asian: normal; font-variant-position: normal; text-decoration: none; vertical-align: baseline; white-space: pre-wrap;\">Crist\u00f3bal ha trabajado con importantes partidos pol\u00edticos y actualmente forma parte de iniciativas y campa\u00f1as en los Estados Unidos y Latinoam\u00e9rica. Antes de incorporarse a <strong>APS<\/strong>, por su amplia experiencia en organizaciones de base, desempe\u00f1\u00f3 funciones de liderazgo en organizaci\u00f3n territorial e investigaci\u00f3n de oposici\u00f3n para varias campa\u00f1as locales y presidenciales; y ha presidido el Cuarto de Guerra de una campa\u00f1a presidencial. Crist\u00f3bal es reconocido por su activismo y organizaci\u00f3n por medio de plataformas digitales dise\u00f1adas para difundir causas sociales e iniciativas pol\u00edticas.<\/span><\/p>\n<p dir=\"ltr\" style=\"line-height: 1.38; text-align: justify; background-color: #ffffff; margin-top: 12pt; margin-bottom: 0pt;\"><span style=\"font-size: 11pt; font-family: Arial; color: #222222; background-color: transparent; font-weight: 400; font-style: normal; font-variant-ligatures: normal; font-variant-caps: normal; font-variant-east-asian: normal; font-variant-position: normal; text-decoration: none; vertical-align: baseline; white-space: pre-wrap;\"> <\/span><\/p>\n<p dir=\"ltr\" style=\"line-height: 1.3800027272727273; text-align: justify; background-color: #ffffff; margin-top: 0pt; margin-bottom: 0pt;\"><strong><span style=\"font-size: 11pt; font-family: Arial; color: #222222; background-color: transparent; font-style: normal; font-variant-ligatures: normal; font-variant-caps: normal; font-variant-east-asian: normal; font-variant-position: normal; text-decoration: none; vertical-align: baseline; white-space: pre-wrap;\">Educaci\u00f3n:<\/span><\/strong><\/p>\n<p dir=\"ltr\" style=\"line-height: 1.3800027272727273; text-align: justify; background-color: #ffffff; margin-top: 0pt; margin-bottom: 0pt;\"><span style=\"font-size: 11pt; font-family: Arial; color: #222222; background-color: transparent; font-weight: 400; font-style: normal; font-variant-ligatures: normal; font-variant-caps: normal; font-variant-east-asian: normal; font-variant-position: normal; text-decoration: none; vertical-align: baseline; white-space: pre-wrap;\"><em>Grado en Derecho<\/em>, Essex Co. College<\/span><\/p>\n<p dir=\"ltr\" style=\"line-height: 1.38; text-align: justify; background-color: #ffffff; margin-top: 0pt; margin-bottom: 0pt; padding: 12pt 0pt 0pt;\"><span style=\"font-size: 11pt; font-family: Arial; color: #222222; background-color: transparent; font-weight: bold; font-style: normal; font-variant-ligatures: normal; font-variant-caps: normal; font-variant-east-asian: normal; font-variant-position: normal; text-decoration: none; vertical-align: baseline; white-space: pre-wrap;\">Idiomas:<\/span><span style=\"font-size: 11pt; font-family: Arial; color: #222222; background-color: transparent; font-weight: 400; font-style: normal; font-variant-ligatures: normal; font-variant-caps: normal; font-variant-east-asian: normal; font-variant-position: normal; text-decoration: none; vertical-align: baseline; white-space: pre-wrap;\">ingl\u00e9s y espa\u00f1ol<\/span><\/p>\n\t\t\t\t\t\t\t\t<\/div>\n\t\t\t\t<\/div>\n\t\t\t\t\t<\/div>\n\t\t<\/div>\n\t\t\t\t\t<\/div>\n\t\t<\/section>\n\t\t\t\t\t<\/div>\n\t\t<\/div>\n\t\t\t\t\t<\/div>\n\t\t<\/section>\n\t\t\t\t<\/div>\n\t\t","protected":false},"excerpt":{"rendered":"<p>Crist\u00f3bal ha trabajado con importantes partidos pol\u00edticos y actualmente forma parte de iniciativas y campa\u00f1as en los Estados Unidos y Latinoam\u00e9rica. Antes de incorporarse a APS, por su amplia experiencia en organizaciones de base, desempe\u00f1\u00f3 funciones de liderazgo en organizaci\u00f3n territorial e investigaci\u00f3n de oposici\u00f3n para varias campa\u00f1as locales y presidenciales; y ha presidido el [&hellip;]<\/p>\n","protected":false},"author":1,"featured_media":0,"parent":0,"menu_order":0,"comment_status":"closed","ping_status":"closed","template":"","meta":{"footnotes":""},"class_list":["post-4548","page","type-page","status-publish","hentry"],"_links":{"self":[{"href":"https:\/\/americanpoliticalservices.com\/es\/wp-json\/wp\/v2\/pages\/4548","targetHints":{"allow":["GET"]}}],"collection":[{"href":"https:\/\/americanpoliticalservices.com\/es\/wp-json\/wp\/v2\/pages"}],"about":[{"href":"https:\/\/americanpoliticalservices.com\/es\/wp-json\/wp\/v2\/types\/page"}],"author":[{"embeddable":true,"href":"https:\/\/americanpoliticalservices.com\/es\/wp-json\/wp\/v2\/users\/1"}],"replies":[{"embeddable":true,"href":"https:\/\/americanpoliticalservices.com\/es\/wp-json\/wp\/v2\/comments?post=4548"}],"version-history":[{"count":3,"href":"https:\/\/americanpoliticalservices.com\/es\/wp-json\/wp\/v2\/pages\/4548\/revisions"}],"predecessor-version":[{"id":4685,"href":"https:\/\/americanpoliticalservices.com\/es\/wp-json\/wp\/v2\/pages\/4548\/revisions\/4685"}],"wp:attachment":[{"href":"https:\/\/americanpoliticalservices.com\/es\/wp-json\/wp\/v2\/media?parent=4548"}],"curies":[{"name":"wp","href":"https:\/\/api.w.org\/{rel}","templated":true}]}}