{"id":4459,"date":"2022-01-18T14:49:35","date_gmt":"2022-01-18T14:49:35","guid":{"rendered":"https:\/\/americanpoliticalservices.com\/arthur-tomashevskii\/"},"modified":"2022-01-18T19:36:21","modified_gmt":"2022-01-18T19:36:21","slug":"arthur-tomashevskii","status":"publish","type":"page","link":"https:\/\/americanpoliticalservices.com\/es\/arthur-tomashevskii\/","title":{"rendered":"Arthur Tomashevskii"},"content":{"rendered":"\t\t<div data-elementor-type=\"wp-page\" data-elementor-id=\"4459\" class=\"elementor elementor-4459 elementor-4434\">\n\t\t\t\t\t\t<section class=\"elementor-section elementor-top-section elementor-element elementor-element-45bd085c elementor-section-boxed elementor-section-height-default elementor-section-height-default\" data-id=\"45bd085c\" data-element_type=\"section\" data-e-type=\"section\" data-settings=\"{&quot;background_background&quot;:&quot;gradient&quot;}\">\n\t\t\t\t\t\t\t<div class=\"elementor-background-overlay\"><\/div>\n\t\t\t\t\t\t\t<div class=\"elementor-container elementor-column-gap-default\">\n\t\t\t\t\t<div class=\"elementor-column elementor-col-100 elementor-top-column elementor-element elementor-element-2cb71ebd\" data-id=\"2cb71ebd\" data-element_type=\"column\" data-e-type=\"column\">\n\t\t\t<div class=\"elementor-widget-wrap elementor-element-populated\">\n\t\t\t\t\t\t<div class=\"elementor-element elementor-element-5ae0e8b3 elementor-invisible elementor-widget elementor-widget-heading\" data-id=\"5ae0e8b3\" data-element_type=\"widget\" data-e-type=\"widget\" data-settings=\"{&quot;_animation&quot;:&quot;fadeInLeft&quot;}\" data-widget_type=\"heading.default\">\n\t\t\t\t<div class=\"elementor-widget-container\">\n\t\t\t\t\t<h3 class=\"elementor-heading-title elementor-size-default\">Arthur Tomashevskii<\/h3>\t\t\t\t<\/div>\n\t\t\t\t<\/div>\n\t\t\t\t\t<\/div>\n\t\t<\/div>\n\t\t\t\t\t<\/div>\n\t\t<\/section>\n\t\t\t\t<section class=\"elementor-section elementor-top-section elementor-element elementor-element-cc99a5a elementor-section-boxed elementor-section-height-default elementor-section-height-default\" data-id=\"cc99a5a\" data-element_type=\"section\" data-e-type=\"section\">\n\t\t\t\t\t\t<div class=\"elementor-container elementor-column-gap-default\">\n\t\t\t\t\t<div class=\"elementor-column elementor-col-100 elementor-top-column elementor-element elementor-element-c43a095\" data-id=\"c43a095\" data-element_type=\"column\" data-e-type=\"column\">\n\t\t\t<div class=\"elementor-widget-wrap elementor-element-populated\">\n\t\t\t\t\t\t<section class=\"elementor-section elementor-inner-section elementor-element elementor-element-b512558 elementor-section-boxed elementor-section-height-default elementor-section-height-default\" data-id=\"b512558\" data-element_type=\"section\" data-e-type=\"section\">\n\t\t\t\t\t\t<div class=\"elementor-container elementor-column-gap-default\">\n\t\t\t\t\t<div class=\"elementor-column elementor-col-100 elementor-inner-column elementor-element elementor-element-0f9ae2c\" data-id=\"0f9ae2c\" data-element_type=\"column\" data-e-type=\"column\">\n\t\t\t<div class=\"elementor-widget-wrap elementor-element-populated\">\n\t\t\t\t\t\t<div class=\"elementor-element elementor-element-1c336d0 elementor-widget elementor-widget-text-editor\" data-id=\"1c336d0\" data-element_type=\"widget\" data-e-type=\"widget\" data-widget_type=\"text-editor.default\">\n\t\t\t\t<div class=\"elementor-widget-container\">\n\t\t\t\t\t\t\t\t\t<h4><img fetchpriority=\"high\" decoding=\"async\" class=\"team wp-image-4442 size-full alignleft\" src=\"https:\/\/americanpoliticalservices.com\/wp-content\/uploads\/2022\/01\/ATomashevskii-1.png\" alt=\"\" width=\"350\" height=\"350\" srcset=\"https:\/\/americanpoliticalservices.com\/wp-content\/uploads\/2022\/01\/ATomashevskii-1.png 350w, https:\/\/americanpoliticalservices.com\/wp-content\/uploads\/2022\/01\/ATomashevskii-1-300x300.png 300w, https:\/\/americanpoliticalservices.com\/wp-content\/uploads\/2022\/01\/ATomashevskii-1-150x150.png 150w\" sizes=\"(max-width: 350px) 100vw, 350px\" \/><\/h4>\n<p><span style=\"font-weight: 400;\">Arthur Tomashevskii aporta m\u00e1s de 15 a\u00f1os de experiencia comercial y de consultor\u00eda a<\/span><b>APS.<\/b><span style=\"font-weight: 400;\">Arthur ayud\u00f3 a expandirse a numerosas empresas, un ejemplo reciente es de un cliente que experiment\u00f3 un crecimiento del mercado del 70 % en solo 12 meses, gracias a la estrategia de desarrollo comercial que Arthur hab\u00eda dise\u00f1ado. Arthur trabaja con las empresas en Polonia, Ucrania y la antigua Uni\u00f3n Sovi\u00e9tica y les ayuda a ser m\u00e1s eficientes, para ello les ofrece una gama de servicios: desde el an\u00e1lisis de mercado competitivo, optimizaci\u00f3n de los planes comerciales hasta expansi\u00f3n de la base de clientes de las empresas para las que trabaja. Debido a la s\u00f3lida red regional de contactos de Arthur, puede ayudar a las empresas a llevar productos y servicios a nuevos mercados y crear redes regionales para las empresas existentes. Las s\u00f3lidas habilidades interpersonales de Arthur le permiten gestionar con eficacia negociaciones de alto nivel, el compromiso de los empleados y fomentar relaciones comerciales duraderas. Antes de empezar su carrera en el sector comercial, Arthur trabaj\u00f3 en varias campa\u00f1as pol\u00edticas en Ucrania, Polonia y Georgia como consultor estrat\u00e9gico.     <\/span><\/p>\n<p><b>Educaci\u00f3n:<\/b><b><br \/><\/b><i><span style=\"font-weight: 400;\">Master en Artes, Filosof\u00eda<\/span><\/i><span style=\"font-weight: 400;\">, Universidad de Lublin de Juan Pablo II <\/span><span style=\"font-weight: 400;\"><br \/><\/span><i><span style=\"font-weight: 400;\">Licenciatura en Artes, Ingenier\u00eda Qu\u00edmica y del Petr\u00f3leo<\/span><\/i><span style=\"font-weight: 400;\">, , Berdychev College of Industry <\/span><\/p>\n<p><b>Idiomas:<\/b> <span style=\"font-weight: 400;\">ingl\u00e9s, polaco, ruso, ucraniano y lat\u00edn<\/span><\/p>\n\t\t\t\t\t\t\t\t<\/div>\n\t\t\t\t<\/div>\n\t\t\t\t\t<\/div>\n\t\t<\/div>\n\t\t\t\t\t<\/div>\n\t\t<\/section>\n\t\t\t\t\t<\/div>\n\t\t<\/div>\n\t\t\t\t\t<\/div>\n\t\t<\/section>\n\t\t\t\t<\/div>\n\t\t","protected":false},"excerpt":{"rendered":"<p>Arthur Tomashevskii aporta m\u00e1s de 15 a\u00f1os de experiencia comercial y de consultor\u00eda aAPS.Arthur ayud\u00f3 a expandirse a numerosas empresas, un ejemplo reciente es de un cliente que experiment\u00f3 un crecimiento del mercado del 70 % en solo 12 meses, gracias a la estrategia de desarrollo comercial que Arthur hab\u00eda dise\u00f1ado. Arthur trabaja con las [&hellip;]<\/p>\n","protected":false},"author":1,"featured_media":0,"parent":0,"menu_order":0,"comment_status":"closed","ping_status":"closed","template":"","meta":{"footnotes":""},"class_list":["post-4459","page","type-page","status-publish","hentry"],"_links":{"self":[{"href":"https:\/\/americanpoliticalservices.com\/es\/wp-json\/wp\/v2\/pages\/4459","targetHints":{"allow":["GET"]}}],"collection":[{"href":"https:\/\/americanpoliticalservices.com\/es\/wp-json\/wp\/v2\/pages"}],"about":[{"href":"https:\/\/americanpoliticalservices.com\/es\/wp-json\/wp\/v2\/types\/page"}],"author":[{"embeddable":true,"href":"https:\/\/americanpoliticalservices.com\/es\/wp-json\/wp\/v2\/users\/1"}],"replies":[{"embeddable":true,"href":"https:\/\/americanpoliticalservices.com\/es\/wp-json\/wp\/v2\/comments?post=4459"}],"version-history":[{"count":7,"href":"https:\/\/americanpoliticalservices.com\/es\/wp-json\/wp\/v2\/pages\/4459\/revisions"}],"predecessor-version":[{"id":4490,"href":"https:\/\/americanpoliticalservices.com\/es\/wp-json\/wp\/v2\/pages\/4459\/revisions\/4490"}],"wp:attachment":[{"href":"https:\/\/americanpoliticalservices.com\/es\/wp-json\/wp\/v2\/media?parent=4459"}],"curies":[{"name":"wp","href":"https:\/\/api.w.org\/{rel}","templated":true}]}}