{"id":4423,"date":"2022-01-17T13:06:39","date_gmt":"2022-01-17T13:06:39","guid":{"rendered":"https:\/\/americanpoliticalservices.com\/jose-ramon-alvarez-canedo\/"},"modified":"2022-01-17T13:06:40","modified_gmt":"2022-01-17T13:06:40","slug":"jose-ramon-alvarez-canedo","status":"publish","type":"page","link":"https:\/\/americanpoliticalservices.com\/es\/jose-ramon-alvarez-canedo\/","title":{"rendered":"Jos\u00e9 Ram\u00f3n \u00c1lvarez Ca\u00f1edo"},"content":{"rendered":"\t\t<div data-elementor-type=\"wp-page\" data-elementor-id=\"4423\" class=\"elementor elementor-4423 elementor-4400\">\n\t\t\t\t\t\t<section class=\"elementor-section elementor-top-section elementor-element elementor-element-45bd085c elementor-section-boxed elementor-section-height-default elementor-section-height-default\" data-id=\"45bd085c\" data-element_type=\"section\" data-e-type=\"section\" data-settings=\"{&quot;background_background&quot;:&quot;gradient&quot;}\">\n\t\t\t\t\t\t\t<div class=\"elementor-background-overlay\"><\/div>\n\t\t\t\t\t\t\t<div class=\"elementor-container elementor-column-gap-default\">\n\t\t\t\t\t<div class=\"elementor-column elementor-col-100 elementor-top-column elementor-element elementor-element-2cb71ebd\" data-id=\"2cb71ebd\" data-element_type=\"column\" data-e-type=\"column\">\n\t\t\t<div class=\"elementor-widget-wrap elementor-element-populated\">\n\t\t\t\t\t\t<div class=\"elementor-element elementor-element-5ae0e8b3 elementor-invisible elementor-widget elementor-widget-heading\" data-id=\"5ae0e8b3\" data-element_type=\"widget\" data-e-type=\"widget\" data-settings=\"{&quot;_animation&quot;:&quot;fadeInLeft&quot;}\" data-widget_type=\"heading.default\">\n\t\t\t\t<div class=\"elementor-widget-container\">\n\t\t\t\t\t<h3 class=\"elementor-heading-title elementor-size-default\">Jos\u00e9 Ram\u00f3n \u00c1lvarez Ca\u00f1edo<\/h3>\t\t\t\t<\/div>\n\t\t\t\t<\/div>\n\t\t\t\t\t<\/div>\n\t\t<\/div>\n\t\t\t\t\t<\/div>\n\t\t<\/section>\n\t\t\t\t<section class=\"elementor-section elementor-top-section elementor-element elementor-element-cc99a5a elementor-section-boxed elementor-section-height-default elementor-section-height-default\" data-id=\"cc99a5a\" data-element_type=\"section\" data-e-type=\"section\">\n\t\t\t\t\t\t<div class=\"elementor-container elementor-column-gap-default\">\n\t\t\t\t\t<div class=\"elementor-column elementor-col-100 elementor-top-column elementor-element elementor-element-c43a095\" data-id=\"c43a095\" data-element_type=\"column\" data-e-type=\"column\">\n\t\t\t<div class=\"elementor-widget-wrap elementor-element-populated\">\n\t\t\t\t\t\t<section class=\"elementor-section elementor-inner-section elementor-element elementor-element-b512558 elementor-section-boxed elementor-section-height-default elementor-section-height-default\" data-id=\"b512558\" data-element_type=\"section\" data-e-type=\"section\">\n\t\t\t\t\t\t<div class=\"elementor-container elementor-column-gap-default\">\n\t\t\t\t\t<div class=\"elementor-column elementor-col-100 elementor-inner-column elementor-element elementor-element-0f9ae2c\" data-id=\"0f9ae2c\" data-element_type=\"column\" data-e-type=\"column\">\n\t\t\t<div class=\"elementor-widget-wrap elementor-element-populated\">\n\t\t\t\t\t\t<div class=\"elementor-element elementor-element-1c336d0 elementor-widget elementor-widget-text-editor\" data-id=\"1c336d0\" data-element_type=\"widget\" data-e-type=\"widget\" data-widget_type=\"text-editor.default\">\n\t\t\t\t<div class=\"elementor-widget-container\">\n\t\t\t\t\t\t\t\t\t<h4><img fetchpriority=\"high\" decoding=\"async\" class=\"team wp-image-4402 size-full alignleft\" src=\"https:\/\/americanpoliticalservices.com\/wp-content\/uploads\/2022\/01\/JoseRAlvarez.png\" alt=\"\" width=\"450\" height=\"450\" srcset=\"https:\/\/americanpoliticalservices.com\/wp-content\/uploads\/2022\/01\/JoseRAlvarez.png 450w, https:\/\/americanpoliticalservices.com\/wp-content\/uploads\/2022\/01\/JoseRAlvarez-300x300.png 300w, https:\/\/americanpoliticalservices.com\/wp-content\/uploads\/2022\/01\/JoseRAlvarez-150x150.png 150w\" sizes=\"(max-width: 450px) 100vw, 450px\" \/><\/h4>\n<p><span style=\"font-weight: 400;\">Jos\u00e9 Ram\u00f3n \u00c1lvarez Ca\u00f1edo es un abogado, conocido en Espa\u00f1a y en la Uni\u00f3n Europea, como experto en Derecho P\u00fablico Econ\u00f3mico y Sectores Regulados. Jos\u00e9 Ram\u00f3n viene a <\/span><b>APS <\/b><span style=\"font-weight: 400;\">con m\u00e1s de 10 a\u00f1os de experiencia profesional en el asesoramiento jur\u00eddico de empresas nacionales e internacionales. Jos\u00e9 Ram\u00f3n asesora jur\u00eddicamente en la actualidad al Secretario de la Instituci\u00f3n bancaria y financiera CECA- CECABANK, siendo el Secretario del Comit\u00e9 Jur\u00eddico y Letrado Asesor de la Secretar\u00eda General y de la Asesor\u00eda Jur\u00eddica de dicha Instituci\u00f3n. En el \u00e1mbito docente, es profesor de Derecho Administrativo, Contencioso &#8211; Administrativo y Deontolog\u00eda Profesional, as\u00ed como Coordinador del \u00c1rea de Deontolog\u00eda del IE Law School. Adem\u00e1s de ser un experto en los campos jur\u00eddicos relacionados con las finanzas y la banca, Jos\u00e9 Ram\u00f3n tiene una amplia experiencia en litigios y en derecho de la Uni\u00f3n Europea.   <\/span><\/p>\n<p><b>Educaci\u00f3n: <br \/><\/b><span style=\"font-weight: 400;\"><em>M\u00e1ster de Asesor\u00eda Jur\u00eddica de Empresas, M\u00f3dulo de empresas,<\/em> IE Law S\u0441hool <br \/><\/span><span style=\"font-weight: 400;\"><em>Licenciatura en Derecho,<\/em> Universidad Aut\u00f3noma de Madrid\/IEB<\/span><\/p>\n<p><b>Idiomas:<\/b> <span style=\"font-weight: 400;\">ingl\u00e9s y espa\u00f1ol<\/span><\/p>\n\t\t\t\t\t\t\t\t<\/div>\n\t\t\t\t<\/div>\n\t\t\t\t\t<\/div>\n\t\t<\/div>\n\t\t\t\t\t<\/div>\n\t\t<\/section>\n\t\t\t\t\t<\/div>\n\t\t<\/div>\n\t\t\t\t\t<\/div>\n\t\t<\/section>\n\t\t\t\t<\/div>\n\t\t","protected":false},"excerpt":{"rendered":"<p>Jos\u00e9 Ram\u00f3n \u00c1lvarez Ca\u00f1edo es un abogado, conocido en Espa\u00f1a y en la Uni\u00f3n Europea, como experto en Derecho P\u00fablico Econ\u00f3mico y Sectores Regulados. Jos\u00e9 Ram\u00f3n viene a APS con m\u00e1s de 10 a\u00f1os de experiencia profesional en el asesoramiento jur\u00eddico de empresas nacionales e internacionales. Jos\u00e9 Ram\u00f3n asesora jur\u00eddicamente en la actualidad al Secretario [&hellip;]<\/p>\n","protected":false},"author":1,"featured_media":0,"parent":0,"menu_order":0,"comment_status":"closed","ping_status":"closed","template":"","meta":{"footnotes":""},"class_list":["post-4423","page","type-page","status-publish","hentry"],"_links":{"self":[{"href":"https:\/\/americanpoliticalservices.com\/es\/wp-json\/wp\/v2\/pages\/4423","targetHints":{"allow":["GET"]}}],"collection":[{"href":"https:\/\/americanpoliticalservices.com\/es\/wp-json\/wp\/v2\/pages"}],"about":[{"href":"https:\/\/americanpoliticalservices.com\/es\/wp-json\/wp\/v2\/types\/page"}],"author":[{"embeddable":true,"href":"https:\/\/americanpoliticalservices.com\/es\/wp-json\/wp\/v2\/users\/1"}],"replies":[{"embeddable":true,"href":"https:\/\/americanpoliticalservices.com\/es\/wp-json\/wp\/v2\/comments?post=4423"}],"version-history":[{"count":2,"href":"https:\/\/americanpoliticalservices.com\/es\/wp-json\/wp\/v2\/pages\/4423\/revisions"}],"predecessor-version":[{"id":4425,"href":"https:\/\/americanpoliticalservices.com\/es\/wp-json\/wp\/v2\/pages\/4423\/revisions\/4425"}],"wp:attachment":[{"href":"https:\/\/americanpoliticalservices.com\/es\/wp-json\/wp\/v2\/media?parent=4423"}],"curies":[{"name":"wp","href":"https:\/\/api.w.org\/{rel}","templated":true}]}}