{"id":4218,"date":"2022-01-05T13:42:42","date_gmt":"2022-01-05T13:42:42","guid":{"rendered":"https:\/\/americanpoliticalservices.com\/brent-escobar\/"},"modified":"2022-01-05T13:42:42","modified_gmt":"2022-01-05T13:42:42","slug":"brent-escobar","status":"publish","type":"page","link":"https:\/\/americanpoliticalservices.com\/es\/brent-escobar\/","title":{"rendered":"Brent Escobar"},"content":{"rendered":"\t\t<div data-elementor-type=\"wp-page\" data-elementor-id=\"4218\" class=\"elementor elementor-4218\">\n\t\t\t\t\t\t<section class=\"elementor-section elementor-top-section elementor-element elementor-element-45bd085c elementor-section-boxed elementor-section-height-default elementor-section-height-default\" data-id=\"45bd085c\" data-element_type=\"section\" data-e-type=\"section\" data-settings=\"{&quot;background_background&quot;:&quot;gradient&quot;}\">\n\t\t\t\t\t\t\t<div class=\"elementor-background-overlay\"><\/div>\n\t\t\t\t\t\t\t<div class=\"elementor-container elementor-column-gap-default\">\n\t\t\t\t\t<div class=\"elementor-column elementor-col-100 elementor-top-column elementor-element elementor-element-2cb71ebd\" data-id=\"2cb71ebd\" data-element_type=\"column\" data-e-type=\"column\">\n\t\t\t<div class=\"elementor-widget-wrap elementor-element-populated\">\n\t\t\t\t\t\t<div class=\"elementor-element elementor-element-5ae0e8b3 elementor-invisible elementor-widget elementor-widget-heading\" data-id=\"5ae0e8b3\" data-element_type=\"widget\" data-e-type=\"widget\" data-settings=\"{&quot;_animation&quot;:&quot;fadeInLeft&quot;}\" data-widget_type=\"heading.default\">\n\t\t\t\t<div class=\"elementor-widget-container\">\n\t\t\t\t\t<h3 class=\"elementor-heading-title elementor-size-default\">Brent Escobar<\/h3>\t\t\t\t<\/div>\n\t\t\t\t<\/div>\n\t\t\t\t\t<\/div>\n\t\t<\/div>\n\t\t\t\t\t<\/div>\n\t\t<\/section>\n\t\t\t\t<section class=\"elementor-section elementor-top-section elementor-element elementor-element-cc99a5a elementor-section-boxed elementor-section-height-default elementor-section-height-default\" data-id=\"cc99a5a\" data-element_type=\"section\" data-e-type=\"section\">\n\t\t\t\t\t\t<div class=\"elementor-container elementor-column-gap-default\">\n\t\t\t\t\t<div class=\"elementor-column elementor-col-100 elementor-top-column elementor-element elementor-element-c43a095\" data-id=\"c43a095\" data-element_type=\"column\" data-e-type=\"column\">\n\t\t\t<div class=\"elementor-widget-wrap elementor-element-populated\">\n\t\t\t\t\t\t<section class=\"elementor-section elementor-inner-section elementor-element elementor-element-b512558 elementor-section-boxed elementor-section-height-default elementor-section-height-default\" data-id=\"b512558\" data-element_type=\"section\" data-e-type=\"section\">\n\t\t\t\t\t\t<div class=\"elementor-container elementor-column-gap-default\">\n\t\t\t\t\t<div class=\"elementor-column elementor-col-100 elementor-inner-column elementor-element elementor-element-0f9ae2c\" data-id=\"0f9ae2c\" data-element_type=\"column\" data-e-type=\"column\">\n\t\t\t<div class=\"elementor-widget-wrap elementor-element-populated\">\n\t\t\t\t\t\t<div class=\"elementor-element elementor-element-1c336d0 elementor-widget elementor-widget-text-editor\" data-id=\"1c336d0\" data-element_type=\"widget\" data-e-type=\"widget\" data-widget_type=\"text-editor.default\">\n\t\t\t\t<div class=\"elementor-widget-container\">\n\t\t\t\t\t\t\t\t\t<h4><img fetchpriority=\"high\" decoding=\"async\" class=\"team wp-image-4076 size-full alignleft\" src=\"https:\/\/americanpoliticalservices.com\/wp-content\/uploads\/2022\/01\/BEscobar.png\" alt=\"\" width=\"450\" height=\"450\" srcset=\"https:\/\/americanpoliticalservices.com\/wp-content\/uploads\/2022\/01\/BEscobar.png 450w, https:\/\/americanpoliticalservices.com\/wp-content\/uploads\/2022\/01\/BEscobar-300x300.png 300w, https:\/\/americanpoliticalservices.com\/wp-content\/uploads\/2022\/01\/BEscobar-150x150.png 150w\" sizes=\"(max-width: 450px) 100vw, 450px\" \/><\/h4>\n<p><span style=\"font-weight: 400;\">Brent Escobar es un emprendedor estadounidense cuya amplia experiencia comercial se extiende por Norteamerica y Sudamerica en los sectores de importaci\u00f3n \/ exportaci\u00f3n internacional, agricultura, monedas digitales, pr\u00e9stamos comerciales y capital de riesgo en etapa inicial. Desde su base de operaciones en Miami, Escobar brinda orientaci\u00f3n a  <\/span><b>APS<\/b><span style=\"font-weight: 400;\"> en importaci\u00f3n \/ exportaci\u00f3n, planificaci\u00f3n estrat\u00e9gica, introducci\u00f3n al mercado de bienes empaquetados para el consumidor y desarrollo comercial. Escobar cuenta con una agenda llena de contactos en banca comercial, administraci\u00f3n de patrimonio, cumplimiento tributario, bienes ra\u00edces, pr\u00e9stamos hipotecarios comerciales y corredores de hipotecas residenciales. Su profundo conocimiento de los negocios y las ventas le permite realizar investigaciones de mercado comparables, introducciones y lanzamientos de nuevos productos en los mercados minoristas o de comercio electr\u00f3nico. Debido a su cercan\u00eda con el sector bancario, puede asistir en el cobro de deudas, hipotecas residenciales para los no estadounidenses, verificaci\u00f3n de cr\u00e9dito y recaudaci\u00f3n de fondos de capital de riesgo.    <\/span><\/p>\n<p><b>Educaci\u00f3n<br \/><\/b><span style=\"font-weight: 400;\"><em>Licenciatura en Ciencias<\/em>, Finanzas, Universidad George Mason<\/span><\/p>\n<p><b>Idiomas:<\/b> <span style=\"font-weight: 400;\">ingl\u00e9s y espa\u00f1ol<\/span><\/p>\n\t\t\t\t\t\t\t\t<\/div>\n\t\t\t\t<\/div>\n\t\t\t\t\t<\/div>\n\t\t<\/div>\n\t\t\t\t\t<\/div>\n\t\t<\/section>\n\t\t\t\t\t<\/div>\n\t\t<\/div>\n\t\t\t\t\t<\/div>\n\t\t<\/section>\n\t\t\t\t<\/div>\n\t\t","protected":false},"excerpt":{"rendered":"<p>Brent Escobar es un emprendedor estadounidense cuya amplia experiencia comercial se extiende por Norteamerica y Sudamerica en los sectores de importaci\u00f3n \/ exportaci\u00f3n internacional, agricultura, monedas digitales, pr\u00e9stamos comerciales y capital de riesgo en etapa inicial. Desde su base de operaciones en Miami, Escobar brinda orientaci\u00f3n a APS en importaci\u00f3n \/ exportaci\u00f3n, planificaci\u00f3n estrat\u00e9gica, introducci\u00f3n [&hellip;]<\/p>\n","protected":false},"author":1,"featured_media":0,"parent":0,"menu_order":0,"comment_status":"closed","ping_status":"closed","template":"","meta":{"footnotes":""},"class_list":["post-4218","page","type-page","status-publish","hentry"],"_links":{"self":[{"href":"https:\/\/americanpoliticalservices.com\/es\/wp-json\/wp\/v2\/pages\/4218","targetHints":{"allow":["GET"]}}],"collection":[{"href":"https:\/\/americanpoliticalservices.com\/es\/wp-json\/wp\/v2\/pages"}],"about":[{"href":"https:\/\/americanpoliticalservices.com\/es\/wp-json\/wp\/v2\/types\/page"}],"author":[{"embeddable":true,"href":"https:\/\/americanpoliticalservices.com\/es\/wp-json\/wp\/v2\/users\/1"}],"replies":[{"embeddable":true,"href":"https:\/\/americanpoliticalservices.com\/es\/wp-json\/wp\/v2\/comments?post=4218"}],"version-history":[{"count":1,"href":"https:\/\/americanpoliticalservices.com\/es\/wp-json\/wp\/v2\/pages\/4218\/revisions"}],"predecessor-version":[{"id":4219,"href":"https:\/\/americanpoliticalservices.com\/es\/wp-json\/wp\/v2\/pages\/4218\/revisions\/4219"}],"wp:attachment":[{"href":"https:\/\/americanpoliticalservices.com\/es\/wp-json\/wp\/v2\/media?parent=4218"}],"curies":[{"name":"wp","href":"https:\/\/api.w.org\/{rel}","templated":true}]}}