{"id":4199,"date":"2022-01-04T17:33:22","date_gmt":"2022-01-04T17:33:22","guid":{"rendered":"https:\/\/americanpoliticalservices.com\/michael-primak\/"},"modified":"2022-01-04T17:33:22","modified_gmt":"2022-01-04T17:33:22","slug":"michael-primak","status":"publish","type":"page","link":"https:\/\/americanpoliticalservices.com\/es\/michael-primak\/","title":{"rendered":"Michael Primak"},"content":{"rendered":"\t\t<div data-elementor-type=\"wp-page\" data-elementor-id=\"4199\" class=\"elementor elementor-4199 elementor-4072\">\n\t\t\t\t\t\t<section class=\"elementor-section elementor-top-section elementor-element elementor-element-45bd085c elementor-section-boxed elementor-section-height-default elementor-section-height-default\" data-id=\"45bd085c\" data-element_type=\"section\" data-e-type=\"section\" data-settings=\"{&quot;background_background&quot;:&quot;gradient&quot;}\">\n\t\t\t\t\t\t\t<div class=\"elementor-background-overlay\"><\/div>\n\t\t\t\t\t\t\t<div class=\"elementor-container elementor-column-gap-default\">\n\t\t\t\t\t<div class=\"elementor-column elementor-col-100 elementor-top-column elementor-element elementor-element-2cb71ebd\" data-id=\"2cb71ebd\" data-element_type=\"column\" data-e-type=\"column\">\n\t\t\t<div class=\"elementor-widget-wrap elementor-element-populated\">\n\t\t\t\t\t\t<div class=\"elementor-element elementor-element-5ae0e8b3 elementor-invisible elementor-widget elementor-widget-heading\" data-id=\"5ae0e8b3\" data-element_type=\"widget\" data-e-type=\"widget\" data-settings=\"{&quot;_animation&quot;:&quot;fadeInLeft&quot;}\" data-widget_type=\"heading.default\">\n\t\t\t\t<div class=\"elementor-widget-container\">\n\t\t\t\t\t<h3 class=\"elementor-heading-title elementor-size-default\">Michael Primak<\/h3>\t\t\t\t<\/div>\n\t\t\t\t<\/div>\n\t\t\t\t\t<\/div>\n\t\t<\/div>\n\t\t\t\t\t<\/div>\n\t\t<\/section>\n\t\t\t\t<section class=\"elementor-section elementor-top-section elementor-element elementor-element-cc99a5a elementor-section-boxed elementor-section-height-default elementor-section-height-default\" data-id=\"cc99a5a\" data-element_type=\"section\" data-e-type=\"section\">\n\t\t\t\t\t\t<div class=\"elementor-container elementor-column-gap-default\">\n\t\t\t\t\t<div class=\"elementor-column elementor-col-100 elementor-top-column elementor-element elementor-element-c43a095\" data-id=\"c43a095\" data-element_type=\"column\" data-e-type=\"column\">\n\t\t\t<div class=\"elementor-widget-wrap elementor-element-populated\">\n\t\t\t\t\t\t<section class=\"elementor-section elementor-inner-section elementor-element elementor-element-b512558 elementor-section-boxed elementor-section-height-default elementor-section-height-default\" data-id=\"b512558\" data-element_type=\"section\" data-e-type=\"section\">\n\t\t\t\t\t\t<div class=\"elementor-container elementor-column-gap-default\">\n\t\t\t\t\t<div class=\"elementor-column elementor-col-100 elementor-inner-column elementor-element elementor-element-0f9ae2c\" data-id=\"0f9ae2c\" data-element_type=\"column\" data-e-type=\"column\">\n\t\t\t<div class=\"elementor-widget-wrap elementor-element-populated\">\n\t\t\t\t\t\t<div class=\"elementor-element elementor-element-1c336d0 elementor-widget elementor-widget-text-editor\" data-id=\"1c336d0\" data-element_type=\"widget\" data-e-type=\"widget\" data-widget_type=\"text-editor.default\">\n\t\t\t\t<div class=\"elementor-widget-container\">\n\t\t\t\t\t\t\t\t\t<h4><img fetchpriority=\"high\" decoding=\"async\" class=\"team wp-image-4093 size-full alignleft\" src=\"https:\/\/americanpoliticalservices.com\/wp-content\/uploads\/2022\/01\/MPrimak.png\" alt=\"\" width=\"450\" height=\"450\" srcset=\"https:\/\/americanpoliticalservices.com\/wp-content\/uploads\/2022\/01\/MPrimak.png 450w, https:\/\/americanpoliticalservices.com\/wp-content\/uploads\/2022\/01\/MPrimak-300x300.png 300w, https:\/\/americanpoliticalservices.com\/wp-content\/uploads\/2022\/01\/MPrimak-150x150.png 150w\" sizes=\"(max-width: 450px) 100vw, 450px\" \/><\/h4>\n<p><span style=\"font-weight: 400;\">Michael Primak llega a<\/span><b>APS<\/b><span style=\"font-weight: 400;\"> despu\u00e9s de una larga carrera en puestos de alto nivel que protegen los intereses de seguridad nacional de Estados Unidos. Primak es un experto en los antiguos Estados Sovi\u00e9ticos y las amenazas asociadas con el terrorismo isl\u00e1mico. Antes de   <\/span><b>APS, <\/b><span style=\"font-weight: 400;\">se desempe\u00f1\u00f3 como T\u00e9cnico Criptol\u00f3gico \u00c1rabe, donde Primak trabaj\u00f3 en asuntos complejos relacionados con los intereses militares de EE. UU. Despu\u00e9s de un servicio exitoso en los EE. UU., Primak ocup\u00f3 cargos de alto nivel en varias entidades de la comunidad de inteligencia de EE. UU. Como analista y ling\u00fcista \/ int\u00e9rprete de \u00e1rabe, franc\u00e9s y ruso. &nbsp;&nbsp;<\/span><\/p>\n<p><b>Educaci\u00f3n<\/b><span style=\"font-weight: 400;\">:&nbsp;&nbsp;<br \/><\/span><em><span style=\"font-weight: 400;\">Maestr\u00eda en Lengua&nbsp;<\/span><\/em><span style=\"font-weight: 400;\"><em>y Literatura Francesa,<\/em> Universidad de Carolina del Sur&nbsp;&nbsp;<br \/><\/span><em><span style=\"font-weight: 400;\">Licenciatura&nbsp;<\/span><\/em><span style=\"font-weight: 400;\"><em>en espa\u00f1ol<\/em>, Indiana University of Pennsylvania&nbsp;<br \/><\/span><em><span style=\"font-weight: 400;\">Diplomado&nbsp;<\/span><\/em> <span style=\"font-weight: 400;\"><em>en \u00c1rabe<\/em>, Instituto de Idiomas de Defensa&nbsp;&nbsp;<\/span><\/p>\n<p><b>Idiomas<\/b><span style=\"font-weight: 400;\">:&nbsp; ingl\u00e9s, \u00e1rabe, &nbsp;ruso, franc\u00e9s y espa\u00f1ol<\/span><\/p>\n\t\t\t\t\t\t\t\t<\/div>\n\t\t\t\t<\/div>\n\t\t\t\t\t<\/div>\n\t\t<\/div>\n\t\t\t\t\t<\/div>\n\t\t<\/section>\n\t\t\t\t\t<\/div>\n\t\t<\/div>\n\t\t\t\t\t<\/div>\n\t\t<\/section>\n\t\t\t\t<\/div>\n\t\t","protected":false},"excerpt":{"rendered":"<p>Michael Primak llega aAPS despu\u00e9s de una larga carrera en puestos de alto nivel que protegen los intereses de seguridad nacional de Estados Unidos. Primak es un experto en los antiguos Estados Sovi\u00e9ticos y las amenazas asociadas con el terrorismo isl\u00e1mico. Antes de APS, se desempe\u00f1\u00f3 como T\u00e9cnico Criptol\u00f3gico \u00c1rabe, donde Primak trabaj\u00f3 en asuntos [&hellip;]<\/p>\n","protected":false},"author":1,"featured_media":0,"parent":0,"menu_order":0,"comment_status":"closed","ping_status":"closed","template":"","meta":{"footnotes":""},"class_list":["post-4199","page","type-page","status-publish","hentry"],"_links":{"self":[{"href":"https:\/\/americanpoliticalservices.com\/es\/wp-json\/wp\/v2\/pages\/4199","targetHints":{"allow":["GET"]}}],"collection":[{"href":"https:\/\/americanpoliticalservices.com\/es\/wp-json\/wp\/v2\/pages"}],"about":[{"href":"https:\/\/americanpoliticalservices.com\/es\/wp-json\/wp\/v2\/types\/page"}],"author":[{"embeddable":true,"href":"https:\/\/americanpoliticalservices.com\/es\/wp-json\/wp\/v2\/users\/1"}],"replies":[{"embeddable":true,"href":"https:\/\/americanpoliticalservices.com\/es\/wp-json\/wp\/v2\/comments?post=4199"}],"version-history":[{"count":1,"href":"https:\/\/americanpoliticalservices.com\/es\/wp-json\/wp\/v2\/pages\/4199\/revisions"}],"predecessor-version":[{"id":4200,"href":"https:\/\/americanpoliticalservices.com\/es\/wp-json\/wp\/v2\/pages\/4199\/revisions\/4200"}],"wp:attachment":[{"href":"https:\/\/americanpoliticalservices.com\/es\/wp-json\/wp\/v2\/media?parent=4199"}],"curies":[{"name":"wp","href":"https:\/\/api.w.org\/{rel}","templated":true}]}}