{"id":4197,"date":"2022-01-04T17:21:46","date_gmt":"2022-01-04T17:21:46","guid":{"rendered":"https:\/\/americanpoliticalservices.com\/maria-gabriela-gaby-nunez-klinger\/"},"modified":"2022-01-04T17:21:46","modified_gmt":"2022-01-04T17:21:46","slug":"maria-gabriela-gaby-nunez-klinger","status":"publish","type":"page","link":"https:\/\/americanpoliticalservices.com\/es\/maria-gabriela-gaby-nunez-klinger\/","title":{"rendered":"Mar\u00eda Gabriela \u201cGaby\u201d N\u00fa\u00f1ez Klinger"},"content":{"rendered":"\t\t<div data-elementor-type=\"wp-page\" data-elementor-id=\"4197\" class=\"elementor elementor-4197\">\n\t\t\t\t\t\t<section class=\"elementor-section elementor-top-section elementor-element elementor-element-45bd085c elementor-section-boxed elementor-section-height-default elementor-section-height-default\" data-id=\"45bd085c\" data-element_type=\"section\" data-e-type=\"section\" data-settings=\"{&quot;background_background&quot;:&quot;gradient&quot;}\">\n\t\t\t\t\t\t\t<div class=\"elementor-background-overlay\"><\/div>\n\t\t\t\t\t\t\t<div class=\"elementor-container elementor-column-gap-default\">\n\t\t\t\t\t<div class=\"elementor-column elementor-col-100 elementor-top-column elementor-element elementor-element-2cb71ebd\" data-id=\"2cb71ebd\" data-element_type=\"column\" data-e-type=\"column\">\n\t\t\t<div class=\"elementor-widget-wrap elementor-element-populated\">\n\t\t\t\t\t\t<div class=\"elementor-element elementor-element-5ae0e8b3 elementor-invisible elementor-widget elementor-widget-heading\" data-id=\"5ae0e8b3\" data-element_type=\"widget\" data-e-type=\"widget\" data-settings=\"{&quot;_animation&quot;:&quot;fadeInLeft&quot;}\" data-widget_type=\"heading.default\">\n\t\t\t\t<div class=\"elementor-widget-container\">\n\t\t\t\t\t<h3 class=\"elementor-heading-title elementor-size-default\">Mar\u00eda Gabriela \u201cGaby\u201d N\u00fa\u00f1ez Klinger<\/h3>\t\t\t\t<\/div>\n\t\t\t\t<\/div>\n\t\t\t\t\t<\/div>\n\t\t<\/div>\n\t\t\t\t\t<\/div>\n\t\t<\/section>\n\t\t\t\t<section class=\"elementor-section elementor-top-section elementor-element elementor-element-cc99a5a elementor-section-boxed elementor-section-height-default elementor-section-height-default\" data-id=\"cc99a5a\" data-element_type=\"section\" data-e-type=\"section\">\n\t\t\t\t\t\t<div class=\"elementor-container elementor-column-gap-default\">\n\t\t\t\t\t<div class=\"elementor-column elementor-col-100 elementor-top-column elementor-element elementor-element-c43a095\" data-id=\"c43a095\" data-element_type=\"column\" data-e-type=\"column\">\n\t\t\t<div class=\"elementor-widget-wrap elementor-element-populated\">\n\t\t\t\t\t\t<section class=\"elementor-section elementor-inner-section elementor-element elementor-element-b512558 elementor-section-boxed elementor-section-height-default elementor-section-height-default\" data-id=\"b512558\" data-element_type=\"section\" data-e-type=\"section\">\n\t\t\t\t\t\t<div class=\"elementor-container elementor-column-gap-default\">\n\t\t\t\t\t<div class=\"elementor-column elementor-col-100 elementor-inner-column elementor-element elementor-element-0f9ae2c\" data-id=\"0f9ae2c\" data-element_type=\"column\" data-e-type=\"column\">\n\t\t\t<div class=\"elementor-widget-wrap elementor-element-populated\">\n\t\t\t\t\t\t<div class=\"elementor-element elementor-element-1c336d0 elementor-widget elementor-widget-text-editor\" data-id=\"1c336d0\" data-element_type=\"widget\" data-e-type=\"widget\" data-widget_type=\"text-editor.default\">\n\t\t\t\t<div class=\"elementor-widget-container\">\n\t\t\t\t\t\t\t\t\t<h4><img fetchpriority=\"high\" decoding=\"async\" class=\"team wp-image-4085 size-full alignleft\" src=\"https:\/\/americanpoliticalservices.com\/wp-content\/uploads\/2022\/01\/GNunez.png\" alt=\"\" width=\"450\" height=\"450\" srcset=\"https:\/\/americanpoliticalservices.com\/wp-content\/uploads\/2022\/01\/GNunez.png 450w, https:\/\/americanpoliticalservices.com\/wp-content\/uploads\/2022\/01\/GNunez-300x300.png 300w, https:\/\/americanpoliticalservices.com\/wp-content\/uploads\/2022\/01\/GNunez-150x150.png 150w\" sizes=\"(max-width: 450px) 100vw, 450px\" \/><\/h4>\n<p><span style=\"font-weight: 400;\">Mar\u00eda Gabriela \u201cGaby\u201d N\u00fa\u00f1ez Klinger llega a<\/span> <b>APS<\/b><span style=\"font-weight: 400;\"> con una experiencia estelar en ayudar a clientes en Am\u00e9rica Latina y Europa a mejorar su imagen p\u00fablica. Aparte de a\u00f1os de haber trabajado en televisi\u00f3n y radio, Gaby ha trabajado con bufetes de abogados, en la industria del turismo y con corporaciones de eventos p\u00fablicos para unir sus necesidades con las demandas del p\u00fablico. Sobre la base de esta experiencia, Gaby ha trabajado en campa\u00f1as locales y presidenciales en Sudam\u00e9rica, donde se especializ\u00f3 en comunicaciones de crisis. Gaby es una optimista perenne que siempre pone a otras personas y a sus clientes en primer lugar, algo que fue subrayado por su decisi\u00f3n de trabajar como enfermera de cuidados paliativos durante m\u00e1s de dos a\u00f1os, para poder alegrar la vida de quienes se acercan a su hora m\u00e1s oscura. Gaby es un activo y un rayo de sol para cada cliente con el que se encuentra.    <\/span><\/p>\n<p><b>Educaci\u00f3n<\/b><span style=\"font-weight: 400;\">:<br \/><\/span><span style=\"font-weight: 400;\"><em>Bachillerato en Artes<\/em>, Trabajo Social, Universidad T\u00e9cnica Luis Vargas Torres<\/span><\/p>\n<p><b>Idiomas:<\/b> <span style=\"font-weight: 400;\">espa\u00f1ol e italiano<\/span> <\/p>\n\t\t\t\t\t\t\t\t<\/div>\n\t\t\t\t<\/div>\n\t\t\t\t\t<\/div>\n\t\t<\/div>\n\t\t\t\t\t<\/div>\n\t\t<\/section>\n\t\t\t\t\t<\/div>\n\t\t<\/div>\n\t\t\t\t\t<\/div>\n\t\t<\/section>\n\t\t\t\t<\/div>\n\t\t","protected":false},"excerpt":{"rendered":"<p>Mar\u00eda Gabriela \u201cGaby\u201d N\u00fa\u00f1ez Klinger llega a APS con una experiencia estelar en ayudar a clientes en Am\u00e9rica Latina y Europa a mejorar su imagen p\u00fablica. Aparte de a\u00f1os de haber trabajado en televisi\u00f3n y radio, Gaby ha trabajado con bufetes de abogados, en la industria del turismo y con corporaciones de eventos p\u00fablicos para [&hellip;]<\/p>\n","protected":false},"author":1,"featured_media":0,"parent":0,"menu_order":0,"comment_status":"closed","ping_status":"closed","template":"","meta":{"footnotes":""},"class_list":["post-4197","page","type-page","status-publish","hentry"],"_links":{"self":[{"href":"https:\/\/americanpoliticalservices.com\/es\/wp-json\/wp\/v2\/pages\/4197","targetHints":{"allow":["GET"]}}],"collection":[{"href":"https:\/\/americanpoliticalservices.com\/es\/wp-json\/wp\/v2\/pages"}],"about":[{"href":"https:\/\/americanpoliticalservices.com\/es\/wp-json\/wp\/v2\/types\/page"}],"author":[{"embeddable":true,"href":"https:\/\/americanpoliticalservices.com\/es\/wp-json\/wp\/v2\/users\/1"}],"replies":[{"embeddable":true,"href":"https:\/\/americanpoliticalservices.com\/es\/wp-json\/wp\/v2\/comments?post=4197"}],"version-history":[{"count":1,"href":"https:\/\/americanpoliticalservices.com\/es\/wp-json\/wp\/v2\/pages\/4197\/revisions"}],"predecessor-version":[{"id":4198,"href":"https:\/\/americanpoliticalservices.com\/es\/wp-json\/wp\/v2\/pages\/4197\/revisions\/4198"}],"wp:attachment":[{"href":"https:\/\/americanpoliticalservices.com\/es\/wp-json\/wp\/v2\/media?parent=4197"}],"curies":[{"name":"wp","href":"https:\/\/api.w.org\/{rel}","templated":true}]}}