{"id":4195,"date":"2022-01-04T17:17:13","date_gmt":"2022-01-04T17:17:13","guid":{"rendered":"https:\/\/americanpoliticalservices.com\/javier-ivorra\/"},"modified":"2022-01-04T17:17:13","modified_gmt":"2022-01-04T17:17:13","slug":"javier-ivorra","status":"publish","type":"page","link":"https:\/\/americanpoliticalservices.com\/es\/javier-ivorra\/","title":{"rendered":"Javier Ivorra"},"content":{"rendered":"\t\t<div data-elementor-type=\"wp-page\" data-elementor-id=\"4195\" class=\"elementor elementor-4195\">\n\t\t\t\t\t\t<section class=\"elementor-section elementor-top-section elementor-element elementor-element-45bd085c elementor-section-boxed elementor-section-height-default elementor-section-height-default\" data-id=\"45bd085c\" data-element_type=\"section\" data-e-type=\"section\" data-settings=\"{&quot;background_background&quot;:&quot;gradient&quot;}\">\n\t\t\t\t\t\t\t<div class=\"elementor-background-overlay\"><\/div>\n\t\t\t\t\t\t\t<div class=\"elementor-container elementor-column-gap-default\">\n\t\t\t\t\t<div class=\"elementor-column elementor-col-100 elementor-top-column elementor-element elementor-element-2cb71ebd\" data-id=\"2cb71ebd\" data-element_type=\"column\" data-e-type=\"column\">\n\t\t\t<div class=\"elementor-widget-wrap elementor-element-populated\">\n\t\t\t\t\t\t<div class=\"elementor-element elementor-element-5ae0e8b3 elementor-invisible elementor-widget elementor-widget-heading\" data-id=\"5ae0e8b3\" data-element_type=\"widget\" data-e-type=\"widget\" data-settings=\"{&quot;_animation&quot;:&quot;fadeInLeft&quot;}\" data-widget_type=\"heading.default\">\n\t\t\t\t<div class=\"elementor-widget-container\">\n\t\t\t\t\t<h3 class=\"elementor-heading-title elementor-size-default\">Javier Ivorra<\/h3>\t\t\t\t<\/div>\n\t\t\t\t<\/div>\n\t\t\t\t\t<\/div>\n\t\t<\/div>\n\t\t\t\t\t<\/div>\n\t\t<\/section>\n\t\t\t\t<section class=\"elementor-section elementor-top-section elementor-element elementor-element-cc99a5a elementor-section-boxed elementor-section-height-default elementor-section-height-default\" data-id=\"cc99a5a\" data-element_type=\"section\" data-e-type=\"section\">\n\t\t\t\t\t\t<div class=\"elementor-container elementor-column-gap-default\">\n\t\t\t\t\t<div class=\"elementor-column elementor-col-100 elementor-top-column elementor-element elementor-element-c43a095\" data-id=\"c43a095\" data-element_type=\"column\" data-e-type=\"column\">\n\t\t\t<div class=\"elementor-widget-wrap elementor-element-populated\">\n\t\t\t\t\t\t<section class=\"elementor-section elementor-inner-section elementor-element elementor-element-b512558 elementor-section-boxed elementor-section-height-default elementor-section-height-default\" data-id=\"b512558\" data-element_type=\"section\" data-e-type=\"section\">\n\t\t\t\t\t\t<div class=\"elementor-container elementor-column-gap-default\">\n\t\t\t\t\t<div class=\"elementor-column elementor-col-100 elementor-inner-column elementor-element elementor-element-0f9ae2c\" data-id=\"0f9ae2c\" data-element_type=\"column\" data-e-type=\"column\">\n\t\t\t<div class=\"elementor-widget-wrap elementor-element-populated\">\n\t\t\t\t\t\t<div class=\"elementor-element elementor-element-1c336d0 elementor-widget elementor-widget-text-editor\" data-id=\"1c336d0\" data-element_type=\"widget\" data-e-type=\"widget\" data-widget_type=\"text-editor.default\">\n\t\t\t\t<div class=\"elementor-widget-container\">\n\t\t\t\t\t\t\t\t\t<h4><img fetchpriority=\"high\" decoding=\"async\" class=\"team wp-image-4022 size-full alignleft\" src=\"https:\/\/americanpoliticalservices.com\/wp-content\/uploads\/2022\/01\/Javier-Ivorra-1.jpg\" alt=\"\" width=\"450\" height=\"450\" srcset=\"https:\/\/americanpoliticalservices.com\/wp-content\/uploads\/2022\/01\/Javier-Ivorra-1.jpg 450w, https:\/\/americanpoliticalservices.com\/wp-content\/uploads\/2022\/01\/Javier-Ivorra-1-300x300.jpg 300w, https:\/\/americanpoliticalservices.com\/wp-content\/uploads\/2022\/01\/Javier-Ivorra-1-150x150.jpg 150w\" sizes=\"(max-width: 450px) 100vw, 450px\" \/><\/h4>\n<p>Javier Ivorra es un ge\u00f3grafo de primer nivel que aporta a <strong>APS<\/strong> sus habilidades gerenciales t\u00e9cnicamente avanzadas con experiencia internacional en SIG, Cartograf\u00eda y Teledetecci\u00f3n, tanto en el sector p\u00fablico como en el privado. La trayectoria de Ivorra en la creaci\u00f3n de informaci\u00f3n geogr\u00e1fica, la ejecuci\u00f3n de proyectos de ingenier\u00eda costera e hidr\u00e1ulica y el desarrollo de mapas tem\u00e1ticos de acuerdo con los requisitos complejos establecidos por el cliente. Ivorra es h\u00e1bil para desarrollar y mantener paquetes de mapeo de sistemas de bases de datos en todo el mundo y es h\u00e1bil para formular situaciones cr\u00edticas y de seguridad como planes de emergencia y utilizar el conocimiento de SIG para proyectos confidenciales y clasificados.  <\/p>\n<p><strong>Educaci\u00f3n:<br \/><\/strong> <em>M\u00e1ster profesional en Cartograf\u00eda<\/em>, Sistemas de Informaci\u00f3n Geogr\u00e1fica y Teledetecci\u00f3n, Universidad de Alcal\u00e1.<br \/><em>Licenciado en Geograf\u00eda<\/em>, Universidad de Alicante (Universitat d&#8217;Alacant).<\/p>\n<p><strong>Idiomas:<\/strong> ingl\u00e9s, espa\u00f1ol, franc\u00e9s y catal\u00e1n.<\/p>\n\t\t\t\t\t\t\t\t<\/div>\n\t\t\t\t<\/div>\n\t\t\t\t\t<\/div>\n\t\t<\/div>\n\t\t\t\t\t<\/div>\n\t\t<\/section>\n\t\t\t\t\t<\/div>\n\t\t<\/div>\n\t\t\t\t\t<\/div>\n\t\t<\/section>\n\t\t\t\t<\/div>\n\t\t","protected":false},"excerpt":{"rendered":"<p>Javier Ivorra es un ge\u00f3grafo de primer nivel que aporta a APS sus habilidades gerenciales t\u00e9cnicamente avanzadas con experiencia internacional en SIG, Cartograf\u00eda y Teledetecci\u00f3n, tanto en el sector p\u00fablico como en el privado. La trayectoria de Ivorra en la creaci\u00f3n de informaci\u00f3n geogr\u00e1fica, la ejecuci\u00f3n de proyectos de ingenier\u00eda costera e hidr\u00e1ulica y el [&hellip;]<\/p>\n","protected":false},"author":1,"featured_media":0,"parent":0,"menu_order":0,"comment_status":"closed","ping_status":"closed","template":"","meta":{"footnotes":""},"class_list":["post-4195","page","type-page","status-publish","hentry"],"_links":{"self":[{"href":"https:\/\/americanpoliticalservices.com\/es\/wp-json\/wp\/v2\/pages\/4195","targetHints":{"allow":["GET"]}}],"collection":[{"href":"https:\/\/americanpoliticalservices.com\/es\/wp-json\/wp\/v2\/pages"}],"about":[{"href":"https:\/\/americanpoliticalservices.com\/es\/wp-json\/wp\/v2\/types\/page"}],"author":[{"embeddable":true,"href":"https:\/\/americanpoliticalservices.com\/es\/wp-json\/wp\/v2\/users\/1"}],"replies":[{"embeddable":true,"href":"https:\/\/americanpoliticalservices.com\/es\/wp-json\/wp\/v2\/comments?post=4195"}],"version-history":[{"count":1,"href":"https:\/\/americanpoliticalservices.com\/es\/wp-json\/wp\/v2\/pages\/4195\/revisions"}],"predecessor-version":[{"id":4196,"href":"https:\/\/americanpoliticalservices.com\/es\/wp-json\/wp\/v2\/pages\/4195\/revisions\/4196"}],"wp:attachment":[{"href":"https:\/\/americanpoliticalservices.com\/es\/wp-json\/wp\/v2\/media?parent=4195"}],"curies":[{"name":"wp","href":"https:\/\/api.w.org\/{rel}","templated":true}]}}