{"id":4193,"date":"2022-01-04T17:12:55","date_gmt":"2022-01-04T17:12:55","guid":{"rendered":"https:\/\/americanpoliticalservices.com\/geancarlos-cevallos-ponce\/"},"modified":"2022-01-04T17:12:55","modified_gmt":"2022-01-04T17:12:55","slug":"geancarlos-cevallos-ponce","status":"publish","type":"page","link":"https:\/\/americanpoliticalservices.com\/es\/geancarlos-cevallos-ponce\/","title":{"rendered":"Geancarlos Cevallos Ponce"},"content":{"rendered":"\t\t<div data-elementor-type=\"wp-page\" data-elementor-id=\"4193\" class=\"elementor elementor-4193\">\n\t\t\t\t\t\t<section class=\"elementor-section elementor-top-section elementor-element elementor-element-45bd085c elementor-section-boxed elementor-section-height-default elementor-section-height-default\" data-id=\"45bd085c\" data-element_type=\"section\" data-e-type=\"section\" data-settings=\"{&quot;background_background&quot;:&quot;gradient&quot;}\">\n\t\t\t\t\t\t\t<div class=\"elementor-background-overlay\"><\/div>\n\t\t\t\t\t\t\t<div class=\"elementor-container elementor-column-gap-default\">\n\t\t\t\t\t<div class=\"elementor-column elementor-col-100 elementor-top-column elementor-element elementor-element-2cb71ebd\" data-id=\"2cb71ebd\" data-element_type=\"column\" data-e-type=\"column\">\n\t\t\t<div class=\"elementor-widget-wrap elementor-element-populated\">\n\t\t\t\t\t\t<div class=\"elementor-element elementor-element-5ae0e8b3 elementor-invisible elementor-widget elementor-widget-heading\" data-id=\"5ae0e8b3\" data-element_type=\"widget\" data-e-type=\"widget\" data-settings=\"{&quot;_animation&quot;:&quot;fadeInLeft&quot;}\" data-widget_type=\"heading.default\">\n\t\t\t\t<div class=\"elementor-widget-container\">\n\t\t\t\t\t<h3 class=\"elementor-heading-title elementor-size-default\">Geancarlos Cevallos Ponce<\/h3>\t\t\t\t<\/div>\n\t\t\t\t<\/div>\n\t\t\t\t\t<\/div>\n\t\t<\/div>\n\t\t\t\t\t<\/div>\n\t\t<\/section>\n\t\t\t\t<section class=\"elementor-section elementor-top-section elementor-element elementor-element-cc99a5a elementor-section-boxed elementor-section-height-default elementor-section-height-default\" data-id=\"cc99a5a\" data-element_type=\"section\" data-e-type=\"section\">\n\t\t\t\t\t\t<div class=\"elementor-container elementor-column-gap-default\">\n\t\t\t\t\t<div class=\"elementor-column elementor-col-100 elementor-top-column elementor-element elementor-element-c43a095\" data-id=\"c43a095\" data-element_type=\"column\" data-e-type=\"column\">\n\t\t\t<div class=\"elementor-widget-wrap elementor-element-populated\">\n\t\t\t\t\t\t<section class=\"elementor-section elementor-inner-section elementor-element elementor-element-b512558 elementor-section-boxed elementor-section-height-default elementor-section-height-default\" data-id=\"b512558\" data-element_type=\"section\" data-e-type=\"section\">\n\t\t\t\t\t\t<div class=\"elementor-container elementor-column-gap-default\">\n\t\t\t\t\t<div class=\"elementor-column elementor-col-100 elementor-inner-column elementor-element elementor-element-0f9ae2c\" data-id=\"0f9ae2c\" data-element_type=\"column\" data-e-type=\"column\">\n\t\t\t<div class=\"elementor-widget-wrap elementor-element-populated\">\n\t\t\t\t\t\t<div class=\"elementor-element elementor-element-1c336d0 elementor-widget elementor-widget-text-editor\" data-id=\"1c336d0\" data-element_type=\"widget\" data-e-type=\"widget\" data-widget_type=\"text-editor.default\">\n\t\t\t\t<div class=\"elementor-widget-container\">\n\t\t\t\t\t\t\t\t\t<h4><img fetchpriority=\"high\" decoding=\"async\" class=\"team wp-image-4034 size-full alignleft\" src=\"https:\/\/americanpoliticalservices.com\/wp-content\/uploads\/2022\/01\/GEANCA-1.png\" alt=\"\" width=\"450\" height=\"450\" srcset=\"https:\/\/americanpoliticalservices.com\/wp-content\/uploads\/2022\/01\/GEANCA-1.png 450w, https:\/\/americanpoliticalservices.com\/wp-content\/uploads\/2022\/01\/GEANCA-1-300x300.png 300w, https:\/\/americanpoliticalservices.com\/wp-content\/uploads\/2022\/01\/GEANCA-1-150x150.png 150w\" sizes=\"(max-width: 450px) 100vw, 450px\" \/><\/h4>\n<p><span style=\"font-weight: 400;\">Geancarlos es un reconocido especialista en Marketing y Gesti\u00f3n Pol\u00edtica. Con m\u00e1s de 17 a\u00f1os de experiencia en el asesoramiento de campa\u00f1as pol\u00edticas exitosas, tanto a nivel nacional como regional, Geancarlos llega a  <\/span><b>APS<\/b><span style=\"font-weight: 400;\"> listo para ayudar a construir su victoria pol\u00edtica. Cevallos ha trabajado en siete campa\u00f1as presidenciales y ha dirigido numerosas campa\u00f1as electorales. Cevallos tiene un conocimiento profundo de la situaci\u00f3n pol\u00edtica tanto en Ecuador como en Am\u00e9rica Latina y trae una gran lista de contactos de primer nivel.  <\/span><\/p>\n<p><span style=\"font-weight: 400;\">La experiencia de Cevallos incluye la Evaluaci\u00f3n y Gesti\u00f3n de Proyectos de la gesti\u00f3n de gobiernos regionales y locales. Cevallos fue el coordinador principal de numerosos proyectos de desarrollo en varios municipios. Antes de unirse a   <\/span><b>APS,<\/b> <span style=\"font-weight: 400;\">Geancarlos se desempe\u00f1\u00f3 como Gerente General de varias empresas p\u00fablicas y como Jefe provincial del Ministerio de Agricultura, Ganader\u00eda, Acuacultura y Pesca.<\/span><\/p>\n<p><span style=\"font-weight: 400;\">Adem\u00e1s de su vasta experiencia en Gesti\u00f3n y Marketing Pol\u00edtico, Cevallos es Catedr\u00e1tico de la Facultad de Ciencias Econ\u00f3micas de la Universidad Eloy Alfaro de Manab\u00ed. Es un economista reconocido con amplia experiencia acad\u00e9mica y pr\u00e1ctica. Cevallos tiene numerosas publicaciones en revistas l\u00edderes y experiencia en la redacci\u00f3n de programas de desarrollo econ\u00f3mico que se han implementado con \u00e9xito.  <\/span><\/p>\n<p><b>Educaci\u00f3n<\/b><span style=\"font-weight: 400;\">:<br \/><\/span><span style=\"font-weight: 400;\"><em>Licenciatura<\/em> en Ciencias Econ\u00f3micas, Universidad Central del Ecuador<\/span><\/p>\n<p><b>Idiomas:<\/b><span style=\"font-weight: 400;\">ingl\u00e9s y espa\u00f1ol.<\/span><\/p>\n\t\t\t\t\t\t\t\t<\/div>\n\t\t\t\t<\/div>\n\t\t\t\t\t<\/div>\n\t\t<\/div>\n\t\t\t\t\t<\/div>\n\t\t<\/section>\n\t\t\t\t\t<\/div>\n\t\t<\/div>\n\t\t\t\t\t<\/div>\n\t\t<\/section>\n\t\t\t\t<\/div>\n\t\t","protected":false},"excerpt":{"rendered":"<p>Geancarlos es un reconocido especialista en Marketing y Gesti\u00f3n Pol\u00edtica. Con m\u00e1s de 17 a\u00f1os de experiencia en el asesoramiento de campa\u00f1as pol\u00edticas exitosas, tanto a nivel nacional como regional, Geancarlos llega a APS listo para ayudar a construir su victoria pol\u00edtica. Cevallos ha trabajado en siete campa\u00f1as presidenciales y ha dirigido numerosas campa\u00f1as electorales. [&hellip;]<\/p>\n","protected":false},"author":1,"featured_media":0,"parent":0,"menu_order":0,"comment_status":"closed","ping_status":"closed","template":"","meta":{"footnotes":""},"class_list":["post-4193","page","type-page","status-publish","hentry"],"_links":{"self":[{"href":"https:\/\/americanpoliticalservices.com\/es\/wp-json\/wp\/v2\/pages\/4193","targetHints":{"allow":["GET"]}}],"collection":[{"href":"https:\/\/americanpoliticalservices.com\/es\/wp-json\/wp\/v2\/pages"}],"about":[{"href":"https:\/\/americanpoliticalservices.com\/es\/wp-json\/wp\/v2\/types\/page"}],"author":[{"embeddable":true,"href":"https:\/\/americanpoliticalservices.com\/es\/wp-json\/wp\/v2\/users\/1"}],"replies":[{"embeddable":true,"href":"https:\/\/americanpoliticalservices.com\/es\/wp-json\/wp\/v2\/comments?post=4193"}],"version-history":[{"count":1,"href":"https:\/\/americanpoliticalservices.com\/es\/wp-json\/wp\/v2\/pages\/4193\/revisions"}],"predecessor-version":[{"id":4194,"href":"https:\/\/americanpoliticalservices.com\/es\/wp-json\/wp\/v2\/pages\/4193\/revisions\/4194"}],"wp:attachment":[{"href":"https:\/\/americanpoliticalservices.com\/es\/wp-json\/wp\/v2\/media?parent=4193"}],"curies":[{"name":"wp","href":"https:\/\/api.w.org\/{rel}","templated":true}]}}