{"id":3667,"date":"2021-12-09T14:21:17","date_gmt":"2021-12-09T14:21:17","guid":{"rendered":"https:\/\/americanpoliticalservices.com\/para-los-politicos\/"},"modified":"2023-04-07T00:59:32","modified_gmt":"2023-04-07T00:59:32","slug":"para-los-politicos","status":"publish","type":"page","link":"https:\/\/americanpoliticalservices.com\/es\/para-los-politicos\/","title":{"rendered":"Para los pol\u00edticos"},"content":{"rendered":"\t\t<div data-elementor-type=\"wp-page\" data-elementor-id=\"3667\" class=\"elementor elementor-3667 elementor-833\">\n\t\t\t\t\t\t<section class=\"elementor-section elementor-top-section elementor-element elementor-element-4edfad52 elementor-section-boxed elementor-section-height-default elementor-section-height-default\" data-id=\"4edfad52\" data-element_type=\"section\" data-e-type=\"section\" data-settings=\"{&quot;background_background&quot;:&quot;classic&quot;}\">\n\t\t\t\t\t\t\t<div class=\"elementor-background-overlay\"><\/div>\n\t\t\t\t\t\t\t<div class=\"elementor-container elementor-column-gap-default\">\n\t\t\t\t\t<div class=\"elementor-column elementor-col-100 elementor-top-column elementor-element elementor-element-745dc035\" data-id=\"745dc035\" data-element_type=\"column\" data-e-type=\"column\">\n\t\t\t<div class=\"elementor-widget-wrap elementor-element-populated\">\n\t\t\t\t\t\t<div class=\"elementor-element elementor-element-3435cfde elementor-invisible elementor-widget elementor-widget-heading\" data-id=\"3435cfde\" data-element_type=\"widget\" data-e-type=\"widget\" data-settings=\"{&quot;_animation&quot;:&quot;fadeInLeft&quot;}\" data-widget_type=\"heading.default\">\n\t\t\t\t<div class=\"elementor-widget-container\">\n\t\t\t\t\t<h2 class=\"elementor-heading-title elementor-size-default\">Para los pol\u00edticos<\/h2>\t\t\t\t<\/div>\n\t\t\t\t<\/div>\n\t\t\t\t\t<\/div>\n\t\t<\/div>\n\t\t\t\t\t<\/div>\n\t\t<\/section>\n\t\t\t\t<section class=\"elementor-section elementor-top-section elementor-element elementor-element-40c880ff elementor-section-content-middle elementor-section-boxed elementor-section-height-default elementor-section-height-default\" data-id=\"40c880ff\" data-element_type=\"section\" data-e-type=\"section\">\n\t\t\t\t\t\t<div class=\"elementor-container elementor-column-gap-no\">\n\t\t\t\t\t<div class=\"elementor-column elementor-col-100 elementor-top-column elementor-element elementor-element-d8eebef\" data-id=\"d8eebef\" data-element_type=\"column\" data-e-type=\"column\">\n\t\t\t<div class=\"elementor-widget-wrap elementor-element-populated\">\n\t\t\t\t\t\t<div class=\"elementor-element elementor-element-2648da73 elementor-widget elementor-widget-toggle\" data-id=\"2648da73\" data-element_type=\"widget\" data-e-type=\"widget\" data-widget_type=\"toggle.default\">\n\t\t\t\t<div class=\"elementor-widget-container\">\n\t\t\t\t\t\t\t<div class=\"elementor-toggle\">\n\t\t\t\t\t\t\t<div class=\"elementor-toggle-item\">\n\t\t\t\t\t<div id=\"elementor-tab-title-6421\" class=\"elementor-tab-title\" data-tab=\"1\" role=\"button\" aria-controls=\"elementor-tab-content-6421\" aria-expanded=\"false\">\n\t\t\t\t\t\t\t\t\t\t\t\t<span class=\"elementor-toggle-icon elementor-toggle-icon-right\" aria-hidden=\"true\">\n\t\t\t\t\t\t\t\t\t\t\t\t\t\t\t<span class=\"elementor-toggle-icon-closed\"><i class=\"fas fa-caret-right\"><\/i><\/span>\n\t\t\t\t\t\t\t\t<span class=\"elementor-toggle-icon-opened\"><i class=\"elementor-toggle-icon-opened fas fa-caret-up\"><\/i><\/span>\n\t\t\t\t\t\t\t\t\t\t\t\t\t<\/span>\n\t\t\t\t\t\t\t\t\t\t\t\t<a class=\"elementor-toggle-title\" tabindex=\"0\">ORGANIZACI\u00d3N Y GESTI\u00d3N DE UNA CAMPA\u00d1A POL\u00cdTICA<\/a>\n\t\t\t\t\t<\/div>\n\n\t\t\t\t\t<div id=\"elementor-tab-content-6421\" class=\"elementor-tab-content elementor-clearfix\" data-tab=\"1\" role=\"region\" aria-labelledby=\"elementor-tab-title-6421\"><p><span style=\"font-weight: 400;\">Somos un centro integral para todos los aspectos de su campa\u00f1a pol\u00edtica:<\/span><\/p>\n<ul>\n<li><span style=\"font-weight: 400;\">Desarrollamos una estrategia de campa\u00f1a, ganadora y basada en la ciencia.<\/span><\/li>\n<li><span style=\"font-weight: 400;\">T\u00e1cticas para aumentar su notoriedad y reconocimiento para persuadir a los votantes indecisos.<\/span><\/li>\n<li><span style=\"font-weight: 400;\">Organizamos la estructura de su campa\u00f1a seg\u00fan las mejores pr\u00e1cticas.<\/span><\/li>\n<li><span style=\"font-weight: 400;\">Desarrollamos un calendario de campa\u00f1as integral que hace que cada d\u00eda cuente.<\/span><\/li>\n<li><span style=\"font-weight: 400;\">Redacci\u00f3n de presupuestos de campa\u00f1a y ayuda a priorizar gastos.<\/span><\/li>\n<li><span style=\"font-weight: 400;\">Desarrollo de c\u00e9lulas partidarias locales y alcance a organizaciones de base.<\/span><\/li>\n<li><span style=\"font-weight: 400;\">Construir coaliciones y trabajar con grupos locales.<\/span><\/li>\n<li><span style=\"font-weight: 400;\">Asesoramiento en reclutamiento, contrataci\u00f3n y subcontrataci\u00f3n para la campa\u00f1a.<\/span><\/li>\n<\/ul>\n<\/div>\n\t\t\t\t<\/div>\n\t\t\t\t\t\t\t<div class=\"elementor-toggle-item\">\n\t\t\t\t\t<div id=\"elementor-tab-title-6422\" class=\"elementor-tab-title\" data-tab=\"2\" role=\"button\" aria-controls=\"elementor-tab-content-6422\" aria-expanded=\"false\">\n\t\t\t\t\t\t\t\t\t\t\t\t<span class=\"elementor-toggle-icon elementor-toggle-icon-right\" aria-hidden=\"true\">\n\t\t\t\t\t\t\t\t\t\t\t\t\t\t\t<span class=\"elementor-toggle-icon-closed\"><i class=\"fas fa-caret-right\"><\/i><\/span>\n\t\t\t\t\t\t\t\t<span class=\"elementor-toggle-icon-opened\"><i class=\"elementor-toggle-icon-opened fas fa-caret-up\"><\/i><\/span>\n\t\t\t\t\t\t\t\t\t\t\t\t\t<\/span>\n\t\t\t\t\t\t\t\t\t\t\t\t<a class=\"elementor-toggle-title\" tabindex=\"0\">ENCUESTAS Y GRUPOS DE ENFOQUE<\/a>\n\t\t\t\t\t<\/div>\n\n\t\t\t\t\t<div id=\"elementor-tab-content-6422\" class=\"elementor-tab-content elementor-clearfix\" data-tab=\"2\" role=\"region\" aria-labelledby=\"elementor-tab-title-6422\"><p><span style=\"font-weight: 400;\">Llevamos a cabo un an\u00e1lisis cient\u00edfico de los votantes para comprender qu\u00e9 los impulsa a moverse:<\/span><\/p>\n<ul>\n<li><span style=\"font-weight: 400;\">Encuestas de opini\u00f3n (an\u00e1lisis cuantitativo de los cambios en la opini\u00f3n p\u00fablica y lo que significan, para optimizar el enfoque de su<\/span> <span style=\"font-weight: 400;\">campa\u00f1a hacia los votantes<\/span><span style=\"font-weight: 400;\">).<\/span><\/li>\n<li><span style=\"font-weight: 400;\">Grupos focales (an\u00e1lisis cualitativo de la percepci\u00f3n p\u00fablica de su imagen y proyecto).<\/span><\/li>\n<li><span style=\"font-weight: 400;\">Entrevistas en profundidad personalizadas (an\u00e1lisis de la toma de decisiones electorales por grupos. destinatarios).<\/span><\/li>\n<\/ul>\n<\/div>\n\t\t\t\t<\/div>\n\t\t\t\t\t\t\t<div class=\"elementor-toggle-item\">\n\t\t\t\t\t<div id=\"elementor-tab-title-6423\" class=\"elementor-tab-title\" data-tab=\"3\" role=\"button\" aria-controls=\"elementor-tab-content-6423\" aria-expanded=\"false\">\n\t\t\t\t\t\t\t\t\t\t\t\t<span class=\"elementor-toggle-icon elementor-toggle-icon-right\" aria-hidden=\"true\">\n\t\t\t\t\t\t\t\t\t\t\t\t\t\t\t<span class=\"elementor-toggle-icon-closed\"><i class=\"fas fa-caret-right\"><\/i><\/span>\n\t\t\t\t\t\t\t\t<span class=\"elementor-toggle-icon-opened\"><i class=\"elementor-toggle-icon-opened fas fa-caret-up\"><\/i><\/span>\n\t\t\t\t\t\t\t\t\t\t\t\t\t<\/span>\n\t\t\t\t\t\t\t\t\t\t\t\t<a class=\"elementor-toggle-title\" tabindex=\"0\">ESTRATEGIA DE COMUNICACI\u00d3N<\/a>\n\t\t\t\t\t<\/div>\n\n\t\t\t\t\t<div id=\"elementor-tab-content-6423\" class=\"elementor-tab-content elementor-clearfix\" data-tab=\"3\" role=\"region\" aria-labelledby=\"elementor-tab-title-6423\"><p><span style=\"font-weight: 400;\">Identificamos mensajes clave y elaboramos discursos convincentes para persuadir electores:<\/span><\/p>\n<ul>\n<li><span style=\"font-weight: 400;\">Determining the factors of how to promote your campaign and how to emphasize your strengths, <\/span><span style=\"font-weight: 400;\">while taking <\/span><span style=\"font-weight: 400;\">full advantage of your opponents&#8217; weaknesses.<\/span><\/li>\n<li><span style=\"font-weight: 400;\">Desarrollo completo de una estrategia de comunicaci\u00f3n p\u00fablica, incluida la redacci\u00f3n de discursos, la creaci\u00f3n de esl\u00f3ganes&nbsp; y elaboraci\u00f3n mensajes.<\/span><\/li>\n<li><span style=\"font-weight: 400;\">An\u00e1lisis que permite una mejor micro-focalizaci\u00f3n de las audiencias objetivo.<\/span><\/li>\n<li><span style=\"font-weight: 400;\">Publicidad creativa: desde folletos impresos hasta comerciales de televisi\u00f3n y banners de redes sociales.<\/span><\/li>\n<li><span style=\"font-weight: 400;\">Estrategias de recuperaci\u00f3n para remontar su reputaci\u00f3n tras una ca\u00edda de popularidad.<\/span><\/li>\n<\/ul>\n<\/div>\n\t\t\t\t<\/div>\n\t\t\t\t\t\t\t<div class=\"elementor-toggle-item\">\n\t\t\t\t\t<div id=\"elementor-tab-title-6424\" class=\"elementor-tab-title\" data-tab=\"4\" role=\"button\" aria-controls=\"elementor-tab-content-6424\" aria-expanded=\"false\">\n\t\t\t\t\t\t\t\t\t\t\t\t<span class=\"elementor-toggle-icon elementor-toggle-icon-right\" aria-hidden=\"true\">\n\t\t\t\t\t\t\t\t\t\t\t\t\t\t\t<span class=\"elementor-toggle-icon-closed\"><i class=\"fas fa-caret-right\"><\/i><\/span>\n\t\t\t\t\t\t\t\t<span class=\"elementor-toggle-icon-opened\"><i class=\"elementor-toggle-icon-opened fas fa-caret-up\"><\/i><\/span>\n\t\t\t\t\t\t\t\t\t\t\t\t\t<\/span>\n\t\t\t\t\t\t\t\t\t\t\t\t<a class=\"elementor-toggle-title\" tabindex=\"0\">Gesti\u00f3n de crisis, relaciones p\u00fablicas y medios<\/a>\n\t\t\t\t\t<\/div>\n\n\t\t\t\t\t<div id=\"elementor-tab-content-6424\" class=\"elementor-tab-content elementor-clearfix\" data-tab=\"4\" role=\"region\" aria-labelledby=\"elementor-tab-title-6424\"><p><span style=\"font-weight: 400;\">Con nosotros, los candidatos conseguir\u00e1n marcar el tono correcto en sus medios y relaciones p\u00fablicas:<\/span><\/p>\n<ul>\n<li><span style=\"font-weight: 400;\">Creaci\u00f3n de contenido para redes sociales.<\/span><\/li>\n<li><span style=\"font-weight: 400;\">Desarrollo de guiones para comerciales de televisi\u00f3n y radio.<\/span><\/li>\n<li><span style=\"font-weight: 400;\">Elaboraci\u00f3n y publicaci\u00f3n de reportajes, entrevistas y an\u00e1lisis.<\/span><\/li>\n<li><span style=\"font-weight: 400;\">Enlace con la prensa nacional e internacional.<\/span><\/li>\n<li><span style=\"font-weight: 400;\">Monitoreo de medios las 24 horas del d\u00eda, los 7 d\u00edas de la semana para una reacci\u00f3n inmediata a informes de noticias positivos y negativos.<\/span><\/li>\n<li><span style=\"font-weight: 400;\">Publicidad digital en plataformas en l\u00ednea, incluidas Google, Facebook, Instagram, LinkedIn, Tik Tok y otras.<\/span><\/li>\n<li><span style=\"font-weight: 400;\">Impulsar una narrativa para dar un giro positivo incluso a las historias m\u00e1s negativas.<\/span><\/li>\n<li><span style=\"font-weight: 400;\">Organizaci\u00f3n de discursos p\u00fablicos, mesas redondas, conferencias y ruedas de prensa.<\/span><\/li>\n<li><span style=\"font-weight: 400;\">Entrenamiento para hablar en p\u00fablico y entrevistas.<\/span><\/li>\n<\/ul>\n<\/div>\n\t\t\t\t<\/div>\n\t\t\t\t\t\t\t<div class=\"elementor-toggle-item\">\n\t\t\t\t\t<div id=\"elementor-tab-title-6425\" class=\"elementor-tab-title\" data-tab=\"5\" role=\"button\" aria-controls=\"elementor-tab-content-6425\" aria-expanded=\"false\">\n\t\t\t\t\t\t\t\t\t\t\t\t<span class=\"elementor-toggle-icon elementor-toggle-icon-right\" aria-hidden=\"true\">\n\t\t\t\t\t\t\t\t\t\t\t\t\t\t\t<span class=\"elementor-toggle-icon-closed\"><i class=\"fas fa-caret-right\"><\/i><\/span>\n\t\t\t\t\t\t\t\t<span class=\"elementor-toggle-icon-opened\"><i class=\"elementor-toggle-icon-opened fas fa-caret-up\"><\/i><\/span>\n\t\t\t\t\t\t\t\t\t\t\t\t\t<\/span>\n\t\t\t\t\t\t\t\t\t\t\t\t<a class=\"elementor-toggle-title\" tabindex=\"0\">MEDIOS DIGITALES Y SOCIALES<\/a>\n\t\t\t\t\t<\/div>\n\n\t\t\t\t\t<div id=\"elementor-tab-content-6425\" class=\"elementor-tab-content elementor-clearfix\" data-tab=\"5\" role=\"region\" aria-labelledby=\"elementor-tab-title-6425\"><p><span style=\"font-weight: 400;\">Utilizamos las \u00faltimas tecnolog\u00edas estadounidenses para brindarle una ventaja digital \u00fanica:<\/span><\/p>\n<ul>\n<li><span style=\"font-weight: 400;\">Social Media Management (SMM) y desarrollo de una estrategia de promoci\u00f3n online.<\/span><\/li>\n<li><span style=\"font-weight: 400;\">Microtargeting de publicidad.<\/span><\/li>\n<li><span style=\"font-weight: 400;\">Eliminaci\u00f3n de contenido negativo en l\u00ednea y repoblaci\u00f3n de resultados de b\u00fasqueda con contenido positivo.<\/span><\/li>\n<li><span style=\"font-weight: 400;\">Creaci\u00f3n y gesti\u00f3n de sitios web.<\/span><\/li>\n<li><span style=\"font-weight: 400;\">Dise\u00f1o gr\u00e1fico.<\/span><\/li>\n<li><span style=\"font-weight: 400;\">Distribuci\u00f3n masiva de materiales a trav\u00e9s de correo electr\u00f3nico, SMS y servicios de mensajer\u00eda.<\/span><\/li>\n<li><span style=\"font-weight: 400;\">Centros de llamadas.<\/span><\/li>\n<li><span style=\"font-weight: 400;\">Pruebas de opini\u00f3n p\u00fablica de anuncios y mensajes.<\/span><\/li>\n<\/ul>\n<\/div>\n\t\t\t\t<\/div>\n\t\t\t\t\t\t\t<div class=\"elementor-toggle-item\">\n\t\t\t\t\t<div id=\"elementor-tab-title-6426\" class=\"elementor-tab-title\" data-tab=\"6\" role=\"button\" aria-controls=\"elementor-tab-content-6426\" aria-expanded=\"false\">\n\t\t\t\t\t\t\t\t\t\t\t\t<span class=\"elementor-toggle-icon elementor-toggle-icon-right\" aria-hidden=\"true\">\n\t\t\t\t\t\t\t\t\t\t\t\t\t\t\t<span class=\"elementor-toggle-icon-closed\"><i class=\"fas fa-caret-right\"><\/i><\/span>\n\t\t\t\t\t\t\t\t<span class=\"elementor-toggle-icon-opened\"><i class=\"elementor-toggle-icon-opened fas fa-caret-up\"><\/i><\/span>\n\t\t\t\t\t\t\t\t\t\t\t\t\t<\/span>\n\t\t\t\t\t\t\t\t\t\t\t\t<a class=\"elementor-toggle-title\" tabindex=\"0\">INVESTIGACI\u00d3N DE LA OPOSICI\u00d3N<\/a>\n\t\t\t\t\t<\/div>\n\n\t\t\t\t\t<div id=\"elementor-tab-content-6426\" class=\"elementor-tab-content elementor-clearfix\" data-tab=\"6\" role=\"region\" aria-labelledby=\"elementor-tab-title-6426\"><p><span style=\"font-weight: 400;\">Determinamos los riesgos competitivos y las debilidades de sus<\/span> <span style=\"font-weight: 400;\">oponentes<\/span><span style=\"font-weight: 400;\">:<\/span><\/p>\n<ul>\n<li><span style=\"font-weight: 400;\">Analizar riesgos reputacionales y predecir ataques.<\/span><\/li>\n<li><span style=\"font-weight: 400;\">Desarrollo de estrategias para defender su reputaci\u00f3n o reconstruirla despu\u00e9s de haber sido perjudicada.<\/span><\/li>\n<li><span style=\"font-weight: 400;\">Seguimiento medi\u00e1tico de noticias que puedan afectar a usted o a sus oponentes. <\/span><\/li>\n<li><span style=\"font-weight: 400;\">Investigaci\u00f3n sociol\u00f3gica, incluidas encuestas y grupos focales, de la percepci\u00f3n p\u00fablica de sus competidores.<\/span><\/li>\n<li><span style=\"font-weight: 400;\">An\u00e1lisis de las posiciones electorales y electorales hist\u00f3ricas de su oponente.<\/span><\/li>\n<\/ul>\n<\/div>\n\t\t\t\t<\/div>\n\t\t\t\t\t\t\t<div class=\"elementor-toggle-item\">\n\t\t\t\t\t<div id=\"elementor-tab-title-6427\" class=\"elementor-tab-title\" data-tab=\"7\" role=\"button\" aria-controls=\"elementor-tab-content-6427\" aria-expanded=\"false\">\n\t\t\t\t\t\t\t\t\t\t\t\t<span class=\"elementor-toggle-icon elementor-toggle-icon-right\" aria-hidden=\"true\">\n\t\t\t\t\t\t\t\t\t\t\t\t\t\t\t<span class=\"elementor-toggle-icon-closed\"><i class=\"fas fa-caret-right\"><\/i><\/span>\n\t\t\t\t\t\t\t\t<span class=\"elementor-toggle-icon-opened\"><i class=\"elementor-toggle-icon-opened fas fa-caret-up\"><\/i><\/span>\n\t\t\t\t\t\t\t\t\t\t\t\t\t<\/span>\n\t\t\t\t\t\t\t\t\t\t\t\t<a class=\"elementor-toggle-title\" tabindex=\"0\">\u201cLOBBYING\u201d<\/a>\n\t\t\t\t\t<\/div>\n\n\t\t\t\t\t<div id=\"elementor-tab-content-6427\" class=\"elementor-tab-content elementor-clearfix\" data-tab=\"7\" role=\"region\" aria-labelledby=\"elementor-tab-title-6427\"><p><span style=\"font-weight: 400;\">De acuerdo con la legislaci\u00f3n nacional de cada pa\u00eds, nosotros llevaremos su proyecto a los tomadores de decisiones de alto nivel en Am\u00e9rica y Europa:<\/span><\/p>\n<ul>\n<li><span style=\"font-weight: 400;\">Comunicar sus intereses a los responsables de la toma de decisiones de gobiernos extranjeros.<\/span><\/li>\n<li><span style=\"font-weight: 400;\">Presentar su proyecto a l\u00edderes empresariales o pol\u00edticos.<\/span><\/li>\n<li><span style=\"font-weight: 400;\">Organizaci\u00f3n de viajes a pa\u00edses extranjeros para mostrar su experiencia internacional.<\/span><\/li>\n<\/ul>\n<\/div>\n\t\t\t\t<\/div>\n\t\t\t\t\t\t\t<div class=\"elementor-toggle-item\">\n\t\t\t\t\t<div id=\"elementor-tab-title-6428\" class=\"elementor-tab-title\" data-tab=\"8\" role=\"button\" aria-controls=\"elementor-tab-content-6428\" aria-expanded=\"false\">\n\t\t\t\t\t\t\t\t\t\t\t\t<span class=\"elementor-toggle-icon elementor-toggle-icon-right\" aria-hidden=\"true\">\n\t\t\t\t\t\t\t\t\t\t\t\t\t\t\t<span class=\"elementor-toggle-icon-closed\"><i class=\"fas fa-caret-right\"><\/i><\/span>\n\t\t\t\t\t\t\t\t<span class=\"elementor-toggle-icon-opened\"><i class=\"elementor-toggle-icon-opened fas fa-caret-up\"><\/i><\/span>\n\t\t\t\t\t\t\t\t\t\t\t\t\t<\/span>\n\t\t\t\t\t\t\t\t\t\t\t\t<a class=\"elementor-toggle-title\" tabindex=\"0\">VIP Y EX L\u00cdDERES<\/a>\n\t\t\t\t\t<\/div>\n\n\t\t\t\t\t<div id=\"elementor-tab-content-6428\" class=\"elementor-tab-content elementor-clearfix\" data-tab=\"8\" role=\"region\" aria-labelledby=\"elementor-tab-title-6428\"><p><span style=\"font-weight: 400;\">Construimos un legado duradero en el coraz\u00f3n de sus compatriotas y en el extranjero:<\/span><\/p>\n<ul>\n<li style=\"font-weight: 400;\" aria-level=\"1\"><span style=\"font-weight: 400;\">Administrar su carpeta de trabajos para hablar en p\u00fablico.<\/span><\/li>\n<li style=\"font-weight: 400;\" aria-level=\"1\"><span style=\"font-weight: 400;\">Gestionar sus itinerarios p\u00fablicos y privados, incluyendo mesas redondas y entrevistas.<\/span><\/li>\n<li style=\"font-weight: 400;\" aria-level=\"1\"><span style=\"font-weight: 400;\">Asesor\u00eda en la redacci\u00f3n y \u201cghostwriting\u201d (\u201cescritura fantasma\u201d) de art\u00edculos, libros, etc.<\/span><\/li>\n<\/ul>\n<\/div>\n\t\t\t\t<\/div>\n\t\t\t\t\t\t\t\t<\/div>\n\t\t\t\t\t\t<\/div>\n\t\t\t\t<\/div>\n\t\t\t\t\t<\/div>\n\t\t<\/div>\n\t\t\t\t\t<\/div>\n\t\t<\/section>\n\t\t\t\t<section class=\"elementor-section elementor-top-section elementor-element elementor-element-c5300e7 elementor-section-boxed elementor-section-height-default elementor-section-height-default\" data-id=\"c5300e7\" data-element_type=\"section\" data-e-type=\"section\" data-settings=\"{&quot;background_background&quot;:&quot;classic&quot;}\">\n\t\t\t\t\t\t<div class=\"elementor-container elementor-column-gap-default\">\n\t\t\t\t\t<div class=\"elementor-column elementor-col-50 elementor-top-column elementor-element elementor-element-ed05bde\" data-id=\"ed05bde\" data-element_type=\"column\" data-e-type=\"column\" data-settings=\"{&quot;background_background&quot;:&quot;classic&quot;}\">\n\t\t\t<div class=\"elementor-widget-wrap\">\n\t\t\t\t\t\t\t<\/div>\n\t\t<\/div>\n\t\t\t\t<div class=\"elementor-column elementor-col-50 elementor-top-column elementor-element elementor-element-c5f4335\" data-id=\"c5f4335\" data-element_type=\"column\" data-e-type=\"column\">\n\t\t\t<div class=\"elementor-widget-wrap elementor-element-populated\">\n\t\t\t\t\t\t<div class=\"elementor-element elementor-element-76f1da1 elementor-invisible elementor-widget elementor-widget-heading\" data-id=\"76f1da1\" data-element_type=\"widget\" data-e-type=\"widget\" data-settings=\"{&quot;_animation&quot;:&quot;fadeInLeft&quot;,&quot;_animation_tablet&quot;:&quot;fadeInDown&quot;}\" data-widget_type=\"heading.default\">\n\t\t\t\t<div class=\"elementor-widget-container\">\n\t\t\t\t\t<h2 class=\"elementor-heading-title elementor-size-default\">Ejemplos pr\u00e1cticos:<\/h2>\t\t\t\t<\/div>\n\t\t\t\t<\/div>\n\t\t\t\t<div class=\"elementor-element elementor-element-60b14ce elementor-invisible elementor-widget elementor-widget-text-editor\" data-id=\"60b14ce\" data-element_type=\"widget\" data-e-type=\"widget\" data-settings=\"{&quot;_animation&quot;:&quot;fadeInLeft&quot;,&quot;_animation_tablet&quot;:&quot;fadeInUp&quot;,&quot;_animation_delay&quot;:200}\" data-widget_type=\"text-editor.default\">\n\t\t\t\t<div class=\"elementor-widget-container\">\n\t\t\t\t\t\t\t\t\t<p><span style=\"text-decoration: underline;\"><b>APS TE LLEVA AL TRIUNFO ELECTORAL CON DATOS CIENT\u00cdFICOS<\/b><\/span><br \/><b>El equipo de APS<\/b><span style=\"font-weight: 400;\">ha sido contratado por <i>Cambridge Analytica <\/i>(empresa gemela del Grupo SCL) para asesorar sobre c\u00f3mo utilizar, de la manera m\u00e1s eficaz, el an\u00e1lisis de <i>big data<\/i> y la divulgaci\u00f3n digital en la campa\u00f1a presidencial del Senado de los EE. UU. La aplicaci\u00f3n innovadora de la ciencia est\u00e1 revolucionando las campa\u00f1as pol\u00edticas estadounidenses e internacionales modernas. El uso de big data es algo que <\/span><b>APS<\/b> <span style=\"font-weight: 400;\">puede hacer realidad para su campa\u00f1a o gobierno.<\/span> <\/p>\n<p><span style=\"text-decoration: underline;\"><b>APS DISE\u00d1A ESTRATEGIAS PERSONALIZADAS PARA SU CAMPA\u00d1A<\/b><\/span><br \/><b>APS <\/b><span style=\"font-weight: 400;\">ha trabajado en estrecha colaboraci\u00f3n con<i>un partido pol\u00edtico latinoamericano<\/i> ayud\u00e1ndolo a ganar decisivamente las elecciones regionales, a pesar de una avalancha de prensa negativa y ataques judiciales por motivos pol\u00edticos.<\/span> El equipo de <b>APS<\/b> <span style=\"font-weight: 400;\">cambi\u00f3 con \u00e9xito la narrativa que enfrentaba el Partido, generando una oleada de apoyo popular que los llev\u00f3 a <i>ganar las elecciones<\/i>, superando notablemente las expectativas que daban las encuestas de su propia campa\u00f1a, pero ajust\u00e1ndose con precisi\u00f3n a los resultados de las encuestas que<\/span> <b>APS<\/b> <span style=\"font-weight: 400;\">hab\u00eda realizado.<\/span><\/p>\n<p><span style=\"text-decoration: underline;\"><b>APS LE AYUDA A GANAR EN CUALQUIER ESCENARIO O PRON\u00d3STICO<\/b><\/span><br \/><span style=\"font-weight: 400;\">En un pa\u00eds postsovi\u00e9tico, el equipo <\/span><b>APS<\/b><span style=\"font-weight: 400;\"> ha trabajado con la <i>oposici\u00f3n democr\u00e1tica<\/i> para <i>desafiar al dictador que ostentaba el poder.<\/i> A pesar de la interferencia directa de una potencia extranjera y el fuerte apoyo olig\u00e1rquica para el oponente, el mensaje estrat\u00e9gico de <\/span><b>APS<\/b> <span style=\"font-weight: 400;\">se pudo comunicar de manera efectiva directa, clara y motivadora, que consigui\u00f3 conmover a los votantes y aunque hubo alg\u00fan intento de fraude electoral por parte del poder, no lograron evitar la elecci\u00f3n de nuestro candidato a la Presidencia.<\/span><\/p>\n\t\t\t\t\t\t\t\t<\/div>\n\t\t\t\t<\/div>\n\t\t\t\t\t<\/div>\n\t\t<\/div>\n\t\t\t\t\t<\/div>\n\t\t<\/section>\n\t\t\t\t<section class=\"elementor-section elementor-top-section elementor-element elementor-element-fed78a1 elementor-section-boxed elementor-section-height-default elementor-section-height-default\" data-id=\"fed78a1\" data-element_type=\"section\" data-e-type=\"section\">\n\t\t\t\t\t\t<div class=\"elementor-container elementor-column-gap-default\">\n\t\t\t\t\t<div class=\"elementor-column elementor-col-100 elementor-top-column elementor-element elementor-element-62c69cf\" data-id=\"62c69cf\" data-element_type=\"column\" data-e-type=\"column\" data-settings=\"{&quot;background_background&quot;:&quot;classic&quot;}\">\n\t\t\t<div class=\"elementor-widget-wrap elementor-element-populated\">\n\t\t\t\t\t\t<div class=\"elementor-element elementor-element-97d9561 elementor-widget elementor-widget-heading\" data-id=\"97d9561\" data-element_type=\"widget\" data-e-type=\"widget\" data-widget_type=\"heading.default\">\n\t\t\t\t<div class=\"elementor-widget-container\">\n\t\t\t\t\t<h5 class=\"elementor-heading-title elementor-size-small\">Cada campa\u00f1a es diferente.\nCont\u00e1ctenos ahora para que podamos comenzar a dise\u00f1ar su victoria.<\/h5>\t\t\t\t<\/div>\n\t\t\t\t<\/div>\n\t\t\t\t\t<\/div>\n\t\t<\/div>\n\t\t\t\t\t<\/div>\n\t\t<\/section>\n\t\t\t\t<\/div>\n\t\t","protected":false},"excerpt":{"rendered":"<p>Para los pol\u00edticos ORGANIZACI\u00d3N Y GESTI\u00d3N DE UNA CAMPA\u00d1A POL\u00cdTICA Somos un centro integral para todos los aspectos de su campa\u00f1a pol\u00edtica: Desarrollamos una estrategia de campa\u00f1a, ganadora y basada en la ciencia. T\u00e1cticas para aumentar su notoriedad y reconocimiento para persuadir a los votantes indecisos. Organizamos la estructura de su campa\u00f1a seg\u00fan las mejores [&hellip;]<\/p>\n","protected":false},"author":1,"featured_media":0,"parent":0,"menu_order":0,"comment_status":"closed","ping_status":"closed","template":"","meta":{"footnotes":""},"class_list":["post-3667","page","type-page","status-publish","hentry"],"_links":{"self":[{"href":"https:\/\/americanpoliticalservices.com\/es\/wp-json\/wp\/v2\/pages\/3667","targetHints":{"allow":["GET"]}}],"collection":[{"href":"https:\/\/americanpoliticalservices.com\/es\/wp-json\/wp\/v2\/pages"}],"about":[{"href":"https:\/\/americanpoliticalservices.com\/es\/wp-json\/wp\/v2\/types\/page"}],"author":[{"embeddable":true,"href":"https:\/\/americanpoliticalservices.com\/es\/wp-json\/wp\/v2\/users\/1"}],"replies":[{"embeddable":true,"href":"https:\/\/americanpoliticalservices.com\/es\/wp-json\/wp\/v2\/comments?post=3667"}],"version-history":[{"count":9,"href":"https:\/\/americanpoliticalservices.com\/es\/wp-json\/wp\/v2\/pages\/3667\/revisions"}],"predecessor-version":[{"id":5079,"href":"https:\/\/americanpoliticalservices.com\/es\/wp-json\/wp\/v2\/pages\/3667\/revisions\/5079"}],"wp:attachment":[{"href":"https:\/\/americanpoliticalservices.com\/es\/wp-json\/wp\/v2\/media?parent=3667"}],"curies":[{"name":"wp","href":"https:\/\/api.w.org\/{rel}","templated":true}]}}