{"id":3633,"date":"2021-12-09T13:26:55","date_gmt":"2021-12-09T13:26:55","guid":{"rendered":"https:\/\/americanpoliticalservices.com\/adriana-rivera\/"},"modified":"2021-12-09T13:26:55","modified_gmt":"2021-12-09T13:26:55","slug":"adriana-rivera","status":"publish","type":"page","link":"https:\/\/americanpoliticalservices.com\/es\/adriana-rivera\/","title":{"rendered":"Adriana Rivera"},"content":{"rendered":"\t\t<div data-elementor-type=\"wp-page\" data-elementor-id=\"3633\" class=\"elementor elementor-3633 elementor-3517\">\n\t\t\t\t\t\t<section class=\"elementor-section elementor-top-section elementor-element elementor-element-45bd085c elementor-section-boxed elementor-section-height-default elementor-section-height-default\" data-id=\"45bd085c\" data-element_type=\"section\" data-e-type=\"section\" data-settings=\"{&quot;background_background&quot;:&quot;gradient&quot;}\">\n\t\t\t\t\t\t\t<div class=\"elementor-background-overlay\"><\/div>\n\t\t\t\t\t\t\t<div class=\"elementor-container elementor-column-gap-default\">\n\t\t\t\t\t<div class=\"elementor-column elementor-col-100 elementor-top-column elementor-element elementor-element-2cb71ebd\" data-id=\"2cb71ebd\" data-element_type=\"column\" data-e-type=\"column\">\n\t\t\t<div class=\"elementor-widget-wrap elementor-element-populated\">\n\t\t\t\t\t\t<div class=\"elementor-element elementor-element-5ae0e8b3 elementor-invisible elementor-widget elementor-widget-heading\" data-id=\"5ae0e8b3\" data-element_type=\"widget\" data-e-type=\"widget\" data-settings=\"{&quot;_animation&quot;:&quot;fadeInLeft&quot;}\" data-widget_type=\"heading.default\">\n\t\t\t\t<div class=\"elementor-widget-container\">\n\t\t\t\t\t<h3 class=\"elementor-heading-title elementor-size-default\">Adriana Rivera<\/h3>\t\t\t\t<\/div>\n\t\t\t\t<\/div>\n\t\t\t\t\t<\/div>\n\t\t<\/div>\n\t\t\t\t\t<\/div>\n\t\t<\/section>\n\t\t\t\t<section class=\"elementor-section elementor-top-section elementor-element elementor-element-cc99a5a elementor-section-boxed elementor-section-height-default elementor-section-height-default\" data-id=\"cc99a5a\" data-element_type=\"section\" data-e-type=\"section\">\n\t\t\t\t\t\t<div class=\"elementor-container elementor-column-gap-default\">\n\t\t\t\t\t<div class=\"elementor-column elementor-col-100 elementor-top-column elementor-element elementor-element-c43a095\" data-id=\"c43a095\" data-element_type=\"column\" data-e-type=\"column\">\n\t\t\t<div class=\"elementor-widget-wrap elementor-element-populated\">\n\t\t\t\t\t\t<section class=\"elementor-section elementor-inner-section elementor-element elementor-element-b512558 elementor-section-boxed elementor-section-height-default elementor-section-height-default\" data-id=\"b512558\" data-element_type=\"section\" data-e-type=\"section\">\n\t\t\t\t\t\t<div class=\"elementor-container elementor-column-gap-default\">\n\t\t\t\t\t<div class=\"elementor-column elementor-col-100 elementor-inner-column elementor-element elementor-element-0f9ae2c\" data-id=\"0f9ae2c\" data-element_type=\"column\" data-e-type=\"column\">\n\t\t\t<div class=\"elementor-widget-wrap elementor-element-populated\">\n\t\t\t\t\t\t<div class=\"elementor-element elementor-element-1c336d0 elementor-widget elementor-widget-text-editor\" data-id=\"1c336d0\" data-element_type=\"widget\" data-e-type=\"widget\" data-widget_type=\"text-editor.default\">\n\t\t\t\t<div class=\"elementor-widget-container\">\n\t\t\t\t\t\t\t\t\t<h4><img fetchpriority=\"high\" decoding=\"async\" class=\"team wp-image-3518 size-medium alignleft\" src=\"https:\/\/americanpoliticalservices.com\/wp-content\/uploads\/2021\/12\/AdrianaRivera-300x300.jpeg\" alt=\"\" width=\"300\" height=\"300\"><\/h4>\n<p>Adriana Rivera es una profesional de la comunicaci\u00f3n cuya trayectoria se extiende a lo largo de dos d\u00e9cadas, en las que ha ayudado continuamente a los clientes a hacer llegar su mensaje a un p\u00fablico m\u00e1s amplio mediante el uso de t\u00e9cnicas eficaces y persuasivas. Antes de trabajar para <strong>APS<\/strong>, Adriana trabaj\u00f3 en televisi\u00f3n en Am\u00e9rica Latina, tanto frente a la c\u00e1mara como presentadora de televisi\u00f3n nacional, como detr\u00e1s de la c\u00e1mara como productora de programaci\u00f3n diversa que va desde noticias, deportes y programaci\u00f3n para mujeres. <\/p>\n<p>Adem\u00e1s de sus a\u00f1os de experiencia en periodismo televisivo, Adriana trabaj\u00f3 en Am\u00e9rica Latina, Asia, Europa y Estados Unidos en una amplia variedad de campa\u00f1as informativas, proyectos de relaciones p\u00fablicas y en numerosas campa\u00f1as pol\u00edticas. Este trabajo le ha brindado a Adriana incre\u00edbles oportunidades como trabajar de primera mano con presidentes, vicepresidentes, miembros del parlamento, l\u00edderes municipales y embajadores de todo el mundo. <\/p>\n<p><strong>Educaci\u00f3n<br \/><\/strong><em>Licenciatura en Artes,<\/em> Comunicaciones, Universidad de Dakota del Norte, EE. UU.<\/p>\n<p><strong>Idiomas:<\/strong> ingl\u00e9s y espa\u00f1ol.<\/p>\n\t\t\t\t\t\t\t\t<\/div>\n\t\t\t\t<\/div>\n\t\t\t\t\t<\/div>\n\t\t<\/div>\n\t\t\t\t\t<\/div>\n\t\t<\/section>\n\t\t\t\t\t<\/div>\n\t\t<\/div>\n\t\t\t\t\t<\/div>\n\t\t<\/section>\n\t\t\t\t<\/div>\n\t\t","protected":false},"excerpt":{"rendered":"<p>Adriana Rivera es una profesional de la comunicaci\u00f3n cuya trayectoria se extiende a lo largo de dos d\u00e9cadas, en las que ha ayudado continuamente a los clientes a hacer llegar su mensaje a un p\u00fablico m\u00e1s amplio mediante el uso de t\u00e9cnicas eficaces y persuasivas. Antes de trabajar para APS, Adriana trabaj\u00f3 en televisi\u00f3n en [&hellip;]<\/p>\n","protected":false},"author":1,"featured_media":0,"parent":0,"menu_order":0,"comment_status":"closed","ping_status":"closed","template":"","meta":{"footnotes":""},"class_list":["post-3633","page","type-page","status-publish","hentry"],"_links":{"self":[{"href":"https:\/\/americanpoliticalservices.com\/es\/wp-json\/wp\/v2\/pages\/3633","targetHints":{"allow":["GET"]}}],"collection":[{"href":"https:\/\/americanpoliticalservices.com\/es\/wp-json\/wp\/v2\/pages"}],"about":[{"href":"https:\/\/americanpoliticalservices.com\/es\/wp-json\/wp\/v2\/types\/page"}],"author":[{"embeddable":true,"href":"https:\/\/americanpoliticalservices.com\/es\/wp-json\/wp\/v2\/users\/1"}],"replies":[{"embeddable":true,"href":"https:\/\/americanpoliticalservices.com\/es\/wp-json\/wp\/v2\/comments?post=3633"}],"version-history":[{"count":1,"href":"https:\/\/americanpoliticalservices.com\/es\/wp-json\/wp\/v2\/pages\/3633\/revisions"}],"predecessor-version":[{"id":3634,"href":"https:\/\/americanpoliticalservices.com\/es\/wp-json\/wp\/v2\/pages\/3633\/revisions\/3634"}],"wp:attachment":[{"href":"https:\/\/americanpoliticalservices.com\/es\/wp-json\/wp\/v2\/media?parent=3633"}],"curies":[{"name":"wp","href":"https:\/\/api.w.org\/{rel}","templated":true}]}}