{"id":3582,"date":"2021-12-09T12:08:35","date_gmt":"2021-12-09T12:08:35","guid":{"rendered":"https:\/\/americanpoliticalservices.com\/para-las-empresas\/"},"modified":"2023-04-07T01:16:05","modified_gmt":"2023-04-07T01:16:05","slug":"para-las-empresas","status":"publish","type":"page","link":"https:\/\/americanpoliticalservices.com\/es\/para-las-empresas\/","title":{"rendered":"Para las empresas"},"content":{"rendered":"\t\t<div data-elementor-type=\"wp-page\" data-elementor-id=\"3582\" class=\"elementor elementor-3582 elementor-787\">\n\t\t\t\t\t\t<section class=\"elementor-section elementor-top-section elementor-element elementor-element-4edfad52 elementor-section-boxed elementor-section-height-default elementor-section-height-default\" data-id=\"4edfad52\" data-element_type=\"section\" data-e-type=\"section\" data-settings=\"{&quot;background_background&quot;:&quot;classic&quot;}\">\n\t\t\t\t\t\t\t<div class=\"elementor-background-overlay\"><\/div>\n\t\t\t\t\t\t\t<div class=\"elementor-container elementor-column-gap-default\">\n\t\t\t\t\t<div class=\"elementor-column elementor-col-100 elementor-top-column elementor-element elementor-element-745dc035\" data-id=\"745dc035\" data-element_type=\"column\" data-e-type=\"column\">\n\t\t\t<div class=\"elementor-widget-wrap elementor-element-populated\">\n\t\t\t\t\t\t<div class=\"elementor-element elementor-element-3435cfde elementor-invisible elementor-widget elementor-widget-heading\" data-id=\"3435cfde\" data-element_type=\"widget\" data-e-type=\"widget\" data-settings=\"{&quot;_animation&quot;:&quot;fadeInLeft&quot;}\" data-widget_type=\"heading.default\">\n\t\t\t\t<div class=\"elementor-widget-container\">\n\t\t\t\t\t<h2 class=\"elementor-heading-title elementor-size-default\">Para las empresas<\/h2>\t\t\t\t<\/div>\n\t\t\t\t<\/div>\n\t\t\t\t\t<\/div>\n\t\t<\/div>\n\t\t\t\t\t<\/div>\n\t\t<\/section>\n\t\t\t\t<section class=\"elementor-section elementor-top-section elementor-element elementor-element-40c880ff elementor-section-content-middle elementor-section-boxed elementor-section-height-default elementor-section-height-default\" data-id=\"40c880ff\" data-element_type=\"section\" data-e-type=\"section\">\n\t\t\t\t\t\t<div class=\"elementor-container elementor-column-gap-no\">\n\t\t\t\t\t<div class=\"elementor-column elementor-col-100 elementor-top-column elementor-element elementor-element-d8eebef\" data-id=\"d8eebef\" data-element_type=\"column\" data-e-type=\"column\">\n\t\t\t<div class=\"elementor-widget-wrap elementor-element-populated\">\n\t\t\t\t\t\t<div class=\"elementor-element elementor-element-2648da73 elementor-widget elementor-widget-toggle\" data-id=\"2648da73\" data-element_type=\"widget\" data-e-type=\"widget\" data-widget_type=\"toggle.default\">\n\t\t\t\t<div class=\"elementor-widget-container\">\n\t\t\t\t\t\t\t<div class=\"elementor-toggle\">\n\t\t\t\t\t\t\t<div class=\"elementor-toggle-item\">\n\t\t\t\t\t<div id=\"elementor-tab-title-6421\" class=\"elementor-tab-title\" data-tab=\"1\" role=\"button\" aria-controls=\"elementor-tab-content-6421\" aria-expanded=\"false\">\n\t\t\t\t\t\t\t\t\t\t\t\t<span class=\"elementor-toggle-icon elementor-toggle-icon-right\" aria-hidden=\"true\">\n\t\t\t\t\t\t\t\t\t\t\t\t\t\t\t<span class=\"elementor-toggle-icon-closed\"><i class=\"fas fa-caret-right\"><\/i><\/span>\n\t\t\t\t\t\t\t\t<span class=\"elementor-toggle-icon-opened\"><i class=\"elementor-toggle-icon-opened fas fa-caret-up\"><\/i><\/span>\n\t\t\t\t\t\t\t\t\t\t\t\t\t<\/span>\n\t\t\t\t\t\t\t\t\t\t\t\t<a class=\"elementor-toggle-title\" tabindex=\"0\">INVESTIGACI\u00d3N Y AN\u00c1LISIS EMPRESARIAL<\/a>\n\t\t\t\t\t<\/div>\n\n\t\t\t\t\t<div id=\"elementor-tab-content-6421\" class=\"elementor-tab-content elementor-clearfix\" data-tab=\"1\" role=\"region\" aria-labelledby=\"elementor-tab-title-6421\"><p><span style=\"font-weight: 400;\">Sabemos <\/span><span style=\"font-weight: 400;\">lo <\/span><span style=\"font-weight: 400;\">que ocurre en su mercado objetivo:<\/span><\/p>\n<ul>\n<li><span style=\"font-weight: 400;\">\u00abDue diligence\u00bb (\u00abdiligencia debida\u00bb).<\/span><\/li>\n<li><span style=\"font-weight: 400;\">Peritos para procesos legales.<\/span><\/li>\n<li><span style=\"font-weight: 400;\">An\u00e1lisis de la reputaci\u00f3n de una empresa o producto, del mercado y de los datos del consumidor.<\/span><\/li>\n<li><span style=\"font-weight: 400;\">Caza de tendencias y pron\u00f3sticos corporativos.<\/span><\/li>\n<li><span style=\"font-weight: 400;\">Estructuraci\u00f3n de bases de datos a gran escala.<\/span><\/li>\n<li><span style=\"font-weight: 400;\">An\u00e1lisis de deudas, pr\u00e9stamos, juicios existentes, etc.<\/span><\/li>\n<li><span style=\"font-weight: 400;\">Auditor\u00eda financiera.<\/span><\/li>\n<li>Investigaciones financieras para identificar el origen, los flujos y la localizaci\u00f3n del dinero, asi como para desenmascarar las redes involucradas.<\/li>\n<li><span style=\"font-weight: 400;\">Configuraci\u00f3n y reajuste de la gesti\u00f3n empresarial y gesti\u00f3n de los procesos internos. <\/span><\/li>\n<li><span style=\"font-weight: 400;\">Caza de tendencias y pron\u00f3sticos corporativos.<\/span><\/li>\n<li><span style=\"font-weight: 400;\">Investigaci\u00f3n sociol\u00f3gica, incluidas encuestas y grupos focales.<\/span><\/li>\n<li><span style=\"font-weight: 400;\">Monitoreo de la cobertura medi\u00e1tica de empresas, productos, personas o eventos y noticias de inter\u00e9s para las corporaciones<\/span><\/li>\n<li><span style=\"font-weight: 400;\">Resolver problemas burocr\u00e1ticos que dificultan el desarrollo de su empresa.<\/span><\/li>\n<\/ul>\n<\/div>\n\t\t\t\t<\/div>\n\t\t\t\t\t\t\t<div class=\"elementor-toggle-item\">\n\t\t\t\t\t<div id=\"elementor-tab-title-6422\" class=\"elementor-tab-title\" data-tab=\"2\" role=\"button\" aria-controls=\"elementor-tab-content-6422\" aria-expanded=\"false\">\n\t\t\t\t\t\t\t\t\t\t\t\t<span class=\"elementor-toggle-icon elementor-toggle-icon-right\" aria-hidden=\"true\">\n\t\t\t\t\t\t\t\t\t\t\t\t\t\t\t<span class=\"elementor-toggle-icon-closed\"><i class=\"fas fa-caret-right\"><\/i><\/span>\n\t\t\t\t\t\t\t\t<span class=\"elementor-toggle-icon-opened\"><i class=\"elementor-toggle-icon-opened fas fa-caret-up\"><\/i><\/span>\n\t\t\t\t\t\t\t\t\t\t\t\t\t<\/span>\n\t\t\t\t\t\t\t\t\t\t\t\t<a class=\"elementor-toggle-title\" tabindex=\"0\">INVESTIGACI\u00d3N SOCIOL\u00d3GICA<\/a>\n\t\t\t\t\t<\/div>\n\n\t\t\t\t\t<div id=\"elementor-tab-content-6422\" class=\"elementor-tab-content elementor-clearfix\" data-tab=\"2\" role=\"region\" aria-labelledby=\"elementor-tab-title-6422\"><p><span style=\"font-weight: 400;\">Obtenemos un conocimiento profundo de las opiniones del p\u00fablico y lo que eso significa para usted y su mercado:<\/span><\/p>\n<ul>\n<li><span style=\"font-weight: 400;\">Encuestas de mercado (an\u00e1lisis cuantitativo de los cambios que afectan a su producto o negocio).<\/span><\/li>\n<li><span style=\"font-weight: 400;\">Grupos focales<\/span> <span style=\"font-weight: 400;\">(an\u00e1lisis de las percepciones del p\u00fablico hacia su imagen o su marca).<\/span><\/li>\n<li><span style=\"font-weight: 400;\">Entrevistas personalizadas en profundidad (examen de las experiencias del consumidor con su producto o empresa).<\/span><\/li>\n<\/ul>\n<\/div>\n\t\t\t\t<\/div>\n\t\t\t\t\t\t\t<div class=\"elementor-toggle-item\">\n\t\t\t\t\t<div id=\"elementor-tab-title-6423\" class=\"elementor-tab-title\" data-tab=\"3\" role=\"button\" aria-controls=\"elementor-tab-content-6423\" aria-expanded=\"false\">\n\t\t\t\t\t\t\t\t\t\t\t\t<span class=\"elementor-toggle-icon elementor-toggle-icon-right\" aria-hidden=\"true\">\n\t\t\t\t\t\t\t\t\t\t\t\t\t\t\t<span class=\"elementor-toggle-icon-closed\"><i class=\"fas fa-caret-right\"><\/i><\/span>\n\t\t\t\t\t\t\t\t<span class=\"elementor-toggle-icon-opened\"><i class=\"elementor-toggle-icon-opened fas fa-caret-up\"><\/i><\/span>\n\t\t\t\t\t\t\t\t\t\t\t\t\t<\/span>\n\t\t\t\t\t\t\t\t\t\t\t\t<a class=\"elementor-toggle-title\" tabindex=\"0\">MARCA Y \u201cBRANDING\u201d<\/a>\n\t\t\t\t\t<\/div>\n\n\t\t\t\t\t<div id=\"elementor-tab-content-6423\" class=\"elementor-tab-content elementor-clearfix\" data-tab=\"3\" role=\"region\" aria-labelledby=\"elementor-tab-title-6423\"><p><span style=\"font-weight: 400;\">Identificamos el branding que te acercar\u00e1 a los consumidores:<\/span><\/p>\n<ul>\n<li><span style=\"font-weight: 400;\">Encuestas de mercado (an\u00e1lisis cuantitativo de los cambios que afectan a su producto o negocio). <\/span><\/li>\n<li><span style=\"font-weight: 400;\">Grupos focales (an\u00e1lisis de las percepciones del p\u00fablico hacia su imagen o su marca).<\/span><\/li>\n<li><span style=\"font-weight: 400;\">Desarrollo de una estrategia de comunicaci\u00f3n para llegar mejor a los consumidores.<\/span><\/li>\n<li><span style=\"font-weight: 400;\">Creaci\u00f3n de anuncios: desde folletos impresos, hasta comerciales de televisi\u00f3n, hasta banners de las redes sociales.<\/span><\/li>\n<\/ul>\n<\/div>\n\t\t\t\t<\/div>\n\t\t\t\t\t\t\t<div class=\"elementor-toggle-item\">\n\t\t\t\t\t<div id=\"elementor-tab-title-6424\" class=\"elementor-tab-title\" data-tab=\"4\" role=\"button\" aria-controls=\"elementor-tab-content-6424\" aria-expanded=\"false\">\n\t\t\t\t\t\t\t\t\t\t\t\t<span class=\"elementor-toggle-icon elementor-toggle-icon-right\" aria-hidden=\"true\">\n\t\t\t\t\t\t\t\t\t\t\t\t\t\t\t<span class=\"elementor-toggle-icon-closed\"><i class=\"fas fa-caret-right\"><\/i><\/span>\n\t\t\t\t\t\t\t\t<span class=\"elementor-toggle-icon-opened\"><i class=\"elementor-toggle-icon-opened fas fa-caret-up\"><\/i><\/span>\n\t\t\t\t\t\t\t\t\t\t\t\t\t<\/span>\n\t\t\t\t\t\t\t\t\t\t\t\t<a class=\"elementor-toggle-title\" tabindex=\"0\">Gesti\u00f3n de crisis, relaciones p\u00fablicas y medios<\/a>\n\t\t\t\t\t<\/div>\n\n\t\t\t\t\t<div id=\"elementor-tab-content-6424\" class=\"elementor-tab-content elementor-clearfix\" data-tab=\"4\" role=\"region\" aria-labelledby=\"elementor-tab-title-6424\"><p><span style=\"font-weight: 400;\">Te preparamos para mejorar tu comunicaci\u00f3n con los consumidores:<\/span><\/p>\n<ul>\n<li><span style=\"font-weight: 400;\">Desarrollo de una estrategia de comunicaci\u00f3n para llegar mejor a los consumidores.<\/span><\/li>\n<li><span style=\"font-weight: 400;\">Monitoreo y an\u00e1lisis de los medios de comunicaci\u00f3n locales y nacionales.<\/span><\/li>\n<li><span style=\"font-weight: 400;\">Organizaci\u00f3n de eventos de prensa.<\/span><\/li>\n<li><span style=\"font-weight: 400;\">Colocaci\u00f3n de reportajes, entrevistas y an\u00e1lisis.<\/span><\/li>\n<li><span style=\"font-weight: 400;\">Entrenamiento para hablar en p\u00fablico y entrevistas con los medios.<\/span><\/li>\n<li><span style=\"font-weight: 400;\">Creaci\u00f3n de publicidad impresa y televisiva.<\/span><\/li>\n<\/ul>\n<\/div>\n\t\t\t\t<\/div>\n\t\t\t\t\t\t\t<div class=\"elementor-toggle-item\">\n\t\t\t\t\t<div id=\"elementor-tab-title-6425\" class=\"elementor-tab-title\" data-tab=\"5\" role=\"button\" aria-controls=\"elementor-tab-content-6425\" aria-expanded=\"false\">\n\t\t\t\t\t\t\t\t\t\t\t\t<span class=\"elementor-toggle-icon elementor-toggle-icon-right\" aria-hidden=\"true\">\n\t\t\t\t\t\t\t\t\t\t\t\t\t\t\t<span class=\"elementor-toggle-icon-closed\"><i class=\"fas fa-caret-right\"><\/i><\/span>\n\t\t\t\t\t\t\t\t<span class=\"elementor-toggle-icon-opened\"><i class=\"elementor-toggle-icon-opened fas fa-caret-up\"><\/i><\/span>\n\t\t\t\t\t\t\t\t\t\t\t\t\t<\/span>\n\t\t\t\t\t\t\t\t\t\t\t\t<a class=\"elementor-toggle-title\" tabindex=\"0\">\u201cLOBBYING\u201d<\/a>\n\t\t\t\t\t<\/div>\n\n\t\t\t\t\t<div id=\"elementor-tab-content-6425\" class=\"elementor-tab-content elementor-clearfix\" data-tab=\"5\" role=\"region\" aria-labelledby=\"elementor-tab-title-6425\"><p><span style=\"font-weight: 400;\">De acuerdo con la legislaci\u00f3n nacional de cada pa\u00eds, nosotros llevaremos su proyecto a los tomadores de decisiones de alto nivel en Am\u00e9rica y Europa:<\/span><\/p>\n<ul>\n<li><span style=\"font-weight: 400;\">Intermediaremos los intereses de su corporaci\u00f3n con las personas clave del gobierno.<\/span><\/li>\n<li><span style=\"font-weight: 400;\">Presentaremos su producto a l\u00edderes pol\u00edticos o empresariales clave.<\/span><\/li>\n<li><span style=\"font-weight: 400;\">Haremos seguimiento de la legislaci\u00f3n que podr\u00eda afectar su mercado.<\/span><\/li>\n<\/ul>\n<\/div>\n\t\t\t\t<\/div>\n\t\t\t\t\t\t\t<div class=\"elementor-toggle-item\">\n\t\t\t\t\t<div id=\"elementor-tab-title-6426\" class=\"elementor-tab-title\" data-tab=\"6\" role=\"button\" aria-controls=\"elementor-tab-content-6426\" aria-expanded=\"false\">\n\t\t\t\t\t\t\t\t\t\t\t\t<span class=\"elementor-toggle-icon elementor-toggle-icon-right\" aria-hidden=\"true\">\n\t\t\t\t\t\t\t\t\t\t\t\t\t\t\t<span class=\"elementor-toggle-icon-closed\"><i class=\"fas fa-caret-right\"><\/i><\/span>\n\t\t\t\t\t\t\t\t<span class=\"elementor-toggle-icon-opened\"><i class=\"elementor-toggle-icon-opened fas fa-caret-up\"><\/i><\/span>\n\t\t\t\t\t\t\t\t\t\t\t\t\t<\/span>\n\t\t\t\t\t\t\t\t\t\t\t\t<a class=\"elementor-toggle-title\" tabindex=\"0\">Gesti\u00f3n Reputacional<\/a>\n\t\t\t\t\t<\/div>\n\n\t\t\t\t\t<div id=\"elementor-tab-content-6426\" class=\"elementor-tab-content elementor-clearfix\" data-tab=\"6\" role=\"region\" aria-labelledby=\"elementor-tab-title-6426\"><p><span style=\"font-weight: 400;\">Ayudamos a las empresas no solo a sobrevivir a una crisis de reputaci\u00f3n, sino a prosperar despu\u00e9s de ella:<\/span><\/p>\n<ul>\n<li><span style=\"font-weight: 400;\">R\u00e1pida respuesta a riesgos y ataques en Medios y Redes Sociales.<\/span><\/li>\n<li><span style=\"font-weight: 400;\">Encuestas r\u00e1pidas, grupos focales y entrevistas personales en profundidad.<\/span><\/li>\n<li><span style=\"font-weight: 400;\">Creaci\u00f3n de estrategias que reconstruyen, recrean o renombran su reputaci\u00f3n.<\/span><\/li>\n<\/ul>\n<\/div>\n\t\t\t\t<\/div>\n\t\t\t\t\t\t\t<div class=\"elementor-toggle-item\">\n\t\t\t\t\t<div id=\"elementor-tab-title-6427\" class=\"elementor-tab-title\" data-tab=\"7\" role=\"button\" aria-controls=\"elementor-tab-content-6427\" aria-expanded=\"false\">\n\t\t\t\t\t\t\t\t\t\t\t\t<span class=\"elementor-toggle-icon elementor-toggle-icon-right\" aria-hidden=\"true\">\n\t\t\t\t\t\t\t\t\t\t\t\t\t\t\t<span class=\"elementor-toggle-icon-closed\"><i class=\"fas fa-caret-right\"><\/i><\/span>\n\t\t\t\t\t\t\t\t<span class=\"elementor-toggle-icon-opened\"><i class=\"elementor-toggle-icon-opened fas fa-caret-up\"><\/i><\/span>\n\t\t\t\t\t\t\t\t\t\t\t\t\t<\/span>\n\t\t\t\t\t\t\t\t\t\t\t\t<a class=\"elementor-toggle-title\" tabindex=\"0\">MEDIOS DIGITALES Y SOCIALES<\/a>\n\t\t\t\t\t<\/div>\n\n\t\t\t\t\t<div id=\"elementor-tab-content-6427\" class=\"elementor-tab-content elementor-clearfix\" data-tab=\"7\" role=\"region\" aria-labelledby=\"elementor-tab-title-6427\"><p><span style=\"font-weight: 400;\">Nuestras estrategias de marketing digital reflejan las realidades, normas y costumbres locales:<\/span><\/p>\n<ul>\n<li><span style=\"font-weight: 400;\">Marketing en redes sociales (SMM).<\/span><\/li>\n<li><span style=\"font-weight: 400;\">Creaci\u00f3n e implementaci\u00f3n de una estrategia promocional.<\/span><\/li>\n<li><span style=\"font-weight: 400;\">Microtargeting de mensajes y anuncios.<\/span><\/li>\n<li><span style=\"font-weight: 400;\">Producci\u00f3n de comerciales de televisi\u00f3n y radio.<\/span><\/li>\n<li><span style=\"font-weight: 400;\">Creaci\u00f3n y gesti\u00f3n de sitios web.<\/span><\/li>\n<li><span style=\"font-weight: 400;\">Dise\u00f1o gr\u00e1fico.<\/span><\/li>\n<\/ul>\n<\/div>\n\t\t\t\t<\/div>\n\t\t\t\t\t\t\t<div class=\"elementor-toggle-item\">\n\t\t\t\t\t<div id=\"elementor-tab-title-6428\" class=\"elementor-tab-title\" data-tab=\"8\" role=\"button\" aria-controls=\"elementor-tab-content-6428\" aria-expanded=\"false\">\n\t\t\t\t\t\t\t\t\t\t\t\t<span class=\"elementor-toggle-icon elementor-toggle-icon-right\" aria-hidden=\"true\">\n\t\t\t\t\t\t\t\t\t\t\t\t\t\t\t<span class=\"elementor-toggle-icon-closed\"><i class=\"fas fa-caret-right\"><\/i><\/span>\n\t\t\t\t\t\t\t\t<span class=\"elementor-toggle-icon-opened\"><i class=\"elementor-toggle-icon-opened fas fa-caret-up\"><\/i><\/span>\n\t\t\t\t\t\t\t\t\t\t\t\t\t<\/span>\n\t\t\t\t\t\t\t\t\t\t\t\t<a class=\"elementor-toggle-title\" tabindex=\"0\">SERVICIOS DE RRHH<\/a>\n\t\t\t\t\t<\/div>\n\n\t\t\t\t\t<div id=\"elementor-tab-content-6428\" class=\"elementor-tab-content elementor-clearfix\" data-tab=\"8\" role=\"region\" aria-labelledby=\"elementor-tab-title-6428\"><p><span style=\"font-weight: 400;\">Ayudamos a las empresas a encontrar personas id\u00f3neas para cada puesto:<\/span><\/p>\n<ul>\n<li><span style=\"font-weight: 400;\">Analizamos en profundidad la empresa para crear un perfil y encontramos el l\u00edder que necesita a trav\u00e9s de entrevistas y sociometr\u00eda.<\/span><\/li>\n<li><span style=\"font-weight: 400;\">Ayudamos a definir las competencias requeridas para determinados puestos.<\/span><\/li>\n<li><span style=\"font-weight: 400;\">Identificamos el potencial de los empleados en base a los criterios requeridos.<\/span><\/li>\n<li><span style=\"font-weight: 400;\">Realizamos la b\u00fasqueda de ejecutivos: desde la subcontrataci\u00f3n de consultores experimentados hasta la contrataci\u00f3n de directores ejecutivos, socios gerentes y juntas directivas.<\/span><\/li>\n<li><span style=\"font-weight: 400;\">Asesoramos en pol\u00edticas y cultura corporativa.<\/span><\/li>\n<li><span style=\"font-weight: 400;\">Evaluamos el modelo de negocio y organizativo de la empresa.<\/span><\/li>\n<\/ul>\n<\/div>\n\t\t\t\t<\/div>\n\t\t\t\t\t\t\t<div class=\"elementor-toggle-item\">\n\t\t\t\t\t<div id=\"elementor-tab-title-6429\" class=\"elementor-tab-title\" data-tab=\"9\" role=\"button\" aria-controls=\"elementor-tab-content-6429\" aria-expanded=\"false\">\n\t\t\t\t\t\t\t\t\t\t\t\t<span class=\"elementor-toggle-icon elementor-toggle-icon-right\" aria-hidden=\"true\">\n\t\t\t\t\t\t\t\t\t\t\t\t\t\t\t<span class=\"elementor-toggle-icon-closed\"><i class=\"fas fa-caret-right\"><\/i><\/span>\n\t\t\t\t\t\t\t\t<span class=\"elementor-toggle-icon-opened\"><i class=\"elementor-toggle-icon-opened fas fa-caret-up\"><\/i><\/span>\n\t\t\t\t\t\t\t\t\t\t\t\t\t<\/span>\n\t\t\t\t\t\t\t\t\t\t\t\t<a class=\"elementor-toggle-title\" tabindex=\"0\">Traducciones<\/a>\n\t\t\t\t\t<\/div>\n\n\t\t\t\t\t<div id=\"elementor-tab-content-6429\" class=\"elementor-tab-content elementor-clearfix\" data-tab=\"9\" role=\"region\" aria-labelledby=\"elementor-tab-title-6429\"><p><span style=\"font-weight: 400;\">Facilitamos traducciones confiables de documentos legales, t\u00e9cnicos y profesionales, as\u00ed como int\u00e9rpretes para eventos y reuniones, del idioma local a cualquier idioma europeo.<\/span><\/p>\n<\/div>\n\t\t\t\t<\/div>\n\t\t\t\t\t\t\t\t<\/div>\n\t\t\t\t\t\t<\/div>\n\t\t\t\t<\/div>\n\t\t\t\t\t<\/div>\n\t\t<\/div>\n\t\t\t\t\t<\/div>\n\t\t<\/section>\n\t\t\t\t<section class=\"elementor-section elementor-top-section elementor-element elementor-element-f7e5b23 elementor-section-boxed elementor-section-height-default elementor-section-height-default\" data-id=\"f7e5b23\" data-element_type=\"section\" data-e-type=\"section\" data-settings=\"{&quot;background_background&quot;:&quot;classic&quot;}\">\n\t\t\t\t\t\t<div class=\"elementor-container elementor-column-gap-default\">\n\t\t\t\t\t<div class=\"elementor-column elementor-col-50 elementor-top-column elementor-element elementor-element-4bd2a0d\" data-id=\"4bd2a0d\" data-element_type=\"column\" data-e-type=\"column\" data-settings=\"{&quot;background_background&quot;:&quot;classic&quot;}\">\n\t\t\t<div class=\"elementor-widget-wrap\">\n\t\t\t\t\t\t\t<\/div>\n\t\t<\/div>\n\t\t\t\t<div class=\"elementor-column elementor-col-50 elementor-top-column elementor-element elementor-element-9b2e924\" data-id=\"9b2e924\" data-element_type=\"column\" data-e-type=\"column\">\n\t\t\t<div class=\"elementor-widget-wrap elementor-element-populated\">\n\t\t\t\t\t\t<div class=\"elementor-element elementor-element-f1ec784 elementor-invisible elementor-widget elementor-widget-heading\" data-id=\"f1ec784\" data-element_type=\"widget\" data-e-type=\"widget\" data-settings=\"{&quot;_animation&quot;:&quot;fadeInLeft&quot;,&quot;_animation_tablet&quot;:&quot;fadeInDown&quot;}\" data-widget_type=\"heading.default\">\n\t\t\t\t<div class=\"elementor-widget-container\">\n\t\t\t\t\t<h2 class=\"elementor-heading-title elementor-size-default\">Ejemplos pr\u00e1cticos:<\/h2>\t\t\t\t<\/div>\n\t\t\t\t<\/div>\n\t\t\t\t<div class=\"elementor-element elementor-element-75a5783 elementor-invisible elementor-widget elementor-widget-text-editor\" data-id=\"75a5783\" data-element_type=\"widget\" data-e-type=\"widget\" data-settings=\"{&quot;_animation&quot;:&quot;fadeInLeft&quot;,&quot;_animation_tablet&quot;:&quot;fadeInUp&quot;,&quot;_animation_delay&quot;:200}\" data-widget_type=\"text-editor.default\">\n\t\t\t\t<div class=\"elementor-widget-container\">\n\t\t\t\t\t\t\t\t\t<p><span style=\"font-weight: 400;\"><span style=\"text-decoration: underline;\"><b>APS EXPANDE SUS HORIZONTES A NUEVOS MERCADOS<\/b><\/span><br \/><\/span><span style=\"font-weight: 400;\"><strong>APS<\/strong> ha trabajado con <i>una startup europea<\/i> en el \u00e1mbito de tecnolog\u00eda en busca de expandir su empresa a nuevos mercados. En solo 75 d\u00edas h\u00e1biles, <strong>APS<\/strong> ha llevado esta empresa a 19 pa\u00edses, en 4 continentes y ha comenzado a negociar contratos con valores netos <i>superiores a los 25 millones de d\u00f3lares<\/i>. <\/span><\/p>\n<p><span style=\"font-weight: 400;\"><span style=\"text-decoration: underline;\"><b>APS LE CONECTA CON EL RESTO DEL MUNDO<\/b><\/span><br \/><\/span><span style=\"font-weight: 400;\"><strong>APS<\/strong> ha sido elegida por <i>una empresa de Am\u00e9rica Latina<\/i> para encontrar compradores de recursos naturales en la antigua Uni\u00f3n Sovi\u00e9tica. En el transcurso de 3 semanas, <\/span><b>APS <\/b><span style=\"font-weight: 400;\">ha logrado ayudar a su cliente a comenzar a sentar las bases para un sustancioso <i>acuerdo de 18,7 millones de d\u00f3lares.<\/i><\/span><\/p>\n<p><span style=\"font-weight: 400;\"><span style=\"text-decoration: underline;\"><b>APS ES UN INTERMEDIARIO PODEROSO ENTRE EMPRESAS Y EL GOBIERNO<\/b><\/span><br \/><\/span><span style=\"font-weight: 400;\"><strong>APS<\/strong> ha sido elegida por una empresa interesada en que <i>un gobierno nacional en Europa contrate sus servicios.<\/i> Debido a <\/span>los s\u00f3lidos contactos con los que cuenta <b>APS,<\/b> <span style=\"font-weight: 400;\">ha sido \u201cla art\u00edfice\u201d de un acuerdo entre un gobierno nacional europeo y una compa\u00f1\u00eda cliente de APS, que ofert\u00f3 sus servicios y consiguieron la adjudicaci\u00f3n de <i>un contrato anual.<\/i><\/span><\/p>\n\t\t\t\t\t\t\t\t<\/div>\n\t\t\t\t<\/div>\n\t\t\t\t\t<\/div>\n\t\t<\/div>\n\t\t\t\t\t<\/div>\n\t\t<\/section>\n\t\t\t\t<\/div>\n\t\t","protected":false},"excerpt":{"rendered":"<p>Para las empresas INVESTIGACI\u00d3N Y AN\u00c1LISIS EMPRESARIAL Sabemos lo que ocurre en su mercado objetivo: \u00abDue diligence\u00bb (\u00abdiligencia debida\u00bb). Peritos para procesos legales. An\u00e1lisis de la reputaci\u00f3n de una empresa o producto, del mercado y de los datos del consumidor. Caza de tendencias y pron\u00f3sticos corporativos. Estructuraci\u00f3n de bases de datos a gran escala. An\u00e1lisis [&hellip;]<\/p>\n","protected":false},"author":1,"featured_media":0,"parent":0,"menu_order":0,"comment_status":"closed","ping_status":"closed","template":"","meta":{"footnotes":""},"class_list":["post-3582","page","type-page","status-publish","hentry"],"_links":{"self":[{"href":"https:\/\/americanpoliticalservices.com\/es\/wp-json\/wp\/v2\/pages\/3582","targetHints":{"allow":["GET"]}}],"collection":[{"href":"https:\/\/americanpoliticalservices.com\/es\/wp-json\/wp\/v2\/pages"}],"about":[{"href":"https:\/\/americanpoliticalservices.com\/es\/wp-json\/wp\/v2\/types\/page"}],"author":[{"embeddable":true,"href":"https:\/\/americanpoliticalservices.com\/es\/wp-json\/wp\/v2\/users\/1"}],"replies":[{"embeddable":true,"href":"https:\/\/americanpoliticalservices.com\/es\/wp-json\/wp\/v2\/comments?post=3582"}],"version-history":[{"count":21,"href":"https:\/\/americanpoliticalservices.com\/es\/wp-json\/wp\/v2\/pages\/3582\/revisions"}],"predecessor-version":[{"id":5115,"href":"https:\/\/americanpoliticalservices.com\/es\/wp-json\/wp\/v2\/pages\/3582\/revisions\/5115"}],"wp:attachment":[{"href":"https:\/\/americanpoliticalservices.com\/es\/wp-json\/wp\/v2\/media?parent=3582"}],"curies":[{"name":"wp","href":"https:\/\/api.w.org\/{rel}","templated":true}]}}