{"id":3487,"date":"2021-12-09T10:38:52","date_gmt":"2021-12-09T10:38:52","guid":{"rendered":"https:\/\/americanpoliticalservices.com\/santiago-perez\/"},"modified":"2021-12-09T10:38:53","modified_gmt":"2021-12-09T10:38:53","slug":"santiago-perez","status":"publish","type":"page","link":"https:\/\/americanpoliticalservices.com\/es\/santiago-perez\/","title":{"rendered":"Santiago P\u00e9rez"},"content":{"rendered":"\t\t<div data-elementor-type=\"wp-page\" data-elementor-id=\"3487\" class=\"elementor elementor-3487 elementor-1949\">\n\t\t\t\t\t\t<section class=\"elementor-section elementor-top-section elementor-element elementor-element-45bd085c elementor-section-boxed elementor-section-height-default elementor-section-height-default\" data-id=\"45bd085c\" data-element_type=\"section\" data-e-type=\"section\" data-settings=\"{&quot;background_background&quot;:&quot;gradient&quot;}\">\n\t\t\t\t\t\t\t<div class=\"elementor-background-overlay\"><\/div>\n\t\t\t\t\t\t\t<div class=\"elementor-container elementor-column-gap-default\">\n\t\t\t\t\t<div class=\"elementor-column elementor-col-100 elementor-top-column elementor-element elementor-element-2cb71ebd\" data-id=\"2cb71ebd\" data-element_type=\"column\" data-e-type=\"column\">\n\t\t\t<div class=\"elementor-widget-wrap elementor-element-populated\">\n\t\t\t\t\t\t<div class=\"elementor-element elementor-element-5ae0e8b3 elementor-invisible elementor-widget elementor-widget-heading\" data-id=\"5ae0e8b3\" data-element_type=\"widget\" data-e-type=\"widget\" data-settings=\"{&quot;_animation&quot;:&quot;fadeInLeft&quot;}\" data-widget_type=\"heading.default\">\n\t\t\t\t<div class=\"elementor-widget-container\">\n\t\t\t\t\t<h3 class=\"elementor-heading-title elementor-size-default\">Santiago P\u00e9rez<\/h3>\t\t\t\t<\/div>\n\t\t\t\t<\/div>\n\t\t\t\t\t<\/div>\n\t\t<\/div>\n\t\t\t\t\t<\/div>\n\t\t<\/section>\n\t\t\t\t<section class=\"elementor-section elementor-top-section elementor-element elementor-element-cc99a5a elementor-section-boxed elementor-section-height-default elementor-section-height-default\" data-id=\"cc99a5a\" data-element_type=\"section\" data-e-type=\"section\">\n\t\t\t\t\t\t<div class=\"elementor-container elementor-column-gap-default\">\n\t\t\t\t\t<div class=\"elementor-column elementor-col-100 elementor-top-column elementor-element elementor-element-c43a095\" data-id=\"c43a095\" data-element_type=\"column\" data-e-type=\"column\">\n\t\t\t<div class=\"elementor-widget-wrap elementor-element-populated\">\n\t\t\t\t\t\t<section class=\"elementor-section elementor-inner-section elementor-element elementor-element-b512558 elementor-section-boxed elementor-section-height-default elementor-section-height-default\" data-id=\"b512558\" data-element_type=\"section\" data-e-type=\"section\">\n\t\t\t\t\t\t<div class=\"elementor-container elementor-column-gap-default\">\n\t\t\t\t\t<div class=\"elementor-column elementor-col-100 elementor-inner-column elementor-element elementor-element-0f9ae2c\" data-id=\"0f9ae2c\" data-element_type=\"column\" data-e-type=\"column\">\n\t\t\t<div class=\"elementor-widget-wrap elementor-element-populated\">\n\t\t\t\t\t\t<div class=\"elementor-element elementor-element-1c336d0 elementor-widget elementor-widget-text-editor\" data-id=\"1c336d0\" data-element_type=\"widget\" data-e-type=\"widget\" data-widget_type=\"text-editor.default\">\n\t\t\t\t<div class=\"elementor-widget-container\">\n\t\t\t\t\t\t\t\t\t<h4><img fetchpriority=\"high\" decoding=\"async\" class=\"team alignleft wp-image-1016 size-full\" src=\"https:\/\/americanpoliticalservices.com\/wp-content\/uploads\/2021\/10\/SantiagoPerez.png\" alt=\"\" width=\"450\" height=\"450\" srcset=\"https:\/\/americanpoliticalservices.com\/wp-content\/uploads\/2021\/10\/SantiagoPerez.png 450w, https:\/\/americanpoliticalservices.com\/wp-content\/uploads\/2021\/10\/SantiagoPerez-300x300.png 300w, https:\/\/americanpoliticalservices.com\/wp-content\/uploads\/2021\/10\/SantiagoPerez-150x150.png 150w\" sizes=\"(max-width: 450px) 100vw, 450px\" \/><\/h4>\n<p>Santiago es Antrop\u00f3logo y Consultor Pol\u00edtico especializado en opini\u00f3n p\u00fablica con una experiencia de m\u00e1s de 30 a\u00f1os en encuestas, censos, estudios cualitativos, docencia, dise\u00f1o de estrategia pol\u00edtica y comunicaci\u00f3n, que trae a <b>APS<\/b>. Ha dise\u00f1ado, dirigido y analizado los resultados de miles de estudios relacionados con los \u00e1mbitos social, econ\u00f3mico y cultural para apoyar campa\u00f1as, implementaci\u00f3n de pol\u00edticas p\u00fablicas, apoyo a gobiernos nacionales y locales, parlamentos y estudios acad\u00e9micos. <\/p>\n<p>Santiago P\u00e9rez lidera equipos multidisciplinarios, que integran estad\u00edstica social, estudios culturales e hist\u00f3ricos, etnograf\u00eda, comunicaci\u00f3n digital y otras herramientas que permiten conocer y comprender las necesidades y demandas de las personas. Ha trabajado en m\u00e1s de 400 campa\u00f1as electorales en Ecuador, Colombia, Per\u00fa, Panam\u00e1, Estados Unidos, Espa\u00f1a y M\u00e9xico. <\/p>\n<p>Ha contribuido a la implementaci\u00f3n de pol\u00edticas p\u00fablicas, como el programa de estudios para la Asamblea Nacional Constituyente de 2008, el censo social penitenciario de 2009, el estudio para la reforma de la justicia en 2012 y el desarrollo del sistema de beneficiarios de programas y bonos del Estado entre 2007 y 2017.<\/p>\n<p><strong>Educaci\u00f3n:<\/strong><br \/><em>M\u00e1ster<\/em>en Antropolog\u00eda Pol\u00edtica, Facultad Latinoamericana de Ciencias Sociales<br \/><em>M\u00e1ster<\/em>en Comunicaci\u00f3n y Opini\u00f3n P\u00fablica, Facultad Latinoamericana de Ciencias Sociales<br \/><em>Licenciatura<\/em> en Comunicaci\u00f3n y Opini\u00f3n P\u00fablica, Facultad Latinoamericana de Ciencias Sociales<\/p>\n<p><strong>Idiomas:<\/strong> ingl\u00e9s y espa\u00f1ol.<\/p>\n\t\t\t\t\t\t\t\t<\/div>\n\t\t\t\t<\/div>\n\t\t\t\t\t<\/div>\n\t\t<\/div>\n\t\t\t\t\t<\/div>\n\t\t<\/section>\n\t\t\t\t\t<\/div>\n\t\t<\/div>\n\t\t\t\t\t<\/div>\n\t\t<\/section>\n\t\t\t\t<\/div>\n\t\t","protected":false},"excerpt":{"rendered":"<p>Santiago es Antrop\u00f3logo y Consultor Pol\u00edtico especializado en opini\u00f3n p\u00fablica con una experiencia de m\u00e1s de 30 a\u00f1os en encuestas, censos, estudios cualitativos, docencia, dise\u00f1o de estrategia pol\u00edtica y comunicaci\u00f3n, que trae a APS. Ha dise\u00f1ado, dirigido y analizado los resultados de miles de estudios relacionados con los \u00e1mbitos social, econ\u00f3mico y cultural para apoyar [&hellip;]<\/p>\n","protected":false},"author":1,"featured_media":0,"parent":0,"menu_order":0,"comment_status":"closed","ping_status":"closed","template":"","meta":{"footnotes":""},"class_list":["post-3487","page","type-page","status-publish","hentry"],"_links":{"self":[{"href":"https:\/\/americanpoliticalservices.com\/es\/wp-json\/wp\/v2\/pages\/3487","targetHints":{"allow":["GET"]}}],"collection":[{"href":"https:\/\/americanpoliticalservices.com\/es\/wp-json\/wp\/v2\/pages"}],"about":[{"href":"https:\/\/americanpoliticalservices.com\/es\/wp-json\/wp\/v2\/types\/page"}],"author":[{"embeddable":true,"href":"https:\/\/americanpoliticalservices.com\/es\/wp-json\/wp\/v2\/users\/1"}],"replies":[{"embeddable":true,"href":"https:\/\/americanpoliticalservices.com\/es\/wp-json\/wp\/v2\/comments?post=3487"}],"version-history":[{"count":1,"href":"https:\/\/americanpoliticalservices.com\/es\/wp-json\/wp\/v2\/pages\/3487\/revisions"}],"predecessor-version":[{"id":3488,"href":"https:\/\/americanpoliticalservices.com\/es\/wp-json\/wp\/v2\/pages\/3487\/revisions\/3488"}],"wp:attachment":[{"href":"https:\/\/americanpoliticalservices.com\/es\/wp-json\/wp\/v2\/media?parent=3487"}],"curies":[{"name":"wp","href":"https:\/\/api.w.org\/{rel}","templated":true}]}}