{"id":3477,"date":"2021-12-09T10:31:00","date_gmt":"2021-12-09T10:31:00","guid":{"rendered":"https:\/\/americanpoliticalservices.com\/rahat-bolotov\/"},"modified":"2022-03-01T21:49:49","modified_gmt":"2022-03-01T21:49:49","slug":"rahat-bolotov","status":"publish","type":"page","link":"https:\/\/americanpoliticalservices.com\/es\/rahat-bolotov\/","title":{"rendered":"Rahat Bolotov"},"content":{"rendered":"\t\t<div data-elementor-type=\"wp-page\" data-elementor-id=\"3477\" class=\"elementor elementor-3477 elementor-1920\">\n\t\t\t\t\t\t<section class=\"elementor-section elementor-top-section elementor-element elementor-element-45bd085c elementor-section-boxed elementor-section-height-default elementor-section-height-default\" data-id=\"45bd085c\" data-element_type=\"section\" data-e-type=\"section\" data-settings=\"{&quot;background_background&quot;:&quot;gradient&quot;}\">\n\t\t\t\t\t\t\t<div class=\"elementor-background-overlay\"><\/div>\n\t\t\t\t\t\t\t<div class=\"elementor-container elementor-column-gap-default\">\n\t\t\t\t\t<div class=\"elementor-column elementor-col-100 elementor-top-column elementor-element elementor-element-2cb71ebd\" data-id=\"2cb71ebd\" data-element_type=\"column\" data-e-type=\"column\">\n\t\t\t<div class=\"elementor-widget-wrap elementor-element-populated\">\n\t\t\t\t\t\t<div class=\"elementor-element elementor-element-5ae0e8b3 elementor-invisible elementor-widget elementor-widget-heading\" data-id=\"5ae0e8b3\" data-element_type=\"widget\" data-e-type=\"widget\" data-settings=\"{&quot;_animation&quot;:&quot;fadeInLeft&quot;}\" data-widget_type=\"heading.default\">\n\t\t\t\t<div class=\"elementor-widget-container\">\n\t\t\t\t\t<h3 class=\"elementor-heading-title elementor-size-default\">Rahat Bolotov<\/h3>\t\t\t\t<\/div>\n\t\t\t\t<\/div>\n\t\t\t\t\t<\/div>\n\t\t<\/div>\n\t\t\t\t\t<\/div>\n\t\t<\/section>\n\t\t\t\t<section class=\"elementor-section elementor-top-section elementor-element elementor-element-cc99a5a elementor-section-boxed elementor-section-height-default elementor-section-height-default\" data-id=\"cc99a5a\" data-element_type=\"section\" data-e-type=\"section\">\n\t\t\t\t\t\t<div class=\"elementor-container elementor-column-gap-default\">\n\t\t\t\t\t<div class=\"elementor-column elementor-col-100 elementor-top-column elementor-element elementor-element-c43a095\" data-id=\"c43a095\" data-element_type=\"column\" data-e-type=\"column\">\n\t\t\t<div class=\"elementor-widget-wrap elementor-element-populated\">\n\t\t\t\t\t\t<section class=\"elementor-section elementor-inner-section elementor-element elementor-element-b512558 elementor-section-boxed elementor-section-height-default elementor-section-height-default\" data-id=\"b512558\" data-element_type=\"section\" data-e-type=\"section\">\n\t\t\t\t\t\t<div class=\"elementor-container elementor-column-gap-default\">\n\t\t\t\t\t<div class=\"elementor-column elementor-col-100 elementor-inner-column elementor-element elementor-element-0f9ae2c\" data-id=\"0f9ae2c\" data-element_type=\"column\" data-e-type=\"column\">\n\t\t\t<div class=\"elementor-widget-wrap elementor-element-populated\">\n\t\t\t\t\t\t<div class=\"elementor-element elementor-element-1c336d0 elementor-widget elementor-widget-text-editor\" data-id=\"1c336d0\" data-element_type=\"widget\" data-e-type=\"widget\" data-widget_type=\"text-editor.default\">\n\t\t\t\t<div class=\"elementor-widget-container\">\n\t\t\t\t\t\t\t\t\t<h4><img fetchpriority=\"high\" decoding=\"async\" class=\"team alignleft wp-image-3343 size-full\" src=\"https:\/\/americanpoliticalservices.com\/wp-content\/uploads\/2021\/11\/RBolotov-5.png\" alt=\"\" width=\"450\" height=\"450\" srcset=\"https:\/\/americanpoliticalservices.com\/wp-content\/uploads\/2021\/11\/RBolotov-5.png 450w, https:\/\/americanpoliticalservices.com\/wp-content\/uploads\/2021\/11\/RBolotov-5-300x300.png 300w, https:\/\/americanpoliticalservices.com\/wp-content\/uploads\/2021\/11\/RBolotov-5-150x150.png 150w\" sizes=\"(max-width: 450px) 100vw, 450px\" \/><\/h4>\n<p>Rakhat Bolotov antes de unirse a&nbsp;<b>APS<\/b>&nbsp;trabaj\u00f3 en el proyecto Seguridad alimentaria: sistema alimentario local sostenible para una nutrici\u00f3n saludable en Kirguist\u00e1n y Tayikist\u00e1n como especialista en M&amp;E en la Fundaci\u00f3n P\u00fablica de Soluciones de Desarrollo Justo y Sostenible en Bishkek, Kirguist\u00e1n. Fue responsable de las actividades del proyecto bajo la direcci\u00f3n del director del proyecto y trabaj\u00f3 en estrecha colaboraci\u00f3n con las partes interesadas y los beneficiarios del proyecto. Desempe\u00f1\u00f3 un papel clave en el logro de las metas e indicadores del proyecto. Como resultado de la ejecuci\u00f3n satisfactoria del proyecto, se proporcion\u00f3 agua potable a 18 aldeas de las regiones de Kirguist\u00e1n. Rakhat tambi\u00e9n fue asistente de proyectos en la empresa turca \u00abAk-Ay Electric\u00bb, que estaba ejecutando un proyecto importante en Kirguist\u00e1n para mejorar el sector el\u00e9ctrico. Rahat es un experto en la pol\u00edtica y la sociedad de la naci\u00f3n turca, de su relaci\u00f3n con Asia Central y el desarrollo de negocios.     <\/p>\n<p><strong>Educaci\u00f3n:<\/strong><br \/><em>Licenciado<\/em> en Pol\u00edtica Internacional y Comparada, Universidad Americana de Asia Central (AUCA).<\/p>\n<p><strong>Idiomas:<\/strong>&nbsp;ingl\u00e9s, ruso, turco y kirgu\u00eds.<\/p>\n\t\t\t\t\t\t\t\t<\/div>\n\t\t\t\t<\/div>\n\t\t\t\t\t<\/div>\n\t\t<\/div>\n\t\t\t\t\t<\/div>\n\t\t<\/section>\n\t\t\t\t\t<\/div>\n\t\t<\/div>\n\t\t\t\t\t<\/div>\n\t\t<\/section>\n\t\t\t\t<\/div>\n\t\t","protected":false},"excerpt":{"rendered":"<p>Rakhat Bolotov antes de unirse a&nbsp;APS&nbsp;trabaj\u00f3 en el proyecto Seguridad alimentaria: sistema alimentario local sostenible para una nutrici\u00f3n saludable en Kirguist\u00e1n y Tayikist\u00e1n como especialista en M&amp;E en la Fundaci\u00f3n P\u00fablica de Soluciones de Desarrollo Justo y Sostenible en Bishkek, Kirguist\u00e1n. Fue responsable de las actividades del proyecto bajo la direcci\u00f3n del director del proyecto [&hellip;]<\/p>\n","protected":false},"author":1,"featured_media":0,"parent":0,"menu_order":0,"comment_status":"closed","ping_status":"closed","template":"","meta":{"footnotes":""},"class_list":["post-3477","page","type-page","status-publish","hentry"],"_links":{"self":[{"href":"https:\/\/americanpoliticalservices.com\/es\/wp-json\/wp\/v2\/pages\/3477","targetHints":{"allow":["GET"]}}],"collection":[{"href":"https:\/\/americanpoliticalservices.com\/es\/wp-json\/wp\/v2\/pages"}],"about":[{"href":"https:\/\/americanpoliticalservices.com\/es\/wp-json\/wp\/v2\/types\/page"}],"author":[{"embeddable":true,"href":"https:\/\/americanpoliticalservices.com\/es\/wp-json\/wp\/v2\/users\/1"}],"replies":[{"embeddable":true,"href":"https:\/\/americanpoliticalservices.com\/es\/wp-json\/wp\/v2\/comments?post=3477"}],"version-history":[{"count":2,"href":"https:\/\/americanpoliticalservices.com\/es\/wp-json\/wp\/v2\/pages\/3477\/revisions"}],"predecessor-version":[{"id":3644,"href":"https:\/\/americanpoliticalservices.com\/es\/wp-json\/wp\/v2\/pages\/3477\/revisions\/3644"}],"wp:attachment":[{"href":"https:\/\/americanpoliticalservices.com\/es\/wp-json\/wp\/v2\/media?parent=3477"}],"curies":[{"name":"wp","href":"https:\/\/api.w.org\/{rel}","templated":true}]}}