{"id":3475,"date":"2021-12-09T10:27:23","date_gmt":"2021-12-09T10:27:23","guid":{"rendered":"https:\/\/americanpoliticalservices.com\/nicolas-nico-m-woods\/"},"modified":"2022-03-01T21:49:46","modified_gmt":"2022-03-01T21:49:46","slug":"nicolas-nico-m-woods","status":"publish","type":"page","link":"https:\/\/americanpoliticalservices.com\/es\/nicolas-nico-m-woods\/","title":{"rendered":"Nicolas \u201cNico\u201d M. Woods"},"content":{"rendered":"\t\t<div data-elementor-type=\"wp-page\" data-elementor-id=\"3475\" class=\"elementor elementor-3475\">\n\t\t\t\t\t\t<section class=\"elementor-section elementor-top-section elementor-element elementor-element-45bd085c elementor-section-boxed elementor-section-height-default elementor-section-height-default\" data-id=\"45bd085c\" data-element_type=\"section\" data-e-type=\"section\" data-settings=\"{&quot;background_background&quot;:&quot;gradient&quot;}\">\n\t\t\t\t\t\t\t<div class=\"elementor-background-overlay\"><\/div>\n\t\t\t\t\t\t\t<div class=\"elementor-container elementor-column-gap-default\">\n\t\t\t\t\t<div class=\"elementor-column elementor-col-100 elementor-top-column elementor-element elementor-element-2cb71ebd\" data-id=\"2cb71ebd\" data-element_type=\"column\" data-e-type=\"column\">\n\t\t\t<div class=\"elementor-widget-wrap elementor-element-populated\">\n\t\t\t\t\t\t<div class=\"elementor-element elementor-element-5ae0e8b3 elementor-invisible elementor-widget elementor-widget-heading\" data-id=\"5ae0e8b3\" data-element_type=\"widget\" data-e-type=\"widget\" data-settings=\"{&quot;_animation&quot;:&quot;fadeInLeft&quot;}\" data-widget_type=\"heading.default\">\n\t\t\t\t<div class=\"elementor-widget-container\">\n\t\t\t\t\t<h3 class=\"elementor-heading-title elementor-size-default\">Nicolas \u201cNico\u201d M. Woods<\/h3>\t\t\t\t<\/div>\n\t\t\t\t<\/div>\n\t\t\t\t\t<\/div>\n\t\t<\/div>\n\t\t\t\t\t<\/div>\n\t\t<\/section>\n\t\t\t\t<section class=\"elementor-section elementor-top-section elementor-element elementor-element-cc99a5a elementor-section-boxed elementor-section-height-default elementor-section-height-default\" data-id=\"cc99a5a\" data-element_type=\"section\" data-e-type=\"section\">\n\t\t\t\t\t\t<div class=\"elementor-container elementor-column-gap-default\">\n\t\t\t\t\t<div class=\"elementor-column elementor-col-100 elementor-top-column elementor-element elementor-element-c43a095\" data-id=\"c43a095\" data-element_type=\"column\" data-e-type=\"column\">\n\t\t\t<div class=\"elementor-widget-wrap elementor-element-populated\">\n\t\t\t\t\t\t<section class=\"elementor-section elementor-inner-section elementor-element elementor-element-b512558 elementor-section-boxed elementor-section-height-default elementor-section-height-default\" data-id=\"b512558\" data-element_type=\"section\" data-e-type=\"section\">\n\t\t\t\t\t\t<div class=\"elementor-container elementor-column-gap-default\">\n\t\t\t\t\t<div class=\"elementor-column elementor-col-100 elementor-inner-column elementor-element elementor-element-0f9ae2c\" data-id=\"0f9ae2c\" data-element_type=\"column\" data-e-type=\"column\">\n\t\t\t<div class=\"elementor-widget-wrap elementor-element-populated\">\n\t\t\t\t\t\t<div class=\"elementor-element elementor-element-1c336d0 elementor-widget elementor-widget-text-editor\" data-id=\"1c336d0\" data-element_type=\"widget\" data-e-type=\"widget\" data-widget_type=\"text-editor.default\">\n\t\t\t\t<div class=\"elementor-widget-container\">\n\t\t\t\t\t\t\t\t\t<h4><img fetchpriority=\"high\" decoding=\"async\" class=\"team alignleft wp-image-3371 size-full\" src=\"https:\/\/americanpoliticalservices.com\/wp-content\/uploads\/2021\/11\/NicolasWoods-4.jpg\" alt=\"\" width=\"450\" height=\"450\" srcset=\"https:\/\/americanpoliticalservices.com\/wp-content\/uploads\/2021\/11\/NicolasWoods-4.jpg 450w, https:\/\/americanpoliticalservices.com\/wp-content\/uploads\/2021\/11\/NicolasWoods-4-300x300.jpg 300w, https:\/\/americanpoliticalservices.com\/wp-content\/uploads\/2021\/11\/NicolasWoods-4-150x150.jpg 150w\" sizes=\"(max-width: 450px) 100vw, 450px\" \/><\/h4>\n<p>Nicolas \u201cNico\u201d M. Woods, trabaja para&nbsp;<b>APS<\/b>&nbsp;en una gran cantidad de proyectos globales relacionados con el comercio internacional, los negocios y la contrataci\u00f3n con el gobierno de los Estados Unidos. Antes de unirse a la &nbsp;<b>APS<\/b>, Nico era oficial de la Marina de los EE. UU., donde fue certificado por el Departamento de Energ\u00eda de EE. UU. como ingeniero nuclear, lo que le permiti\u00f3 ser asignado a un submarino nuclear con la Flota del Atl\u00e1ntico Norte. Despu\u00e9s de dejar la Marina, Niko trabaj\u00f3 para una firma de capital privado con sede en Boston que se especializa en activos de fondos de b\u00fasqueda, donde construy\u00f3 modelos financieros \/ operativos, realiz\u00f3 una extensa investigaci\u00f3n comercial, legal y de la industria.  Nico es un \u00e1vido piloto privado, instructor de vuelo y scuba.<\/p>\n<p><strong>Educaci\u00f3n:<\/strong><br \/><em>Master en Administraci\u00f3n de Empresas,<\/em> Universidad de Stanford<br \/><em>Master en Gesti\u00f3n de Ingenier\u00eda,<\/em>Old Dominion University<br \/><em>Licenciado<\/em> en Econom\u00eda Cuantitativa, Academia Naval de EE. UU.<\/p>\n<p><strong>Idiomas:<\/strong>&nbsp; ingl\u00e9s y espa\u00f1ol.<\/p>\n\t\t\t\t\t\t\t\t<\/div>\n\t\t\t\t<\/div>\n\t\t\t\t\t<\/div>\n\t\t<\/div>\n\t\t\t\t\t<\/div>\n\t\t<\/section>\n\t\t\t\t\t<\/div>\n\t\t<\/div>\n\t\t\t\t\t<\/div>\n\t\t<\/section>\n\t\t\t\t<\/div>\n\t\t","protected":false},"excerpt":{"rendered":"<p>Nicolas \u201cNico\u201d M. Woods, trabaja para&nbsp;APS&nbsp;en una gran cantidad de proyectos globales relacionados con el comercio internacional, los negocios y la contrataci\u00f3n con el gobierno de los Estados Unidos. Antes de unirse a la &nbsp;APS, Nico era oficial de la Marina de los EE. UU., donde fue certificado por el Departamento de Energ\u00eda de EE. [&hellip;]<\/p>\n","protected":false},"author":1,"featured_media":0,"parent":0,"menu_order":0,"comment_status":"closed","ping_status":"closed","template":"","meta":{"footnotes":""},"class_list":["post-3475","page","type-page","status-publish","hentry"],"_links":{"self":[{"href":"https:\/\/americanpoliticalservices.com\/es\/wp-json\/wp\/v2\/pages\/3475","targetHints":{"allow":["GET"]}}],"collection":[{"href":"https:\/\/americanpoliticalservices.com\/es\/wp-json\/wp\/v2\/pages"}],"about":[{"href":"https:\/\/americanpoliticalservices.com\/es\/wp-json\/wp\/v2\/types\/page"}],"author":[{"embeddable":true,"href":"https:\/\/americanpoliticalservices.com\/es\/wp-json\/wp\/v2\/users\/1"}],"replies":[{"embeddable":true,"href":"https:\/\/americanpoliticalservices.com\/es\/wp-json\/wp\/v2\/comments?post=3475"}],"version-history":[{"count":2,"href":"https:\/\/americanpoliticalservices.com\/es\/wp-json\/wp\/v2\/pages\/3475\/revisions"}],"predecessor-version":[{"id":3641,"href":"https:\/\/americanpoliticalservices.com\/es\/wp-json\/wp\/v2\/pages\/3475\/revisions\/3641"}],"wp:attachment":[{"href":"https:\/\/americanpoliticalservices.com\/es\/wp-json\/wp\/v2\/media?parent=3475"}],"curies":[{"name":"wp","href":"https:\/\/api.w.org\/{rel}","templated":true}]}}