{"id":3471,"date":"2021-12-09T10:21:24","date_gmt":"2021-12-09T10:21:24","guid":{"rendered":"https:\/\/americanpoliticalservices.com\/maryana-bevzyuk\/"},"modified":"2021-12-09T10:21:24","modified_gmt":"2021-12-09T10:21:24","slug":"maryana-bevzyuk","status":"publish","type":"page","link":"https:\/\/americanpoliticalservices.com\/es\/maryana-bevzyuk\/","title":{"rendered":"Maryana Bevzyuk"},"content":{"rendered":"\t\t<div data-elementor-type=\"wp-page\" data-elementor-id=\"3471\" class=\"elementor elementor-3471 elementor-1915\">\n\t\t\t\t\t\t<section class=\"elementor-section elementor-top-section elementor-element elementor-element-45bd085c elementor-section-boxed elementor-section-height-default elementor-section-height-default\" data-id=\"45bd085c\" data-element_type=\"section\" data-e-type=\"section\" data-settings=\"{&quot;background_background&quot;:&quot;gradient&quot;}\">\n\t\t\t\t\t\t\t<div class=\"elementor-background-overlay\"><\/div>\n\t\t\t\t\t\t\t<div class=\"elementor-container elementor-column-gap-default\">\n\t\t\t\t\t<div class=\"elementor-column elementor-col-100 elementor-top-column elementor-element elementor-element-2cb71ebd\" data-id=\"2cb71ebd\" data-element_type=\"column\" data-e-type=\"column\">\n\t\t\t<div class=\"elementor-widget-wrap elementor-element-populated\">\n\t\t\t\t\t\t<div class=\"elementor-element elementor-element-5ae0e8b3 elementor-invisible elementor-widget elementor-widget-heading\" data-id=\"5ae0e8b3\" data-element_type=\"widget\" data-e-type=\"widget\" data-settings=\"{&quot;_animation&quot;:&quot;fadeInLeft&quot;}\" data-widget_type=\"heading.default\">\n\t\t\t\t<div class=\"elementor-widget-container\">\n\t\t\t\t\t<h3 class=\"elementor-heading-title elementor-size-default\">Maryana Bevzyuk<\/h3>\t\t\t\t<\/div>\n\t\t\t\t<\/div>\n\t\t\t\t\t<\/div>\n\t\t<\/div>\n\t\t\t\t\t<\/div>\n\t\t<\/section>\n\t\t\t\t<section class=\"elementor-section elementor-top-section elementor-element elementor-element-cc99a5a elementor-section-boxed elementor-section-height-default elementor-section-height-default\" data-id=\"cc99a5a\" data-element_type=\"section\" data-e-type=\"section\">\n\t\t\t\t\t\t<div class=\"elementor-container elementor-column-gap-default\">\n\t\t\t\t\t<div class=\"elementor-column elementor-col-100 elementor-top-column elementor-element elementor-element-c43a095\" data-id=\"c43a095\" data-element_type=\"column\" data-e-type=\"column\">\n\t\t\t<div class=\"elementor-widget-wrap elementor-element-populated\">\n\t\t\t\t\t\t<section class=\"elementor-section elementor-inner-section elementor-element elementor-element-b512558 elementor-section-boxed elementor-section-height-default elementor-section-height-default\" data-id=\"b512558\" data-element_type=\"section\" data-e-type=\"section\">\n\t\t\t\t\t\t<div class=\"elementor-container elementor-column-gap-default\">\n\t\t\t\t\t<div class=\"elementor-column elementor-col-100 elementor-inner-column elementor-element elementor-element-0f9ae2c\" data-id=\"0f9ae2c\" data-element_type=\"column\" data-e-type=\"column\">\n\t\t\t<div class=\"elementor-widget-wrap elementor-element-populated\">\n\t\t\t\t\t\t<div class=\"elementor-element elementor-element-1c336d0 elementor-widget elementor-widget-text-editor\" data-id=\"1c336d0\" data-element_type=\"widget\" data-e-type=\"widget\" data-widget_type=\"text-editor.default\">\n\t\t\t\t<div class=\"elementor-widget-container\">\n\t\t\t\t\t\t\t\t\t<h4><img fetchpriority=\"high\" decoding=\"async\" class=\"team alignleft wp-image-1708 size-full\" src=\"https:\/\/americanpoliticalservices.com\/wp-content\/uploads\/2021\/11\/MBevzyuk-4.jpg\" alt=\"\" width=\"450\" height=\"450\" srcset=\"https:\/\/americanpoliticalservices.com\/wp-content\/uploads\/2021\/11\/MBevzyuk-4.jpg 450w, https:\/\/americanpoliticalservices.com\/wp-content\/uploads\/2021\/11\/MBevzyuk-4-300x300.jpg 300w, https:\/\/americanpoliticalservices.com\/wp-content\/uploads\/2021\/11\/MBevzyuk-4-150x150.jpg 150w\" sizes=\"(max-width: 450px) 100vw, 450px\" \/><\/h4>\n<p>Maryana llega a <b>APS<\/b>con a\u00f1os de experiencia en puestos de alta direcci\u00f3n que han ampliado los horizontes de las empresas y profesionales con los que ha trabajado. Bevzyuk es una persona altamente organizada y orientada a los detalles con s\u00f3lidas habilidades interpersonales y de comunicaci\u00f3n. Cuenta con m\u00e1s de 15 a\u00f1os de experiencia en gesti\u00f3n contable y financiera que abarca desde la administraci\u00f3n y operaciones diarias de diferentes tipos de negocios, hasta la compleja planificaci\u00f3n estrat\u00e9gica a largo plazo de proyectos multinivel. Bevzyuk tiene una s\u00f3lida reputaci\u00f3n por crear enfoques amplios de trabajo con subordinados, superiores y departamentos completos para brindar excelencia financiera y contable.   <\/p>\n<p><strong>Educaci\u00f3n:<\/strong><br \/><em>Licenciada<\/em>en Comercio y Aduanas, Universidad Estatal de Nutrici\u00f3n y Comercio de Kharkiv.<\/p>\n<p><strong>Idiomas:<\/strong> ingl\u00e9s, ruso y ucraniano.<\/p>\n\t\t\t\t\t\t\t\t<\/div>\n\t\t\t\t<\/div>\n\t\t\t\t\t<\/div>\n\t\t<\/div>\n\t\t\t\t\t<\/div>\n\t\t<\/section>\n\t\t\t\t\t<\/div>\n\t\t<\/div>\n\t\t\t\t\t<\/div>\n\t\t<\/section>\n\t\t\t\t<\/div>\n\t\t","protected":false},"excerpt":{"rendered":"<p>Maryana llega a APScon a\u00f1os de experiencia en puestos de alta direcci\u00f3n que han ampliado los horizontes de las empresas y profesionales con los que ha trabajado. Bevzyuk es una persona altamente organizada y orientada a los detalles con s\u00f3lidas habilidades interpersonales y de comunicaci\u00f3n. Cuenta con m\u00e1s de 15 a\u00f1os de experiencia en gesti\u00f3n [&hellip;]<\/p>\n","protected":false},"author":1,"featured_media":0,"parent":0,"menu_order":0,"comment_status":"closed","ping_status":"closed","template":"","meta":{"footnotes":""},"class_list":["post-3471","page","type-page","status-publish","hentry"],"_links":{"self":[{"href":"https:\/\/americanpoliticalservices.com\/es\/wp-json\/wp\/v2\/pages\/3471","targetHints":{"allow":["GET"]}}],"collection":[{"href":"https:\/\/americanpoliticalservices.com\/es\/wp-json\/wp\/v2\/pages"}],"about":[{"href":"https:\/\/americanpoliticalservices.com\/es\/wp-json\/wp\/v2\/types\/page"}],"author":[{"embeddable":true,"href":"https:\/\/americanpoliticalservices.com\/es\/wp-json\/wp\/v2\/users\/1"}],"replies":[{"embeddable":true,"href":"https:\/\/americanpoliticalservices.com\/es\/wp-json\/wp\/v2\/comments?post=3471"}],"version-history":[{"count":1,"href":"https:\/\/americanpoliticalservices.com\/es\/wp-json\/wp\/v2\/pages\/3471\/revisions"}],"predecessor-version":[{"id":3472,"href":"https:\/\/americanpoliticalservices.com\/es\/wp-json\/wp\/v2\/pages\/3471\/revisions\/3472"}],"wp:attachment":[{"href":"https:\/\/americanpoliticalservices.com\/es\/wp-json\/wp\/v2\/media?parent=3471"}],"curies":[{"name":"wp","href":"https:\/\/api.w.org\/{rel}","templated":true}]}}