{"id":3465,"date":"2021-12-09T10:11:51","date_gmt":"2021-12-09T10:11:51","guid":{"rendered":"https:\/\/americanpoliticalservices.com\/jason-jay-smart\/"},"modified":"2021-12-09T10:11:52","modified_gmt":"2021-12-09T10:11:52","slug":"jason-jay-smart","status":"publish","type":"page","link":"https:\/\/americanpoliticalservices.com\/es\/jason-jay-smart\/","title":{"rendered":"Jason Jay Smart"},"content":{"rendered":"\t\t<div data-elementor-type=\"wp-page\" data-elementor-id=\"3465\" class=\"elementor elementor-3465 elementor-1851\">\n\t\t\t\t\t\t<section class=\"elementor-section elementor-top-section elementor-element elementor-element-45bd085c elementor-section-boxed elementor-section-height-default elementor-section-height-default\" data-id=\"45bd085c\" data-element_type=\"section\" data-e-type=\"section\" data-settings=\"{&quot;background_background&quot;:&quot;gradient&quot;}\">\n\t\t\t\t\t\t\t<div class=\"elementor-background-overlay\"><\/div>\n\t\t\t\t\t\t\t<div class=\"elementor-container elementor-column-gap-default\">\n\t\t\t\t\t<div class=\"elementor-column elementor-col-100 elementor-top-column elementor-element elementor-element-2cb71ebd\" data-id=\"2cb71ebd\" data-element_type=\"column\" data-e-type=\"column\">\n\t\t\t<div class=\"elementor-widget-wrap elementor-element-populated\">\n\t\t\t\t\t\t<div class=\"elementor-element elementor-element-5ae0e8b3 elementor-invisible elementor-widget elementor-widget-heading\" data-id=\"5ae0e8b3\" data-element_type=\"widget\" data-e-type=\"widget\" data-settings=\"{&quot;_animation&quot;:&quot;fadeInLeft&quot;}\" data-widget_type=\"heading.default\">\n\t\t\t\t<div class=\"elementor-widget-container\">\n\t\t\t\t\t<h2 class=\"elementor-heading-title elementor-size-default\">Jason Jay Smart<\/h2>\t\t\t\t<\/div>\n\t\t\t\t<\/div>\n\t\t\t\t\t<\/div>\n\t\t<\/div>\n\t\t\t\t\t<\/div>\n\t\t<\/section>\n\t\t\t\t<section class=\"elementor-section elementor-top-section elementor-element elementor-element-cc99a5a elementor-section-boxed elementor-section-height-default elementor-section-height-default\" data-id=\"cc99a5a\" data-element_type=\"section\" data-e-type=\"section\">\n\t\t\t\t\t\t<div class=\"elementor-container elementor-column-gap-default\">\n\t\t\t\t\t<div class=\"elementor-column elementor-col-100 elementor-top-column elementor-element elementor-element-c43a095\" data-id=\"c43a095\" data-element_type=\"column\" data-e-type=\"column\">\n\t\t\t<div class=\"elementor-widget-wrap elementor-element-populated\">\n\t\t\t\t\t\t<section class=\"elementor-section elementor-inner-section elementor-element elementor-element-b512558 elementor-section-boxed elementor-section-height-default elementor-section-height-default\" data-id=\"b512558\" data-element_type=\"section\" data-e-type=\"section\">\n\t\t\t\t\t\t<div class=\"elementor-container elementor-column-gap-default\">\n\t\t\t\t\t<div class=\"elementor-column elementor-col-100 elementor-inner-column elementor-element elementor-element-0f9ae2c\" data-id=\"0f9ae2c\" data-element_type=\"column\" data-e-type=\"column\">\n\t\t\t<div class=\"elementor-widget-wrap elementor-element-populated\">\n\t\t\t\t\t\t<div class=\"elementor-element elementor-element-1c336d0 elementor-widget elementor-widget-text-editor\" data-id=\"1c336d0\" data-element_type=\"widget\" data-e-type=\"widget\" data-widget_type=\"text-editor.default\">\n\t\t\t\t<div class=\"elementor-widget-container\">\n\t\t\t\t\t\t\t\t\t<h4><img fetchpriority=\"high\" decoding=\"async\" class=\"team alignleft wp-image-1705 size-full\" src=\"https:\/\/americanpoliticalservices.com\/wp-content\/uploads\/2021\/11\/JasonJaySmart-4.jpg\" alt=\"\" width=\"450\" height=\"450\" srcset=\"https:\/\/americanpoliticalservices.com\/wp-content\/uploads\/2021\/11\/JasonJaySmart-4.jpg 450w, https:\/\/americanpoliticalservices.com\/wp-content\/uploads\/2021\/11\/JasonJaySmart-4-300x300.jpg 300w, https:\/\/americanpoliticalservices.com\/wp-content\/uploads\/2021\/11\/JasonJaySmart-4-150x150.jpg 150w\" sizes=\"(max-width: 450px) 100vw, 450px\" \/>Jason Jay Smart<\/h4>\n<p><a href=\"http:\/\/www.jasonjaysmart.com\/\" target=\"_blank\" rel=\"noopener\">Jason Jay Smart<\/a> es un consultor pol\u00edtico estadounidense con experiencia internacional. Ha trabajado en campa\u00f1as pol\u00edticas y empresariales en Estados Unidos, Europa, Latinoam\u00e9rica y Asia. El Dr. Smart dirigi\u00f3 las campa\u00f1as presidenciales de EE. UU. en 2008 para el senador John McCain y en 2016 para el senador Ted Cruz, donde trabaj\u00f3 en el uso de \u201cBig Data\u201d para las primarias. El Dr. Smart es un experto a nivel mundial en pol\u00edtica postsovi\u00e9tica y se especializa en la aplicaci\u00f3n de an\u00e1lisis de datos cuantitativos y cualitativos en el desarrollo de estrategias pol\u00edticas ofensivas y defensivas, especialmente aquellas relacionadas con la protecci\u00f3n o restauraci\u00f3n de una reputaci\u00f3n o marca despu\u00e9s de un intento de difamaci\u00f3n. Sus logros incluyen asesorar a presidentes, partidos pol\u00edticos en el parlamento y organismos gubernamentales adem\u00e1s de enmendar las constituciones nacionales. Smart anteriormente fue Director Nacional del Instituto Republicano Internacional (IRI) en tres pa\u00edses antes de asesorar a empresas del sector bancario, el comercio internacional y la defensa. Un orador muy solicitado, el Dr. Smart escribe con frecuencia sobre temas pol\u00edticos para la prensa internacional y es invitado regularmente a participar en entrevistas televisadas.      <\/p>\n<p><strong>Educaci\u00f3n:<\/strong><br \/><em>Doctor en Filosof\u00eda y Ciencias Pol\u00edticas (PhD)<\/em>; Universidad Estatal de Moldavia (MSU)<br \/><em>Master en Ciencias Pol\u00edticas;<\/em> Instituto Polit\u00e9cnico y Universidad Estatal de Virginia (Virginia Tech)<br \/><em>Diplomado en Seguridad Nacional;<\/em> Instituto Polit\u00e9cnico y Universidad Estatal de Virginia (Virginia Tech)<br \/><em>Licenciado en Gobierno<\/em>y Relaciones Internacionales; George Mason University (GMU)<br \/><em>Licenciado en Estudios Rusos;<\/em> George Mason University (GMU)<\/p>\n<p><strong>Idiomas:<\/strong> ingl\u00e9s, ruso y espa\u00f1ol.<\/p>\n\t\t\t\t\t\t\t\t<\/div>\n\t\t\t\t<\/div>\n\t\t\t\t\t<\/div>\n\t\t<\/div>\n\t\t\t\t\t<\/div>\n\t\t<\/section>\n\t\t\t\t\t<\/div>\n\t\t<\/div>\n\t\t\t\t\t<\/div>\n\t\t<\/section>\n\t\t\t\t<\/div>\n\t\t","protected":false},"excerpt":{"rendered":"<p>Jason Jay Smart Jason Jay Smart es un consultor pol\u00edtico estadounidense con experiencia internacional. Ha trabajado en campa\u00f1as pol\u00edticas y empresariales en Estados Unidos, Europa, Latinoam\u00e9rica y Asia. El Dr. Smart dirigi\u00f3 las campa\u00f1as presidenciales de EE. UU. en 2008 para el senador John McCain y en 2016 para el senador Ted Cruz, donde trabaj\u00f3 [&hellip;]<\/p>\n","protected":false},"author":1,"featured_media":0,"parent":0,"menu_order":0,"comment_status":"closed","ping_status":"closed","template":"","meta":{"footnotes":""},"class_list":["post-3465","page","type-page","status-publish","hentry"],"_links":{"self":[{"href":"https:\/\/americanpoliticalservices.com\/es\/wp-json\/wp\/v2\/pages\/3465","targetHints":{"allow":["GET"]}}],"collection":[{"href":"https:\/\/americanpoliticalservices.com\/es\/wp-json\/wp\/v2\/pages"}],"about":[{"href":"https:\/\/americanpoliticalservices.com\/es\/wp-json\/wp\/v2\/types\/page"}],"author":[{"embeddable":true,"href":"https:\/\/americanpoliticalservices.com\/es\/wp-json\/wp\/v2\/users\/1"}],"replies":[{"embeddable":true,"href":"https:\/\/americanpoliticalservices.com\/es\/wp-json\/wp\/v2\/comments?post=3465"}],"version-history":[{"count":1,"href":"https:\/\/americanpoliticalservices.com\/es\/wp-json\/wp\/v2\/pages\/3465\/revisions"}],"predecessor-version":[{"id":3466,"href":"https:\/\/americanpoliticalservices.com\/es\/wp-json\/wp\/v2\/pages\/3465\/revisions\/3466"}],"wp:attachment":[{"href":"https:\/\/americanpoliticalservices.com\/es\/wp-json\/wp\/v2\/media?parent=3465"}],"curies":[{"name":"wp","href":"https:\/\/api.w.org\/{rel}","templated":true}]}}