{"id":3461,"date":"2021-12-09T10:07:01","date_gmt":"2021-12-09T10:07:01","guid":{"rendered":"https:\/\/americanpoliticalservices.com\/gintare-narkeviciute-jurgelione\/"},"modified":"2021-12-09T12:20:06","modified_gmt":"2021-12-09T12:20:06","slug":"gintare-narkeviciute-jurgelione","status":"publish","type":"page","link":"https:\/\/americanpoliticalservices.com\/es\/gintare-narkeviciute-jurgelione\/","title":{"rendered":"Gintar\u0117 Narkevi\u010di\u016bt\u0117-Jurgelion\u0117"},"content":{"rendered":"\t\t<div data-elementor-type=\"wp-page\" data-elementor-id=\"3461\" class=\"elementor elementor-3461 elementor-1944\">\n\t\t\t\t\t\t<section class=\"elementor-section elementor-top-section elementor-element elementor-element-45bd085c elementor-section-boxed elementor-section-height-default elementor-section-height-default\" data-id=\"45bd085c\" data-element_type=\"section\" data-e-type=\"section\" data-settings=\"{&quot;background_background&quot;:&quot;gradient&quot;}\">\n\t\t\t\t\t\t\t<div class=\"elementor-background-overlay\"><\/div>\n\t\t\t\t\t\t\t<div class=\"elementor-container elementor-column-gap-default\">\n\t\t\t\t\t<div class=\"elementor-column elementor-col-100 elementor-top-column elementor-element elementor-element-2cb71ebd\" data-id=\"2cb71ebd\" data-element_type=\"column\" data-e-type=\"column\">\n\t\t\t<div class=\"elementor-widget-wrap elementor-element-populated\">\n\t\t\t\t\t\t<div class=\"elementor-element elementor-element-5ae0e8b3 elementor-invisible elementor-widget elementor-widget-heading\" data-id=\"5ae0e8b3\" data-element_type=\"widget\" data-e-type=\"widget\" data-settings=\"{&quot;_animation&quot;:&quot;fadeInLeft&quot;}\" data-widget_type=\"heading.default\">\n\t\t\t\t<div class=\"elementor-widget-container\">\n\t\t\t\t\t<h3 class=\"elementor-heading-title elementor-size-default\">Gintar\u0117 Narkevi\u010di\u016bt\u0117-Jurgelion\u0117<\/h3>\t\t\t\t<\/div>\n\t\t\t\t<\/div>\n\t\t\t\t\t<\/div>\n\t\t<\/div>\n\t\t\t\t\t<\/div>\n\t\t<\/section>\n\t\t\t\t<section class=\"elementor-section elementor-top-section elementor-element elementor-element-cc99a5a elementor-section-boxed elementor-section-height-default elementor-section-height-default\" data-id=\"cc99a5a\" data-element_type=\"section\" data-e-type=\"section\">\n\t\t\t\t\t\t<div class=\"elementor-container elementor-column-gap-default\">\n\t\t\t\t\t<div class=\"elementor-column elementor-col-100 elementor-top-column elementor-element elementor-element-c43a095\" data-id=\"c43a095\" data-element_type=\"column\" data-e-type=\"column\">\n\t\t\t<div class=\"elementor-widget-wrap elementor-element-populated\">\n\t\t\t\t\t\t<section class=\"elementor-section elementor-inner-section elementor-element elementor-element-b512558 elementor-section-boxed elementor-section-height-default elementor-section-height-default\" data-id=\"b512558\" data-element_type=\"section\" data-e-type=\"section\">\n\t\t\t\t\t\t<div class=\"elementor-container elementor-column-gap-default\">\n\t\t\t\t\t<div class=\"elementor-column elementor-col-100 elementor-inner-column elementor-element elementor-element-0f9ae2c\" data-id=\"0f9ae2c\" data-element_type=\"column\" data-e-type=\"column\">\n\t\t\t<div class=\"elementor-widget-wrap elementor-element-populated\">\n\t\t\t\t\t\t<div class=\"elementor-element elementor-element-1c336d0 elementor-widget elementor-widget-text-editor\" data-id=\"1c336d0\" data-element_type=\"widget\" data-e-type=\"widget\" data-widget_type=\"text-editor.default\">\n\t\t\t\t<div class=\"elementor-widget-container\">\n\t\t\t\t\t\t\t\t\t<h4><img fetchpriority=\"high\" decoding=\"async\" class=\"team alignleft wp-image-1714 size-full\" src=\"https:\/\/americanpoliticalservices.com\/wp-content\/uploads\/2021\/11\/GintareJurgelione-5.png\" alt=\"\" width=\"450\" height=\"450\" srcset=\"https:\/\/americanpoliticalservices.com\/wp-content\/uploads\/2021\/11\/GintareJurgelione-5.png 450w, https:\/\/americanpoliticalservices.com\/wp-content\/uploads\/2021\/11\/GintareJurgelione-5-300x300.png 300w, https:\/\/americanpoliticalservices.com\/wp-content\/uploads\/2021\/11\/GintareJurgelione-5-150x150.png 150w\" sizes=\"(max-width: 450px) 100vw, 450px\" \/><\/h4>\n<p>Gintar\u0117 ha gestionado, asesorado y dirigido decenas de campa\u00f1as pol\u00edticas en el espacio postsovi\u00e9tico durante los \u00faltimos 15 a\u00f1os. Es una profesional reconocida mundialmente, especializada en el campo de las relaciones internacionales, que ha llevado a proyectos a gran escala dentro de los pa\u00edses del programa Eastern Partnership. Narkevi\u010di\u016bt\u0117-Jurgelion\u0117 es una consultora de finanzas e inversiones acreditada en Lituania y es una l\u00edder de grupo en el \u00e1mbito de los Estados B\u00e1lticos. Sobre la base de sus fuertes habilidades de estrategia, negociaci\u00f3n y comunicaciones, ha liderado grandes esfuerzos relacionados con la facilitaci\u00f3n del comercio internacional y la mitigaci\u00f3n de riesgos pol\u00edticos, especialmente dentro de Europa, los antiguos estados sovi\u00e9ticos, y el Medio Oriente y el Norte de \u00c1frica (MENA). Narkevi\u010di\u016bt\u0117-Jurgelion\u0117 trabaj\u00f3 anteriormente en el Ministerio de Asuntos Exteriores de Lituania y ha recibido honores en su pa\u00eds debido a sus esfuerzos para apoyar a Ucrania. En su ciudad natal, fue elegida directamente como Delegada Municipal (Town Headman) y Presidenta del Consejo Regional de Delegada de Ciudad.      <\/p>\n<p><strong>Educaci\u00f3n:<\/strong><br \/><em>Investigadora principal<\/em> &nbsp;del programa Pol\u00edtica global, sostenibilidad y desarrollo del Instituto GPI<br \/><em>Licenciada<\/em>en Derecho y Gobernanza, Universidad Mykolas Romeris (MRU)<\/p>\n<p><strong>Idiomas:<\/strong>&nbsp;ingl\u00e9s, ruso y lituano.<\/p>\n\t\t\t\t\t\t\t\t<\/div>\n\t\t\t\t<\/div>\n\t\t\t\t\t<\/div>\n\t\t<\/div>\n\t\t\t\t\t<\/div>\n\t\t<\/section>\n\t\t\t\t\t<\/div>\n\t\t<\/div>\n\t\t\t\t\t<\/div>\n\t\t<\/section>\n\t\t\t\t<\/div>\n\t\t","protected":false},"excerpt":{"rendered":"<p>Gintar\u0117 ha gestionado, asesorado y dirigido decenas de campa\u00f1as pol\u00edticas en el espacio postsovi\u00e9tico durante los \u00faltimos 15 a\u00f1os. Es una profesional reconocida mundialmente, especializada en el campo de las relaciones internacionales, que ha llevado a proyectos a gran escala dentro de los pa\u00edses del programa Eastern Partnership. Narkevi\u010di\u016bt\u0117-Jurgelion\u0117 es una consultora de finanzas e [&hellip;]<\/p>\n","protected":false},"author":1,"featured_media":0,"parent":0,"menu_order":0,"comment_status":"closed","ping_status":"closed","template":"","meta":{"footnotes":""},"class_list":["post-3461","page","type-page","status-publish","hentry"],"_links":{"self":[{"href":"https:\/\/americanpoliticalservices.com\/es\/wp-json\/wp\/v2\/pages\/3461","targetHints":{"allow":["GET"]}}],"collection":[{"href":"https:\/\/americanpoliticalservices.com\/es\/wp-json\/wp\/v2\/pages"}],"about":[{"href":"https:\/\/americanpoliticalservices.com\/es\/wp-json\/wp\/v2\/types\/page"}],"author":[{"embeddable":true,"href":"https:\/\/americanpoliticalservices.com\/es\/wp-json\/wp\/v2\/users\/1"}],"replies":[{"embeddable":true,"href":"https:\/\/americanpoliticalservices.com\/es\/wp-json\/wp\/v2\/comments?post=3461"}],"version-history":[{"count":2,"href":"https:\/\/americanpoliticalservices.com\/es\/wp-json\/wp\/v2\/pages\/3461\/revisions"}],"predecessor-version":[{"id":3594,"href":"https:\/\/americanpoliticalservices.com\/es\/wp-json\/wp\/v2\/pages\/3461\/revisions\/3594"}],"wp:attachment":[{"href":"https:\/\/americanpoliticalservices.com\/es\/wp-json\/wp\/v2\/media?parent=3461"}],"curies":[{"name":"wp","href":"https:\/\/api.w.org\/{rel}","templated":true}]}}