{"id":3459,"date":"2021-12-09T10:04:25","date_gmt":"2021-12-09T10:04:25","guid":{"rendered":"https:\/\/americanpoliticalservices.com\/darius-jurgelevicius\/"},"modified":"2021-12-09T10:04:25","modified_gmt":"2021-12-09T10:04:25","slug":"darius-jurgelevicius","status":"publish","type":"page","link":"https:\/\/americanpoliticalservices.com\/es\/darius-jurgelevicius\/","title":{"rendered":"Darius Jurgelevi\u010dius"},"content":{"rendered":"\t\t<div data-elementor-type=\"wp-page\" data-elementor-id=\"3459\" class=\"elementor elementor-3459 elementor-1899\">\n\t\t\t\t\t\t<section class=\"elementor-section elementor-top-section elementor-element elementor-element-45bd085c elementor-section-boxed elementor-section-height-default elementor-section-height-default\" data-id=\"45bd085c\" data-element_type=\"section\" data-e-type=\"section\" data-settings=\"{&quot;background_background&quot;:&quot;gradient&quot;}\">\n\t\t\t\t\t\t\t<div class=\"elementor-background-overlay\"><\/div>\n\t\t\t\t\t\t\t<div class=\"elementor-container elementor-column-gap-default\">\n\t\t\t\t\t<div class=\"elementor-column elementor-col-100 elementor-top-column elementor-element elementor-element-2cb71ebd\" data-id=\"2cb71ebd\" data-element_type=\"column\" data-e-type=\"column\">\n\t\t\t<div class=\"elementor-widget-wrap elementor-element-populated\">\n\t\t\t\t\t\t<div class=\"elementor-element elementor-element-5ae0e8b3 elementor-invisible elementor-widget elementor-widget-heading\" data-id=\"5ae0e8b3\" data-element_type=\"widget\" data-e-type=\"widget\" data-settings=\"{&quot;_animation&quot;:&quot;fadeInLeft&quot;}\" data-widget_type=\"heading.default\">\n\t\t\t\t<div class=\"elementor-widget-container\">\n\t\t\t\t\t<h3 class=\"elementor-heading-title elementor-size-default\">Darius Jurgelevi\u010dius<\/h3>\t\t\t\t<\/div>\n\t\t\t\t<\/div>\n\t\t\t\t\t<\/div>\n\t\t<\/div>\n\t\t\t\t\t<\/div>\n\t\t<\/section>\n\t\t\t\t<section class=\"elementor-section elementor-top-section elementor-element elementor-element-cc99a5a elementor-section-boxed elementor-section-height-default elementor-section-height-default\" data-id=\"cc99a5a\" data-element_type=\"section\" data-e-type=\"section\">\n\t\t\t\t\t\t<div class=\"elementor-container elementor-column-gap-default\">\n\t\t\t\t\t<div class=\"elementor-column elementor-col-100 elementor-top-column elementor-element elementor-element-c43a095\" data-id=\"c43a095\" data-element_type=\"column\" data-e-type=\"column\">\n\t\t\t<div class=\"elementor-widget-wrap elementor-element-populated\">\n\t\t\t\t\t\t<section class=\"elementor-section elementor-inner-section elementor-element elementor-element-b512558 elementor-section-boxed elementor-section-height-default elementor-section-height-default\" data-id=\"b512558\" data-element_type=\"section\" data-e-type=\"section\">\n\t\t\t\t\t\t<div class=\"elementor-container elementor-column-gap-default\">\n\t\t\t\t\t<div class=\"elementor-column elementor-col-100 elementor-inner-column elementor-element elementor-element-0f9ae2c\" data-id=\"0f9ae2c\" data-element_type=\"column\" data-e-type=\"column\">\n\t\t\t<div class=\"elementor-widget-wrap elementor-element-populated\">\n\t\t\t\t\t\t<div class=\"elementor-element elementor-element-1c336d0 elementor-widget elementor-widget-text-editor\" data-id=\"1c336d0\" data-element_type=\"widget\" data-e-type=\"widget\" data-widget_type=\"text-editor.default\">\n\t\t\t\t<div class=\"elementor-widget-container\">\n\t\t\t\t\t\t\t\t\t<h4><img fetchpriority=\"high\" decoding=\"async\" class=\"team alignleft wp-image-1706 size-full\" src=\"https:\/\/americanpoliticalservices.com\/wp-content\/uploads\/2021\/11\/DJur-4.jpg\" alt=\"\" width=\"450\" height=\"450\" srcset=\"https:\/\/americanpoliticalservices.com\/wp-content\/uploads\/2021\/11\/DJur-4.jpg 450w, https:\/\/americanpoliticalservices.com\/wp-content\/uploads\/2021\/11\/DJur-4-300x300.jpg 300w, https:\/\/americanpoliticalservices.com\/wp-content\/uploads\/2021\/11\/DJur-4-150x150.jpg 150w\" sizes=\"(max-width: 450px) 100vw, 450px\" \/><\/h4>\n<p>Antes de unirse a <b>APS<\/b>, Darius ha sido director general del Departamento de Seguridad del Estado de Lituania y, antes, Viceministro del Ministerio de Relaciones Exteriores. Despu\u00e9s de dejar el servicio civil en Lituania, trabaj\u00f3 como asesor y negociador de alto nivel en el gobierno de Lituania, en la Uni\u00f3n Europea, as\u00ed como asesor de varios l\u00edderes pol\u00edticos en Europa del Este, incluidos presidentes, primeros ministros y otros altos cargos, funcionarios de alto rango, incluido el Ministerio del Interior y los servicios especiales de los gobiernos proeuropeos de Georgia y Moldavia. Jurgelevi\u010dius tiene amplios contactos de alto nivel en toda la regi\u00f3n y un profundo conocimiento de las realidades pol\u00edticas de los pa\u00edses en los que ha trabajado, especialmente en el \u00e1mbito de la intersecci\u00f3n de la pol\u00edtica y la econom\u00eda. El Embajador Jurgelevi\u010dius es abogado de formaci\u00f3n y m\u00e1s tarde se gradu\u00f3 de la Hoover Institution de la Universidad de Stanford, el Centro Europeo George C. Marshall para Estudios de Seguridad, la Academia de Derecho Internacional de La Haya y la Universidad de Helsinki. Tiene el rango diplom\u00e1tico de Embajador Extraordinario y Plenipotenciario.    <\/p>\n<p><strong>Educaci\u00f3n:<\/strong><br \/><em>M\u00e1ster en Jurisprudencia,<\/em>Universidad de Vilnius.<br \/><em>Licenciado en Derecho<\/em>, Universidad de Vilnius.<\/p>\n<p><strong>Idiomas:<\/strong> ingl\u00e9s, ruso, lituano y polaco.<\/p>\n\t\t\t\t\t\t\t\t<\/div>\n\t\t\t\t<\/div>\n\t\t\t\t\t<\/div>\n\t\t<\/div>\n\t\t\t\t\t<\/div>\n\t\t<\/section>\n\t\t\t\t\t<\/div>\n\t\t<\/div>\n\t\t\t\t\t<\/div>\n\t\t<\/section>\n\t\t\t\t<\/div>\n\t\t","protected":false},"excerpt":{"rendered":"<p>Antes de unirse a APS, Darius ha sido director general del Departamento de Seguridad del Estado de Lituania y, antes, Viceministro del Ministerio de Relaciones Exteriores. Despu\u00e9s de dejar el servicio civil en Lituania, trabaj\u00f3 como asesor y negociador de alto nivel en el gobierno de Lituania, en la Uni\u00f3n Europea, as\u00ed como asesor de [&hellip;]<\/p>\n","protected":false},"author":1,"featured_media":0,"parent":0,"menu_order":0,"comment_status":"closed","ping_status":"closed","template":"","meta":{"footnotes":""},"class_list":["post-3459","page","type-page","status-publish","hentry"],"_links":{"self":[{"href":"https:\/\/americanpoliticalservices.com\/es\/wp-json\/wp\/v2\/pages\/3459","targetHints":{"allow":["GET"]}}],"collection":[{"href":"https:\/\/americanpoliticalservices.com\/es\/wp-json\/wp\/v2\/pages"}],"about":[{"href":"https:\/\/americanpoliticalservices.com\/es\/wp-json\/wp\/v2\/types\/page"}],"author":[{"embeddable":true,"href":"https:\/\/americanpoliticalservices.com\/es\/wp-json\/wp\/v2\/users\/1"}],"replies":[{"embeddable":true,"href":"https:\/\/americanpoliticalservices.com\/es\/wp-json\/wp\/v2\/comments?post=3459"}],"version-history":[{"count":1,"href":"https:\/\/americanpoliticalservices.com\/es\/wp-json\/wp\/v2\/pages\/3459\/revisions"}],"predecessor-version":[{"id":3460,"href":"https:\/\/americanpoliticalservices.com\/es\/wp-json\/wp\/v2\/pages\/3459\/revisions\/3460"}],"wp:attachment":[{"href":"https:\/\/americanpoliticalservices.com\/es\/wp-json\/wp\/v2\/media?parent=3459"}],"curies":[{"name":"wp","href":"https:\/\/api.w.org\/{rel}","templated":true}]}}