{"id":3455,"date":"2021-12-09T10:01:25","date_gmt":"2021-12-09T10:01:25","guid":{"rendered":"https:\/\/americanpoliticalservices.com\/dan-k-rapoport\/"},"modified":"2021-12-09T10:01:26","modified_gmt":"2021-12-09T10:01:26","slug":"dan-k-rapoport","status":"publish","type":"page","link":"https:\/\/americanpoliticalservices.com\/es\/dan-k-rapoport\/","title":{"rendered":"Dan K. Rapoport"},"content":{"rendered":"\t\t<div data-elementor-type=\"wp-page\" data-elementor-id=\"3455\" class=\"elementor elementor-3455\">\n\t\t\t\t\t\t<section class=\"elementor-section elementor-top-section elementor-element elementor-element-45bd085c elementor-section-boxed elementor-section-height-default elementor-section-height-default\" data-id=\"45bd085c\" data-element_type=\"section\" data-e-type=\"section\" data-settings=\"{&quot;background_background&quot;:&quot;gradient&quot;}\">\n\t\t\t\t\t\t\t<div class=\"elementor-background-overlay\"><\/div>\n\t\t\t\t\t\t\t<div class=\"elementor-container elementor-column-gap-default\">\n\t\t\t\t\t<div class=\"elementor-column elementor-col-100 elementor-top-column elementor-element elementor-element-2cb71ebd\" data-id=\"2cb71ebd\" data-element_type=\"column\" data-e-type=\"column\">\n\t\t\t<div class=\"elementor-widget-wrap elementor-element-populated\">\n\t\t\t\t\t\t<div class=\"elementor-element elementor-element-5ae0e8b3 elementor-invisible elementor-widget elementor-widget-heading\" data-id=\"5ae0e8b3\" data-element_type=\"widget\" data-e-type=\"widget\" data-settings=\"{&quot;_animation&quot;:&quot;fadeInLeft&quot;}\" data-widget_type=\"heading.default\">\n\t\t\t\t<div class=\"elementor-widget-container\">\n\t\t\t\t\t<h3 class=\"elementor-heading-title elementor-size-default\">Dan K. Rapoport<\/h3>\t\t\t\t<\/div>\n\t\t\t\t<\/div>\n\t\t\t\t\t<\/div>\n\t\t<\/div>\n\t\t\t\t\t<\/div>\n\t\t<\/section>\n\t\t\t\t<section class=\"elementor-section elementor-top-section elementor-element elementor-element-cc99a5a elementor-section-boxed elementor-section-height-default elementor-section-height-default\" data-id=\"cc99a5a\" data-element_type=\"section\" data-e-type=\"section\">\n\t\t\t\t\t\t<div class=\"elementor-container elementor-column-gap-default\">\n\t\t\t\t\t<div class=\"elementor-column elementor-col-100 elementor-top-column elementor-element elementor-element-c43a095\" data-id=\"c43a095\" data-element_type=\"column\" data-e-type=\"column\">\n\t\t\t<div class=\"elementor-widget-wrap elementor-element-populated\">\n\t\t\t\t\t\t<section class=\"elementor-section elementor-inner-section elementor-element elementor-element-b512558 elementor-section-boxed elementor-section-height-default elementor-section-height-default\" data-id=\"b512558\" data-element_type=\"section\" data-e-type=\"section\">\n\t\t\t\t\t\t<div class=\"elementor-container elementor-column-gap-default\">\n\t\t\t\t\t<div class=\"elementor-column elementor-col-100 elementor-inner-column elementor-element elementor-element-0f9ae2c\" data-id=\"0f9ae2c\" data-element_type=\"column\" data-e-type=\"column\">\n\t\t\t<div class=\"elementor-widget-wrap elementor-element-populated\">\n\t\t\t\t\t\t<div class=\"elementor-element elementor-element-1c336d0 elementor-widget elementor-widget-text-editor\" data-id=\"1c336d0\" data-element_type=\"widget\" data-e-type=\"widget\" data-widget_type=\"text-editor.default\">\n\t\t\t\t<div class=\"elementor-widget-container\">\n\t\t\t\t\t\t\t\t\t<h4><img fetchpriority=\"high\" decoding=\"async\" class=\"team alignleft wp-image-1791 size-full\" src=\"https:\/\/americanpoliticalservices.com\/wp-content\/uploads\/2021\/12\/DRapoport.jpeg\" alt=\"\" width=\"450\" height=\"450\" srcset=\"https:\/\/americanpoliticalservices.com\/wp-content\/uploads\/2021\/12\/DRapoport.jpeg 450w, https:\/\/americanpoliticalservices.com\/wp-content\/uploads\/2021\/12\/DRapoport-300x300.jpeg 300w, https:\/\/americanpoliticalservices.com\/wp-content\/uploads\/2021\/12\/DRapoport-150x150.jpeg 150w\" sizes=\"(max-width: 450px) 100vw, 450px\" \/><\/h4>\n<p>Dan Rapoport es un estadounidense, banquero de inversi\u00f3n, con un historial de exito durante 25 a\u00f1os, en transacciones internacionales de capital p\u00fablico y privado. Estableci\u00f3 negocios en EE.UU., Reino Unido, Canad\u00e1, Ucrania y Rusia incluyendo inversiones de capital y de deuda en los sectores de transporte, ventas al por menor, finanzas, servicio de software, construcci\u00f3n y el sector inmobiliario. Anteriormente, Dan fue gerente de varios bancos de inversi\u00f3n, supervisando oficinas en Mosc\u00fa, Nueva York, Londres, Kiev y Limassol. En total, Dan ha coordinado y colocado m\u00e1s de $8 mil millones en transacciones internacionales de capital p\u00fablico y privado. Dan tambi\u00e9n asesora a inversionistas extranjeros y a empresas en Europa del Este sobre finanzas y estrategia corporativa, as\u00ed como opciones de financiaci\u00f3n de capital.     <\/p>\n<p><b>Educaci\u00f3n:<br \/><\/b><i>Master en Administraci\u00f3n de Empresas, Banca y Finanzas,<\/i> Universidad de Middlesex, Reino Unido<br \/>Licenciado en Administraci\u00f3n de Empresas, <i>Contabilidad y Finanzas,<\/i>Universidad de Houston EE.UU.<\/p>\n<p><b>Idiomas:<\/b> ingl\u00e9s y ruso<\/p>\n\t\t\t\t\t\t\t\t<\/div>\n\t\t\t\t<\/div>\n\t\t\t\t\t<\/div>\n\t\t<\/div>\n\t\t\t\t\t<\/div>\n\t\t<\/section>\n\t\t\t\t\t<\/div>\n\t\t<\/div>\n\t\t\t\t\t<\/div>\n\t\t<\/section>\n\t\t\t\t<\/div>\n\t\t","protected":false},"excerpt":{"rendered":"<p>Dan Rapoport es un estadounidense, banquero de inversi\u00f3n, con un historial de exito durante 25 a\u00f1os, en transacciones internacionales de capital p\u00fablico y privado. Estableci\u00f3 negocios en EE.UU., Reino Unido, Canad\u00e1, Ucrania y Rusia incluyendo inversiones de capital y de deuda en los sectores de transporte, ventas al por menor, finanzas, servicio de software, construcci\u00f3n [&hellip;]<\/p>\n","protected":false},"author":1,"featured_media":0,"parent":0,"menu_order":0,"comment_status":"closed","ping_status":"closed","template":"","meta":{"footnotes":""},"class_list":["post-3455","page","type-page","status-publish","hentry"],"_links":{"self":[{"href":"https:\/\/americanpoliticalservices.com\/es\/wp-json\/wp\/v2\/pages\/3455","targetHints":{"allow":["GET"]}}],"collection":[{"href":"https:\/\/americanpoliticalservices.com\/es\/wp-json\/wp\/v2\/pages"}],"about":[{"href":"https:\/\/americanpoliticalservices.com\/es\/wp-json\/wp\/v2\/types\/page"}],"author":[{"embeddable":true,"href":"https:\/\/americanpoliticalservices.com\/es\/wp-json\/wp\/v2\/users\/1"}],"replies":[{"embeddable":true,"href":"https:\/\/americanpoliticalservices.com\/es\/wp-json\/wp\/v2\/comments?post=3455"}],"version-history":[{"count":1,"href":"https:\/\/americanpoliticalservices.com\/es\/wp-json\/wp\/v2\/pages\/3455\/revisions"}],"predecessor-version":[{"id":3456,"href":"https:\/\/americanpoliticalservices.com\/es\/wp-json\/wp\/v2\/pages\/3455\/revisions\/3456"}],"wp:attachment":[{"href":"https:\/\/americanpoliticalservices.com\/es\/wp-json\/wp\/v2\/media?parent=3455"}],"curies":[{"name":"wp","href":"https:\/\/api.w.org\/{rel}","templated":true}]}}