{"id":3451,"date":"2021-12-09T09:51:13","date_gmt":"2021-12-09T09:51:13","guid":{"rendered":"https:\/\/americanpoliticalservices.com\/cesar-horlando-villaroel-dorigo\/"},"modified":"2021-12-09T09:51:14","modified_gmt":"2021-12-09T09:51:14","slug":"cesar-horlando-villaroel-dorigo","status":"publish","type":"page","link":"https:\/\/americanpoliticalservices.com\/es\/cesar-horlando-villaroel-dorigo\/","title":{"rendered":"Cesar Horlando Villaroel Dorigo"},"content":{"rendered":"\t\t<div data-elementor-type=\"wp-page\" data-elementor-id=\"3451\" class=\"elementor elementor-3451 elementor-1965\">\n\t\t\t\t\t\t<section class=\"elementor-section elementor-top-section elementor-element elementor-element-45bd085c elementor-section-boxed elementor-section-height-default elementor-section-height-default\" data-id=\"45bd085c\" data-element_type=\"section\" data-e-type=\"section\" data-settings=\"{&quot;background_background&quot;:&quot;gradient&quot;}\">\n\t\t\t\t\t\t\t<div class=\"elementor-background-overlay\"><\/div>\n\t\t\t\t\t\t\t<div class=\"elementor-container elementor-column-gap-default\">\n\t\t\t\t\t<div class=\"elementor-column elementor-col-100 elementor-top-column elementor-element elementor-element-2cb71ebd\" data-id=\"2cb71ebd\" data-element_type=\"column\" data-e-type=\"column\">\n\t\t\t<div class=\"elementor-widget-wrap elementor-element-populated\">\n\t\t\t\t\t\t<div class=\"elementor-element elementor-element-5ae0e8b3 elementor-invisible elementor-widget elementor-widget-heading\" data-id=\"5ae0e8b3\" data-element_type=\"widget\" data-e-type=\"widget\" data-settings=\"{&quot;_animation&quot;:&quot;fadeInLeft&quot;}\" data-widget_type=\"heading.default\">\n\t\t\t\t<div class=\"elementor-widget-container\">\n\t\t\t\t\t<h3 class=\"elementor-heading-title elementor-size-default\">Cesar Horlando Villaroel Dorigo<\/h3>\t\t\t\t<\/div>\n\t\t\t\t<\/div>\n\t\t\t\t\t<\/div>\n\t\t<\/div>\n\t\t\t\t\t<\/div>\n\t\t<\/section>\n\t\t\t\t<section class=\"elementor-section elementor-top-section elementor-element elementor-element-cc99a5a elementor-section-boxed elementor-section-height-default elementor-section-height-default\" data-id=\"cc99a5a\" data-element_type=\"section\" data-e-type=\"section\">\n\t\t\t\t\t\t<div class=\"elementor-container elementor-column-gap-default\">\n\t\t\t\t\t<div class=\"elementor-column elementor-col-100 elementor-top-column elementor-element elementor-element-c43a095\" data-id=\"c43a095\" data-element_type=\"column\" data-e-type=\"column\">\n\t\t\t<div class=\"elementor-widget-wrap elementor-element-populated\">\n\t\t\t\t\t\t<section class=\"elementor-section elementor-inner-section elementor-element elementor-element-b512558 elementor-section-boxed elementor-section-height-default elementor-section-height-default\" data-id=\"b512558\" data-element_type=\"section\" data-e-type=\"section\">\n\t\t\t\t\t\t<div class=\"elementor-container elementor-column-gap-default\">\n\t\t\t\t\t<div class=\"elementor-column elementor-col-100 elementor-inner-column elementor-element elementor-element-0f9ae2c\" data-id=\"0f9ae2c\" data-element_type=\"column\" data-e-type=\"column\">\n\t\t\t<div class=\"elementor-widget-wrap elementor-element-populated\">\n\t\t\t\t\t\t<div class=\"elementor-element elementor-element-1c336d0 elementor-widget elementor-widget-text-editor\" data-id=\"1c336d0\" data-element_type=\"widget\" data-e-type=\"widget\" data-widget_type=\"text-editor.default\">\n\t\t\t\t<div class=\"elementor-widget-container\">\n\t\t\t\t\t\t\t\t\t<h4><img fetchpriority=\"high\" decoding=\"async\" class=\"team alignleft wp-image-1716 size-full\" src=\"https:\/\/americanpoliticalservices.com\/wp-content\/uploads\/2021\/11\/CesarV-4.jpeg\" alt=\"\" width=\"450\" height=\"450\"><\/h4>\n<p>Cesar Horlando Villaroel Dorigo llega a <b>APS<\/b>como un experto en comunicaciones estadounidense con m\u00e1s de tres d\u00e9cadas de experiencia. Villaroel ha dirigido empresas de transmisi\u00f3n de televisi\u00f3n en Am\u00e9rica Latina y Am\u00e9rica del Norte, antes de comenzar a trabajar con la producci\u00f3n cinematogr\u00e1fica en Hollywood. Ha trabajado con campa\u00f1as pol\u00edticas y l\u00edderes en Estados Unidos, Bolivia, Ecuador y M\u00e9xico. Villaroel ha desarrollado numerosos anuncios para televisi\u00f3n, internet y radio que conectan con los consumidores de manera memorable, tanto dentro como fuera de la pol\u00edtica. Su cartera actual incluye ayudar a diversas corporaciones, especialmente aquellas en los campos bancario y financiero, a encontrar formas nuevas e innovadoras de interactuar con sus clientes y aumentar su participaci\u00f3n de mercado. Reside en Los \u00c1ngeles, California cuando no est\u00e1 asignado a un proyecto en Am\u00e9rica Latina. Villaroel continu\u00f3 sus estudios de producci\u00f3n cinematogr\u00e1fica a trav\u00e9s de cursos avanzados en Bolivia, M\u00e9xico y Estados Unidos.      <\/p>\n<p><strong>Idiomas:<\/strong> ingl\u00e9s y espa\u00f1ol.<\/p>\n\t\t\t\t\t\t\t\t<\/div>\n\t\t\t\t<\/div>\n\t\t\t\t\t<\/div>\n\t\t<\/div>\n\t\t\t\t\t<\/div>\n\t\t<\/section>\n\t\t\t\t\t<\/div>\n\t\t<\/div>\n\t\t\t\t\t<\/div>\n\t\t<\/section>\n\t\t\t\t<\/div>\n\t\t","protected":false},"excerpt":{"rendered":"<p>Cesar Horlando Villaroel Dorigo llega a APScomo un experto en comunicaciones estadounidense con m\u00e1s de tres d\u00e9cadas de experiencia. Villaroel ha dirigido empresas de transmisi\u00f3n de televisi\u00f3n en Am\u00e9rica Latina y Am\u00e9rica del Norte, antes de comenzar a trabajar con la producci\u00f3n cinematogr\u00e1fica en Hollywood. Ha trabajado con campa\u00f1as pol\u00edticas y l\u00edderes en Estados Unidos, [&hellip;]<\/p>\n","protected":false},"author":1,"featured_media":0,"parent":0,"menu_order":0,"comment_status":"closed","ping_status":"closed","template":"","meta":{"footnotes":""},"class_list":["post-3451","page","type-page","status-publish","hentry"],"_links":{"self":[{"href":"https:\/\/americanpoliticalservices.com\/es\/wp-json\/wp\/v2\/pages\/3451","targetHints":{"allow":["GET"]}}],"collection":[{"href":"https:\/\/americanpoliticalservices.com\/es\/wp-json\/wp\/v2\/pages"}],"about":[{"href":"https:\/\/americanpoliticalservices.com\/es\/wp-json\/wp\/v2\/types\/page"}],"author":[{"embeddable":true,"href":"https:\/\/americanpoliticalservices.com\/es\/wp-json\/wp\/v2\/users\/1"}],"replies":[{"embeddable":true,"href":"https:\/\/americanpoliticalservices.com\/es\/wp-json\/wp\/v2\/comments?post=3451"}],"version-history":[{"count":1,"href":"https:\/\/americanpoliticalservices.com\/es\/wp-json\/wp\/v2\/pages\/3451\/revisions"}],"predecessor-version":[{"id":3452,"href":"https:\/\/americanpoliticalservices.com\/es\/wp-json\/wp\/v2\/pages\/3451\/revisions\/3452"}],"wp:attachment":[{"href":"https:\/\/americanpoliticalservices.com\/es\/wp-json\/wp\/v2\/media?parent=3451"}],"curies":[{"name":"wp","href":"https:\/\/api.w.org\/{rel}","templated":true}]}}