{"id":3441,"date":"2021-12-09T09:27:32","date_gmt":"2021-12-09T09:27:32","guid":{"rendered":"https:\/\/americanpoliticalservices.com\/aizhan-chargynbaeva\/"},"modified":"2021-12-09T09:27:34","modified_gmt":"2021-12-09T09:27:34","slug":"aizhan-chargynbaeva","status":"publish","type":"page","link":"https:\/\/americanpoliticalservices.com\/es\/aizhan-chargynbaeva\/","title":{"rendered":"Aizhan Chargynbaeva"},"content":{"rendered":"\t\t<div data-elementor-type=\"wp-page\" data-elementor-id=\"3441\" class=\"elementor elementor-3441 elementor-1925\">\n\t\t\t\t\t\t<section class=\"elementor-section elementor-top-section elementor-element elementor-element-45bd085c elementor-section-boxed elementor-section-height-default elementor-section-height-default\" data-id=\"45bd085c\" data-element_type=\"section\" data-e-type=\"section\" data-settings=\"{&quot;background_background&quot;:&quot;gradient&quot;}\">\n\t\t\t\t\t\t\t<div class=\"elementor-background-overlay\"><\/div>\n\t\t\t\t\t\t\t<div class=\"elementor-container elementor-column-gap-default\">\n\t\t\t\t\t<div class=\"elementor-column elementor-col-100 elementor-top-column elementor-element elementor-element-2cb71ebd\" data-id=\"2cb71ebd\" data-element_type=\"column\" data-e-type=\"column\">\n\t\t\t<div class=\"elementor-widget-wrap elementor-element-populated\">\n\t\t\t\t\t\t<div class=\"elementor-element elementor-element-5ae0e8b3 elementor-invisible elementor-widget elementor-widget-heading\" data-id=\"5ae0e8b3\" data-element_type=\"widget\" data-e-type=\"widget\" data-settings=\"{&quot;_animation&quot;:&quot;fadeInLeft&quot;}\" data-widget_type=\"heading.default\">\n\t\t\t\t<div class=\"elementor-widget-container\">\n\t\t\t\t\t<h3 class=\"elementor-heading-title elementor-size-default\">Aizhan Chargynbaeva<\/h3>\t\t\t\t<\/div>\n\t\t\t\t<\/div>\n\t\t\t\t\t<\/div>\n\t\t<\/div>\n\t\t\t\t\t<\/div>\n\t\t<\/section>\n\t\t\t\t<section class=\"elementor-section elementor-top-section elementor-element elementor-element-cc99a5a elementor-section-boxed elementor-section-height-default elementor-section-height-default\" data-id=\"cc99a5a\" data-element_type=\"section\" data-e-type=\"section\">\n\t\t\t\t\t\t<div class=\"elementor-container elementor-column-gap-default\">\n\t\t\t\t\t<div class=\"elementor-column elementor-col-100 elementor-top-column elementor-element elementor-element-c43a095\" data-id=\"c43a095\" data-element_type=\"column\" data-e-type=\"column\">\n\t\t\t<div class=\"elementor-widget-wrap elementor-element-populated\">\n\t\t\t\t\t\t<section class=\"elementor-section elementor-inner-section elementor-element elementor-element-b512558 elementor-section-boxed elementor-section-height-default elementor-section-height-default\" data-id=\"b512558\" data-element_type=\"section\" data-e-type=\"section\">\n\t\t\t\t\t\t<div class=\"elementor-container elementor-column-gap-default\">\n\t\t\t\t\t<div class=\"elementor-column elementor-col-100 elementor-inner-column elementor-element elementor-element-0f9ae2c\" data-id=\"0f9ae2c\" data-element_type=\"column\" data-e-type=\"column\">\n\t\t\t<div class=\"elementor-widget-wrap elementor-element-populated\">\n\t\t\t\t\t\t<div class=\"elementor-element elementor-element-1c336d0 elementor-widget elementor-widget-text-editor\" data-id=\"1c336d0\" data-element_type=\"widget\" data-e-type=\"widget\" data-widget_type=\"text-editor.default\">\n\t\t\t\t<div class=\"elementor-widget-container\">\n\t\t\t\t\t\t\t\t\t<h4><img fetchpriority=\"high\" decoding=\"async\" class=\"team alignleft wp-image-1710 size-full\" src=\"https:\/\/americanpoliticalservices.com\/wp-content\/uploads\/2021\/11\/AizhanCh-4.png\" alt=\"\" width=\"450\" height=\"450\" srcset=\"https:\/\/americanpoliticalservices.com\/wp-content\/uploads\/2021\/11\/AizhanCh-4.png 450w, https:\/\/americanpoliticalservices.com\/wp-content\/uploads\/2021\/11\/AizhanCh-4-300x300.png 300w, https:\/\/americanpoliticalservices.com\/wp-content\/uploads\/2021\/11\/AizhanCh-4-150x150.png 150w\" sizes=\"(max-width: 450px) 100vw, 450px\" \/><\/h4>\n<p>Aizhan tiene a\u00f1os de experiencia en gesti\u00f3n y conocimientos que aporta a <b>APS<\/b>. Anteriormente, Aizhan fue Coordinadora Senior de Programas en el Instituto Republicano Internacional, donde estuvo a cargo de proyectos relacionados con partidos pol\u00edticos, organizaciones no gubernamentales locales y autoridades gubernamentales nacionales en Kirguist\u00e1n. Chargynbaeva coordin\u00f3 varios proyectos juveniles en los siete oblast de Kirguist\u00e1n. En su tiempo libre, disfruta ense\u00f1ando. Ha impartido cursos sobre Correspondencia Diplom\u00e1tica en la Academia Diplom\u00e1tica del Ministerio de Relaciones Exteriores de la Rep\u00fablica Kirguisa y de espa\u00f1ol en la Facultad de Relaciones Internacionales (Universidad Nacional Kirguisa).    <\/p>\n<p><strong>Educaci\u00f3n:<\/strong><br \/><em>Master en Derecho<\/em>, Universidad de Salamanca, Espa\u00f1a.<br \/><em>Licenciada en Relaciones Internacionales,<\/em> Universidad Nacional de Kirguist\u00e1n, Kirguist\u00e1n.<\/p>\n<p><strong>Idiomas<\/strong>: ingl\u00e9s, espa\u00f1ol, ruso y kirguis.<\/p>\n\t\t\t\t\t\t\t\t<\/div>\n\t\t\t\t<\/div>\n\t\t\t\t\t<\/div>\n\t\t<\/div>\n\t\t\t\t\t<\/div>\n\t\t<\/section>\n\t\t\t\t\t<\/div>\n\t\t<\/div>\n\t\t\t\t\t<\/div>\n\t\t<\/section>\n\t\t\t\t<\/div>\n\t\t","protected":false},"excerpt":{"rendered":"<p>Aizhan tiene a\u00f1os de experiencia en gesti\u00f3n y conocimientos que aporta a APS. Anteriormente, Aizhan fue Coordinadora Senior de Programas en el Instituto Republicano Internacional, donde estuvo a cargo de proyectos relacionados con partidos pol\u00edticos, organizaciones no gubernamentales locales y autoridades gubernamentales nacionales en Kirguist\u00e1n. Chargynbaeva coordin\u00f3 varios proyectos juveniles en los siete oblast de [&hellip;]<\/p>\n","protected":false},"author":1,"featured_media":0,"parent":0,"menu_order":0,"comment_status":"closed","ping_status":"closed","template":"","meta":{"footnotes":""},"class_list":["post-3441","page","type-page","status-publish","hentry"],"_links":{"self":[{"href":"https:\/\/americanpoliticalservices.com\/es\/wp-json\/wp\/v2\/pages\/3441","targetHints":{"allow":["GET"]}}],"collection":[{"href":"https:\/\/americanpoliticalservices.com\/es\/wp-json\/wp\/v2\/pages"}],"about":[{"href":"https:\/\/americanpoliticalservices.com\/es\/wp-json\/wp\/v2\/types\/page"}],"author":[{"embeddable":true,"href":"https:\/\/americanpoliticalservices.com\/es\/wp-json\/wp\/v2\/users\/1"}],"replies":[{"embeddable":true,"href":"https:\/\/americanpoliticalservices.com\/es\/wp-json\/wp\/v2\/comments?post=3441"}],"version-history":[{"count":1,"href":"https:\/\/americanpoliticalservices.com\/es\/wp-json\/wp\/v2\/pages\/3441\/revisions"}],"predecessor-version":[{"id":3442,"href":"https:\/\/americanpoliticalservices.com\/es\/wp-json\/wp\/v2\/pages\/3441\/revisions\/3442"}],"wp:attachment":[{"href":"https:\/\/americanpoliticalservices.com\/es\/wp-json\/wp\/v2\/media?parent=3441"}],"curies":[{"name":"wp","href":"https:\/\/api.w.org\/{rel}","templated":true}]}}